{"id":23892,"date":"2021-11-25T10:31:26","date_gmt":"2021-11-25T03:31:26","guid":{"rendered":"https:\/\/havamall.com\/?post_type=product&#038;p=23892"},"modified":"2021-12-15T14:35:00","modified_gmt":"2021-12-15T07:35:00","slug":"bo-chuong-nho-16-cai-uncle-bills-16-pack-nutbells","status":"publish","type":"product","link":"https:\/\/havamall.com\/en\/shop\/bo-chuong-nho-16-cai-uncle-bills-16-pack-nutbells\/","title":{"rendered":"B\u1ed9 Chu\u00f4ng Nh\u1ecf 16 C\u00e1i Uncle Bills &#8211; 16 Pack Nutbells"},"content":{"rendered":"<div class=\"o9v6fnle cxmmr5t8 oygrvhab hcukyx3x c1et5uql ii04i59q\">\n<h3><strong>TH\u00d4NG TIN TH\u01af\u01a0NG HI\u1ec6U<\/strong><\/h3>\n<\/div>\n<p>Uncle Bills (UBL) cung c\u1ea5p h\u01a1n 1800 s\u1ea3n ph\u1ea9m ti\u00eau d\u00f9ng phi th\u01b0\u0323c ph\u00e2\u0309m h\u00e2\u0301p d\u00e2\u0303n, ti\u00ea\u0323n i\u0301ch, gia\u0301 ph\u1ea3i ch\u0103ng. S\u1ea3n ph\u1ea9m bao g\u1ed3m nhi\u1ec1u lo\u1ea1i ha\u0300ng ho\u0301a kh\u00e1c nhau, t\u1eeb \u0111\u1ed3 du\u0300ng nh\u00e0 b\u1ebfp, ch\u0103m s\u00f3c c\u00e1 nh\u00e2n, l\u00e0m s\u1ea1ch nha\u0300 c\u01b0\u0309a, \u0111\u00f4\u0300 l\u01b0u tr\u1eef, ca\u0301c loa\u0323i du\u0323ng cu\u0323, v\u00e2\u0323t du\u0323ng ngo\u00e0i tr\u1eddi v\u00e0 ca\u0309 cho tr\u1ebb em.\u00a0 UBL Lu\u00f4n lu\u00f4n c\u00e2\u0323p nh\u00e2\u0323t ca\u0301c sa\u0309n ph\u00e2\u0309m m\u01a1\u0301i.<\/p>\n<p>S\u1ea3n ph\u1ea9m UBL \u0111\u01b0\u1ee3c s\u1ea3n xu\u1ea5t theo ti\u00eau chu\u1ea9n ch\u1ea5t l\u01b0\u1ee3ng nghi\u00eam ng\u1eb7t c\u1ee7a UBL Hongkong v\u00e0 b\u00e1n t\u1ea1i h\u01a1n 50 qu\u1ed1c gia v\u01a1\u0301i h\u01a1n 10.000 c\u1eeda h\u00e0ng, bao g\u1ed3m ch\u00e2u \u00c2u, \u00dac, Ch\u00e2u \u00c1, Ch\u00e2u Phi. S\u1ee9 m\u1ec7nh c\u1ee7a UBL l\u00e0 cung c\u1ea5p nh\u1eefng s\u1ea3n ph\u1ea9m ti\u1ec7n \u00edch v\u00e0 h\u1ea5p d\u1eabn cho ng\u00f4i nh\u00e0 hi\u1ec7n \u0111\u1ea1i c\u1ee7a ng\u01b0\u1eddi Vi\u1ec7t Nam.<\/p>\n<p><img fetchpriority=\"high\" decoding=\"async\" class=\"alignnone wp-image-22991 aligncenter\" src=\"https:\/\/havamall.com\/wp-content\/uploads\/2021\/10\/7a4565aab9e3171165a8eafb557b0da0-300x150.jpg\" alt=\"\" width=\"662\" height=\"331\" \/><\/p>\n<p>Th\u1eddi ti\u1ebft se l\u1ea1nh b\u00e1o hi\u1ec7u m\u1ed9t m\u00f9a Gi\u00e1ng Sinh \u0111ang \u0111\u1ebfn g\u1ea7n. Nh\u1eefng n\u0103m g\u1ea7n \u0111\u00e2y, vi\u1ec7c trang tr\u00ed gi\u00e1ng sinh \u0111\u00e3 d\u1ea7n tr\u1edf l\u00ean quen thu\u1ed9c v\u00e0 ph\u1ed5 bi\u1ebfn kh\u1eafp mu\u00f4n n\u01a1i. \u0110\u1ec3 t\u1ea1o ra m\u1ed9t kh\u00f4ng kh\u00ed gi\u00e1ng sinh \u1ea5m \u00e1p, lung linh th\u00ec ch\u00fang ta s\u1ebd c\u00f3 r\u1ea5t nhi\u1ec1u ph\u1ee5 ki\u1ec7n \u0111\u1ec3 trang tr\u00ed gi\u00e1ng sinh,\u2026 V\u00e0 ch\u1eafc ch\u1eafn nh\u1eefng s\u1ea3n ph\u1ea9m gi\u00e1ng sinh nh\u00e0 Havamall s\u1ebd l\u00e0 ph\u1ee5 ki\u1ec7n t\u1ea5t y\u1ebfu cho m\u1ecdi c\u0103n h\u1ed9, c\u1eeda h\u00e0ng, nh\u00e0 h\u00e0ng hay v\u0103n ph\u00f2ng c\u00f4ng ty,\u2026 gi\u00fap g\u00f3p ph\u1ea7n \u0111em l\u1ea1i m\u1ed9t kh\u00f4ng kh\u00ed gi\u00e1ng sinh an l\u00e0nh, \u1ea5m \u00e1p cho gia \u0111\u00ecnh b\u1ea1n.<\/p>\n<p><img decoding=\"async\" class=\"wp-image-23860 aligncenter\" src=\"https:\/\/havamall.com\/wp-content\/uploads\/2021\/11\/258515322_-300x300.png\" alt=\"\" width=\"649\" height=\"649\" \/><\/p>\n<p>Trong v\u00e0i n\u1ec1n v\u0103n h\u00f3a \u00c1 Ch\u00e2u, ti\u1ebfng chu\u00f4ng \u0111\u01b0\u1ee3c d\u00f9ng\u00a0b\u00e1o hi\u1ec7u cho qu\u1ea7n ch\u00fang\u00a0bi\u1ebft m\u1ed9t bi\u1ebfn c\u1ed1 hoan h\u1ec9 hay m\u1ed9t s\u1ef1 ki\u1ec7n bu\u1ed3n n\u00e3o v\u1eeba x\u1ea3y \u0111\u1ebfn.<\/p>\n<p>T\u1ee5c l\u1ec7 n\u00e0y \u0111\u01b0\u1ee3c truy\u1ec1n \u0111\u1ebfn cho nh\u1eefng qu\u1ed1c gia T\u00e2y ph\u01b0\u01a1ng \u0111\u1ec3 rung l\u00ean ch\u00e0o m\u1eebng Ch\u00faa C\u1ee9u th\u1ebf xu\u1ed1ng tr\u1ea7n. T\u1ea1i \u0111\u1ea5t n\u01b0\u1edbc T\u00e2y Ban Nha, c\u00e1c chu\u00f4ng nh\u00e0 th\u1edd\u00a0ng\u00e2n vang v\u00e0o l\u00fac n\u1eeda \u0111\u00eam\u00a0b\u00e1o hi\u1ec7u Ch\u00faa ra \u0111\u1eddi.<\/p>\n<p><img decoding=\"async\" class=\"wp-image-23899 aligncenter\" src=\"https:\/\/havamall.com\/wp-content\/uploads\/2021\/11\/cascabel-300x294.png\" alt=\"\" width=\"634\" height=\"621\" \/><\/p>\n<p>V\u1eady n\u00ean tr\u00ean c\u00e2y th\u00f4ng Gi\u00e1ng Sinh ch\u00fang ta\u00a0th\u01b0\u1eddng trang tr\u00ed\u00a0b\u1eb1ng c\u00e1ch treo r\u1ea5t nhi\u1ec1u nh\u1eefng\u00a0qu\u1ea3 chu\u00f4ng nh\u1ecf\u00a0\u0111\u1ec3 m\u1ed7i l\u00fac c\u00e2y \u0111ung \u0111\u01b0a, b\u1ea3n nh\u1ea1c vui m\u1eebng \u0111\u00f3 l\u1ea1i kh\u1ebd r\u00e9o r\u1eaft ng\u00e2n vang.<\/p>\n<p>B\u1ed9 chu\u00f4ng nh\u1ecf 16 c\u00e1i Uncle Bills d\u00f9ng \u0111\u1ec3 trang tr\u00ed l\u00e0m t\u0103ng th\u00eam kh\u00f4ng gian trang tr\u1ecdng cho b\u1eefa ti\u1ec7c gi\u00e1ng sinh. Chu\u00f4ng \u0111\u01b0\u1ee3c v\u00e0ng, b\u1ea1c, \u0111\u1ecf, h\u1ed3ng \u00e1nh l\u1ea5p l\u00e1nh. M\u00e0u s\u1eafc v\u00e0ng qu\u00fd t\u1ed9c ho\u1eb7c b\u1ea1c sang tr\u1ecdng. Chu\u00f4ng nh\u1ecf ph\u00f9 h\u1ee3p treo tr\u00ean c\u00e2y th\u00f4ng Noel ho\u1eb7c k\u1ebft th\u00e0nh ch\u00f9m treo \u1edf c\u1eeda.<\/p>\n<p><img loading=\"lazy\" decoding=\"async\" class=\"wp-image-23900 aligncenter\" src=\"https:\/\/havamall.com\/wp-content\/uploads\/2021\/11\/5f17c9c-300x274.png\" alt=\"\" width=\"638\" height=\"583\" \/><\/p>\n<p>\u00dd ngh\u0129a chi\u1ebfc chu\u00f4ng trong l\u1ec5 gi\u00e1ng sinh &#8211; nh\u1eefng ti\u1ebfng chu\u00f4ng ng\u00e2n nga trong ng\u00e0y Gi\u00e1ng sinh lu\u00f4n khi\u1ebfn m\u1ecdi ng\u01b0\u1eddi c\u1ea3m th\u1ea5y ph\u1ea5n ch\u1ea5n. Ti\u1ebfng k\u00eau leng keng c\u1ee7a qu\u1ea3 chu\u00f4ng c\u0169ng l\u00e0 th\u00f4ng \u0111i\u1ec7p h\u1ed1i th\u00fac m\u1ecdi ng\u01b0\u1eddi mau ch\u00f3ng ho\u00e0n th\u00e0nh c\u00f4ng vi\u1ec7c \u0111\u1ec3 v\u1ec1 sum h\u1ecdp v\u1edbi ng\u01b0\u1eddi th\u00e2n v\u00e0 gia \u0111\u00ecnh.<\/p>\n<p>S\u1ea3n ph\u1ea9m hi\u1ec7n \u0111\u00e3 c\u00f3 m\u1eb7t t\u1ea1i Havamall.<\/p>\n<p><img loading=\"lazy\" decoding=\"async\" class=\"wp-image-23901 aligncenter\" src=\"https:\/\/havamall.com\/wp-content\/uploads\/2021\/11\/6181ba-200x300.png\" alt=\"\" width=\"641\" height=\"962\" \/><\/p>","protected":false},"excerpt":{"rendered":"<p>TH\u00d4NG TIN TH\u01af\u01a0NG HI\u1ec6U Uncle Bills (UBL) cung c\u1ea5p h\u01a1n 1800 s\u1ea3n ph\u1ea9m ti\u00eau d\u00f9ng phi th\u01b0\u0323c ph\u00e2\u0309m h\u00e2\u0301p d\u00e2\u0303n,<\/p>","protected":false},"featured_media":24062,"comment_status":"open","ping_status":"closed","template":"","meta":[],"product_brand":[],"product_cat":[35,452,394],"product_tag":[],"class_list":{"0":"post-23892","1":"product","2":"type-product","3":"status-publish","4":"has-post-thumbnail","6":"product_cat-nha-cua-doi-song","7":"product_cat-noel","8":"product_cat-trang-tri-nha-cua","9":"pa_brand-uncle-bills","11":"first","12":"outofstock","13":"sale","14":"shipping-taxable","15":"purchasable","16":"product-type-variable"},"_links":{"self":[{"href":"https:\/\/havamall.com\/en\/wp-json\/wp\/v2\/product\/23892","targetHints":{"allow":["GET"]}}],"collection":[{"href":"https:\/\/havamall.com\/en\/wp-json\/wp\/v2\/product"}],"about":[{"href":"https:\/\/havamall.com\/en\/wp-json\/wp\/v2\/types\/product"}],"replies":[{"embeddable":true,"href":"https:\/\/havamall.com\/en\/wp-json\/wp\/v2\/comments?post=23892"}],"version-history":[{"count":0,"href":"https:\/\/havamall.com\/en\/wp-json\/wp\/v2\/product\/23892\/revisions"}],"wp:featuredmedia":[{"embeddable":true,"href":"https:\/\/havamall.com\/en\/wp-json\/wp\/v2\/media\/24062"}],"wp:attachment":[{"href":"https:\/\/havamall.com\/en\/wp-json\/wp\/v2\/media?parent=23892"}],"wp:term":[{"taxonomy":"product_brand","embeddable":true,"href":"https:\/\/havamall.com\/en\/wp-json\/wp\/v2\/product_brand?post=23892"},{"taxonomy":"product_cat","embeddable":true,"href":"https:\/\/havamall.com\/en\/wp-json\/wp\/v2\/product_cat?post=23892"},{"taxonomy":"product_tag","embeddable":true,"href":"https:\/\/havamall.com\/en\/wp-json\/wp\/v2\/product_tag?post=23892"}],"curies":[{"name":"wp","href":"https:\/\/api.w.org\/{rel}","templated":true}]}}