{"id":23922,"date":"2021-11-25T11:42:34","date_gmt":"2021-11-25T04:42:34","guid":{"rendered":"https:\/\/havamall.com\/?post_type=product&#038;p=23922"},"modified":"2021-12-15T14:34:22","modified_gmt":"2021-12-15T07:34:22","slug":"do-choi-nhay-mua-su-dung-nang-luong-mat-troi-uncle-bills-mau-ngau-nhien-solar-wobbler","status":"publish","type":"product","link":"https:\/\/havamall.com\/en\/shop\/do-choi-nhay-mua-su-dung-nang-luong-mat-troi-uncle-bills-mau-ngau-nhien-solar-wobbler\/","title":{"rendered":"\u0110\u1ed3 Ch\u01a1i Nh\u1ea3y M\u00faa S\u1eed D\u1ee5ng N\u0103ng L\u01b0\u1ee3ng M\u1eb7t Tr\u1eddi Uncle Bills M\u1eabu Ng\u1eabu Nhi\u00ean &#8211; Solar Wobbler"},"content":{"rendered":"<div class=\"o9v6fnle cxmmr5t8 oygrvhab hcukyx3x c1et5uql ii04i59q\">\n<h3><strong>Th\u00f4ng tin th\u01b0\u01a1ng hi\u1ec7u<\/strong><\/h3>\n<\/div>\n<p>Uncle Bills (UBL) cung c\u1ea5p h\u01a1n 1800 s\u1ea3n ph\u1ea9m ti\u00eau d\u00f9ng phi th\u01b0\u0323c ph\u00e2\u0309m h\u00e2\u0301p d\u00e2\u0303n, ti\u00ea\u0323n i\u0301ch, gia\u0301 ph\u1ea3i ch\u0103ng. S\u1ea3n ph\u1ea9m bao g\u1ed3m nhi\u1ec1u lo\u1ea1i ha\u0300ng ho\u0301a kh\u00e1c nhau, t\u1eeb \u0111\u1ed3 du\u0300ng nh\u00e0 b\u1ebfp, ch\u0103m s\u00f3c c\u00e1 nh\u00e2n, l\u00e0m s\u1ea1ch nha\u0300 c\u01b0\u0309a, \u0111\u00f4\u0300 l\u01b0u tr\u1eef, ca\u0301c loa\u0323i du\u0323ng cu\u0323, v\u00e2\u0323t du\u0323ng ngo\u00e0i tr\u1eddi v\u00e0 ca\u0309 cho tr\u1ebb em.\u00a0 UBL Lu\u00f4n lu\u00f4n c\u00e2\u0323p nh\u00e2\u0323t ca\u0301c sa\u0309n ph\u00e2\u0309m m\u01a1\u0301i.<\/p>\n<p>S\u1ea3n ph\u1ea9m UBL \u0111\u01b0\u1ee3c s\u1ea3n xu\u1ea5t theo ti\u00eau chu\u1ea9n ch\u1ea5t l\u01b0\u1ee3ng nghi\u00eam ng\u1eb7t c\u1ee7a UBL Hongkong v\u00e0 b\u00e1n t\u1ea1i h\u01a1n 50 qu\u1ed1c gia v\u01a1\u0301i h\u01a1n 10.000 c\u1eeda h\u00e0ng, bao g\u1ed3m ch\u00e2u \u00c2u, \u00dac, Ch\u00e2u \u00c1, Ch\u00e2u Phi. S\u1ee9 m\u1ec7nh c\u1ee7a UBL l\u00e0 cung c\u1ea5p nh\u1eefng s\u1ea3n ph\u1ea9m ti\u1ec7n \u00edch v\u00e0 h\u1ea5p d\u1eabn cho ng\u00f4i nh\u00e0 hi\u1ec7n \u0111\u1ea1i c\u1ee7a ng\u01b0\u1eddi Vi\u1ec7t Nam.<\/p>\n<p><img fetchpriority=\"high\" decoding=\"async\" class=\"alignnone wp-image-22991 aligncenter\" src=\"https:\/\/havamall.com\/wp-content\/uploads\/2021\/10\/7a4565aab9e3171165a8eafb557b0da0-300x150.jpg\" alt=\"\" width=\"674\" height=\"337\" \/><\/p>\n<p>Th\u1eddi ti\u1ebft se l\u1ea1nh b\u00e1o hi\u1ec7u m\u1ed9t m\u00f9a Gi\u00e1ng Sinh \u0111ang \u0111\u1ebfn g\u1ea7n. Nh\u1eefng n\u0103m g\u1ea7n \u0111\u00e2y, vi\u1ec7c trang tr\u00ed gi\u00e1ng sinh \u0111\u00e3 d\u1ea7n tr\u1edf l\u00ean quen thu\u1ed9c v\u00e0 ph\u1ed5 bi\u1ebfn kh\u1eafp mu\u00f4n n\u01a1i. \u0110\u1ec3 t\u1ea1o ra m\u1ed9t kh\u00f4ng kh\u00ed gi\u00e1ng sinh \u1ea5m \u00e1p, lung linh th\u00ec ch\u00fang ta s\u1ebd c\u00f3 r\u1ea5t nhi\u1ec1u ph\u1ee5 ki\u1ec7n \u0111\u1ec3 trang tr\u00ed gi\u00e1ng sinh,\u2026 V\u00e0 ch\u1eafc ch\u1eafn nh\u1eefng s\u1ea3n ph\u1ea9m gi\u00e1ng sinh nh\u00e0 Havamall s\u1ebd l\u00e0 ph\u1ee5 ki\u1ec7n t\u1ea5t y\u1ebfu cho m\u1ecdi c\u0103n h\u1ed9, c\u1eeda h\u00e0ng, nh\u00e0 h\u00e0ng hay v\u0103n ph\u00f2ng c\u00f4ng ty,\u2026 gi\u00fap g\u00f3p ph\u1ea7n \u0111em l\u1ea1i m\u1ed9t kh\u00f4ng kh\u00ed gi\u00e1ng sinh an l\u00e0nh, \u1ea5m \u00e1p cho gia \u0111\u00ecnh b\u1ea1n.<\/p>\n<p><img decoding=\"async\" class=\"wp-image-23926 aligncenter\" src=\"https:\/\/havamall.com\/wp-content\/uploads\/2021\/11\/126525927_-1-300x300.png\" alt=\"\" width=\"679\" height=\"680\" \/><\/p>\n<p id=\"tw-target-text\" class=\"tw-data-text tw-text-large tw-ta\" dir=\"ltr\"><span class=\"Y2IQFc\" lang=\"vi\">Ngo\u1ea1i h\u00ecnh h\u1ea5p d\u1eabn, \u00f4ng gi\u00e0 Noel v\u00e0 tu\u1ea7n l\u1ed9c \u0111\u00e1ng y\u00eau, ch\u1ea1y b\u1eb1ng n\u0103ng l\u01b0\u1ee3ng m\u1eb7t tr\u1eddi th\u00e2n thi\u1ec7n v\u1edbi m\u00f4i tr\u01b0\u1eddng, kh\u00f4ng c\u1ea7n pin. \u0110\u1ed3 ch\u01a1i n\u00e0y c\u00f3 th\u1ec3 l\u1eafc l\u01b0 \u00f4ng gi\u00e0 Noel hay tu\u1ea7n l\u1ed9c khi c\u00f3 \u00e1nh s\u00e1ng chi\u1ebfu v\u00e0o, mang l\u1ea1i nhi\u1ec1u th\u00fa v\u1ecb khi th\u01b0 gi\u00e3n. <\/span><\/p>\n<p class=\"tw-data-text tw-text-large tw-ta\" dir=\"ltr\"><span class=\"Y2IQFc\" lang=\"vi\">Thi\u1ebft k\u1ebf d\u1ec5 th\u01b0\u01a1ng tinh t\u1ebf, th\u00eam m\u1ed9t s\u1ed1 th\u00fa v\u1ecb cho cu\u1ed9c h\u00e0nh tr\u00ecnh nh\u00e0m ch\u00e1n. \u0110\u01b0\u1ee3c cung c\u1ea5p b\u1edfi n\u0103ng l\u01b0\u1ee3ng m\u1eb7t tr\u1eddi, h\u00e3y \u0111\u1eb7t n\u00f3 trong \u00f4 t\u00f4 ho\u1eb7c tr\u00ean b\u00e0n l\u00e0m vi\u1ec7c c\u1ee7a b\u1ea1n, n\u00f3 c\u00f3 th\u1ec3 mang l\u1ea1i h\u1ea1nh ph\u00fac cho b\u1ea1n.<\/span><img decoding=\"async\" class=\"wp-image-23932 aligncenter\" src=\"https:\/\/havamall.com\/wp-content\/uploads\/2021\/11\/christmas-the-300x300.png\" alt=\"\" width=\"684\" height=\"684\" \/><\/p>\n<p id=\"tw-target-text\" class=\"tw-data-text tw-text-large tw-ta\" dir=\"ltr\"><span class=\"Y2IQFc\" lang=\"vi\">\u0110\u01b0\u1ee3c cung c\u1ea5p b\u1edfi n\u0103ng l\u01b0\u1ee3ng m\u1eb7t tr\u1eddi \u00e1nh s\u00e1ng m\u1eb7t tr\u1eddi t\u1eeb m\u1ed9t b\u1ea3ng \u0111i\u1ec1u khi\u1ec3n tr\u00ean \u0111\u1ebf c\u1ee7a n\u00f3. M\u00f4 h\u00ecnh n\u00e0y s\u1ebd t\u1ef1 \u0111\u1ed9ng nh\u1ea3y v\u00e0 rung khi nh\u1eadn \u0111\u1ee7 ngu\u1ed3n \u00e1nh s\u00e1ng m\u1eb7t tr\u1eddi. V\u1ebb ngo\u00e0i ho\u1ea1t h\u00ecnh vui nh\u1ed9n v\u00e0 c\u01a1 th\u1ec3 nh\u1ea3y m\u00faa mang l\u1ea1i cho b\u1ea1n nhi\u1ec1u h\u1ea1nh ph\u00fac h\u01a1n. Ch\u1ea5t l\u01b0\u1ee3ng cao v\u00e0 gi\u00e1 c\u1ea3 h\u1ee3p l\u00fd. M\u1ed9t m\u00f3n \u0111\u1ed3 ch\u01a1i gi\u00e1o d\u1ee5c tuy\u1ec7t v\u1eddi v\u00e0 m\u00f3n qu\u00e0 \u0111\u00e1ng y\u00eau cho con b\u1ea1n. <\/span><\/p>\n<p class=\"tw-data-text tw-text-large tw-ta\" dir=\"ltr\"><span class=\"Y2IQFc\" lang=\"vi\"><strong>H\u01b0\u1edbng d\u1eabn s\u1eed d\u1ee5ng:<\/strong> S\u1ea3n ph\u1ea9m r\u1ea5t th\u00edch h\u1ee3p tranh tr\u00ed \u1edf\u00a0xe h\u01a1i, c\u1eeda s\u1ed5, b\u00e0n l\u00e0m vi\u1ec7c, b\u1ea3ng, trang tr\u00ed nh\u00e0 v\u00e0 v\u0103n ph\u00f2ng.<\/span><\/p>\n<p dir=\"ltr\">S\u1ea3n ph\u1ea9m \u0111\u00e3 c\u00f3 m\u1eb7t t\u1ea1i Havamall.<\/p>\n<p dir=\"ltr\"><img loading=\"lazy\" decoding=\"async\" class=\"wp-image-23933 aligncenter\" src=\"https:\/\/havamall.com\/wp-content\/uploads\/2021\/11\/61UStPqA9-300x300.png\" alt=\"\" width=\"680\" height=\"681\" \/><\/p>","protected":false},"excerpt":{"rendered":"<p>Th\u00f4ng tin th\u01b0\u01a1ng hi\u1ec7u Uncle Bills (UBL) cung c\u1ea5p h\u01a1n 1800 s\u1ea3n ph\u1ea9m ti\u00eau d\u00f9ng phi th\u01b0\u0323c ph\u00e2\u0309m h\u00e2\u0301p d\u00e2\u0303n,<\/p>","protected":false},"featured_media":23931,"comment_status":"open","ping_status":"closed","template":"","meta":[],"product_brand":[],"product_cat":[35,452,394],"product_tag":[],"class_list":{"0":"post-23922","1":"product","2":"type-product","3":"status-publish","4":"has-post-thumbnail","6":"product_cat-nha-cua-doi-song","7":"product_cat-noel","8":"product_cat-trang-tri-nha-cua","9":"pa_brand-uncle-bills","11":"first","12":"outofstock","13":"sale","14":"shipping-taxable","15":"purchasable","16":"product-type-simple"},"_links":{"self":[{"href":"https:\/\/havamall.com\/en\/wp-json\/wp\/v2\/product\/23922","targetHints":{"allow":["GET"]}}],"collection":[{"href":"https:\/\/havamall.com\/en\/wp-json\/wp\/v2\/product"}],"about":[{"href":"https:\/\/havamall.com\/en\/wp-json\/wp\/v2\/types\/product"}],"replies":[{"embeddable":true,"href":"https:\/\/havamall.com\/en\/wp-json\/wp\/v2\/comments?post=23922"}],"version-history":[{"count":0,"href":"https:\/\/havamall.com\/en\/wp-json\/wp\/v2\/product\/23922\/revisions"}],"wp:featuredmedia":[{"embeddable":true,"href":"https:\/\/havamall.com\/en\/wp-json\/wp\/v2\/media\/23931"}],"wp:attachment":[{"href":"https:\/\/havamall.com\/en\/wp-json\/wp\/v2\/media?parent=23922"}],"wp:term":[{"taxonomy":"product_brand","embeddable":true,"href":"https:\/\/havamall.com\/en\/wp-json\/wp\/v2\/product_brand?post=23922"},{"taxonomy":"product_cat","embeddable":true,"href":"https:\/\/havamall.com\/en\/wp-json\/wp\/v2\/product_cat?post=23922"},{"taxonomy":"product_tag","embeddable":true,"href":"https:\/\/havamall.com\/en\/wp-json\/wp\/v2\/product_tag?post=23922"}],"curies":[{"name":"wp","href":"https:\/\/api.w.org\/{rel}","templated":true}]}}