{"id":23934,"date":"2021-11-25T14:24:24","date_gmt":"2021-11-25T07:24:24","guid":{"rendered":"https:\/\/havamall.com\/?post_type=product&#038;p=23934"},"modified":"2024-12-18T10:19:33","modified_gmt":"2024-12-18T03:19:33","slug":"non-ong-gia-noel-6-loai-mau-ngau-nhien-uncle-bills-santa-hat","status":"publish","type":"product","link":"https:\/\/havamall.com\/en\/shop\/non-ong-gia-noel-6-loai-mau-ngau-nhien-uncle-bills-santa-hat\/","title":{"rendered":"N\u00f3n \u00d4ng Gi\u00e0 Noel 6 Lo\u1ea1i (M\u1eabu Ng\u1eabu Nhi\u00ean) &#8211; Uncle Bills Santa Hat"},"content":{"rendered":"<div class=\"o9v6fnle cxmmr5t8 oygrvhab hcukyx3x c1et5uql ii04i59q\">\n<h3><strong>TH\u00d4NG TIN TH\u01af\u01a0NG HI\u1ec6U<\/strong><\/h3>\n<\/div>\n<p>Uncle Bills (UBL) cung c\u1ea5p h\u01a1n 1800 s\u1ea3n ph\u1ea9m ti\u00eau d\u00f9ng phi th\u01b0\u0323c ph\u00e2\u0309m h\u00e2\u0301p d\u00e2\u0303n, ti\u00ea\u0323n i\u0301ch, gia\u0301 ph\u1ea3i ch\u0103ng. S\u1ea3n ph\u1ea9m bao g\u1ed3m nhi\u1ec1u lo\u1ea1i ha\u0300ng ho\u0301a kh\u00e1c nhau, t\u1eeb \u0111\u1ed3 du\u0300ng nh\u00e0 b\u1ebfp, ch\u0103m s\u00f3c c\u00e1 nh\u00e2n, l\u00e0m s\u1ea1ch nha\u0300 c\u01b0\u0309a, \u0111\u00f4\u0300 l\u01b0u tr\u1eef, ca\u0301c loa\u0323i du\u0323ng cu\u0323, v\u00e2\u0323t du\u0323ng ngo\u00e0i tr\u1eddi v\u00e0 ca\u0309 cho tr\u1ebb em.\u00a0 UBL Lu\u00f4n lu\u00f4n c\u00e2\u0323p nh\u00e2\u0323t ca\u0301c sa\u0309n ph\u00e2\u0309m m\u01a1\u0301i.<\/p>\n<p>S\u1ea3n ph\u1ea9m UBL \u0111\u01b0\u1ee3c s\u1ea3n xu\u1ea5t theo ti\u00eau chu\u1ea9n ch\u1ea5t l\u01b0\u1ee3ng nghi\u00eam ng\u1eb7t c\u1ee7a UBL Hongkong v\u00e0 b\u00e1n t\u1ea1i h\u01a1n 50 qu\u1ed1c gia v\u01a1\u0301i h\u01a1n 10.000 c\u1eeda h\u00e0ng, bao g\u1ed3m ch\u00e2u \u00c2u, \u00dac, Ch\u00e2u \u00c1, Ch\u00e2u Phi. S\u1ee9 m\u1ec7nh c\u1ee7a UBL l\u00e0 cung c\u1ea5p nh\u1eefng s\u1ea3n ph\u1ea9m ti\u1ec7n \u00edch v\u00e0 h\u1ea5p d\u1eabn cho ng\u00f4i nh\u00e0 hi\u1ec7n \u0111\u1ea1i c\u1ee7a ng\u01b0\u1eddi Vi\u1ec7t Nam.<\/p>\n<p><img fetchpriority=\"high\" decoding=\"async\" class=\"alignnone wp-image-22991 aligncenter\" src=\"https:\/\/havamall.com\/wp-content\/uploads\/2021\/10\/7a4565aab9e3171165a8eafb557b0da0-300x150.jpg\" alt=\"\" width=\"662\" height=\"331\" \/><\/p>\n<p>Th\u1eddi ti\u1ebft se l\u1ea1nh b\u00e1o hi\u1ec7u m\u1ed9t m\u00f9a Gi\u00e1ng Sinh \u0111ang \u0111\u1ebfn g\u1ea7n. Nh\u1eefng n\u0103m g\u1ea7n \u0111\u00e2y, vi\u1ec7c trang tr\u00ed gi\u00e1ng sinh \u0111\u00e3 d\u1ea7n tr\u1edf l\u00ean quen thu\u1ed9c v\u00e0 ph\u1ed5 bi\u1ebfn kh\u1eafp mu\u00f4n n\u01a1i. \u0110\u1ec3 t\u1ea1o ra m\u1ed9t kh\u00f4ng kh\u00ed gi\u00e1ng sinh \u1ea5m \u00e1p, lung linh th\u00ec ch\u00fang ta s\u1ebd c\u00f3 r\u1ea5t nhi\u1ec1u ph\u1ee5 ki\u1ec7n \u0111\u1ec3 trang tr\u00ed gi\u00e1ng sinh,\u2026 V\u00e0 ch\u1eafc ch\u1eafn nh\u1eefng s\u1ea3n ph\u1ea9m gi\u00e1ng sinh nh\u00e0 Havamall s\u1ebd l\u00e0 ph\u1ee5 ki\u1ec7n t\u1ea5t y\u1ebfu cho m\u1ecdi c\u0103n h\u1ed9, c\u1eeda h\u00e0ng, nh\u00e0 h\u00e0ng hay v\u0103n ph\u00f2ng c\u00f4ng ty,\u2026 gi\u00fap g\u00f3p ph\u1ea7n \u0111em l\u1ea1i m\u1ed9t kh\u00f4ng kh\u00ed gi\u00e1ng sinh an l\u00e0nh, \u1ea5m \u00e1p cho gia \u0111\u00ecnh b\u1ea1n.<\/p>\n<p><img decoding=\"async\" class=\"wp-image-23860 aligncenter\" src=\"https:\/\/havamall.com\/wp-content\/uploads\/2021\/11\/258515322_-300x300.png\" alt=\"\" width=\"649\" height=\"649\" \/><\/p>\n<p>V\u1edbi s\u1ef1 du nh\u1eadp c\u1ee7a v\u0103n h\u00f3a ph\u01b0\u01a1ng t\u00e2y, l\u1ec5 Gi\u00e1ng sinh \u0111ang d\u1ea7n tr\u1edf n\u00ean quen thu\u1ed9c v\u00e0 l\u00e0 m\u1ed9t ph\u1ea7n kh\u00f4ng th\u1ec3 thi\u1ebfu trong cu\u1ed9c s\u1ed1ng hi\u1ec7n \u0111\u1ea1i ng\u00e0y nay. V\u00e0o d\u1ecbp n\u00e0y, ng\u01b0\u1eddi ta th\u01b0\u1eddng d\u00e0nh cho nhau nh\u1eefng l\u1eddi ch\u00fac y\u00eau th\u01b0\u01a1ng nh\u1ea5t. C\u00e1c em nh\u1ecf th\u00ec h\u00e1o h\u1ee9c \u0111\u1ec3 nh\u1eadn \u0111\u01b0\u1ee3c nh\u1eefng m\u00f3n qu\u00e0 v\u00e0 h\u00f3a trang th\u00e0nh \u00f4ng gi\u00e0 Noel. V\u00ec v\u1eady m\u00e0 trong nh\u1eefng ng\u00e0y g\u1ea7n gi\u00e1ng sinh, kh\u00f4ng kh\u00f3 \u0111\u1ec3 b\u1ea1n c\u00f3 th\u1ec3 b\u1eaft g\u1eb7p nh\u1eefng c\u00f4 b\u00e9, c\u1eadu b\u00e9 \u0111\u1ea7u \u0111\u1ed9i m\u0169 mang kh\u00f4ng kh\u00ed Noel h\u1ebft s\u1ee9c d\u1ec5 th\u01b0\u01a1ng.<\/p>\n<p><img decoding=\"async\" class=\"wp-image-23938 aligncenter\" src=\"https:\/\/havamall.com\/wp-content\/uploads\/2021\/11\/81kYU57XpjL.-300x300.png\" alt=\"\" width=\"616\" height=\"616\" \/><\/p>\n<p>V\u1edbi chi\u1ebfc m\u0169 \u00f4ng Santa Uncle Bills b\u1ea1n c\u00f3 th\u1ec3 l\u01b0u gi\u1eef \u0111\u01b0\u1ee3c th\u1eadt nhi\u1ec1u kho\u1ea3nh kh\u1eafc\u00a0 h\u1ea1nh ph\u00fac c\u1ee7a c\u1ea3 gia \u0111\u00ecnh trong \u0111\u00eam gi\u00e1ng sinh. Gi\u00e1ng sinh l\u00e0 v\u00e0o th\u00e1ng 12 n\u00ean kh\u00f4ng th\u1ec3 tr\u00e1nh \u0111\u01b0\u1ee3c c\u00e1i l\u1ea1nh c\u1ee7a m\u00f9a \u0111\u00f4ng, v\u00ec v\u1eady m\u00e0 m\u0169 \u00f4ng gi\u00e0 Noel c\u0169ng \u0111\u01b0\u1ee3c l\u00e0m t\u1eeb ch\u1ea5t li\u1ec7u v\u1ea3i n\u1ec9, c\u00f3 kh\u1ea3 n\u0103ng gi\u1eef \u1ea5m t\u1ed1t h\u01a1n so v\u1edbi c\u00e1c ch\u1ea5t v\u1ea3i cotton hay len s\u1ee3i H\u01a1n n\u1eefa, v\u1ea3i n\u1ec9 c\u00f2n c\u00f3 kh\u1ea3 n\u0103ng ch\u1ed1ng n\u01b0\u1edbc n\u00ean b\u1ea1n s\u1ebd kh\u00f4ng ph\u1ea3i lo l\u1eafng v\u1ec1 t\u00ecnh tr\u1ea1ng s\u01b0\u01a1ng mu\u1ed1i c\u1ee7a m\u00f9a \u0111\u00f4ng khi cho tr\u1ebb ra ngo\u00e0i \u0111\u01b0\u1eddng.<\/p>\n<p><img loading=\"lazy\" decoding=\"async\" class=\"wp-image-23939 aligncenter\" src=\"https:\/\/havamall.com\/wp-content\/uploads\/2021\/11\/XGVRsuuY-300x182.png\" alt=\"\" width=\"620\" height=\"376\" \/><\/p>\n<h3><strong>\u0110\u1eb7c \u0111i\u1ec3m n\u1ed5i b\u1eadt c\u1ee7a s\u1ea3n ph\u1ea9m:<\/strong><\/h3>\n<p>&gt; Ch\u1ea5t li\u1ec7u sang tr\u1ecdng d\u00e0y d\u1eb7n, m\u1ec1m m\u1ea1i, b\u1ed3ng b\u1ec1nh khi\u1ebfn b\u1ea1n th\u00edch m\u00ea.<\/p>\n<p>&gt; M\u0169 \u00f4ng gi\u00e0 Noel c\u1ee7a ch\u00fang t\u00f4i c\u00f3 l\u1edbp l\u00f3t tho\u1ea3i m\u00e1i b\u00ean trong.<\/p>\n<p>&gt; Th\u00edch h\u1ee3p cho l\u1ec5 gi\u00e1ng sinh, l\u1ec5 h\u1ed9i h\u00f3a trang, ti\u1ec7c h\u00f3a trang, v.v.<\/p>\n<p>&gt; Ph\u1ee5 ki\u1ec7n ho\u00e0n h\u1ea3o gi\u00fap t\u1ea1o kh\u00f4ng kh\u00ed bu\u1ed5i ti\u1ec7c<\/p>\n<p>&gt; Tho\u1ea3i m\u00e1i, tho\u00e1ng kh\u00ed v\u00e0 s\u1eed d\u1ee5ng b\u1ec1n<\/p>\n<p>S\u1ea3n ph\u1ea9m hi\u1ec7n \u0111\u00e3 c\u00f3 m\u1eb7t t\u1ea1i Havamall.<\/p>\n<p><img loading=\"lazy\" decoding=\"async\" class=\"aligncenter\" src=\"https:\/\/havamall.com\/wp-content\/uploads\/2021\/11\/1_children-santa-christmas.jpg\" alt=\"This is how we make sure our kids still believe in Santa - and how to answer those awkward questions - Essex Live\" width=\"587\" height=\"391\" \/><\/p>","protected":false},"excerpt":{"rendered":"<p>TH\u00d4NG TIN TH\u01af\u01a0NG HI\u1ec6U Uncle Bills (UBL) cung c\u1ea5p h\u01a1n 1800 s\u1ea3n ph\u1ea9m ti\u00eau d\u00f9ng phi th\u01b0\u0323c ph\u00e2\u0309m h\u00e2\u0301p d\u00e2\u0303n,<\/p>","protected":false},"featured_media":23940,"comment_status":"open","ping_status":"closed","template":"","meta":[],"product_brand":[],"product_cat":[35,452,394],"product_tag":[],"class_list":{"0":"post-23934","1":"product","2":"type-product","3":"status-publish","4":"has-post-thumbnail","6":"product_cat-nha-cua-doi-song","7":"product_cat-noel","8":"product_cat-trang-tri-nha-cua","9":"pa_brand-uncle-bills","11":"first","12":"outofstock","13":"sale","14":"shipping-taxable","15":"purchasable","16":"product-type-simple"},"_links":{"self":[{"href":"https:\/\/havamall.com\/en\/wp-json\/wp\/v2\/product\/23934","targetHints":{"allow":["GET"]}}],"collection":[{"href":"https:\/\/havamall.com\/en\/wp-json\/wp\/v2\/product"}],"about":[{"href":"https:\/\/havamall.com\/en\/wp-json\/wp\/v2\/types\/product"}],"replies":[{"embeddable":true,"href":"https:\/\/havamall.com\/en\/wp-json\/wp\/v2\/comments?post=23934"}],"version-history":[{"count":0,"href":"https:\/\/havamall.com\/en\/wp-json\/wp\/v2\/product\/23934\/revisions"}],"wp:featuredmedia":[{"embeddable":true,"href":"https:\/\/havamall.com\/en\/wp-json\/wp\/v2\/media\/23940"}],"wp:attachment":[{"href":"https:\/\/havamall.com\/en\/wp-json\/wp\/v2\/media?parent=23934"}],"wp:term":[{"taxonomy":"product_brand","embeddable":true,"href":"https:\/\/havamall.com\/en\/wp-json\/wp\/v2\/product_brand?post=23934"},{"taxonomy":"product_cat","embeddable":true,"href":"https:\/\/havamall.com\/en\/wp-json\/wp\/v2\/product_cat?post=23934"},{"taxonomy":"product_tag","embeddable":true,"href":"https:\/\/havamall.com\/en\/wp-json\/wp\/v2\/product_tag?post=23934"}],"curies":[{"name":"wp","href":"https:\/\/api.w.org\/{rel}","templated":true}]}}