{"id":23937,"date":"2021-11-25T14:26:13","date_gmt":"2021-11-25T07:26:13","guid":{"rendered":"https:\/\/havamall.com\/?post_type=product&#038;p=23937"},"modified":"2021-11-25T15:00:26","modified_gmt":"2021-11-25T08:00:26","slug":"chuong-treo-trang-tri-giang-sinh-uncle-bills-christmas-bell-decoration","status":"publish","type":"product","link":"https:\/\/havamall.com\/en\/shop\/chuong-treo-trang-tri-giang-sinh-uncle-bills-christmas-bell-decoration\/","title":{"rendered":"Chu\u00f4ng Treo Trang Tr\u00ed Gi\u00e1ng Sinh Uncle Bills &#8211; Christmas Bell Decoration (Giao M\u00e0u Ng\u1eabu Nhi\u00ean)"},"content":{"rendered":"<div class=\"o9v6fnle cxmmr5t8 oygrvhab hcukyx3x c1et5uql ii04i59q\">\n<h3><strong>TH\u00d4NG TIN TH\u01af\u01a0NG HI\u1ec6U<\/strong><\/h3>\n<\/div>\n<p>Uncle Bills (UBL) cung c\u1ea5p h\u01a1n 1800 s\u1ea3n ph\u1ea9m ti\u00eau d\u00f9ng phi th\u01b0\u0323c ph\u00e2\u0309m h\u00e2\u0301p d\u00e2\u0303n, ti\u00ea\u0323n i\u0301ch, gia\u0301 ph\u1ea3i ch\u0103ng. S\u1ea3n ph\u1ea9m bao g\u1ed3m nhi\u1ec1u lo\u1ea1i ha\u0300ng ho\u0301a kh\u00e1c nhau, t\u1eeb \u0111\u1ed3 du\u0300ng nh\u00e0 b\u1ebfp, ch\u0103m s\u00f3c c\u00e1 nh\u00e2n, l\u00e0m s\u1ea1ch nha\u0300 c\u01b0\u0309a, \u0111\u00f4\u0300 l\u01b0u tr\u1eef, ca\u0301c loa\u0323i du\u0323ng cu\u0323, v\u00e2\u0323t du\u0323ng ngo\u00e0i tr\u1eddi v\u00e0 ca\u0309 cho tr\u1ebb em.\u00a0 UBL Lu\u00f4n lu\u00f4n c\u00e2\u0323p nh\u00e2\u0323t ca\u0301c sa\u0309n ph\u00e2\u0309m m\u01a1\u0301i.<\/p>\n<p>S\u1ea3n ph\u1ea9m UBL \u0111\u01b0\u1ee3c s\u1ea3n xu\u1ea5t theo ti\u00eau chu\u1ea9n ch\u1ea5t l\u01b0\u1ee3ng nghi\u00eam ng\u1eb7t c\u1ee7a UBL Hongkong v\u00e0 b\u00e1n t\u1ea1i h\u01a1n 50 qu\u1ed1c gia v\u01a1\u0301i h\u01a1n 10.000 c\u1eeda h\u00e0ng, bao g\u1ed3m ch\u00e2u \u00c2u, \u00dac, Ch\u00e2u \u00c1, Ch\u00e2u Phi. S\u1ee9 m\u1ec7nh c\u1ee7a UBL l\u00e0 cung c\u1ea5p nh\u1eefng s\u1ea3n ph\u1ea9m ti\u1ec7n \u00edch v\u00e0 h\u1ea5p d\u1eabn cho ng\u00f4i nh\u00e0 hi\u1ec7n \u0111\u1ea1i c\u1ee7a ng\u01b0\u1eddi Vi\u1ec7t Nam.<\/p>\n<p><img fetchpriority=\"high\" decoding=\"async\" class=\"alignnone wp-image-22991 aligncenter\" src=\"https:\/\/havamall.com\/wp-content\/uploads\/2021\/10\/7a4565aab9e3171165a8eafb557b0da0-300x150.jpg\" alt=\"\" width=\"800\" height=\"400\" \/><\/p>\n<p>Th\u1eddi ti\u1ebft se l\u1ea1nh b\u00e1o hi\u1ec7u m\u1ed9t m\u00f9a Gi\u00e1ng Sinh \u0111ang \u0111\u1ebfn g\u1ea7n. Nh\u1eefng n\u0103m g\u1ea7n \u0111\u00e2y, vi\u1ec7c trang tr\u00ed gi\u00e1ng sinh \u0111\u00e3 d\u1ea7n tr\u1edf l\u00ean quen thu\u1ed9c v\u00e0 ph\u1ed5 bi\u1ebfn kh\u1eafp mu\u00f4n n\u01a1i. \u0110\u1ec3 t\u1ea1o ra m\u1ed9t kh\u00f4ng kh\u00ed gi\u00e1ng sinh \u1ea5m \u00e1p, lung linh th\u00ec ch\u00fang ta s\u1ebd c\u00f3 r\u1ea5t nhi\u1ec1u ph\u1ee5 ki\u1ec7n \u0111\u1ec3 trang tr\u00ed gi\u00e1ng sinh,\u2026 V\u00e0 ch\u1eafc ch\u1eafn nh\u1eefng s\u1ea3n ph\u1ea9m gi\u00e1ng sinh nh\u00e0 Havamall s\u1ebd l\u00e0 ph\u1ee5 ki\u1ec7n t\u1ea5t y\u1ebfu cho m\u1ecdi c\u0103n h\u1ed9, c\u1eeda h\u00e0ng, nh\u00e0 h\u00e0ng hay v\u0103n ph\u00f2ng c\u00f4ng ty,\u2026 gi\u00fap g\u00f3p ph\u1ea7n \u0111em l\u1ea1i m\u1ed9t kh\u00f4ng kh\u00ed gi\u00e1ng sinh an l\u00e0nh, \u1ea5m \u00e1p cho gia \u0111\u00ecnh b\u1ea1n.<\/p>\n<p><img decoding=\"async\" class=\"wp-image-23872 aligncenter\" src=\"https:\/\/havamall.com\/wp-content\/uploads\/2021\/11\/3-300x205.jpg\" alt=\"\" width=\"801\" height=\"547\" \/><\/p>\n<p>&nbsp;<\/p>\n<p>L\u1ec5 Gi\u00e1ng sinh b\u00e1o hi\u1ec7u n\u0103m c\u0169 qua \u0111i, \u0111\u00f3n ch\u00e0o m\u1ed9t n\u0103m m\u1edbi s\u1eafp \u0111\u1ebfn v\u1edbi nhi\u1ec1u ni\u1ec1m vui m\u1edbi, d\u1ef1 \u0111\u1ecbnh m\u1edbi. Ti\u1ebfng chu\u00f4ng rung l\u00ean nh\u01b0 nh\u1eafc nh\u1edf m\u1ecdi ng\u01b0\u1eddi d\u00f9 \u1edf \u0111\u00e2u c\u0169ng v\u1ec1 sum h\u1ecdp, qu\u00e2y qu\u1ea7n b\u00ean m\u00e1i \u1ea5m \u00a0gia \u0111\u00ecnh. Chu\u00f4ng treo trang tr\u00ed l\u00e0 ph\u1ee5 ki\u1ec7n kh\u00f4ng th\u1ec3 thi\u1ebfu d\u00f9ng \u0111\u1ec3 trang tr\u00ed c\u00e2y th\u00f4ng Noel v\u00e0 d\u00f9ng \u0111\u1ec3 k\u1ebft h\u1ee3p v\u1edbi c\u00e1c ph\u1ee5 ki\u1ec7n Gi\u00e1ng sinh kh\u00e1c v\u1edbi m\u00e0u s\u1eafc \u0111a d\u1ea1ng l\u00e0m cho c\u00e2y th\u00f4ng tr\u1edf n\u00ean n\u1ed5i b\u1eadt h\u01a1n, l\u00e0m cho ng\u00f4i nh\u00e0, c\u1eeda h\u00e0ng, v\u0103n ph\u00f2ng l\u00e0m vi\u1ec7c c\u1ee7a b\u1ea1n th\u00eam lung linh \u0111\u1eb9p \u0111\u1ebd v\u00e0 \u1ea5m \u00e1p.<\/p>\n<p><img decoding=\"async\" class=\"wp-image-23946 aligncenter\" src=\"https:\/\/havamall.com\/wp-content\/uploads\/2021\/11\/CHU\u00d4NG-300x217.jpg\" alt=\"\" width=\"901\" height=\"651\" \/><\/p>\n<p>Chu\u00f4ng Gi\u00e1ng Sinh Uncle Bills \u0111\u01b0\u1ee3c l\u00e0m t\u1eeb nh\u1ef1a c\u1ee9ng, sau \u0111\u00f3 ph\u1ee7 s\u01a1n v\u1edbi nhi\u1ec1u m\u00e0u s\u1eafc nh\u01b0: v\u00e0ng, \u0111\u1ecf, \u00e1nh kim, b\u1ea1c,\u2026 r\u1ea5t b\u1eaft m\u1eaft. Ngo\u00e0i ra, nh\u1eefng chi\u1ebfc b\u0103ng n\u01a1 \u0111\u1ecf hay d\u00e2y kim tuy\u1ebfn c\u0169ng l\u00e0m cho qu\u1ea3 chu\u00f4ng n\u1ed5i b\u1eadt khi l\u00e0m ph\u1ee5 ki\u1ec7n \u0111i k\u00e8m. K\u00e8m theo \u0111\u00f3 l\u00e0 v\u00f2ng l\u00e1 k\u00e8m holly s\u1ebd gi\u00fap cho chi\u1ebfc chu\u00f4ng th\u00eam ph\u1ea7n xinh x\u1eafn v\u00e0 n\u1ed5i b\u1eadt h\u01a1n d\u01b0\u1edbi \u00e1nh \u0111\u00e8n bu\u1ed5i t\u1ed1i.<\/p>\n<p><img loading=\"lazy\" decoding=\"async\" class=\"wp-image-23947 aligncenter\" src=\"https:\/\/havamall.com\/wp-content\/uploads\/2021\/11\/daddadad-300x119.jpg\" alt=\"\" width=\"900\" height=\"357\" \/><\/p>\n<p>\u00dd ngh\u0129a chi\u1ebfc chu\u00f4ng trong l\u1ec5 gi\u00e1ng sinh: Nh\u1eefng ti\u1ebfng chu\u00f4ng ng\u00e2n nga trong ng\u00e0y Gi\u00e1ng sinh lu\u00f4n khi\u1ebfn m\u1ecdi ng\u01b0\u1eddi c\u1ea3m th\u1ea5y ph\u1ea5n ch\u1ea5n. Ti\u1ebfng k\u00eau leng keng c\u1ee7a qu\u1ea3 chu\u00f4ng c\u0169ng l\u00e0 th\u00f4ng \u0111i\u1ec7p h\u1ed1i th\u00fac m\u1ecdi ng\u01b0\u1eddi mau ch\u00f3ng ho\u00e0n th\u00e0nh c\u00f4ng vi\u1ec7c \u0111\u1ec3 v\u1ec1 sum h\u1ecdp v\u1edbi ng\u01b0\u1eddi th\u00e2n v\u00e0 gia \u0111\u00ecnh. Theo truy\u1ec1n thuy\u1ebft, c\u00e1c b\u00e0 m\u1eb9 tin r\u1eb1ng nh\u1eefng qu\u1ea3 chu\u00f4ng n\u00e0y s\u1ebd mang l\u1ea1i s\u1ee9c m\u1ea1nh v\u00e0 s\u1ef1 l\u1ea1c quan \u0111\u1ec3 nh\u1eefng \u0111\u1ee9a tr\u1ebb l\u1edbn l\u00ean th\u00f4ng minh v\u00e0 c\u1ee9ng c\u00e1p h\u01a1n sau nh\u1eefng v\u1ea5p ng\u00e3.<\/p>\n<p>V\u1eady n\u00ean, khi ch\u00fang trang tr\u00ed trong nh\u00e0 nh\u1eefng \u0111\u1ed3 v\u1eadt tr\u00ean s\u1ebd mang l\u1ea1i cho ch\u00fang ta c\u1ea3m gi\u00e1c may m\u1eafn, an l\u00e0nh, \u1ea5m \u00e1p trong nh\u1eefng ng\u00e0y Noel l\u1ea1nh gi\u00e1.<\/p>","protected":false},"excerpt":{"rendered":"<p>TH\u00d4NG TIN TH\u01af\u01a0NG HI\u1ec6U Uncle Bills (UBL) cung c\u1ea5p h\u01a1n 1800 s\u1ea3n ph\u1ea9m ti\u00eau d\u00f9ng phi th\u01b0\u0323c ph\u00e2\u0309m h\u00e2\u0301p d\u00e2\u0303n,<\/p>","protected":false},"featured_media":23948,"comment_status":"open","ping_status":"closed","template":"","meta":[],"product_brand":[],"product_cat":[35,452,394],"product_tag":[],"class_list":{"0":"post-23937","1":"product","2":"type-product","3":"status-publish","4":"has-post-thumbnail","6":"product_cat-nha-cua-doi-song","7":"product_cat-noel","8":"product_cat-trang-tri-nha-cua","10":"first","11":"instock","12":"sale","13":"shipping-taxable","14":"purchasable","15":"product-type-simple"},"_links":{"self":[{"href":"https:\/\/havamall.com\/en\/wp-json\/wp\/v2\/product\/23937","targetHints":{"allow":["GET"]}}],"collection":[{"href":"https:\/\/havamall.com\/en\/wp-json\/wp\/v2\/product"}],"about":[{"href":"https:\/\/havamall.com\/en\/wp-json\/wp\/v2\/types\/product"}],"replies":[{"embeddable":true,"href":"https:\/\/havamall.com\/en\/wp-json\/wp\/v2\/comments?post=23937"}],"version-history":[{"count":0,"href":"https:\/\/havamall.com\/en\/wp-json\/wp\/v2\/product\/23937\/revisions"}],"wp:featuredmedia":[{"embeddable":true,"href":"https:\/\/havamall.com\/en\/wp-json\/wp\/v2\/media\/23948"}],"wp:attachment":[{"href":"https:\/\/havamall.com\/en\/wp-json\/wp\/v2\/media?parent=23937"}],"wp:term":[{"taxonomy":"product_brand","embeddable":true,"href":"https:\/\/havamall.com\/en\/wp-json\/wp\/v2\/product_brand?post=23937"},{"taxonomy":"product_cat","embeddable":true,"href":"https:\/\/havamall.com\/en\/wp-json\/wp\/v2\/product_cat?post=23937"},{"taxonomy":"product_tag","embeddable":true,"href":"https:\/\/havamall.com\/en\/wp-json\/wp\/v2\/product_tag?post=23937"}],"curies":[{"name":"wp","href":"https:\/\/api.w.org\/{rel}","templated":true}]}}