{"id":24198,"date":"2021-12-02T14:43:43","date_gmt":"2021-12-02T07:43:43","guid":{"rendered":"https:\/\/havamall.com\/?post_type=product&#038;p=24198"},"modified":"2024-09-23T16:56:36","modified_gmt":"2024-09-23T09:56:36","slug":"tra-tui-loc-tess-cosmopolitan-party","status":"publish","type":"product","link":"https:\/\/havamall.com\/en\/shop\/tra-tui-loc-tess-cosmopolitan-party\/","title":{"rendered":"Tr\u00e0 T\u00fai L\u1ecdc Tess V\u1ecb Ng\u1eabu Nhi\u00ean"},"content":{"rendered":"<h3><strong>TH\u00d4NG TIN S\u1ea2N PH\u1ea8M<\/strong><\/h3>\n<table>\n<tbody>\n<tr>\n<td>Th\u01b0\u01a1ng hi\u1ec7u<\/td>\n<td>Tess<\/td>\n<\/tr>\n<tr>\n<td>Xu\u1ea5t x\u1ee9<\/td>\n<td>Nga<\/td>\n<\/tr>\n<tr>\n<td>Th\u00e0nh ph\u1ea7n<\/td>\n<td>Hoa d\u00e2m b\u1ee5t, t\u00e1o, qu\u1ea3 t\u1ea7m xu\u00e2n, h\u01b0\u01a1ng li\u1ec7u n\u01b0\u1edbc \u00e9p nam vi\u1ec7t qu\u1ea5t, v\u1ecf cam, mi\u1ebfng nam vi\u1ec7t qu\u1ea5t<\/td>\n<\/tr>\n<tr>\n<td>H\u1ea1n s\u1eed d\u1ee5ng<\/td>\n<td>18 th\u00e1ng k\u1ec3 t\u1eeb ng\u00e0y s\u1ea3n xu\u1ea5t.<\/td>\n<\/tr>\n<tr>\n<td>B\u1ea3o qu\u1ea3n<\/td>\n<td>B\u1ea3o qu\u1ea3n n\u1edbi kh\u00f4 r\u00e1o, kho\u00e1ng m\u00e1t. Sau khi m\u1edf s\u1ea3n ph\u1ea9m n\u00ean \u0111\u1eady k\u00edn n\u1ebfu ch\u01b0a s\u1eed d\u1ee5ng h\u1ebft v\u00e0 b\u1ea3o b\u1ea3o m\u00e1t kh\u00f4ng qu\u00e1 1 ng\u00e0y<\/td>\n<\/tr>\n<tr>\n<td>Kh\u1ed1i l\u01b0\u1ee3ng t\u1ecbnh<\/td>\n<td>2gx20 g\u00f3i<\/td>\n<\/tr>\n<\/tbody>\n<\/table>\n<p>Tr\u00e0 TESS c\u00f3 m\u1eb7t tr\u00ean th\u1ecb tr\u01b0\u1eddng t\u1eeb n\u0103m 2007. H\u00e3ng s\u1ea3n xu\u1ea5t c\u00e1c lo\u1ea1i tr\u00e0 ch\u00ednh l\u00e0 tr\u00e0 \u0111en, tr\u00e0 xanh, tr\u00e0 th\u1ea3o m\u1ed9c v\u00e0 tr\u00e0 hoa qu\u1ea3 . S\u1ea3n ph\u1ea9m thu\u1ed9c s\u1edf h\u1eefu c\u1ee7a c\u00f4ng ty ORIMI TRADE . \u0110\u00e2y l\u00e0 th\u01b0\u01a1ng hi\u1ec7u b\u1ed5 xung sau khi th\u01b0\u01a1ng hi\u1ec7u Greenfield \u0111\u00e3 \u0111\u01b0\u1ee3c ORIMI TRADE ra m\u1eaft . M\u1ed7i n\u0103m c\u00f4ng ty \u0111\u1ec1u c\u1ed1 g\u1eafng t\u1ea1o ra h\u01b0\u01a1ng v\u1ecb ho\u1eb7c h\u01b0\u01a1ng th\u01a1m m\u1edbi v\u00e0 \u0111\u01b0\u1ee3c c\u00f4ng ch\u00fang \u0111\u00f3n nh\u1eadn r\u1ea5t n\u1ed3ng nhi\u1ec7t. \u0110\u1eb7c bi\u1ec7t l\u00e0 gi\u1edbi tr\u1ebb, nh\u1eefng ng\u01b0\u1eddi lu\u00f4n mu\u1ed1n t\u00ecm hi\u1ec3u v\u00e0 kh\u00e1m ph\u00e1 nh\u1eefng \u0111i\u1ec1u m\u1edbi m\u1ebb.<\/p>\n<p><img fetchpriority=\"high\" decoding=\"async\" class=\"wp-image-24199 aligncenter\" src=\"https:\/\/havamall.com\/wp-content\/uploads\/2021\/12\/c90962cd-45-300x186.png\" alt=\"\" width=\"747\" height=\"463\" \/><\/p>\n<p>Tr\u00e0 th\u1ea3o m\u1ed9c Tess c\u1ee7a Nga h\u01b0\u01a1ng v\u1ecb nam vi\u1ec7t qu\u1ea5t l\u00e0 m\u1ed9t trong nh\u1eefng s\u1ea3n ph\u1ea9m c\u1ee7a h\u00e3ng.\u00a0 V\u00e0o n\u0103m 2015, th\u01b0\u01a1ng hi\u1ec7u \u0111\u00e3 \u0111\u1ed5i m\u1edbi bao b\u00ec s\u1ea3n ph\u1ea9m. H\u1ed9p tr\u00e0 m\u1edbi c\u1ee7a TESS hi\u1ec7n \u0111\u1ea1i v\u00e0 phong c\u00e1ch h\u01a1n, ph\u00f9 h\u1ee3p v\u1edbi danh m\u1ee5c. Ph\u1ea3n \u00e1nh t\u1ed1t h\u01a1n c\u00e1c \u0111\u1eb7c t\u00ednh v\u00e0 l\u1ee3i \u00edch ri\u00eang c\u1ee7a t\u1eebng lo\u1ea1i tr\u00e0.<\/p>\n<p><img decoding=\"async\" class=\"wp-image-24200 aligncenter\" src=\"https:\/\/havamall.com\/wp-content\/uploads\/2021\/12\/e8e385c8-300x300.png\" alt=\"\" width=\"748\" height=\"748\" \/><\/p>\n<p>Tr\u00e0 t\u00fai l\u1ecdc Tess Cosmopolitan Party \u2013 Tr\u00e0 th\u1ea3o m\u1ed9c Tess c\u1ee7a Nga h\u01b0\u01a1ng v\u1ecb nam vi\u1ec7t qu\u1ea5t v\u00e0 b\u01b0\u1edfi : Th\u00e0nh ph\u1ea7n l\u1ea1 m\u1eaft d\u1ef1a tr\u00ean m\u1ed9t lo\u1ea1i cocktail ph\u1ed5 bi\u1ebfn,\u0111\u00e2y l\u00e0 s\u1ef1 pha tr\u1ed9n tinh t\u1ebf c\u1ee7a hoa r\u00e2m b\u1ee5t, hoa h\u1ed3ng , t\u00e1o, nam vi\u1ec7t qu\u1ea5t v\u00e0 b\u01b0\u1edfi. Khi u\u1ed1ng h\u01b0\u01a1ng v\u1ecb ng\u1ecdt ng\u00e0o d\u1ec5 ch\u1ecbu v\u1edbi \u0111\u1ed9 chua nh\u1eb9 v\u00e0 h\u01b0\u01a1ng th\u01a1m k\u1ef3 di\u1ec7u v\u1ecb h\u01b0\u01a1ng cam qu\u00fdt.<\/p>\n<p><img decoding=\"async\" class=\"wp-image-24201 aligncenter\" src=\"https:\/\/havamall.com\/wp-content\/uploads\/2021\/12\/tt-300x178.png\" alt=\"\" width=\"745\" height=\"442\" \/><\/p>\n<p>Tr\u00e0 tr\u00e1i c\u00e2y\u00a0Tess\u00a0Cosmopolitan Party l\u00e0 s\u1ef1 k\u1ebft h\u1ee3p t\u00e1o b\u1ea1o c\u1ee7a h\u01b0\u01a1ng v\u1ecb cam v\u00e0 s\u1ef1 t\u01b0\u01a1i ngon c\u1ee7a qu\u1ea3 nam vi\u1ec7t qu\u1ea5t c\u00f9ng v\u1edbi\u00a0v\u1ecb ng\u1ecdt c\u1ee7a t\u00e1o v\u00e0 v\u1ecb chua thanh c\u1ee7a hoa d\u00e2m b\u1ee5t, m\u1ed9t b\u1eefa ti\u1ec7c cho v\u1ecb gi\u00e1c.<\/p>\n<p>Tr\u00e0 Tess Cosmopolitan Party l\u00e0 m\u1ed9t trong nh\u1eefng s\u1ea3n ph\u1ea9m thu\u1ed9c b\u1ed9 s\u01b0u t\u1eadp tr\u00e0 t\u00fai l\u1ecdc Tess c\u00f3 t\u00fai h\u00ecnh kim t\u1ef1 th\u00e1p, b\u1ed9 s\u01b0u t\u1eadp n\u00e0y l\u00e0 m\u1ed9t trong nh\u1eefng tinh hoa c\u1ee7a h\u00e3ng. Khi pha tr\u00e0, th\u00e0nh ph\u1ea7n l\u00e0 l\u00e1 tr\u00e0, tr\u00e1i c\u00e2y, qu\u1ea3 m\u1ecdng v\u00e0 th\u1ea3o m\u1ed9c ti\u1ebft ra m\u1ed9t c\u00e1ch t\u1ef1 nhi\u00ean qua gi\u1ea5y l\u1ecdc kim t\u1ef1 th\u00e1p trong su\u1ed1t mang l\u1ea1i cho th\u1ee9c u\u1ed1ng ngu\u1ed3n n\u0103ng l\u01b0\u1ee3ng v\u00e0 s\u1ee9c m\u1ea1nh t\u1ef1 nhi\u00ean.<\/p>\n<p><img loading=\"lazy\" decoding=\"async\" class=\"wp-image-24202 aligncenter\" src=\"https:\/\/havamall.com\/wp-content\/uploads\/2021\/12\/k-300x223.png\" alt=\"\" width=\"738\" height=\"549\" \/><\/p>\n<h3><strong>H\u01b0\u1edbng d\u1eabn s\u1eed d\u1ee5ng v\u00e0 b\u1ea3o qu\u1ea3n:<\/strong><\/h3>\n<p>&gt; B\u1ea3o qu\u1ea3n \u1edf n\u01a1i s\u1ea1ch s\u1ebd, th\u00f4ng tho\u00e1ng, kh\u00f4ng c\u00f3 m\u00f9i l\u1ea1 v\u1edbi \u0111\u1ed9 \u1ea9m t\u01b0\u01a1ng \u0111\u1ed1i kh\u00f4ng qu\u00e1 70%<\/p>\n<p>&gt; C\u00e1ch pha tr\u00e0 : Cho t\u00fai l\u1ecdc kim t\u1ef1 th\u00e1p v\u00e0o n\u01b0\u1edbc s\u00f4i kho\u1ea3ng 90-95 oC. Ng\u00e2m kho\u1ea3ng 3 \u2013 5 ph\u00fat r\u1ed3i l\u1ea5y ra. C\u00f3 th\u1ec3 u\u1ed1ng v\u1edbi \u0111\u01b0\u1eddng v\u00e0 \u0111\u00e1 l\u1ea1nh.<\/p>\n<p>S\u1ea3n ph\u1ea9m hi\u1ec7n \u0111\u00e3 c\u00f3 m\u1eb7t t\u1ea1i Havamall.<\/p>\n<p><img loading=\"lazy\" decoding=\"async\" class=\"wp-image-24203 aligncenter\" src=\"https:\/\/havamall.com\/wp-content\/uploads\/2021\/12\/20f1536fd-300x209.png\" alt=\"\" width=\"739\" height=\"515\" \/><\/p>","protected":false},"excerpt":{"rendered":"<p>TH\u00d4NG TIN S\u1ea2N PH\u1ea8M Th\u01b0\u01a1ng hi\u1ec7u Tess Xu\u1ea5t x\u1ee9 Nga Th\u00e0nh ph\u1ea7n Hoa d\u00e2m b\u1ee5t, t\u00e1o, qu\u1ea3 t\u1ea7m xu\u00e2n, h\u01b0\u01a1ng<\/p>","protected":false},"featured_media":24204,"comment_status":"open","ping_status":"closed","template":"","meta":[],"product_brand":[],"product_cat":[135,36],"product_tag":[],"class_list":{"0":"post-24198","1":"product","2":"type-product","3":"status-publish","4":"has-post-thumbnail","6":"product_cat-sua-do-uong","7":"product_cat-thuc-pham-tieu-dung","9":"first","10":"outofstock","11":"sale","12":"shipping-taxable","13":"purchasable","14":"product-type-simple"},"_links":{"self":[{"href":"https:\/\/havamall.com\/en\/wp-json\/wp\/v2\/product\/24198","targetHints":{"allow":["GET"]}}],"collection":[{"href":"https:\/\/havamall.com\/en\/wp-json\/wp\/v2\/product"}],"about":[{"href":"https:\/\/havamall.com\/en\/wp-json\/wp\/v2\/types\/product"}],"replies":[{"embeddable":true,"href":"https:\/\/havamall.com\/en\/wp-json\/wp\/v2\/comments?post=24198"}],"version-history":[{"count":0,"href":"https:\/\/havamall.com\/en\/wp-json\/wp\/v2\/product\/24198\/revisions"}],"wp:featuredmedia":[{"embeddable":true,"href":"https:\/\/havamall.com\/en\/wp-json\/wp\/v2\/media\/24204"}],"wp:attachment":[{"href":"https:\/\/havamall.com\/en\/wp-json\/wp\/v2\/media?parent=24198"}],"wp:term":[{"taxonomy":"product_brand","embeddable":true,"href":"https:\/\/havamall.com\/en\/wp-json\/wp\/v2\/product_brand?post=24198"},{"taxonomy":"product_cat","embeddable":true,"href":"https:\/\/havamall.com\/en\/wp-json\/wp\/v2\/product_cat?post=24198"},{"taxonomy":"product_tag","embeddable":true,"href":"https:\/\/havamall.com\/en\/wp-json\/wp\/v2\/product_tag?post=24198"}],"curies":[{"name":"wp","href":"https:\/\/api.w.org\/{rel}","templated":true}]}}