{"id":24278,"date":"2021-12-07T16:43:57","date_gmt":"2021-12-07T09:43:57","guid":{"rendered":"https:\/\/havamall.com\/?post_type=product&#038;p=24278"},"modified":"2026-01-04T15:39:40","modified_gmt":"2026-01-04T08:39:40","slug":"trai-phuc-bon-tu-den-dong-lanh-v-safefoog-1kg-frozen-blackberry","status":"publish","type":"product","link":"https:\/\/havamall.com\/en\/shop\/trai-phuc-bon-tu-den-dong-lanh-v-safefoog-1kg-frozen-blackberry\/","title":{"rendered":"Tr\u00e1i Ph\u00fac B\u1ed3n T\u1eed \u0110en \u0110\u00f4ng L\u1ea1nh V-Safefood 1kg \u2013 Frozen Blackberry"},"content":{"rendered":"<p>Ph\u00fac b\u1ed3n t\u1eed \u0111\u00f4ng l\u1ea1nh V-Safefood lu\u00f4n \u0111\u01b0\u1ee3c \u0111\u00f4ng l\u1ea1nh ngay trong ng\u00e0y thu ho\u1ea1ch, b\u1ea3o to\u00e0n c\u00e1c ch\u1ea5t dinh d\u01b0\u1ee1ng t\u1ef1 nhi\u00ean v\u00e0 ch\u1ea5t ch\u1ed1ng oxy h\u00f3a m\u1ed9t c\u00e1ch tr\u1ecdn v\u1eb9n nh\u1ea5t. T\u1eebng qu\u1ea3 s\u1ebd \u0111\u01b0\u1ee3c h\u00e1i xu\u1ed1ng khi \u0111\u1ea1t \u0111\u1ed9 ch\u00ednh ho\u00e0n h\u1ea3o nh\u1ea5t v\u00e0 \u0111\u01b0\u1ee3c \u0111\u01b0a v\u00e0o quy tr\u00ecnh b\u1ea3o qu\u1ea3n c\u1ea5p t\u1ed1c trong 48 gi\u1edd \u0111\u1ec3 gi\u1eef \u0111\u01b0\u1ee3c h\u01b0\u01a1ng v\u1ecb tuy\u1ec7t v\u1eddi c\u1ee7a tr\u00e1i c\u00e2y t\u01b0\u01a1i.<\/p>\n<p><img fetchpriority=\"high\" decoding=\"async\" class=\"wp-image-24280 aligncenter\" src=\"https:\/\/havamall.com\/wp-content\/uploads\/2021\/12\/Frozen-ber-300x200.png\" alt=\"\" width=\"807\" height=\"539\" \/><\/p>\n<p>Qu\u1ea3 m\u00e2m x\u00f4i \u0111\u01b0\u1ee3c xem l\u00e0 \u201cch\u00faa t\u1ec3\u201d c\u1ee7a c\u00e1c lo\u1ea1i qu\u1ea3 kh\u00f4ng kh\u00f4ng ch\u1ec9 nh\u1edd ch\u1ee9a nhi\u1ec1u gi\u00e1 tr\u1ecb dinh d\u01b0\u1ee1ng t\u1ed1t cho s\u1ee9c kh\u1ecfe m\u00e0 ch\u00fang c\u00f2n \u0111\u01b0\u1ee3c d\u00f9ng \u0111\u1ec3 l\u00e0m nhi\u1ec1u lo\u1ea1i thu\u1ed1c kh\u00e1c nhau \u0111\u01b0\u1ee3c s\u1eed d\u1ee5ng t\u1eeb th\u00e2n c\u00e2y, l\u00e1 v\u00e0 c\u1ea3 qu\u1ea3 \u0111\u1eb7c bi\u1ec7t h\u1eefu \u00edch trong vi\u1ec7c \u0111i\u1ec1u tr\u1ecb b\u1ec7nh.\u00a0\u0110\u00f4ng y coi qu\u1ea3 m\u00e2m x\u00f4i l\u00e0 m\u1ed9t lo\u1ea1i qu\u1ea3 \u201cth\u1ef1c d\u01b0\u1ee3c l\u01b0\u1ee1ng d\u1ee5ng\u201d c\u00f3 ngh\u0129a l\u00e0 v\u1eeba l\u00e0m th\u1ef1c ph\u1ea9m v\u1eeba l\u00e0m th\u1ea3o d\u01b0\u1ee3c tr\u1ecb b\u1ec7nh.<\/p>\n<p><img decoding=\"async\" class=\"wp-image-24281 aligncenter\" src=\"https:\/\/havamall.com\/wp-content\/uploads\/2021\/12\/chamomile-300x169.png\" alt=\"\" width=\"816\" height=\"459\" \/><\/p>\n<h3><strong>H\u01b0\u1edbng d\u1eabn s\u1eed d\u1ee5ng:<\/strong><\/h3>\n<p>\u2013 L\u1ea5y l\u01b0\u1ee3ng v\u1eeba \u0111\u1ee7 d\u00f9ng \u0111\u1ec3 ra ngo\u00e0i cho gi\u00e3 \u0111\u00f4ng r\u1ed3i d\u00f9ng ngay. Ho\u1eb7c c\u00f3 th\u1ec3 \u0111\u1ec3 xu\u1ed1ng ng\u0103n m\u00e1t t\u1ee7 l\u1ea1nh (kho\u1ea3ng 1-3 \u0111\u1ed9 C) r\u1ed3i d\u00f9ng d\u1ea7n trong v\u00f2ng 3 ng\u00e0y sau \u0111\u00f3.<\/p>\n<p>\u2013 Qu\u1ea3 m\u00e2m x\u00f4i \u0111\u00f4ng l\u1ea1nh \u0111\u01b0\u1ee3c d\u00f9ng nh\u01b0 tr\u00e1i c\u00e2y t\u01b0\u01a1i b\u00ecnh th\u01b0\u1eddng: \u0103n k\u00e8m s\u1eefa chua, xay sinh t\u1ed1, l\u00e0m m\u1ee9t, l\u00e0m b\u00e1nh,\u2026ho\u1eb7c d\u00f9ng l\u00e0m n\u01b0\u1edbc s\u1ed1t cho c\u00e1c m\u00f3n \u0103n T\u00e2y \u0111\u1ec1u r\u1ea5t ngon v\u00e0 b\u1ed5 d\u01b0\u1ee1ng.<\/p>\n<p><img decoding=\"async\" class=\"wp-image-24282 aligncenter\" src=\"https:\/\/havamall.com\/wp-content\/uploads\/2021\/12\/acai-blackberry--275x300.png\" alt=\"\" width=\"819\" height=\"894\" \/><\/p>\n<h3><strong>C\u00f4ng d\u1ee5ng c\u1ee7a ph\u00fac b\u1ed3n t\u1eed \u0111en:<\/strong><\/h3>\n<h5 class=\"entry-content\"><em><strong>&gt; B\u1ea3o v\u1ec7 da<\/strong>:<\/em><\/h5>\n<p class=\"entry-content\">C\u00e1c lo\u1ea1i qu\u1ea3 h\u1ecd d\u00e2u l\u00e0 ngu\u1ed3n d\u1ed3i d\u00e0o axit ellagic gi\u00fap gi\u1ea3m t\u00e1c h\u1ea1i c\u1ee7a \u00e1nh n\u1eafng m\u1eb7t tr\u1eddi \u0111\u1ed1i v\u1edbi da, lo\u1ea1i axit n\u00e0y c\u0169ng ng\u0103n ch\u1eb7n s\u1ef1 ph\u00e1 v\u1ee1 collagen, gi\u00fap cho da s\u0103n ch\u1eafc v\u00e0 ng\u0103n ng\u1eeba s\u01b0ng vi\u00eam.<\/p>\n<h5 class=\"entry-content\"><em><strong>&gt; T\u0103ng c\u01b0\u1eddng s\u1ee9c kh\u1ecfe \u0111\u01b0\u1eddng ru\u1ed9t:<\/strong><\/em><\/h5>\n<p class=\"entry-content\">M\u00e2m x\u00f4i \u0111en ch\u1ee9a c\u1ea3 hai lo\u1ea1i ch\u1ea5t x\u01a1 (h\u00f2a tan v\u00e0 kh\u00f4ng h\u00f2a tan) gi\u00fap \u0111i\u1ec1u h\u00f2a \u0111\u01b0\u1eddng ru\u1ed9t v\u00e0 lo\u1ea1i b\u1ecf c\u00e1c \u0111\u1ed9c t\u1ed1 kh\u1ecfi \u0111\u01b0\u1eddng ru\u1ed9t.<\/p>\n<h5 class=\"entry-content\"><em><strong>&gt; B\u1ea3o v\u1ec7 tim m\u1ea1ch:<\/strong><\/em><\/h5>\n<p class=\"entry-content\">M\u00e2m x\u00f4i \u0111en ch\u1ee9a axit salicylic v\u1edbi \u0111\u1eb7c t\u00ednh t\u01b0\u01a1ng t\u1ef1 nh\u01b0 aspirin (axit acetylsalicylic) gi\u00fap ph\u00f2ng ch\u1ed1ng b\u1ec7nh tim, l\u00e0m gi\u1ea3m huy\u1ebft \u00e1p v\u00e0 gi\u1ea3m \u0111au.<\/p>\n<p><img loading=\"lazy\" decoding=\"async\" class=\"wp-image-24283 aligncenter\" src=\"https:\/\/havamall.com\/wp-content\/uploads\/2021\/12\/82-300x225.png\" alt=\"\" width=\"830\" height=\"624\" \/><\/p>\n<h5 class=\"entry-content\"><em><strong>&gt; Ch\u1ed1ng ung th\u01b0:<\/strong><\/em><\/h5>\n<p class=\"entry-content\">Axit ellagic c\u00f3 t\u00e1c d\u1ee5ng l\u00e0m ng\u1eebng t\u0103ng tr\u01b0\u1edfng c\u00e1c t\u1ebf b\u00e0o ung th\u01b0(\u0111\u00e3 \u0111\u01b0\u1ee3c nghi\u00ean c\u1ee9u t\u1ea1i ph\u00f2ng th\u00ed nghi\u1ec7m).<\/p>\n<h5 class=\"entry-content\"><em><strong>&gt; Ch\u1ed1ng t\u00ecnh tr\u1ea1ng \u0103n nhi\u1ec1u v\u00e0 b\u00e9o ph\u00ec:<\/strong><\/em><\/h5>\n<p class=\"entry-content\">Qu\u1ea3 m\u00e2m x\u00f4i \u0111en gi\u00e0u ch\u1ea5t x\u01a1 th\u1ef1c ph\u1ea9m v\u1ed1n \u0111\u00f3ng vai tr\u00f2 quan tr\u1ecdng \u0111\u1ed1i v\u1edbi c\u00e1c ch\u1ee9c n\u0103ng c\u01a1 th\u1ec3.\u00a0\u0110\u1eb7c bi\u1ec7t, ch\u1ea5t x\u01a1 gi\u00fap tr\u00ec ho\u00e3n t\u1ed1c \u0111\u1ed9 ti\u00eau h\u00f3a th\u1ee9c \u0103n, khi\u1ebfn ch\u00fang ta c\u1ea3m th\u1ea5y no l\u00e2u, nh\u1edd \u0111\u00f3 gi\u1ea3m nguy c\u01a1 \u0103n nhi\u1ec1u v\u00e0 ch\u1ed1ng b\u00e9o ph\u00ec.<\/p>\n<h5 class=\"entry-content\"><em><strong>&gt; T\u1ed1t cho \u0111\u00f4i m\u1eaft:<\/strong><\/em><\/h5>\n<p class=\"entry-content\">Qu\u1ea3 m\u00e2m x\u00f4i \u0111en ch\u1ee9a h\u00e0m l\u01b0\u1ee3ng cao vitamin C (m\u1ed9t ph\u1ea7n \u0103n cung c\u1ea5p t\u1edbi 50% vitamin C c\u01a1 th\u1ec3 c\u1ea7n b\u1ed5 sung m\u1ed7i ng\u00e0y) v\u00e0 beta-carotene (ti\u1ec1n ch\u1ea5t vitamin A), n\u00ean r\u1ea5t c\u00f3 l\u1ee3i \u00edch cho s\u1ee9c kh\u1ecfe \u0111\u00f4i m\u1eaft<\/p>\n<p>S\u1ea3n ph\u1ea9m hi\u1ec7n \u0111\u00e3 c\u00f3 m\u1eb7t t\u1ea1i Havamall.<\/p>\n<p><img loading=\"lazy\" decoding=\"async\" class=\"wp-image-24284 aligncenter\" src=\"https:\/\/havamall.com\/wp-content\/uploads\/2021\/12\/SpikedL-240x300.png\" alt=\"\" width=\"841\" height=\"1051\" \/><\/p>","protected":false},"excerpt":{"rendered":"<p><b>L\u01afU \u00dd QUAN TR\u1eccNG V\u1ec0 GIAO H\u00c0NG<\/b><\/p>\n<ul>\n<li>\u0110\u1ec3 \u0111\u1ea3m b\u1ea3o ch\u1ea5t l\u01b0\u1ee3ng, c\u00e1c s\u1ea3n ph\u1ea9m tr\u00e1i c\u00e2y \u0111\u00f4ng l\u1ea1nh\u00a0<b>ch\u1ec9 \u0111\u01b0\u1ee3c giao h\u1ecfa t\u1ed1c<\/b>\u00a0trong khu v\u1ef1c\u00a0<strong>TP.HCM<\/strong>.<\/li>\n<li><b>Ph\u00ed ship:<\/b>\n<ul>\n<li>D\u01b0\u1edbi 5km: 30.000\u20ab<\/li>\n<li>Tr\u00ean 5km: Ph\u00ed giao h\u00e0ng s\u1ebd t\u00ednh theo gi\u00e1 c\u1ee7a \u1ee9ng d\u1ee5ng d\u1ecbch v\u1ee5 v\u1eadn chuy\u1ec3n.<\/li>\n<\/ul>\n<\/li>\n<li><b>\u0110\u1ecba ch\u1ec9 c\u1eeda h\u00e0ng:<\/b>\u00a0H\u1ebbm 112, s\u1ed1 114A B\u1ea1ch \u0110\u1eb1ng, Ph\u01b0\u1eddng 2, Qu\u1eadn T\u00e2n B\u00ecnh. B\u1ea1n c\u00f3 th\u1ec3 ki\u1ec3m tra kho\u1ea3ng c\u00e1ch tr\u01b0\u1edbc khi \u0111\u1eb7t h\u00e0ng.<\/li>\n<li><b>Mi\u1ec5n ph\u00ed ship<\/b>\u00a0cho \u0111\u01a1n t\u1eeb 4kg ho\u1eb7c 1.500.000\u20ab.\u00a0<strong><em>RI\u00caNG:<\/em><\/strong>\u00a0H\u1ed7 tr\u1ee3\u00a0<strong><em>t\u1ed1i \u0111a<\/em><\/strong>\u00a0<b>30.000\u20ab<\/b>\u00a0ph\u00ed ship cho \u0111\u01a1n \u0111i c\u00e1c\u00a0<em><strong>khu v\u1ef1c xa nh\u01b0 H\u00f3c M\u00f4n, C\u1ee7 Chi, Qu\u1eadn 9<\/strong><\/em>. Qu\u00fd kh\u00e1ch\u00a0<strong>vui l\u00f2ng chuy\u1ec3n kho\u1ea3n tr\u01b0\u1edbc ti\u1ec1n ship ho\u1eb7c ti\u1ec1n h\u00e0ng.<\/strong><\/li>\n<\/ul>","protected":false},"featured_media":24285,"comment_status":"open","ping_status":"closed","template":"","meta":[],"product_brand":[],"product_cat":[730,36,275,684],"product_tag":[],"class_list":{"0":"post-24278","1":"product","2":"type-product","3":"status-publish","4":"has-post-thumbnail","6":"product_cat-cac-nuoc-khac","7":"product_cat-thuc-pham-tieu-dung","8":"product_cat-thuc-pham-dong-lanh","9":"product_cat-trai-cay-dong-lanh","10":"pa_brand-v-safefood","12":"first","13":"instock","14":"sale","15":"shipping-taxable","16":"purchasable","17":"product-type-simple"},"_links":{"self":[{"href":"https:\/\/havamall.com\/en\/wp-json\/wp\/v2\/product\/24278","targetHints":{"allow":["GET"]}}],"collection":[{"href":"https:\/\/havamall.com\/en\/wp-json\/wp\/v2\/product"}],"about":[{"href":"https:\/\/havamall.com\/en\/wp-json\/wp\/v2\/types\/product"}],"replies":[{"embeddable":true,"href":"https:\/\/havamall.com\/en\/wp-json\/wp\/v2\/comments?post=24278"}],"version-history":[{"count":0,"href":"https:\/\/havamall.com\/en\/wp-json\/wp\/v2\/product\/24278\/revisions"}],"wp:featuredmedia":[{"embeddable":true,"href":"https:\/\/havamall.com\/en\/wp-json\/wp\/v2\/media\/24285"}],"wp:attachment":[{"href":"https:\/\/havamall.com\/en\/wp-json\/wp\/v2\/media?parent=24278"}],"wp:term":[{"taxonomy":"product_brand","embeddable":true,"href":"https:\/\/havamall.com\/en\/wp-json\/wp\/v2\/product_brand?post=24278"},{"taxonomy":"product_cat","embeddable":true,"href":"https:\/\/havamall.com\/en\/wp-json\/wp\/v2\/product_cat?post=24278"},{"taxonomy":"product_tag","embeddable":true,"href":"https:\/\/havamall.com\/en\/wp-json\/wp\/v2\/product_tag?post=24278"}],"curies":[{"name":"wp","href":"https:\/\/api.w.org\/{rel}","templated":true}]}}