{"id":24293,"date":"2021-12-07T17:28:06","date_gmt":"2021-12-07T10:28:06","guid":{"rendered":"https:\/\/havamall.com\/?post_type=product&#038;p=24293"},"modified":"2026-01-04T14:44:09","modified_gmt":"2026-01-04T07:44:09","slug":"bap-my-ngot-dong-lanh-v-safefood-500g-frozen-american-sweet-corn","status":"publish","type":"product","link":"https:\/\/havamall.com\/en\/shop\/bap-my-ngot-dong-lanh-v-safefood-500g-frozen-american-sweet-corn\/","title":{"rendered":"B\u1eafp M\u1ef9 Ng\u1ecdt \u0110\u00f4ng L\u1ea1nh V-Safefood 500g &#8211; Frozen American Sweet Corn"},"content":{"rendered":"<p><span style=\"font-weight: 400;\">B\u1eafp M\u1ef9 nguy\u00ean h\u1ea1t \u0111\u00f4ng l\u1ea1nh V-Safefood\u00a0<\/span><span style=\"font-weight: 400;\">\u0111\u01b0\u1ee3c l\u00e0m t\u1eeb nguy\u00ean li\u1ec7u 100% h\u1ea1t b\u1eafp M\u1ef9 t\u01b0\u01a1i ngon, t\u1ef1 nhi\u00ean kh\u00f4ng ch\u1ea5t b\u1ea3o qu\u1ea3n. B\u1eafp M\u1ef9 ng\u1ecdt \u0111\u00f4ng l\u1ea1nh c\u00f3 h\u01b0\u01a1ng v\u1ecb th\u01a1m ngon \u0111\u1eb7c tr\u01b0ng h\u01a1n nh\u1eefng lo\u1ea1i ng\u00f4 kh\u00e1c. \u0111\u01b0\u1ee3c ch\u1ebf bi\u1ebfn theo c\u00f4ng ngh\u1ec7 ti\u00ean ti\u1ebfn \u0111\u1ea3m b\u1ea3o an to\u00e0n v\u1ec7 sinh th\u1ef1c ph\u1ea9m gi\u1eef cho th\u1ef1c ph\u1ea9m \u0111\u01b0\u1ee3c t\u01b0\u01a1i ngon v\u00e0 gi\u00e0u ch\u1ea5t dinh d\u01b0\u1ee1ng. S\u1ea3n ph\u1ea9m c\u00f3 th\u1ec3 ch\u1ebf bi\u1ebfn th\u00e0nh c\u00e1c m\u00f3n \u0103n t\u00f9y ng\u1ecdt, nhi\u1ec1u n\u01b0\u1edbc, v\u1ecb th\u01a1m \u0111\u1eadm \u0111\u00e0, \u0111\u1eb7c bi\u1ec7t ng\u00f4 ng\u1ecdt c\u00f2n c\u00f3 v\u1ecb gi\u00f2n r\u1ea5t h\u1ea5p d\u1eabn. S\u1ea3n ph\u1ea9m Ng\u00f4 M\u1ef9 ng\u1ecdt \u0111\u00f4ng l\u1ea1nh \u0111\u01b0\u1ee3c \u0111\u00f3ng g\u00f3i h\u00fat ch\u00e2n kh\u00f4ng ti\u1ec7n d\u1ee5ng n\u00ean c\u00f3 th\u1ec3 ch\u1ebf bi\u1ebfn nhi\u1ec1u m\u00f3n \u0103n. C\u00f3 th\u1ec3 d\u00f9ng ng\u00f4 ng\u1ecdt M\u1ef9 \u0111\u1ec3 n\u1ea5u ch\u00e8, r\u00e1n b\u00e1nh, n\u1ea5u s\u00fap\u2026<\/span><\/p>\n<p><img fetchpriority=\"high\" decoding=\"async\" class=\"wp-image-24295 aligncenter\" src=\"https:\/\/havamall.com\/wp-content\/uploads\/2021\/12\/Indian-300x300.png\" alt=\"\" width=\"647\" height=\"647\" \/><\/p>\n<p><span style=\"font-weight: 400;\">B\u1eafp M\u1ef9 l\u00e0 m\u1ed9t trong nh\u1eefng lo\u1ea1i l\u01b0\u01a1ng th\u1ef1c ng\u0169 c\u1ed1c n\u1ed5i ti\u1ebfng h\u00e0ng \u0111\u1ea7u th\u1ebf gi\u1edbi, quen thu\u1ed9c v\u1edbi ng\u01b0\u1eddi d\u00e2n \u1edf kh\u1eafp n\u01a1i b\u1edfi m\u00e0u s\u1eafc v\u00e0ng \u0111\u1eadm, h\u1ea1t to \u0111\u1eb9p, th\u01b0\u1eddng \u0111\u01b0\u1ee3c d\u00f9ng l\u00e0m b\u1eafp rang b\u01a1 s\u1ebd cho h\u01b0\u01a1ng v\u1ecb tuy\u1ec7t ngon. T\u01b0\u01a1ng t\u1ef1 nh\u01b0 c\u00e1c lo\u1ea1i ng\u00f4 kh\u00e1c, B\u1eafp M\u1ef9 c\u0169ng \u0111\u01b0\u1ee3c \u0111\u00e1nh gi\u00e1 r\u1ea5t cao b\u1edfi c\u00e1c th\u00e0nh ph\u1ea7n d\u01b0\u1ee1ng ch\u1ea5t \u0111a d\u1ea1ng, c\u00f3 l\u1ee3i cho s\u1ee9c kh\u1ecfe, mang \u0111\u1ebfn nhi\u1ec1u gi\u00e1 tr\u1ecb c\u1ef1c n\u1ed5i b\u1eadt.<\/span><\/p>\n<p><img decoding=\"async\" class=\"wp-image-19663 aligncenter\" src=\"https:\/\/havamall.com\/wp-content\/uploads\/2021\/05\/Untitled-1-1200x676-18-300x169.jpg\" alt=\"\" width=\"643\" height=\"362\" \/><\/p>\n<p><span style=\"font-weight: 400;\">B\u0103\u0301p M\u1ef9 ng\u1ecdt \u0111\u00f4ng l\u1ea1nh V-Safefood \u0111\u01b0\u1ee3c tr\u1ed3ng t\u1ea1i My\u0303 tr\u00ean gi\u1ed1ng b\u0103\u0301p ng\u1ecdt c\u1ee7a M\u1ef9. \u0110\u00e2y l\u00e0 gi\u1ed1ng b\u0103\u0301p cung c\u1ea5p kh\u00e1 nhi\u1ec1u dinh d\u01b0\u1ee1ng cho c\u01a1 th\u1ec3. B\u0103\u0301p ng\u1ecdt c\u00f3 h\u00e0m l\u01b0\u1ee3ng folate cao hay c\u00f2n \u0111\u01b0\u1ee3c g\u1ecdi l\u00e0 vitamin B9. \u0110i\u1ec1u n\u00e0y gi\u00fap gi\u1ea3m axit amin c\u00f3 trong m\u1ea1ch m\u00e1u c\u1ee7a c\u01a1 th\u1ec3. \u0102n nhi\u1ec1u ng\u00f4 ng\u1ecdt l\u00e0 m\u1ed9t c\u00e1ch s\u00e1ng su\u1ed1t \u0111\u1ec3 gi\u1ea3m v\u00e0 ng\u0103n ng\u1eeba h\u01b0 h\u1ea1i cho tim.<\/span><\/p>\n<p><img decoding=\"async\" class=\"wp-image-19664 aligncenter\" src=\"https:\/\/havamall.com\/wp-content\/uploads\/2021\/05\/zucchini-corn-fritters-picture-id486675830-300x300.jpg\" alt=\"\" width=\"644\" height=\"644\" \/><\/p>\n<p><span style=\"font-weight: 400;\">Theo c\u00e1c chuy\u00ean gia th\u00ec b\u1eafp m\u1ef9 gi\u00fap l\u00e0m ch\u1eadm qu\u00e1 tr\u00ecnh l\u00e3o h\u00f3a, ch\u1ed1ng ung th\u01b0, th\u1ea9m m\u1ef9 da m\u00e0 c\u00f2n r\u1ea5t t\u1ed1t nh\u1eefng ai \u0111ang mu\u1ed1n gi\u1ea3m c\u00e2n khoa h\u1ecdc. K\u1ebft qu\u1ea3 t\u1eeb c\u00e1c nghi\u00ean c\u1ee9u c\u1ee7a chuy\u00ean gia, h\u00e0m l\u01b0\u1ee3ng calo c\u00f3 trong m\u1ed9t b\u1eafp ng\u00f4 l\u00e0 177 Kcal\/ 100gr h\u1ea1t ng\u00f4. Theo \u0111\u00f3, calo v\u00e0 tinh b\u1ed9t trong ng\u00f4 kh\u00f4ng thua k\u00e9m bao nhi\u00eau so v\u1edbi 1 b\u00e1t c\u01a1m tr\u1eafng. Nh\u01b0ng trong 1 b\u1eafp ng\u00f4 l\u1ea1i c\u00f3 r\u1ea5t nhi\u1ec1u ch\u1ea5t x\u01a1, \u00edt ch\u1ea5t b\u00e9o n\u00ean d\u00f9 \u0103n bao nhi\u00eau b\u1ea1n c\u0169ng kh\u00f4ng lo b\u1ecb t\u00edch t\u1ee5 m\u1ee1 tr\u00ean c\u01a1 th\u1ec3.<\/span><\/p>\n<p><img loading=\"lazy\" decoding=\"async\" class=\"aligncenter\" src=\"https:\/\/havamall.com\/wp-content\/uploads\/2021\/05\/copycat-chipotle-corn-salsa-recipe-6972-2.jpg\" alt=\"Chipotle Corn Salsa (Copycat Recipe) - Peas And Crayons\" width=\"647\" height=\"971\" \/><\/p>\n<h3><strong>H\u01b0\u1edbng d\u1eabn s\u1eed d\u1ee5ng:<\/strong><\/h3>\n<p><span style=\"font-weight: 400;\">&#8211; Kh\u00f4ng c\u1ea7n r\u00e3 \u0111\u00f4ng tr\u01b0\u1edbc khi d\u00f9ng<\/span><\/p>\n<p><span style=\"font-weight: 400;\">&#8211;\u00a0 D\u00f9ng chi\u00ean, x\u00e0o, n\u1ea5u s\u00fap ho\u1eb7c ch\u1ebf bi\u1ebfn c\u00e1c m\u00f3n t\u00f9y th\u00edch nh\u01b0 b\u1eafp x\u00e0o, s\u00fap, ch\u00e8,&#8230;<\/span><\/p>\n<p><span style=\"font-weight: 400;\">&#8211; C\u00f3 th\u1ec3 d\u00f9ng ch\u1ebf bi\u1ebfn m\u00f3n chay<\/span><\/p>\n<p><img loading=\"lazy\" decoding=\"async\" class=\"aligncenter\" src=\"https:\/\/havamall.com\/wp-content\/uploads\/2021\/05\/mexican-street-corn-salad.jpg\" alt=\"Mexican Street Corn Salad Recipe - Love and Lemons\" width=\"644\" height=\"945\" \/><\/p>\n<h3><strong>L\u1ee3i \u00edch s\u1ee9c kho\u1ebb t\u1eeb b\u1eafp:<\/strong><\/h3>\n<p><span style=\"font-weight: 400;\">&#8211; Gi\u1ea3m c\u00e2n<\/span><\/p>\n<p><span style=\"font-weight: 400;\">&#8211; Ch\u1ed1ng l\u00e3o h\u00f3a<\/span><\/p>\n<p><span style=\"font-weight: 400;\">&#8211; Gi\u00fap ch\u1eafc kh\u1ecfe x\u01b0\u01a1ng<\/span><\/p>\n<p><span style=\"font-weight: 400;\">&#8211; Ng\u0103n ng\u1eeba ung th\u01b0<\/span><\/p>\n<p>S\u1ea3n ph\u1ea9m hi\u1ec7n \u0111\u00e3 c\u00f3 m\u1eb7t t\u1ea1i Havamall.<\/p>","protected":false},"excerpt":{"rendered":"<p>B\u1eafp M\u1ef9 nguy\u00ean h\u1ea1t \u0111\u00f4ng l\u1ea1nh V-Safefood\u00a0\u0111\u01b0\u1ee3c l\u00e0m t\u1eeb nguy\u00ean li\u1ec7u 100% h\u1ea1t b\u1eafp M\u1ef9 t\u01b0\u01a1i ngon, t\u1ef1 nhi\u00ean kh\u00f4ng<\/p>","protected":false},"featured_media":24296,"comment_status":"open","ping_status":"closed","template":"","meta":[],"product_brand":[],"product_cat":[36,275],"product_tag":[],"class_list":{"0":"post-24293","1":"product","2":"type-product","3":"status-publish","4":"has-post-thumbnail","6":"product_cat-thuc-pham-tieu-dung","7":"product_cat-thuc-pham-dong-lanh","8":"pa_brand-v-safefood","10":"first","11":"outofstock","12":"sale","13":"shipping-taxable","14":"purchasable","15":"product-type-simple"},"_links":{"self":[{"href":"https:\/\/havamall.com\/en\/wp-json\/wp\/v2\/product\/24293","targetHints":{"allow":["GET"]}}],"collection":[{"href":"https:\/\/havamall.com\/en\/wp-json\/wp\/v2\/product"}],"about":[{"href":"https:\/\/havamall.com\/en\/wp-json\/wp\/v2\/types\/product"}],"replies":[{"embeddable":true,"href":"https:\/\/havamall.com\/en\/wp-json\/wp\/v2\/comments?post=24293"}],"version-history":[{"count":0,"href":"https:\/\/havamall.com\/en\/wp-json\/wp\/v2\/product\/24293\/revisions"}],"wp:featuredmedia":[{"embeddable":true,"href":"https:\/\/havamall.com\/en\/wp-json\/wp\/v2\/media\/24296"}],"wp:attachment":[{"href":"https:\/\/havamall.com\/en\/wp-json\/wp\/v2\/media?parent=24293"}],"wp:term":[{"taxonomy":"product_brand","embeddable":true,"href":"https:\/\/havamall.com\/en\/wp-json\/wp\/v2\/product_brand?post=24293"},{"taxonomy":"product_cat","embeddable":true,"href":"https:\/\/havamall.com\/en\/wp-json\/wp\/v2\/product_cat?post=24293"},{"taxonomy":"product_tag","embeddable":true,"href":"https:\/\/havamall.com\/en\/wp-json\/wp\/v2\/product_tag?post=24293"}],"curies":[{"name":"wp","href":"https:\/\/api.w.org\/{rel}","templated":true}]}}