{"id":24342,"date":"2021-12-09T15:01:57","date_gmt":"2021-12-09T08:01:57","guid":{"rendered":"https:\/\/havamall.com\/?post_type=product&#038;p=24342"},"modified":"2025-12-03T04:24:02","modified_gmt":"2025-12-02T21:24:02","slug":"khuon-cat-banh-quy-bo-9-cai-uncle-bills-gingerbread-house-cookie-cutter-set","status":"publish","type":"product","link":"https:\/\/havamall.com\/en\/shop\/khuon-cat-banh-quy-bo-9-cai-uncle-bills-gingerbread-house-cookie-cutter-set\/","title":{"rendered":"Khu\u00f4n C\u1eaft B\u00e1nh Quy B\u1ed9 9 C\u00e1i Uncle Bills &#8211; Gingerbread House Cookie Cutter Set"},"content":{"rendered":"<div class=\"o9v6fnle cxmmr5t8 oygrvhab hcukyx3x c1et5uql ii04i59q\">\n<h3><strong>TH\u00d4NG TIN TH\u01af\u01a0NG HI\u1ec6U<\/strong><\/h3>\n<\/div>\n<p>Uncle Bills (UBL) cung c\u1ea5p h\u01a1n 1800 s\u1ea3n ph\u1ea9m ti\u00eau d\u00f9ng phi th\u01b0\u0323c ph\u00e2\u0309m h\u00e2\u0301p d\u00e2\u0303n, ti\u00ea\u0323n i\u0301ch, gia\u0301 ph\u1ea3i ch\u0103ng. S\u1ea3n ph\u1ea9m bao g\u1ed3m nhi\u1ec1u lo\u1ea1i ha\u0300ng ho\u0301a kh\u00e1c nhau, t\u1eeb \u0111\u1ed3 du\u0300ng nh\u00e0 b\u1ebfp, ch\u0103m s\u00f3c c\u00e1 nh\u00e2n, l\u00e0m s\u1ea1ch nha\u0300 c\u01b0\u0309a, \u0111\u00f4\u0300 l\u01b0u tr\u1eef, ca\u0301c loa\u0323i du\u0323ng cu\u0323, v\u00e2\u0323t du\u0323ng ngo\u00e0i tr\u1eddi v\u00e0 ca\u0309 cho tr\u1ebb em.\u00a0 UBL Lu\u00f4n lu\u00f4n c\u00e2\u0323p nh\u00e2\u0323t ca\u0301c sa\u0309n ph\u00e2\u0309m m\u01a1\u0301i.<\/p>\n<p>S\u1ea3n ph\u1ea9m UBL \u0111\u01b0\u1ee3c s\u1ea3n xu\u1ea5t theo ti\u00eau chu\u1ea9n ch\u1ea5t l\u01b0\u1ee3ng nghi\u00eam ng\u1eb7t c\u1ee7a UBL Hongkong v\u00e0 b\u00e1n t\u1ea1i h\u01a1n 50 qu\u1ed1c gia v\u01a1\u0301i h\u01a1n 10.000 c\u1eeda h\u00e0ng, bao g\u1ed3m ch\u00e2u \u00c2u, \u00dac, Ch\u00e2u \u00c1, Ch\u00e2u Phi. S\u1ee9 m\u1ec7nh c\u1ee7a UBL l\u00e0 cung c\u1ea5p nh\u1eefng s\u1ea3n ph\u1ea9m ti\u1ec7n \u00edch v\u00e0 h\u1ea5p d\u1eabn cho ng\u00f4i nh\u00e0 hi\u1ec7n \u0111\u1ea1i c\u1ee7a ng\u01b0\u1eddi Vi\u1ec7t Nam.<\/p>\n<p><img fetchpriority=\"high\" decoding=\"async\" class=\"alignnone wp-image-22991 aligncenter\" src=\"https:\/\/havamall.com\/wp-content\/uploads\/2021\/10\/7a4565aab9e3171165a8eafb557b0da0-300x150.jpg\" alt=\"\" width=\"840\" height=\"420\" \/><\/p>\n<p>\u0110\u1ebfm ng\u01b0\u1ee3c m\u1ed9t th\u00e1ng l\u00e0 \u0111\u00e3 \u0111\u1ebfn Gi\u00e1ng Sinh 2021 v\u00e0 s\u1ebd r\u1ea5t tuy\u1ec7t v\u1eddi khi ng\u00f4i nh\u00e0 c\u1ee7a b\u1ea1n \u0111\u01b0\u1ee3c trang tr\u00ed ng\u1eadp tr\u00e0n kh\u00f4ng kh\u00ed l\u1ec5 h\u1ed9i v\u1edbi c\u00e2y th\u00f4ng Noel, d\u00e2y \u0111\u00e8n v\u00e0 c\u00e1c h\u1ed9p qu\u00e0 \u0111\u1ee7 m\u00e0u s\u1eafc.<\/p>\n<p>C\u00f9ng Havamall kh\u1edfi \u0111\u1ed9ng tinh th\u1ea7n chu\u1ea9n b\u1ecb \u0111\u00f3n m\u1ed9t m\u00f9a gi\u00e1ng sinh r\u1ed9n r\u00e0ng tr\u00e0n ng\u1eadp \u01b0u \u0111\u00e3i v\u1edbi nh\u1eefng s\u1ea3n ph\u1ea9m trang tr\u00ed gi\u00e1ng sinh\u00a0\u0111a d\u1ea1ng, h\u00f2a chung kh\u00f4ng kh\u00ed \u1ea5m \u00e1p c\u1ee7a m\u00f9a Gi\u00e1ng sinh. C\u00e1c m\u1eabu m\u00e3 trang tr\u00ed m\u00f9a noel \u0111\u1ed9c \u0111\u00e1o c\u1ee7a Uncle Bills nay \u0111\u00e3 c\u00f3 m\u1eb7t t\u1ea1i nh\u00e0 Havamall.<\/p>\n<p><img decoding=\"async\" class=\"wp-image-23889 aligncenter\" src=\"https:\/\/havamall.com\/wp-content\/uploads\/2021\/11\/5-1-300x133.jpg\" alt=\"\" width=\"843\" height=\"374\" \/><\/p>\n<p dir=\"ltr\">B\u1ed9 khu\u00f4n c\u1eaft b\u00e1nh quy Uncle Bills t\u1ea1o h\u00ecnh b\u00e1nh quy v\u1edbi nhi\u1ec1u m\u1eabu m\u00e3 kh\u00e1c nhau, d\u00f9ng \u0111\u1ec3 t\u1ea1o ra nh\u1eefng chi\u1ebfc b\u00e1nh cookies th\u01a1m ngon, h\u1ea5p d\u1eabn c\u00f9ng v\u1edbi b\u1ed9 s\u01b0u t\u1eadp b\u00e1nh c\u1ee7a b\u1ea1n tr\u1edf n\u00ean phong ph\u00fa v\u00e0 h\u1ea5p d\u1eabn h\u01a1n.<\/p>\n<p dir=\"ltr\">B\u1ed9 Cutter \u0111\u01b0\u1ee3c l\u00e0m b\u1eb1ng ch\u1ea5t li\u1ec7u nh\u00f4m, khu\u00f4n nh\u1ea5n b\u00e1nh cookies d\u1ee9a c\u00f3 tr\u1ecdng l\u01b0\u1ee3ng nh\u1eb9 v\u00e0 \u0111\u1ed9 b\u1ec1n cao, kh\u00f4ng b\u1ecb v\u1ee1 khi r\u01a1i, thu\u1eadn ti\u1ec7n trong vi\u1ec7c s\u1eed d\u1ee5ng, v\u1ec7 sinh v\u00e0 b\u1ea3o qu\u1ea3n. S\u1ea3n ph\u1ea9m bao g\u1ed3m ki\u1ec3u d\u00e1ng \u0111a d\u1ea1ng kh\u00e1c nhau nh\u01b0 ng\u00f4i nh\u00e0, ng\u01b0\u1eddi tuy\u1ebft, tu\u1ea7n l\u1ed9c,\u2026 v\u1edbi h\u00ecnh h\u00e0i ng\u1ed9 ngh\u0129nh, d\u1ec5 d\u00e0ng cho b\u1ea1n th\u1ecfa s\u1ee9c l\u1ef1a ch\u1ecdn.<\/p>\n<p dir=\"ltr\"><img decoding=\"async\" class=\"wp-image-24343 aligncenter\" src=\"https:\/\/havamall.com\/wp-content\/uploads\/2021\/12\/gluten-free-roll--300x200.png\" alt=\"\" width=\"846\" height=\"563\" \/><\/p>\n<p dir=\"ltr\">S\u1ea3n ph\u1ea9m c\u00f3 k\u00edch th\u01b0\u1edbc nh\u1ecf, gi\u00fap b\u1ea1n c\u00f3 th\u1ec3 l\u00e0m ra t\u1ea1o h\u00ecnh theo \u00fd th\u00edch, t\u1ea1o ra chi\u1ebfc b\u00e1nh quy, cookies xinh x\u1eafn, \u0111\u00e1ng y\u00eau. Ngo\u00e0i ra, s\u1ea3n ph\u1ea9m c\u00f3 kh\u1ea3 n\u0103ng d\u1eabn nhi\u1ec7t t\u1ed1t, gi\u00fap b\u00e1nh ch\u00edn \u0111\u1ec1u, v\u00e0ng \u0111\u1ec1u v\u00e0 th\u01a1m ngon. B\u1ea1n c\u00f3 th\u1ec3 t\u1ef1 tay l\u00e0m ra nh\u1eefng chi\u1ebfc ng\u1ed9 ngh\u0129nh, \u0111\u1eb9p m\u1eaft, l\u00e0m ra m\u00f3n qu\u00e0 d\u00e0nh t\u1eb7ng cho gia \u0111\u00ecnh, ng\u01b0\u1eddi th\u00e2n.<\/p>\n<p dir=\"ltr\"><img loading=\"lazy\" decoding=\"async\" class=\"wp-image-24344 aligncenter\" src=\"https:\/\/havamall.com\/wp-content\/uploads\/2021\/12\/mini-gingerbread--300x300.png\" alt=\"\" width=\"848\" height=\"848\" \/><\/p>\n<p>Ch\u1ec9 v\u1edbi nh\u1eefng thao t\u00e1c \u0111\u01a1n gi\u1ea3m, trong kho\u1ea3ng 60 ph\u00fat l\u00e0 b\u1ea1n \u0111\u00e3 ho\u00e0n th\u00e0nh xong nh\u1eefng chi\u1ebfc b\u00e1nh quy ng\u1ed9 ngh\u0129nh xinh x\u1eafn r\u1ed3i. V\u00ec kh\u1ed1i b\u1ed9t c\u00f3 t\u00ednh ch\u1eafc d\u1ebbo t\u01b0\u01a1ng t\u1ef1 \u0111\u1ea5t n\u1eb7n, n\u00ean c\u00e1c b\u1ea1n nh\u1ecf tr\u00ean 4 tu\u1ed5i ho\u00e0n to\u00e0n c\u00f3 th\u1ec3 tham gia v\u00e0o kh\u00e2u t\u1ea1o h\u00ecnh b\u00e1nh \u0111\u1ec3 l\u00e0m nh\u1eefng chi\u1ebfc b\u00e1nh th\u1eadt d\u1ec5 th\u01b0\u01a1ng.<\/p>\n<p><img loading=\"lazy\" decoding=\"async\" class=\"wp-image-24345 aligncenter\" src=\"https:\/\/havamall.com\/wp-content\/uploads\/2021\/12\/gluten-free-300x300.png\" alt=\"\" width=\"845\" height=\"844\" \/><\/p>\n<h3><strong>\u0110\u1eb7c \u0111i\u1ec3m n\u1ed5i b\u1eadt c\u1ee7a s\u1ea3n ph\u1ea9m:<\/strong><\/h3>\n<p>&#8211; \u0110\u01b0\u1ee3c l\u00e0m t\u1eeb th\u00e9p kh\u00f4ng g\u1ec9 \u0111\u00e1nh b\u00f3ng, d\u1ec5 d\u00e0ng xuy\u00ean qua b\u00e1nh ng\u1ecdt m\u1ed9t c\u00e1ch d\u1ec5 d\u00e0ng, ch\u1ec9 c\u1ea7n c\u1eaft \u0111\u01a1n gi\u1ea3n b\u1eb1ng c\u00e1ch d\u00f9ng l\u00f2ng b\u00e0n tay \u1ea5n xu\u1ed1ng.<\/p>\n<p>&#8211; B\u1ed9 \u0111\u1ed3 d\u00f9ng \u0111\u1ec3 l\u00e0m salad xinh x\u1eafn, b\u00e1nh fondant, b\u00e1nh quy, sushi, tr\u00e1i c\u00e2y, rau c\u1ee7.<\/p>\n<p>&#8211; Thi\u1ebft k\u1ebf ki\u1ec3u d\u00e1ng \u0111\u00e1ng y\u00eau b\u1eaft m\u1eaft. C\u00e1c b\u00e9 s\u1ebd r\u1ea5t th\u00edch th\u00fa khi l\u00e0m b\u00e1nh v\u1edbi s\u1ea3n ph\u1ea9m n\u00e0y.<\/p>\n<p>S\u1ea3n ph\u1ea9m hi\u1ec7n \u0111\u00e3 c\u00f3 m\u1eb7t t\u1ea1i Havamall.<\/p>","protected":false},"excerpt":{"rendered":"<p>TH\u00d4NG TIN TH\u01af\u01a0NG HI\u1ec6U Uncle Bills (UBL) cung c\u1ea5p h\u01a1n 1800 s\u1ea3n ph\u1ea9m ti\u00eau d\u00f9ng phi th\u01b0\u0323c ph\u00e2\u0309m h\u00e2\u0301p d\u00e2\u0303n,<\/p>","protected":false},"featured_media":24346,"comment_status":"open","ping_status":"closed","template":"","meta":[],"product_brand":[],"product_cat":[393,35,452,394],"product_tag":[],"class_list":{"0":"post-24342","1":"product","2":"type-product","3":"status-publish","4":"has-post-thumbnail","6":"product_cat-bep-phong-an","7":"product_cat-nha-cua-doi-song","8":"product_cat-noel","9":"product_cat-trang-tri-nha-cua","10":"pa_brand-uncle-bills","12":"first","13":"outofstock","14":"sale","15":"shipping-taxable","16":"purchasable","17":"product-type-simple"},"_links":{"self":[{"href":"https:\/\/havamall.com\/en\/wp-json\/wp\/v2\/product\/24342","targetHints":{"allow":["GET"]}}],"collection":[{"href":"https:\/\/havamall.com\/en\/wp-json\/wp\/v2\/product"}],"about":[{"href":"https:\/\/havamall.com\/en\/wp-json\/wp\/v2\/types\/product"}],"replies":[{"embeddable":true,"href":"https:\/\/havamall.com\/en\/wp-json\/wp\/v2\/comments?post=24342"}],"version-history":[{"count":0,"href":"https:\/\/havamall.com\/en\/wp-json\/wp\/v2\/product\/24342\/revisions"}],"wp:featuredmedia":[{"embeddable":true,"href":"https:\/\/havamall.com\/en\/wp-json\/wp\/v2\/media\/24346"}],"wp:attachment":[{"href":"https:\/\/havamall.com\/en\/wp-json\/wp\/v2\/media?parent=24342"}],"wp:term":[{"taxonomy":"product_brand","embeddable":true,"href":"https:\/\/havamall.com\/en\/wp-json\/wp\/v2\/product_brand?post=24342"},{"taxonomy":"product_cat","embeddable":true,"href":"https:\/\/havamall.com\/en\/wp-json\/wp\/v2\/product_cat?post=24342"},{"taxonomy":"product_tag","embeddable":true,"href":"https:\/\/havamall.com\/en\/wp-json\/wp\/v2\/product_tag?post=24342"}],"curies":[{"name":"wp","href":"https:\/\/api.w.org\/{rel}","templated":true}]}}