{"id":24407,"date":"2021-12-15T09:35:51","date_gmt":"2021-12-15T02:35:51","guid":{"rendered":"https:\/\/havamall.com\/?post_type=product&#038;p=24407"},"modified":"2023-03-09T15:26:38","modified_gmt":"2023-03-09T08:26:38","slug":"tinh-chat-huong-chuoi-havafood-20ml-banana-extract","status":"publish","type":"product","link":"https:\/\/havamall.com\/en\/shop\/tinh-chat-huong-chuoi-havafood-20ml-banana-extract\/","title":{"rendered":"Tinh Ch\u1ea5t H\u01b0\u01a1ng Chu\u1ed1i Havafood 20ml &#8211; Banana Extract"},"content":{"rendered":"<p><span style=\"font-weight: 400\">Tinh Ch\u1ea5t c\u00f3 c\u00f4ng d\u1ee5ng to l\u1edbn v\u00e0 l\u00e0 h\u01b0\u01a1ng li\u1ec7u ph\u1ed5 bi\u1ebfn trong vi\u1ec7c t\u1ea1o n\u00ean h\u01b0\u01a1ng th\u01a1m \u0111\u1eb7c tr\u01b0ng cho c\u00e1c lo\u1ea1i b\u00e1nh, \u0111\u1eb7c bi\u1ec7t l\u00e0 c\u1ed1t b\u00e1nh gato, ch\u00e8\u2026..\u00a0<\/span><\/p>\n<p>Tinh ch\u1ea5t h\u01b0\u01a1ng chu\u1ed1i l\u00e0 m\u1ed9t lo\u1ea1i h\u01b0\u01a1ng li\u1ec7u kh\u00e1 ph\u1ed5 bi\u1ebfn v\u00e0 \u0111\u01b0\u1ee3c \u1ee9ng d\u1ee5ng nhi\u1ec1u trong s\u1ea3n xu\u1ea5t c\u00e1c lo\u1ea1i th\u1ef1c ph\u1ea9m nh\u01b0: b\u00e1nh b\u00f4ng lan, m\u1ee9t, kem, k\u1eb9o, c\u00e1c lo\u1ea1i n\u01b0\u1edbc \u00e9p, n\u01b0\u1edbc gi\u1ea3i kh\u00e1t,\u2026.<\/p>\n<p><span style=\"font-weight: 400\">Tinh ch\u1ea5t chu\u1ed1i th\u01b0\u1eddng \u0111\u01b0\u1ee3c d\u00f9ng v\u1edbi t\u1ef7 l\u1ec7 5ml cho 1000 ml h\u1ed7n h\u1ee3p \u0111\u1ec3 l\u00e0m n\u00ean c\u00e1c m\u00f3n b\u00e1nh, ch\u00e8, kem\u2026\u0111\u1eb7c bi\u1ec7t l\u00e0 d\u00f9ng cho nh\u00e2n b\u00e1nh trung thu hi\u1ec7n \u0111\u1ea1i hay tiramisu th\u00ec kh\u00f4ng th\u1ec3 ch\u00ea v\u00e0o \u0111\u00e2u \u0111\u01b0\u1ee3c.<\/span><\/p>\n<p><img fetchpriority=\"high\" decoding=\"async\" class=\"wp-image-24409 aligncenter\" src=\"https:\/\/havamall.com\/wp-content\/uploads\/2021\/12\/IMG_1265-2-300x300.png\" alt=\"\" width=\"707\" height=\"707\" \/><\/p>\n<h3><strong>L\u1ee3i \u00edch c\u1ee7a s\u1ea3n ph\u1ea9m:<\/strong><\/h3>\n<p>&gt; T\u1ea1o h\u01b0\u01a1ng th\u01a1m t\u1ef1 nhi\u00ean cho c\u00e1c s\u1ea3n ph\u1ea9m<\/p>\n<p>&gt; K\u00edch th\u00edch c\u1ea3m quan, l\u00e0m s\u1ea3n ph\u1ea9m h\u1ea5p d\u1eabn h\u01a1n<\/p>\n<p>&gt; Kh\u00f4ng \u1ea3nh h\u01b0\u1edfng \u0111\u1ebfn tr\u1ea1ng th\u00e1i hay m\u00e0u s\u1eafc c\u1ee7a th\u1ef1c ph\u1ea9m s\u1eed d\u1ee5ng.<\/p>\n<p>&gt; Ti\u1ebft ki\u1ec7m chi ph\u00ed s\u1ea3n xu\u1ea5t s\u1ea3n ph\u1ea9m.<\/p>\n<p>&gt; Trong s\u1ea3n xu\u1ea5t s\u1ea3n ph\u1ea9m nh\u01b0: b\u00e1nh k\u1eb9o, n\u01b0\u1edbc gi\u1ea3i kh\u00e1t, r\u01b0\u1ee3u\u2026.<\/p>\n<p><img decoding=\"async\" class=\"wp-image-24410 aligncenter\" src=\"https:\/\/havamall.com\/wp-content\/uploads\/2021\/12\/1400_700_PBBananaSmooth-300x150.png\" alt=\"\" width=\"702\" height=\"351\" \/><\/p>\n<h3><strong>H\u01b0\u1edbng d\u1eabn s\u1eed d\u1ee5ng v\u00e0 b\u1ea3o qu\u1ea3n:<\/strong><\/h3>\n<p><span style=\"font-weight: 400\">&gt; H\u01b0\u1edbng d\u1eabn s\u1eed d\u1ee5ng: d\u00f9ng \u0111\u1ec3 t\u1ea1o m\u00f9i h\u01b0\u01a1ng t\u1ef1 nhi\u00ean cho b\u00e1nh\u201a kem\u201a th\u1ea1ch\u201a k\u1eb9o&#8230;.<\/span><\/p>\n<p><span style=\"font-weight: 400\">&gt; H\u01b0\u1edbng d\u1eabn b\u1ea3o qu\u1ea3n: B\u1ea3o qu\u1ea3n n\u01a1i tho\u00e1ng m\u00e1t, tr\u00e1nh \u00e1nh n\u1eafng tr\u1ef1c ti\u1ebfp v\u00e0 nhi\u1ec7t \u0111\u1ed9 cao<\/span><\/p>\n<h3><img decoding=\"async\" class=\"wp-image-24411 aligncenter\" src=\"https:\/\/havamall.com\/wp-content\/uploads\/2021\/12\/banana-pudding-300x200.png\" alt=\"\" width=\"696\" height=\"465\" \/><\/h3>\n<h3><strong>Th\u00f4ng tin s\u1ea3n ph\u1ea9m:<\/strong><\/h3>\n<p><span style=\"font-weight: 400\">&#8211; Th\u00e0nh ph\u1ea7n: Propylenglycol ( INS 1520) 70%, deltadodecalactone (4-5%), Ethyl maltol (2-3%)&#8230;..<\/span><\/p>\n<p><span style=\"font-weight: 400\">&#8211; Th\u1eddi h\u1ea1n s\u1eed d\u1ee5ng: 24 th\u00e1ng<\/span><\/p>\n<p><span style=\"font-weight: 400\">&#8211; C\u00f4ng d\u1ee5ng: t\u1ea1o h\u01b0\u01a1ng Chu\u1ed1i t\u0103ng h\u01b0\u01a1ng v\u1ecb cho c\u00e1c m\u00f3n b\u00e1nh<\/span><\/p>\n<p><span style=\"font-weight: 400\">&#8211; Th\u1ec3 t\u00edch: 20ml<\/span><\/p>\n<p><span style=\"font-weight: 400\">&#8211; Xu\u1ea5t x\u1ee9: Vi\u1ec7t Nam<\/span><\/p>\n<p><span style=\"font-weight: 400\">&#8211; B\u1ea3o qu\u1ea3n n\u01a1i kh\u00f4 r\u00e1o v\u00e0 tho\u00e1ng m\u00e1t<\/span><\/p>\n<p>S\u1ea3n ph\u1ea9m hi\u1ec7n \u0111\u00e3 c\u00f3 m\u1eb7t t\u1ea1i Havamall.<\/p>","protected":false},"excerpt":{"rendered":"<p>Tinh Ch\u1ea5t c\u00f3 c\u00f4ng d\u1ee5ng to l\u1edbn v\u00e0 l\u00e0 h\u01b0\u01a1ng li\u1ec7u ph\u1ed5 bi\u1ebfn trong vi\u1ec7c t\u1ea1o n\u00ean h\u01b0\u01a1ng th\u01a1m \u0111\u1eb7c<\/p>","protected":false},"featured_media":24412,"comment_status":"open","ping_status":"closed","template":"","meta":[],"product_brand":[],"product_cat":[255,36],"product_tag":[],"class_list":{"0":"post-24407","1":"product","2":"type-product","3":"status-publish","4":"has-post-thumbnail","6":"product_cat-nguyen-lieu-lam-banh","7":"product_cat-thuc-pham-tieu-dung","8":"pa_brand-skx","10":"first","11":"instock","12":"sale","13":"shipping-taxable","14":"purchasable","15":"product-type-simple"},"_links":{"self":[{"href":"https:\/\/havamall.com\/en\/wp-json\/wp\/v2\/product\/24407","targetHints":{"allow":["GET"]}}],"collection":[{"href":"https:\/\/havamall.com\/en\/wp-json\/wp\/v2\/product"}],"about":[{"href":"https:\/\/havamall.com\/en\/wp-json\/wp\/v2\/types\/product"}],"replies":[{"embeddable":true,"href":"https:\/\/havamall.com\/en\/wp-json\/wp\/v2\/comments?post=24407"}],"version-history":[{"count":0,"href":"https:\/\/havamall.com\/en\/wp-json\/wp\/v2\/product\/24407\/revisions"}],"wp:featuredmedia":[{"embeddable":true,"href":"https:\/\/havamall.com\/en\/wp-json\/wp\/v2\/media\/24412"}],"wp:attachment":[{"href":"https:\/\/havamall.com\/en\/wp-json\/wp\/v2\/media?parent=24407"}],"wp:term":[{"taxonomy":"product_brand","embeddable":true,"href":"https:\/\/havamall.com\/en\/wp-json\/wp\/v2\/product_brand?post=24407"},{"taxonomy":"product_cat","embeddable":true,"href":"https:\/\/havamall.com\/en\/wp-json\/wp\/v2\/product_cat?post=24407"},{"taxonomy":"product_tag","embeddable":true,"href":"https:\/\/havamall.com\/en\/wp-json\/wp\/v2\/product_tag?post=24407"}],"curies":[{"name":"wp","href":"https:\/\/api.w.org\/{rel}","templated":true}]}}