{"id":24413,"date":"2021-12-15T10:11:13","date_gmt":"2021-12-15T03:11:13","guid":{"rendered":"https:\/\/havamall.com\/?post_type=product&#038;p=24413"},"modified":"2023-03-09T15:26:18","modified_gmt":"2023-03-09T08:26:18","slug":"tinh-chat-sau-rieng-havafood-20ml-durian-extract","status":"publish","type":"product","link":"https:\/\/havamall.com\/en\/shop\/tinh-chat-sau-rieng-havafood-20ml-durian-extract\/","title":{"rendered":"Tinh Ch\u1ea5t S\u1ea7u Ri\u00eang Havafood 20ml &#8211; Durian Extract"},"content":{"rendered":"<p>S\u1ea7u ri\u00eang\u00a0l\u00e0 m\u1ed9t lo\u1ea1i qu\u1ea3 c\u00f3 m\u00f9i th\u01a1m v\u00e0 h\u01b0\u01a1ng v\u1ecb r\u1ea5t \u0111\u1eb7c bi\u1ec7t v\u00e0 c\u0169ng l\u00e0 m\u00f3n \u0103n kho\u00e1i kh\u1ea9u c\u1ee7a r\u1ea5t nhi\u1ec1u ng\u01b0\u1eddi. S\u1ea7u ri\u00eang \u0111\u01b0\u1ee3c coi l\u00e0 \u201cvua c\u1ee7a c\u00e1c lo\u1ea1i tr\u00e1i c\u00e2y\u201d.<\/p>\n<p>Tinh Ch\u1ea5t c\u00f3 c\u00f4ng d\u1ee5ng to l\u1edbn v\u00e0 l\u00e0 h\u01b0\u01a1ng li\u1ec7u ph\u1ed5 bi\u1ebfn trong vi\u1ec7c t\u1ea1o n\u00ean h\u01b0\u01a1ng th\u01a1m \u0111\u1eb7c tr\u01b0ng cho c\u00e1c lo\u1ea1i b\u00e1nh, \u0111\u1eb7c bi\u1ec7t l\u00e0 c\u1ed1t b\u00e1nh gato, ch\u00e8\u2026..<\/p>\n<p><img fetchpriority=\"high\" decoding=\"async\" class=\"wp-image-24414 aligncenter\" src=\"https:\/\/havamall.com\/wp-content\/uploads\/2021\/12\/1_WQSATicqh7c-300x199.png\" alt=\"\" width=\"714\" height=\"474\" \/><\/p>\n<p>Tinh ch\u1ea5t s\u1ea7u ri\u00eang th\u01b0\u1eddng \u0111\u01b0\u1ee3c d\u00f9ng v\u1edbi t\u1ef7 l\u1ec7 5ml cho 1000 ml h\u1ed7n h\u1ee3p \u0111\u1ec3 l\u00e0m n\u00ean c\u00e1c m\u00f3n b\u00e1nh, ch\u00e8, kem\u2026\u0111\u1eb7c bi\u1ec7t l\u00e0 d\u00f9ng cho nh\u00e2n b\u00e1nh trung thu hi\u1ec7n \u0111\u1ea1i hay tiramisu th\u00ec kh\u00f4ng th\u1ec3 ch\u00ea v\u00e0o \u0111\u00e2u \u0111\u01b0\u1ee3c.<\/p>\n<p>Tinh ch\u1ea5t h\u01b0\u01a1ng s\u1ea7u ri\u00eang l\u00e0 m\u1ed9t lo\u1ea1i h\u01b0\u01a1ng li\u1ec7u kh\u00e1 ph\u1ed5 bi\u1ebfn v\u00e0 \u0111\u01b0\u1ee3c \u1ee9ng d\u1ee5ng nhi\u1ec1u trong s\u1ea3n xu\u1ea5t c\u00e1c lo\u1ea1i th\u1ef1c ph\u1ea9m nh\u01b0: b\u00e1nh b\u00f4ng lan, m\u1ee9t, kem, k\u1eb9o, c\u00e1c lo\u1ea1i n\u01b0\u1edbc \u00e9p, ch\u00e8,\u2026.<\/p>\n<p>Tinh ch\u1ea5t h\u01b0\u01a1ng s\u1ea7u ri\u00eang khi b\u1ed5 sung v\u00e0o c\u00e1c lo\u1ea1i b\u00e1nh s\u1ebd t\u1ea1o v\u1ecb t\u01b0\u01a1i ngon, l\u00e0m m\u00f9i vi b\u00e1nh tr\u1edf n\u00ean \u0111\u1eb7c tr\u01b0ng v\u00e0 th\u01a1m ngon h\u01a1n.<\/p>\n<p><img decoding=\"async\" class=\"wp-image-24415 aligncenter\" src=\"https:\/\/havamall.com\/wp-content\/uploads\/2021\/12\/Durian-300x200.png\" alt=\"\" width=\"710\" height=\"473\" \/><\/p>\n<h3><strong>L\u1ee3i \u00edch c\u1ee7a s\u1ea3n ph\u1ea9m:<\/strong><\/h3>\n<p>&gt; T\u1ea1o h\u01b0\u01a1ng th\u01a1m t\u1ef1 nhi\u00ean cho c\u00e1c s\u1ea3n ph\u1ea9m<\/p>\n<p>&gt; K\u00edch th\u00edch c\u1ea3m quan, l\u00e0m s\u1ea3n ph\u1ea9m h\u1ea5p d\u1eabn h\u01a1n<\/p>\n<p>&gt; Kh\u00f4ng \u1ea3nh h\u01b0\u1edfng \u0111\u1ebfn tr\u1ea1ng th\u00e1i hay m\u00e0u s\u1eafc c\u1ee7a th\u1ef1c ph\u1ea9m s\u1eed d\u1ee5ng.<\/p>\n<p>&gt; Ti\u1ebft ki\u1ec7m chi ph\u00ed s\u1ea3n xu\u1ea5t s\u1ea3n ph\u1ea9m.<\/p>\n<p>&gt; Trong s\u1ea3n xu\u1ea5t s\u1ea3n ph\u1ea9m nh\u01b0: b\u00e1nh k\u1eb9o, n\u01b0\u1edbc gi\u1ea3i kh\u00e1t, r\u01b0\u1ee3u\u2026.<\/p>\n<h3><img decoding=\"async\" class=\"wp-image-24416 aligncenter\" src=\"https:\/\/havamall.com\/wp-content\/uploads\/2021\/12\/durian-ice-cream-300x300.png\" alt=\"\" width=\"728\" height=\"728\" \/><\/h3>\n<h3><strong>H\u01b0\u1edbng d\u1eabn s\u1eed d\u1ee5ng v\u00e0 b\u1ea3o qu\u1ea3n:<\/strong><\/h3>\n<p>&gt; H\u01b0\u1edbng d\u1eabn s\u1eed d\u1ee5ng: d\u00f9ng \u0111\u1ec3 t\u1ea1o m\u00f9i h\u01b0\u01a1ng t\u1ef1 nhi\u00ean cho b\u00e1nh\u201a kem\u201a th\u1ea1ch\u201a k\u1eb9o\u2026.<\/p>\n<p>&gt; H\u01b0\u1edbng d\u1eabn b\u1ea3o qu\u1ea3n: B\u1ea3o qu\u1ea3n n\u01a1i tho\u00e1ng m\u00e1t, tr\u00e1nh \u00e1nh n\u1eafng tr\u1ef1c ti\u1ebfp v\u00e0 nhi\u1ec7t \u0111\u1ed9 cao<\/p>\n<p>S\u1ea3n ph\u1ea9m hi\u1ec7n \u0111\u00e3 c\u00f3 m\u1eb7t tai Havamall.<\/p>","protected":false},"excerpt":{"rendered":"<p>S\u1ea7u ri\u00eang\u00a0l\u00e0 m\u1ed9t lo\u1ea1i qu\u1ea3 c\u00f3 m\u00f9i th\u01a1m v\u00e0 h\u01b0\u01a1ng v\u1ecb r\u1ea5t \u0111\u1eb7c bi\u1ec7t v\u00e0 c\u0169ng l\u00e0 m\u00f3n \u0103n kho\u00e1i<\/p>","protected":false},"featured_media":24418,"comment_status":"open","ping_status":"closed","template":"","meta":[],"product_brand":[],"product_cat":[255,36],"product_tag":[],"class_list":{"0":"post-24413","1":"product","2":"type-product","3":"status-publish","4":"has-post-thumbnail","6":"product_cat-nguyen-lieu-lam-banh","7":"product_cat-thuc-pham-tieu-dung","9":"first","10":"instock","11":"sale","12":"shipping-taxable","13":"purchasable","14":"product-type-simple"},"_links":{"self":[{"href":"https:\/\/havamall.com\/en\/wp-json\/wp\/v2\/product\/24413","targetHints":{"allow":["GET"]}}],"collection":[{"href":"https:\/\/havamall.com\/en\/wp-json\/wp\/v2\/product"}],"about":[{"href":"https:\/\/havamall.com\/en\/wp-json\/wp\/v2\/types\/product"}],"replies":[{"embeddable":true,"href":"https:\/\/havamall.com\/en\/wp-json\/wp\/v2\/comments?post=24413"}],"version-history":[{"count":0,"href":"https:\/\/havamall.com\/en\/wp-json\/wp\/v2\/product\/24413\/revisions"}],"wp:featuredmedia":[{"embeddable":true,"href":"https:\/\/havamall.com\/en\/wp-json\/wp\/v2\/media\/24418"}],"wp:attachment":[{"href":"https:\/\/havamall.com\/en\/wp-json\/wp\/v2\/media?parent=24413"}],"wp:term":[{"taxonomy":"product_brand","embeddable":true,"href":"https:\/\/havamall.com\/en\/wp-json\/wp\/v2\/product_brand?post=24413"},{"taxonomy":"product_cat","embeddable":true,"href":"https:\/\/havamall.com\/en\/wp-json\/wp\/v2\/product_cat?post=24413"},{"taxonomy":"product_tag","embeddable":true,"href":"https:\/\/havamall.com\/en\/wp-json\/wp\/v2\/product_tag?post=24413"}],"curies":[{"name":"wp","href":"https:\/\/api.w.org\/{rel}","templated":true}]}}