{"id":24514,"date":"2021-12-20T16:51:50","date_gmt":"2021-12-20T09:51:50","guid":{"rendered":"https:\/\/havamall.com\/?post_type=product&#038;p=24514"},"modified":"2025-12-03T04:15:20","modified_gmt":"2025-12-02T21:15:20","slug":"dau-goi-xa-skinbutak-chok-chok-magic-shampoo-conditioner","status":"publish","type":"product","link":"https:\/\/havamall.com\/en\/shop\/dau-goi-xa-skinbutak-chok-chok-magic-shampoo-conditioner\/","title":{"rendered":"D\u1ea7u G\u1ed9i\/X\u1ea3 Skinbutak Chok Chok &#8211; Magic Shampoo\/Conditioner"},"content":{"rendered":"<p id=\"tw-target-text\" class=\"tw-data-text tw-text-large tw-ta\" dir=\"ltr\"><span class=\"Y2IQFc\" lang=\"vi\">Chok Chok Magic Shampoo l\u00e0 lo\u1ea1i d\u1ea7u g\u1ed9i \u0111\u1ea7u gi\u00fap gi\u1ea3m r\u1ee5ng t\u00f3c v\u00e0 c\u1ea3i thi\u1ec7n \u0111\u1ed9 d\u00e0y c\u1ee7a t\u00f3c, gi\u00fap lo\u1ea1i b\u1ecf ch\u1ea5t th\u1ea3i kh\u1ecfi da \u0111\u1ea7u v\u00e0 t\u00f3c v\u1edbi l\u01b0\u1ee3ng b\u1ecdt d\u1ed3i d\u00e0o v\u00e0 ch\u1ee9a d\u1ea7u tr\u00e1i c\u00e2y vitamin \u0111\u1ec3 cung c\u1ea5p \u0111\u1ed9 m\u1ec1m m\u1ea1i v\u00e0 nu\u00f4i d\u01b0\u1ee1ng m\u00e0 kh\u00f4ng c\u1ea7n d\u1ea7u x\u1ea3 ri\u00eang bi\u1ec7t.\u00a0<\/span><\/p>\n<p class=\"tw-data-text tw-text-large tw-ta\" dir=\"ltr\"><span class=\"Y2IQFc\" lang=\"vi\">Chok Chok Magic Shampoo l\u00e0 m\u1ed9t lo\u1ea1i d\u1ea7u g\u1ed9i gi\u1ea3m r\u1ee5ng t\u00f3c nh\u1eb9 nh\u00e0ng c\u00f3 ch\u1ee9a L-menthol, axit salicylic v\u00e0 dexpanthenol. \u0110\u01b0\u1ee3c Glowpick x\u1ebfp h\u1ea1ng 1 D\u1ea7u g\u1ed9i ch\u0103m s\u00f3c t\u00f3c t\u1ea1i H\u00e0n Qu\u1ed1c, t\u00ecnh tr\u1ea1ng t\u00f3c v\u00e0 da \u0111\u1ea7u t\u1ed1t h\u01a1n sau m\u1ed7i l\u1ea7n s\u1eed d\u1ee5ng.<\/span><img fetchpriority=\"high\" decoding=\"async\" class=\"wp-image-24529 aligncenter\" src=\"https:\/\/havamall.com\/wp-content\/uploads\/2021\/12\/120809750-300x282.png\" alt=\"\" width=\"746\" height=\"703\" \/><\/p>\n<p>Set d\u1ea7u g\u1ed9i &amp; x\u1ea3 Chokchok Magic c\u00f3 l\u1edbp b\u1ecdt d\u00e0y, m\u1ecbn, gi\u00fap l\u00e0m s\u1ea1ch t\u00f3c v\u00e0 da \u0111\u1ea7u. Ngo\u00e0i ra, th\u00e0nh ph\u1ea9n tinh ch\u1ea5t qu\u1ea3 H\u1eafc mai bi\u1ec3n trong d\u1ea7u g\u1ed9i c\u00f2n gi\u00fap\u00a0b\u1ea3o v\u1ec7 v\u00e0 ph\u1ee5c h\u1ed3i t\u00f3c m\u1ecfng v\u00e0 h\u01b0 t\u1ed5n nu\u00f4i d\u01b0\u1ee1ng t\u00f3c v\u00e0 da \u0111\u1ea7u b\u00f3ng kh\u1ecfe t\u1eeb ch\u00e2n \u0111\u1ebfn ng\u1ecdn, m\u00e0 kh\u00f4ng c\u1ea7n b\u1ed5 sung b\u1ea5t k\u1ef3 d\u1ea7u x\u1ea3 hay m\u1eb7t n\u1ea1 \u1ee7 t\u00f3c n\u00e0o.<\/p>\n<p>Th\u1ef1c nghi\u1ec7m cho th\u1ea5y set d\u1ea7u g\u1ed9i &amp; x\u1ea3 Chokchok Magic gi\u00fap l\u00e0m gi\u1ea3m l\u01b0\u1ee3ng d\u1ea7u th\u1eeba v\u00e0 b\u00e3 nh\u1eddn \u0111\u1ebfn h\u01a1n 50% ch\u1ec9 sau 2 tu\u1ea7n s\u1eed d\u1ee5ng. Ngo\u00e0i ra, t\u1ef7 l\u1ec7 ch\u1ea5t b\u1ea9n, g\u00e0u tr\u00ean da \u0111\u1ea7u \u0111\u01b0\u1ee3c lo\u1ea1i b\u1ecf sau 2 tu\u1ea7n s\u1eed d\u1ee5ng c\u0169ng l\u00ean \u0111\u1ebfn g\u1ea7n 100%.<\/p>\n<p><img decoding=\"async\" class=\"wp-image-24530 aligncenter\" src=\"https:\/\/havamall.com\/wp-content\/uploads\/2021\/12\/LO13498-300x300.png\" alt=\"\" width=\"760\" height=\"760\" \/><\/p>\n<h3><strong>C\u00f4ng d\u1ee5ng c\u1ee7a d\u1ea7u g\u1ed9i Chok Chok Magic Shampoo:<\/strong><\/h3>\n<p><span class=\"Y2IQFc\" lang=\"vi\">&gt; Da \u0111\u1ea7u kh\u1ecfe h\u01a1n: C\u00f4ng ngh\u1ec7 c\u00f4ng th\u1ee9c c\u1ed1t l\u00f5i c\u1ee7a Skinbutak v\u1edbi c\u00e1c th\u00e0nh ph\u1ea7n \u0111\u1eb7c tr\u01b0ng.<\/span><\/p>\n<p><span class=\"Y2IQFc\" lang=\"vi\">&gt; Da s\u00e1ng v\u00e0 m\u1ec1m m\u1ea1i: Chi\u1ebft xu\u1ea5t t\u1eeb \u200b\u200br\u1ec5 ch\u1ee9a \u0111\u1ea7y n\u0103ng l\u01b0\u1ee3ng th\u1ef1c v\u1eadt <\/span><\/p>\n<p><span class=\"Y2IQFc\" lang=\"vi\">&gt; Dinh d\u01b0\u1ee1ng l\u00e0nh m\u1ea1nh: C\u00e1c protein si\u00eau th\u1ef1c ph\u1ea9m gi\u00fap l\u1ea5p \u0111\u1ea7y kho\u1ea3ng tr\u1ed1ng c\u1ee7a t\u00f3c y\u1ebfu <\/span><\/p>\n<p><span class=\"Y2IQFc\" lang=\"vi\">&gt; Ch\u0103m s\u00f3c da \u0111\u1ea7u: Gi\u00fap ch\u0103m s\u00f3c da \u0111\u1ea7u ti\u1ebft b\u00e3 nh\u1eddn, gi\u1ea3m ng\u1ee9a v\u00e0 g\u00e0u.<\/span><\/p>\n<p><span class=\"Y2IQFc\" lang=\"vi\">&gt; D\u1ea7u g\u1ed9i ph\u1ee5c h\u1ed3i l\u00e0m m\u1edbi v\u1edbi c\u00e1c vitamin t\u1ef1 nhi\u00ean.<\/span><\/p>\n<p>S\u1ea3n ph\u1ea9m hi\u1ec7n \u0111\u00e3 c\u00f3 m\u1eb7t t\u1ea1i Havamall.<\/p>\n<p><img decoding=\"async\" class=\"wp-image-24531 aligncenter\" src=\"https:\/\/havamall.com\/wp-content\/uploads\/2021\/12\/120809795-256x300.png\" alt=\"\" width=\"774\" height=\"907\" \/><\/p>","protected":false},"excerpt":{"rendered":"<p>Chok Chok Magic Shampoo l\u00e0 lo\u1ea1i d\u1ea7u g\u1ed9i \u0111\u1ea7u gi\u00fap gi\u1ea3m r\u1ee5ng t\u00f3c v\u00e0 c\u1ea3i thi\u1ec7n \u0111\u1ed9 d\u00e0y c\u1ee7a t\u00f3c,<\/p>","protected":false},"featured_media":24525,"comment_status":"open","ping_status":"closed","template":"","meta":[],"product_brand":[],"product_cat":[35,396],"product_tag":[],"class_list":{"0":"post-24514","1":"product","2":"type-product","3":"status-publish","4":"has-post-thumbnail","6":"product_cat-nha-cua-doi-song","7":"product_cat-suc-khoe-lam-dep","9":"first","10":"outofstock","11":"sale","12":"shipping-taxable","13":"purchasable","14":"product-type-variable"},"_links":{"self":[{"href":"https:\/\/havamall.com\/en\/wp-json\/wp\/v2\/product\/24514","targetHints":{"allow":["GET"]}}],"collection":[{"href":"https:\/\/havamall.com\/en\/wp-json\/wp\/v2\/product"}],"about":[{"href":"https:\/\/havamall.com\/en\/wp-json\/wp\/v2\/types\/product"}],"replies":[{"embeddable":true,"href":"https:\/\/havamall.com\/en\/wp-json\/wp\/v2\/comments?post=24514"}],"version-history":[{"count":0,"href":"https:\/\/havamall.com\/en\/wp-json\/wp\/v2\/product\/24514\/revisions"}],"wp:featuredmedia":[{"embeddable":true,"href":"https:\/\/havamall.com\/en\/wp-json\/wp\/v2\/media\/24525"}],"wp:attachment":[{"href":"https:\/\/havamall.com\/en\/wp-json\/wp\/v2\/media?parent=24514"}],"wp:term":[{"taxonomy":"product_brand","embeddable":true,"href":"https:\/\/havamall.com\/en\/wp-json\/wp\/v2\/product_brand?post=24514"},{"taxonomy":"product_cat","embeddable":true,"href":"https:\/\/havamall.com\/en\/wp-json\/wp\/v2\/product_cat?post=24514"},{"taxonomy":"product_tag","embeddable":true,"href":"https:\/\/havamall.com\/en\/wp-json\/wp\/v2\/product_tag?post=24514"}],"curies":[{"name":"wp","href":"https:\/\/api.w.org\/{rel}","templated":true}]}}