{"id":24543,"date":"2021-12-21T11:31:12","date_gmt":"2021-12-21T04:31:12","guid":{"rendered":"https:\/\/havamall.com\/?post_type=product&#038;p=24543"},"modified":"2025-12-03T04:24:01","modified_gmt":"2025-12-02T21:24:01","slug":"banh-quy-cham-socola-nhap-khau-tu-nga-paipo-100g","status":"publish","type":"product","link":"https:\/\/havamall.com\/en\/shop\/banh-quy-cham-socola-nhap-khau-tu-nga-paipo-100g\/","title":{"rendered":"B\u00e1nh Quy Ch\u1ea5m Socola Nh\u1eadp Kh\u1ea9u T\u1eeb Nga Paipo 100g"},"content":{"rendered":"<p>Khi n\u00f3i r\u1eb1ng n\u01b0\u1edbc Nga ch\u00ednh l\u00e0 thi\u00ean \u0111\u01b0\u1eddng \u0111\u1ed3 \u0103n v\u1eb7t \u0111\u1eb7c bi\u1ec7t l\u00e0 socola. Socola c\u1ee7a Nga khi\u1ebfn ng\u01b0\u1eddi \u0103n \u1ea5n t\u01b0\u1ee3ng b\u1edfi h\u01b0\u01a1ng th\u01a1m n\u1ed3ng n\u00e0n, m\u00f9i v\u1ecb \u0111\u1eb7c tr\u01b0ng v\u00e0 ki\u1ec3u d\u00e1ng v\u00f4 c\u00f9ng \u0111a d\u1ea1ng, phong ph\u00fa. M\u1ed9t trong nh\u1eefng s\u1ea3n ph\u1ea9m hot nh\u1ea5t tr\u00ean th\u1ecb tr\u01b0\u1eddng b\u00e1nh k\u1eb9o Nga t\u1eeb cu\u1ed1i n\u0103m 2015 \u0111\u1ebfn nay ch\u00ednh l\u00e0 b\u00e1nh quy ch\u1ea5m socola Paipo.<\/p>\n<p><img fetchpriority=\"high\" decoding=\"async\" class=\"wp-image-24547 aligncenter\" src=\"https:\/\/havamall.com\/wp-content\/uploads\/2021\/12\/268555955-300x300.png\" alt=\"\" width=\"642\" height=\"642\" \/><\/p>\n<p>N\u1ebfu nh\u01b0 k\u1eb9o socola h\u1ea1nh nh\u00e2n c\u1ee7a Nga l\u00e0 s\u1ef1 k\u1ebft h\u1ee3p tuy\u1ec7t v\u1eddi c\u1ee7a socola ng\u1ecdt th\u01a1m v\u00e0 h\u1ea1nh nh\u00e2n b\u00f9i b\u00f9i, gi\u00e0u ch\u1ea5t dinh d\u01b0\u1ee1ng th\u00ec b\u00e1nh quy ch\u1ea5m socola l\u1ea1i l\u00e0 s\u1ef1 h\u00f2a quy\u1ec7n ho\u00e0n h\u1ea3o gi\u1eefa b\u00e1nh quy gi\u00f2n tan v\u00e0 socola. Ph\u1ea7n th\u00e2n b\u00e1nh \u0111\u01b0\u1ee3c l\u00e0m t\u1eeb b\u00e1nh quy th\u01a1m m\u00f9i s\u1eefa t\u01b0\u01a1i, v\u00e0ng \u01b0\u01a1m v\u00e0 gi\u00f2n r\u1ee5m. Th\u00e2n b\u00e1nh kh\u00f4ng kh\u00f4 v\u00e0 v\u1ee1 v\u1ee5n nh\u01b0 nhi\u1ec1u lo\u1ea1i b\u00e1nh th\u00f4ng th\u01b0\u1eddng kh\u00e1c m\u00e0 v\u1eabn gi\u1eef \u0111\u01b0\u1ee3c \u0111\u1ed9 \u1ea9m t\u1ef1 nhi\u00ean khi\u1ebfn ng\u01b0\u1eddi \u0103n c\u1ea3m nh\u1eadn r\u00f5 v\u1ecb s\u1eefa trong t\u1eebng mi\u1ebfng b\u00e1nh.<\/p>\n<p><img decoding=\"async\" class=\"wp-image-24549 aligncenter\" src=\"https:\/\/havamall.com\/wp-content\/uploads\/2021\/12\/259978192_-265x300.png\" alt=\"\" width=\"644\" height=\"729\" \/><\/p>\n<p>&nbsp;<\/p>\n<p>\u0110i\u1ec1u \u0111\u1eb7c bi\u1ec7t nh\u1ea5t kh\u00f4ng th\u1ec3 kh\u00f4ng k\u1ec3 \u0111\u1ebfn h\u1ed9p socola \u0111\u01b0\u1ee3c l\u00e0m t\u1eeb socola \u0111\u01b0\u1ee3c \u0111\u1ec3 ri\u00eang c\u1ee7a gi\u00fap b\u1ea1n c\u00f3 th\u1ec3 t\u00f9y \u00fd ch\u1ea5m theo li\u1ec1u l\u01b0\u1ee3ng m\u00e0 m\u00ecnh y\u00eau th\u00edch v\u00e0 d\u1ec5 b\u1ea3o qu\u1ea3n khi kh\u00f4ng d\u00f9ng h\u1ebft. Socola \u0111en c\u00f3 v\u1ecb h\u01a1i ng\u0103m \u0111\u1eafng mang \u0111\u1eadm n\u00e9t \u0111\u1eb7c tr\u01b0ng c\u1ee7a socola nguy\u00ean ch\u1ea5t.<\/p>\n<p>B\u00e1nh quy v\u00e0 socola t\u01b0\u1edfng ch\u1eebng kh\u00f4ng th\u1ec3 k\u1ebft h\u1ee3p \u0111\u01b0\u1ee3c v\u1edbi nhau nh\u01b0ng d\u01b0\u1edbi \u0111\u00f4i b\u00e0n tay v\u00e0 s\u1ef1 s\u00e1ng t\u1ea1o tuy\u1ec7t v\u1eddi c\u1ee7a ng\u01b0\u1eddi Nga, b\u00e1nh quy ch\u1ea5m socola \u0111\u00e3 v\u00e0 \u0111ang tr\u1edf th\u00e0nh m\u00f3n \u0103n v\u1eb7t c\u0169ng nh\u01b0 qu\u00e0 bi\u1ebfu v\u00f4 c\u00f9ng \u00fd ngh\u0129a, \u0111\u01b0\u1ee3c nhi\u1ec1u ng\u01b0\u1eddi s\u0103n \u0111\u00f3n \u0111\u1eb7c bi\u1ec7t t\u1ea1i th\u1ecb tr\u01b0\u1eddng Vi\u1ec7t Nam.<\/p>\n<p><img decoding=\"async\" class=\"wp-image-24142 aligncenter\" src=\"https:\/\/havamall.com\/wp-content\/uploads\/2021\/12\/k4wMXW-300x225.png\" alt=\"\" width=\"645\" height=\"483\" \/><\/p>\n<p>B\u00e1nh quy ch\u1ea5m socola Nga l\u00e0 s\u1ef1 k\u1ebft h\u1ee3p c\u1ee7a b\u00e1nh quy gi\u00f2n r\u1ee5m v\u00e0 socola nguy\u00ean ch\u1ea5t th\u01a1m ngon t\u1ea1o n\u00ean h\u01b0\u01a1ng v\u1ecb ri\u00eang m\u00e0 kh\u00f4ng h\u1ec1 ng\u1ea5y hay qu\u00e1 ng\u1ecdt l\u00e0 \u0111\u1ed3 \u0103n y\u00eau th\u00edch, b\u1ed5 d\u01b0\u1ee1ng \u0111\u01b0\u1ee3c r\u1ea5t nhi\u1ec1u b\u1ea1n nh\u1ecf y\u00eau th\u00edch.<\/p>\n<h3><strong>\u0110\u1eb7c \u0111i\u1ec3m n\u1ed5i b\u1eadt c\u1ee7a s\u1ea3n ph\u1ea9m:<\/strong><\/h3>\n<p>&#8211; L\u00e0 b\u00e1nh quy kh\u00f4ng qu\u00e1 c\u1ee9ng, c\u0169ng kh\u00f4ng qu\u00e1 m\u1ec1m<\/p>\n<p>&#8211; Gi\u00f2n gi\u00f2n, x\u1ed1p x\u1ed1p, c\u00f3 v\u1ecb th\u01a1m b\u00e9o c\u1ee7a b\u01a1<\/p>\n<p>&#8211; Ng\u1ecdt nh\u1eb9, kh\u00f4ng g\u1eaft c\u1ed5<\/p>\n<p>&#8211; Chocolate h\u00f2a quy\u1ec7n v\u1edbi b\u00e1nh quy, tan ngay trong mi\u1ec7ng<\/p>\n<p>S\u1ea3n ph\u1ea9m hi\u1ec7n \u0111\u00e3 c\u00f3 m\u1eb7t t\u1ea1i Havamall.<\/p>","protected":false},"excerpt":{"rendered":"<p>Khi n\u00f3i r\u1eb1ng n\u01b0\u1edbc Nga ch\u00ednh l\u00e0 thi\u00ean \u0111\u01b0\u1eddng \u0111\u1ed3 \u0103n v\u1eb7t \u0111\u1eb7c bi\u1ec7t l\u00e0 socola. Socola c\u1ee7a Nga khi\u1ebfn<\/p>","protected":false},"featured_media":24619,"comment_status":"open","ping_status":"closed","template":"","meta":[],"product_brand":[],"product_cat":[133,36],"product_tag":[],"class_list":{"0":"post-24543","1":"product","2":"type-product","3":"status-publish","4":"has-post-thumbnail","6":"product_cat-banh-keo-chocolate","7":"product_cat-thuc-pham-tieu-dung","9":"first","10":"outofstock","11":"sale","12":"shipping-taxable","13":"purchasable","14":"product-type-simple"},"_links":{"self":[{"href":"https:\/\/havamall.com\/en\/wp-json\/wp\/v2\/product\/24543","targetHints":{"allow":["GET"]}}],"collection":[{"href":"https:\/\/havamall.com\/en\/wp-json\/wp\/v2\/product"}],"about":[{"href":"https:\/\/havamall.com\/en\/wp-json\/wp\/v2\/types\/product"}],"replies":[{"embeddable":true,"href":"https:\/\/havamall.com\/en\/wp-json\/wp\/v2\/comments?post=24543"}],"version-history":[{"count":0,"href":"https:\/\/havamall.com\/en\/wp-json\/wp\/v2\/product\/24543\/revisions"}],"wp:featuredmedia":[{"embeddable":true,"href":"https:\/\/havamall.com\/en\/wp-json\/wp\/v2\/media\/24619"}],"wp:attachment":[{"href":"https:\/\/havamall.com\/en\/wp-json\/wp\/v2\/media?parent=24543"}],"wp:term":[{"taxonomy":"product_brand","embeddable":true,"href":"https:\/\/havamall.com\/en\/wp-json\/wp\/v2\/product_brand?post=24543"},{"taxonomy":"product_cat","embeddable":true,"href":"https:\/\/havamall.com\/en\/wp-json\/wp\/v2\/product_cat?post=24543"},{"taxonomy":"product_tag","embeddable":true,"href":"https:\/\/havamall.com\/en\/wp-json\/wp\/v2\/product_tag?post=24543"}],"curies":[{"name":"wp","href":"https:\/\/api.w.org\/{rel}","templated":true}]}}