{"id":24853,"date":"2022-01-11T17:21:19","date_gmt":"2022-01-11T10:21:19","guid":{"rendered":"https:\/\/havamall.com\/?post_type=product&#038;p=24853"},"modified":"2025-12-03T04:15:20","modified_gmt":"2025-12-02T21:15:20","slug":"ca-trich-baltic-chien-nguyen-con-sot-ca-chua-cay-glavproduct-230g","status":"publish","type":"product","link":"https:\/\/havamall.com\/en\/shop\/ca-trich-baltic-chien-nguyen-con-sot-ca-chua-cay-glavproduct-230g\/","title":{"rendered":"C\u00e1 Tr\u00edch Baltic Chi\u00ean Nguy\u00ean Con S\u1ed1t C\u00e0 Chua Cay Glavproduct 230g"},"content":{"rendered":"<h3><strong>TH\u00d4NG TIN S\u1ea2N PH\u1ea8M<\/strong><\/h3>\n<table>\n<tbody>\n<tr>\n<td>Th\u01b0\u01a1ng hi\u1ec7u<\/td>\n<td>Glavproduct<\/td>\n<\/tr>\n<tr>\n<td>Xu\u1ea5t x\u1ee9<\/td>\n<td>Nga<\/td>\n<\/tr>\n<tr>\n<td>Th\u00e0nh ph\u1ea7n<\/td>\n<td>C\u00e1 tr\u00edch baltic, n\u01b0\u1edbc, c\u00e0 chua nghi\u1ec1n, h\u00e0nh kh\u00f4, \u0111\u01b0\u1eddng, d\u1ea7u h\u01b0\u1edbng d\u01b0\u01a1ng.<\/td>\n<\/tr>\n<tr>\n<td>H\u1ea1n s\u1eed d\u1ee5ng<\/td>\n<td>15 th\u00e1ng k\u1ec3 t\u1eeb ng\u00e0y s\u1ea3n xu\u1ea5t.<\/td>\n<\/tr>\n<tr>\n<td>B\u1ea3o qu\u1ea3n<\/td>\n<td>B\u1ea3o qu\u1ea3n n\u1edbi kh\u00f4 r\u00e1o, kho\u00e1ng m\u00e1t. Sau khi m\u1edf s\u1ea3n ph\u1ea9m n\u00ean \u0111\u1eady k\u00edn n\u1ebfu ch\u01b0a s\u1eed d\u1ee5ng h\u1ebft v\u00e0 b\u1ea3o b\u1ea3o m\u00e1t kh\u00f4ng qu\u00e1 1 ng\u00e0y<\/td>\n<\/tr>\n<tr>\n<td>Kh\u1ed1i l\u01b0\u1ee3ng t\u1ecbnh<\/td>\n<td>230g<\/td>\n<\/tr>\n<\/tbody>\n<\/table>\n<p>C\u00e1 tr\u00edch Baltic l\u00e0 d\u00f2ng c\u00e1 n\u01b0\u1edbc ng\u1ecdt, s\u1ed1ng theo t\u1eebng \u0111\u00e0n l\u1edbn, c\u00e1 kh\u00f4ng tanh. \u0111\u01b0\u1ee3c d\u00f3ng h\u1ed9p thi\u1ebfc v\u00e0 ng\u00e2m v\u1edbi d\u1ea7u \u00f4 liu, l\u00e0 m\u00f3n r\u1ea5t kho\u00e1i kh\u1ea9u c\u1ee7a ng\u01b0\u1eddi Nga, c\u00f9ng v\u1edbi d\u01b0a chu\u1ed9t mu\u1ed1i v\u00e0 c\u00e1c lo\u1ea1i th\u1ecbt ngu\u1ed9i v\u00e0 c\u00e1c m\u00f3n tr\u1ed9n. M\u1eafm c\u00e1 tr\u00edch l\u00e0 m\u00f3n \u0103n ph\u1ed5 bi\u1ebfn \u1edf Nga. V\u00e0 ti\u1ec7n s\u1eed d\u1ee5ng nh\u1ea5t l\u00e0 m\u00f3n c\u00e1 tr\u00edch ng\u00e2m d\u1ea7u, v\u1eabn gi\u1eef \u0111\u1ea7y \u0111\u1ee7 c\u00e1c ch\u1ea5t dinh d\u01b0\u1ee1ng c\u00f3 trong c\u00e1.<\/p>\n<p>Nh\u1eafc \u0111\u1ebfn n\u01b0\u1edbc Nga ch\u00fang ta kh\u00f4ng th\u1ec3 kh\u00f4ng nh\u1eafc \u0111\u1ebfn m\u00f3n c\u00e1 tr\u00edch \u0111\u1ea1i t\u00e2y d\u01b0\u01a1ng \u2013 m\u1ed9t m\u00f3n \u0103n n\u1ed5i ti\u1ebfng c\u1ee7a x\u1ee9 s\u1edf b\u1ea1ch d\u01b0\u01a1ng kh\u00f4ng ch\u1ec9 b\u1edfi m\u00f9i v\u1ecb \u0111\u1eadm \u0111\u00e0 th\u01a1m ngon kh\u00f3 qu\u00ean m\u00e0 c\u00f2n b\u1edfi gi\u00e1 tr\u1ecb dinh d\u01b0\u1ee1ng m\u00e0 m\u00f3n \u0103n n\u00e0y mang l\u1ea1i. C\u00e1 tr\u00edch l\u00e0 lo\u1ea1i c\u00e1 \u00edt tanh, \u0103n r\u1ea5t l\u00e0nh, th\u1ecbt tr\u1eafng, \u00edt m\u1ee1 \u0103n r\u1ea5t b\u00e9o .C\u00e1 tr\u00edch l\u00e0 c\u00e1 nhi\u1ec1u d\u1ea7u v\u00e0 trong d\u1ea7u c\u00e1 c\u00f3 ch\u1ee9a r\u1ea5t nhi\u1ec1u Omega-3 th\u01b0\u1eddng \u0111\u01b0\u1ee3c bi\u1ebft t\u1edbi l\u00e0 d\u1ea1ng axit b\u00e9o s\u1ea3n xu\u1ea5t ra DHA, m\u1ed9t ch\u1ea5t thi\u1ebft y\u1ebfu \u0111\u00f3ng vai tr\u00f2 quan tr\u1ecdng trong s\u1ef1 ph\u00e1t tri\u1ec3n c\u1ee7a n\u00e3o b\u1ed9, t\u0103ng c\u01b0\u1eddng s\u1ee9c kh\u1ecfe n\u00e3o b\u1ed9.<\/p>\n<p><img fetchpriority=\"high\" decoding=\"async\" class=\"wp-image-24854 aligncenter\" src=\"https:\/\/havamall.com\/wp-content\/uploads\/2022\/01\/Canned--300x146.png\" alt=\"\" width=\"701\" height=\"341\" \/><\/p>\n<p>C\u00e1 tr\u00edch Baltic s\u1ed1t c\u00e0 chua cay Graproduct Nga 230g l\u00e0 s\u1ea3n ph\u1ea9m \u0111\u01b0\u1ee3c ch\u1ecdn l\u1ecdc v\u00e0 ch\u1ebf bi\u1ebfn t\u1eeb nh\u1eefng con c\u00e1 tr\u00edch t\u01b0\u01a1i ngon nh\u1ea5t. C\u00e1 tr\u00edch k\u1ebft h\u1ee3p c\u00f9ng s\u1ed1t c\u00e0 chua t\u01b0\u01a1i, b\u00ean c\u1ea1nh nh\u1eefng gia v\u1ecb b\u00ed m\u1eadt kh\u00e1c t\u1ea1o ra m\u00f3n \u0103n \u0111\u1eadm \u0111\u00e0, ngon kh\u00f3 c\u01b0\u1ee1ng. M\u00f3n \u0103n kh\u00f4ng ch\u1ec9 th\u01a1m ngon m\u00e0 c\u00f2n cung c\u1ea5p ch\u1ea5t \u0111\u1ea1m, b\u1ed5 sung canxi v\u00e0 Omega 3 c\u1ea7n thi\u1ebft cho c\u01a1 th\u1ec3, l\u00e0 l\u1ef1a ch\u1ecdn th\u00edch h\u1ee3p d\u00e0nh cho nh\u1eefng ng\u01b0\u1eddi b\u1eadn r\u1ed9n.<\/p>\n<p>Nh\u1eefng mi\u1ebfng c\u00e1 tr\u00edch t\u01b0\u01a1i ngon th\u1ea5m \u0111\u1eabm n\u01b0\u1edbc s\u1ed1t c\u00e0 chua cay cay ng\u1ecdt ng\u1ecdt \u0111\u00e3 l\u00e0m n\u00ean h\u01b0\u01a1ng v\u1ecb \u0111\u1eb7c tr\u01b0ng c\u1ee7a s\u1ea3n ph\u1ea9m. B\u00ean c\u1ea1nh \u0111\u00f3, s\u1ea3n ph\u1ea9m mang tr\u1ecdn v\u1eb9n d\u01b0\u1ee1ng ch\u1ea5t c\u00f3 trong c\u00e1 tr\u00edch, l\u00e0 m\u1ed9t m\u00f3n \u0103n b\u1ed5 d\u01b0\u1ee1ng, t\u1ed1t cho s\u1ee9c kh\u1ecfe.<\/p>\n<p><img decoding=\"async\" class=\"wp-image-24855 aligncenter\" src=\"https:\/\/havamall.com\/wp-content\/uploads\/2022\/01\/Provencal-300x300.png\" alt=\"\" width=\"708\" height=\"707\" \/><\/p>\n<p>Trong c\u00e1 tr\u00edch Baltic c\u1ee7a Nga c\u00f3 ch\u1ee9a ch\u1ee7 y\u1ebfu l\u00e0 omega-3 v\u00e0 tinh d\u1ea7u c\u00e1, gi\u00fap ng\u0103n ng\u1eeba c\u00e1c b\u1ec7nh tim m\u1ea1ch, t\u0103ng c\u01b0\u1eddng tr\u00ed nh\u1edb, ch\u1ed1ng \u0111\u01b0\u1ee3c c\u00e1c b\u1ec7nh v\u1ec1 x\u01b0\u01a1ng kh\u1edbp. Ngo\u00e0i ra c\u00f2n cung c\u1ea5p r\u1ea5t nhi\u1ec1u vitamin.\u00a0Nh\u1eefng ng\u01b0\u1eddi \u0103n c\u00e1 t\u01b0\u01a1i ho\u1eb7c c\u00e1 tr\u00edch \u0111\u00f3ng h\u1ed9p \u00edt nh\u1ea5t hai l\u1ea7n m\u1ed9t tu\u1ea7n s\u1ebd gi\u1ea3m 30% kh\u1ea3 n\u0103ng b\u1ecb \u0111au tim v\u00e0 nguy c\u01a1 b\u1ecb \u0111\u1ed9t qu\u1ef5.<\/p>\n<p>\u0110\u1ed3ng th\u1eddi, omega-3 c\u0169ng gi\u00fap t\u0103ng c\u01b0\u1eddng s\u1ee9c kh\u1ecfe n\u00e3o b\u1ed9; h\u1ed7 tr\u1ee3 kh\u1ea3 n\u0103ng ghi nh\u1edb\u2019 c\u1ea3i thi\u1ec7n k\u1ef9 n\u0103ng \u0111\u1ecdc, h\u00e0nh vi v\u00e0 r\u1ed1i lo\u1ea1n t\u1eadp trung ch\u00fa \u00fd.<\/p>\n<p>S\u1ea3n ph\u1ea9m \u0111\u01b0\u1ee3c ch\u1ebf bi\u1ebfn theo c\u00f4ng ngh\u1ec7 hi\u1ec7n \u0111\u1ea1i, \u0111\u1ea3m b\u1ea3o v\u1ec7 sinh an to\u00e0n th\u1ef1c ph\u1ea9m, \u0111\u01b0\u1ee3c \u0111\u00f3ng lon ti\u1ec7n d\u1ee5ng, th\u00edch h\u1ee3p trong nh\u1eefng cu\u1ed9c d\u00e3 ngo\u1ea1i hay \u0111i ch\u01a1i xa m\u00e0 kh\u00f4ng c\u00f3 \u0111i\u1ec1u ki\u1ec7n n\u1ea5u n\u01b0\u1edbng.<\/p>\n<p><img decoding=\"async\" class=\"wp-image-24856 aligncenter\" src=\"https:\/\/havamall.com\/wp-content\/uploads\/2022\/01\/637c11cad44-300x300.png\" alt=\"\" width=\"702\" height=\"703\" \/><\/p>\n<h3><strong>L\u1ee3i \u00edch v\u01b0\u1ee3t tr\u1ed9i c\u1ee7a c\u00e1 tr\u00edch Baltic:<\/strong><\/h3>\n<p>&#8211; C\u00e1 tr\u00edch l\u00e0 ngu\u1ed3n cung c\u1ea5p d\u1ea7u c\u00e1 d\u1ed3i d\u00e0o, \u0111\u1eb7c bi\u1ec7t l\u00e0 ch\u1ea5t Omega-3 d\u1ea1ng DHA. Ngo\u00e0i ra th\u1ecbt c\u00e1 c\u00f2n cung c\u1ea5p viatmin B12, viatmin D, vitamin A, \u2026<\/p>\n<p>&#8211; L\u01b0\u1ee3ng Omega-3 trong c\u00e1 tr\u00edch hun kh\u00f3i ng\u00e2m d\u1ea7u kh\u00f4ng h\u1ec1 gi\u1ea3m<\/p>\n<p>&#8211; H\u1ed7 tr\u1ee3 b\u1ea3o v\u1ec7 v\u00e0 gi\u00fap s\u00e1ng m\u1eaft<\/p>\n<p>&#8211; Ng\u0103n ng\u1eeba ch\u1ee9ng tr\u1ea7m c\u1ea3m<\/p>\n<p>&#8211; Cung c\u1ea5p m\u1ed9t s\u1ed1 d\u01b0\u1ee1ng ch\u1ea5t c\u1ea7n thi\u1ebft kh\u00e1c: i \u1ed1t, selen, k\u1ebdm v\u00e0 kali;\u2026<\/p>\n<p><img loading=\"lazy\" decoding=\"async\" class=\"wp-image-24857 aligncenter\" src=\"https:\/\/havamall.com\/wp-content\/uploads\/2022\/01\/Provencale--254x300.png\" alt=\"\" width=\"714\" height=\"844\" \/><\/p>\n<h3><strong>H\u01b0\u1edbng d\u1eabn s\u1eed d\u1ee5ng:<\/strong><\/h3>\n<p>&#8211; S\u1ea3n ph\u1ea9m \u0111\u00e3 \u0111\u01b0\u1ee3c \u01b0\u1edbp gia v\u1ecb v\u00e0 l\u00e0m ch\u00edn s\u1eb5n n\u00ean b\u1ea1n ch\u1ec9 c\u1ea7n khui h\u1ed9p ra l\u00e0 c\u00f3 th\u1ec3 \u0103n li\u1ec1n, ho\u1eb7c c\u0169ng c\u00f3 th\u1ec3 ch\u1ebf bi\u1ebfn th\u00e0nh c\u00e1c m\u00f3n \u0103n kh\u00e1c t\u00f9y th\u00edch.<\/p>\n<p>&#8211; \u0102n tr\u1ef1c ti\u1ebfp v\u1edbi b\u00e1nh m\u00ec v\u00e0 \u0103n k\u00e8m v\u1edbi d\u01b0a chu\u1ed9t mu\u1ed1i ho\u1eb7c c\u1ee7 t\u1ecfi mu\u1ed1i. C\u0169ng c\u00f3 th\u1ec3 \u0103n v\u1edbi c\u01a1m n\u00f3ng.<\/p>\n<p>S\u1ea3n ph\u1ea9m \u0111\u00e3 c\u00f3 m\u1eb7t t\u1ea1i Havamall.<\/p>","protected":false},"excerpt":{"rendered":"<p>TH\u00d4NG TIN S\u1ea2N PH\u1ea8M Th\u01b0\u01a1ng hi\u1ec7u Glavproduct Xu\u1ea5t x\u1ee9 Nga Th\u00e0nh ph\u1ea7n C\u00e1 tr\u00edch baltic, n\u01b0\u1edbc, c\u00e0 chua nghi\u1ec1n, h\u00e0nh<\/p>","protected":false},"featured_media":24858,"comment_status":"open","ping_status":"closed","template":"","meta":[],"product_brand":[],"product_cat":[36,143],"product_tag":[],"class_list":{"0":"post-24853","1":"product","2":"type-product","3":"status-publish","4":"has-post-thumbnail","6":"product_cat-thuc-pham-tieu-dung","7":"product_cat-thuc-pham-dong-hop","9":"first","10":"outofstock","11":"sale","12":"shipping-taxable","13":"purchasable","14":"product-type-simple"},"_links":{"self":[{"href":"https:\/\/havamall.com\/en\/wp-json\/wp\/v2\/product\/24853","targetHints":{"allow":["GET"]}}],"collection":[{"href":"https:\/\/havamall.com\/en\/wp-json\/wp\/v2\/product"}],"about":[{"href":"https:\/\/havamall.com\/en\/wp-json\/wp\/v2\/types\/product"}],"replies":[{"embeddable":true,"href":"https:\/\/havamall.com\/en\/wp-json\/wp\/v2\/comments?post=24853"}],"version-history":[{"count":0,"href":"https:\/\/havamall.com\/en\/wp-json\/wp\/v2\/product\/24853\/revisions"}],"wp:featuredmedia":[{"embeddable":true,"href":"https:\/\/havamall.com\/en\/wp-json\/wp\/v2\/media\/24858"}],"wp:attachment":[{"href":"https:\/\/havamall.com\/en\/wp-json\/wp\/v2\/media?parent=24853"}],"wp:term":[{"taxonomy":"product_brand","embeddable":true,"href":"https:\/\/havamall.com\/en\/wp-json\/wp\/v2\/product_brand?post=24853"},{"taxonomy":"product_cat","embeddable":true,"href":"https:\/\/havamall.com\/en\/wp-json\/wp\/v2\/product_cat?post=24853"},{"taxonomy":"product_tag","embeddable":true,"href":"https:\/\/havamall.com\/en\/wp-json\/wp\/v2\/product_tag?post=24853"}],"curies":[{"name":"wp","href":"https:\/\/api.w.org\/{rel}","templated":true}]}}