{"id":24863,"date":"2022-01-12T10:59:55","date_gmt":"2022-01-12T03:59:55","guid":{"rendered":"https:\/\/havamall.com\/?post_type=product&#038;p=24863"},"modified":"2024-10-23T12:51:33","modified_gmt":"2024-10-23T05:51:33","slug":"ca-ngu-cat-khuc-dong-hop-hieu-baltisky-nevod-240g","status":"publish","type":"product","link":"https:\/\/havamall.com\/en\/shop\/ca-ngu-cat-khuc-dong-hop-hieu-baltisky-nevod-240g\/","title":{"rendered":"C\u00e1 Ng\u1eeb C\u1eaft Kh\u00fac \u0110\u00f3ng H\u1ed9p Hi\u1ec7u Baltisky Nevod 240G"},"content":{"rendered":"<h3><strong>TH\u00d4NG TIN S\u1ea2N PH\u1ea8M<\/strong><\/h3>\n<table>\n<tbody>\n<tr>\n<td>Th\u01b0\u01a1ng hi\u1ec7u<\/td>\n<td>Baltisky Nevod<\/td>\n<\/tr>\n<tr>\n<td>Xu\u1ea5t x\u1ee9<\/td>\n<td>Nga<\/td>\n<\/tr>\n<tr>\n<td>Th\u00e0nh ph\u1ea7n<\/td>\n<td>C\u00e1 ng\u1eeb (98,5%), mu\u1ed1i<\/td>\n<\/tr>\n<tr>\n<td>H\u1ea1n s\u1eed d\u1ee5ng<\/td>\n<td>24 th\u00e1ng k\u1ec3 t\u1eeb ng\u00e0y s\u1ea3n xu\u1ea5t.<\/td>\n<\/tr>\n<tr>\n<td>B\u1ea3o qu\u1ea3n<\/td>\n<td>B\u1ea3o qu\u1ea3n n\u1edbi kh\u00f4 r\u00e1o, kho\u00e1ng m\u00e1t. Sau khi m\u1edf s\u1ea3n ph\u1ea9m n\u00ean \u0111\u1eady k\u00edn n\u1ebfu ch\u01b0a s\u1eed d\u1ee5ng h\u1ebft v\u00e0 b\u1ea3o b\u1ea3o m\u00e1t<\/td>\n<\/tr>\n<tr>\n<td>Kh\u1ed1i l\u01b0\u1ee3ng t\u1ecbnh<\/td>\n<td>240g<\/td>\n<\/tr>\n<\/tbody>\n<\/table>\n<p>C\u00e1 ng\u1eeb ch\u1ee9a \u00edt ch\u1ea5t b\u00e9o nh\u01b0ng l\u1ea1i nhi\u1ec1u protein, v\u00ec v\u1eady \u0103n c\u00e1 ng\u1eeb v\u1eeba \u0111\u1ea3m b\u1ea3o cung c\u1ea5p n\u0103ng l\u01b0\u1ee3ng cho c\u01a1 th\u1ec3 v\u1eeba gi\u1ea3m nguy c\u01a1 b\u00e9o ph\u00ec. H\u01a1n n\u1eefa, c\u00e1 ng\u1eeb c\u00f3 th\u1ec3 l\u00e0m gi\u1ea3m l\u01b0\u1ee3ng lipit trong m\u00e1u ng\u0103n ng\u1eeba x\u01a1 v\u1eefa \u0111\u1ed9ng m\u1ea1ch. &#8230; C\u00e1 ng\u1eeb l\u00e0 th\u1ef1c ph\u1ea9m thay th\u1ebf th\u1ecbt r\u1ea5t t\u1ed1t cho nh\u1eefng b\u1ec7nh nh\u00e2n m\u1eafc ti\u1ec3u \u0111\u01b0\u1eddng, tim m\u1ea1ch, b\u00e9o ph\u00ec&#8230;<\/p>\n<p><img fetchpriority=\"high\" decoding=\"async\" class=\"wp-image-24889 aligncenter\" src=\"https:\/\/havamall.com\/wp-content\/uploads\/2022\/01\/vbb-300x269.jpg\" alt=\"\" width=\"743\" height=\"666\" \/><\/p>\n<p>Gi\u00e0u d\u01b0\u1ee1ng ch\u1ea5t, t\u1ed1t cho s\u1ee9c kh\u1ecfe C\u00e1 ng\u1eeb l\u00e0 m\u1ed9t lo\u1ea1i th\u1ef1c ph\u1ea9m c\u00f3 h\u00e0m l\u01b0\u1ee3ng c\u00e1c ch\u1ea5t dinh d\u01b0\u1ee1ng cao. C\u00e1 ng\u1eeb gi\u00e0u DHA, EPA v\u00e0 taurine, c\u00f3 th\u1ec3 gi\u1ea3m l\u01b0\u1ee3ng ch\u1ea5t b\u00e9o trong m\u00e1u, th\u00fac \u0111\u1ea9y s\u1ef1 t\u00e1i sinh c\u1ee7a c\u00e1c t\u1ebf b\u00e0o gan, l\u00e0m gi\u1ea3m m\u1ee9c \u0111\u1ed9 cholesterol x\u1ea5u trong c\u01a1 th\u1ec3, k\u00edch ho\u1ea1t c\u00e1c t\u1ebf b\u00e0o n\u00e3o v\u00e0 th\u00fac \u0111\u1ea9y c\u00e1c ho\u1ea1t \u0111\u1ed9ng trong n\u00e3o. B\u00ean c\u1ea1nh \u0111\u00f3, c\u00e1 ng\u1eeb c\u00f2n ch\u1ee9a protein, s\u1eaft, vitamin B12 gi\u00fap ng\u0103n ng\u1eeba thi\u1ebfu m\u00e1u do thi\u1ebfu s\u1eaft hi\u1ec7u qu\u1ea3. V\u00ec v\u1eady, s\u1eed d\u1ee5ng s\u1ea3n ph\u1ea9m n\u00e0y th\u01b0\u1eddng xuy\u00ean s\u1ebd r\u1ea5t c\u00f3 l\u1ee3i cho s\u1ee9c kh\u1ecfe c\u1ee7a b\u1ea1n v\u00e0 gia \u0111\u00ecnh. H\u01b0\u01a1ng v\u1ecb th\u01a1m ngon, h\u1ea5p d\u1eabn.<\/p>\n<p><img decoding=\"async\" class=\"wp-image-24865 aligncenter\" src=\"https:\/\/havamall.com\/wp-content\/uploads\/2022\/01\/salad-ca-300x167.png\" alt=\"\" width=\"747\" height=\"415\" \/><\/p>\n<p>S\u1ea3n ph\u1ea9m \u0111\u01b0\u1ee3c s\u1ea3n xu\u1ea5t tr\u00ean d\u00e2y chuy\u1ec1n c\u00f4ng ngh\u1ec7 hi\u1ec7n \u0111\u1ea1i, C\u00e1 ng\u1eeb c\u1eaft kh\u00fac hi\u1ec7u Baltisky Nevod\u00a0 l\u00e0 s\u1ea3n ph\u1ea9m \u0111\u01b0\u1ee3c s\u1ea3n xu\u1ea5t t\u1ea1i Nga, tr\u00ean d\u00e2y chuy\u1ec1n c\u00f4ng ngh\u1ec7 hi\u1ec7n \u0111\u1ea1i, kh\u00e9p k\u00edn, \u0111em \u0111\u1ebfn cho gia \u0111\u00ecnh b\u1ea1n nh\u1eefng s\u1ea3n ph\u1ea9m ch\u1ea5t l\u01b0\u1ee3ng cao nh\u1ea5t. B\u00ean c\u1ea1nh \u0111\u00f3, s\u1ea3n ph\u1ea9m c\u00f2n \u0111\u01b0\u1ee3c l\u00e0m t\u1eeb 100% c\u00e1c nguy\u00ean li\u1ec7u t\u1ef1 nhi\u00ean, kh\u00f4ng ch\u1ee9a ch\u1ea5t b\u1ea3o qu\u1ea3n, \u0111\u1ea3m b\u1ea3o an to\u00e0n cho s\u1ee9c kh\u1ecfe ng\u01b0\u1eddi ti\u00eau d\u00f9ng.<\/p>\n<p>C\u00e1 ng\u1eeb c\u1eaft kh\u00fac hi\u1ec7u Baltisky Nevod 240g\u00a0c\u00f3 h\u01b0\u01a1ng v\u1ecb th\u01a1m \u0111\u1eb7c tr\u01b0ng t\u1eeb c\u00e1 ng\u1eeb, v\u1ecb m\u1eb7n d\u1ecbu k\u00edch th\u00edch v\u1ecb gi\u00e1c, t\u1ea1o n\u00ean m\u1ed9t m\u00f3n \u0103n th\u01a1m ngon, l\u1ea1 mi\u1ec7ng, ph\u00f9 h\u1ee3p cho ng\u01b0\u1eddi b\u1eadn r\u1ed9n.\u00a0Khi th\u01b0\u1edfng th\u1ee9c m\u00f3n \u0103n n\u00e0y, b\u1ea1n s\u1ebd ho\u00e0n to\u00e0n kh\u00f4ng th\u1ea5y m\u00f9i v\u1ecb tanh c\u1ee7a c\u00e1 bi\u1ec3n, \u0111i\u1ec1u n\u00e0y ch\u1eafc ch\u1eafn s\u1ebd l\u00e0m h\u00e0i l\u00f2ng m\u1ecdi th\u00e0nh vi\u00ean trong gia \u0111\u00ecnh b\u1ea1n.<\/p>\n<p><img decoding=\"async\" class=\"wp-image-24866 aligncenter\" src=\"https:\/\/havamall.com\/wp-content\/uploads\/2022\/01\/ca-ngu-dong--300x225.png\" alt=\"\" width=\"754\" height=\"566\" \/><\/p>\n<h3><strong>H\u01b0\u1edbng d\u1eabn s\u1eed d\u1ee5ng:<\/strong><\/h3>\n<p>&#8211; S\u1ea3n ph\u1ea9m d\u00f9ng \u0103n ngay ho\u1eb7c ch\u1ebf bi\u1ebfn th\u00e0nh c\u00e1c m\u00f3n kh\u00e1c t\u00f9y \u00fd.<\/p>\n<p>&#8211; Th\u00edch h\u1ee3p \u0103n k\u00e8m salad, sanwich ho\u1eb7c c\u01a1m n\u00f3ng.<\/p>\n<p>S\u1ea3n ph\u1ea9m hi\u1ec7n \u0111\u00e3 c\u00f3 m\u1eb7t t\u1ea1i Havamall.<\/p>\n<p><img loading=\"lazy\" decoding=\"async\" class=\"wp-image-24868 aligncenter\" src=\"https:\/\/havamall.com\/wp-content\/uploads\/2022\/01\/salad--275x300.png\" alt=\"\" width=\"759\" height=\"829\" \/><\/p>","protected":false},"excerpt":{"rendered":"<p>TH\u00d4NG TIN S\u1ea2N PH\u1ea8M Th\u01b0\u01a1ng hi\u1ec7u Baltisky Nevod Xu\u1ea5t x\u1ee9 Nga Th\u00e0nh ph\u1ea7n C\u00e1 ng\u1eeb (98,5%), mu\u1ed1i H\u1ea1n s\u1eed d\u1ee5ng<\/p>","protected":false},"featured_media":24870,"comment_status":"open","ping_status":"closed","template":"","meta":[],"product_brand":[],"product_cat":[36,143],"product_tag":[],"class_list":{"0":"post-24863","1":"product","2":"type-product","3":"status-publish","4":"has-post-thumbnail","6":"product_cat-thuc-pham-tieu-dung","7":"product_cat-thuc-pham-dong-hop","9":"first","10":"outofstock","11":"sale","12":"shipping-taxable","13":"purchasable","14":"product-type-simple"},"_links":{"self":[{"href":"https:\/\/havamall.com\/en\/wp-json\/wp\/v2\/product\/24863","targetHints":{"allow":["GET"]}}],"collection":[{"href":"https:\/\/havamall.com\/en\/wp-json\/wp\/v2\/product"}],"about":[{"href":"https:\/\/havamall.com\/en\/wp-json\/wp\/v2\/types\/product"}],"replies":[{"embeddable":true,"href":"https:\/\/havamall.com\/en\/wp-json\/wp\/v2\/comments?post=24863"}],"version-history":[{"count":0,"href":"https:\/\/havamall.com\/en\/wp-json\/wp\/v2\/product\/24863\/revisions"}],"wp:featuredmedia":[{"embeddable":true,"href":"https:\/\/havamall.com\/en\/wp-json\/wp\/v2\/media\/24870"}],"wp:attachment":[{"href":"https:\/\/havamall.com\/en\/wp-json\/wp\/v2\/media?parent=24863"}],"wp:term":[{"taxonomy":"product_brand","embeddable":true,"href":"https:\/\/havamall.com\/en\/wp-json\/wp\/v2\/product_brand?post=24863"},{"taxonomy":"product_cat","embeddable":true,"href":"https:\/\/havamall.com\/en\/wp-json\/wp\/v2\/product_cat?post=24863"},{"taxonomy":"product_tag","embeddable":true,"href":"https:\/\/havamall.com\/en\/wp-json\/wp\/v2\/product_tag?post=24863"}],"curies":[{"name":"wp","href":"https:\/\/api.w.org\/{rel}","templated":true}]}}