{"id":24899,"date":"2022-01-13T13:35:54","date_gmt":"2022-01-13T06:35:54","guid":{"rendered":"https:\/\/havamall.com\/?post_type=product&#038;p=24899"},"modified":"2022-01-27T10:48:12","modified_gmt":"2022-01-27T03:48:12","slug":"keo-phu-chocolate-nhan-caramel-va-hat-cac-loai-naslazhdenie-250g","status":"publish","type":"product","link":"https:\/\/havamall.com\/en\/shop\/keo-phu-chocolate-nhan-caramel-va-hat-cac-loai-naslazhdenie-250g\/","title":{"rendered":"K\u1eb9o Ph\u1ee7 Chocolate Nh\u00e2n Caramel V\u00e0 H\u1ea1t C\u00e1c Lo\u1ea1i Naslazhdenie 250G"},"content":{"rendered":"<p>K\u1eb9o m\u1ec1m ph\u1ee7 chocolate nh\u00e2n caramel v\u00e0 h\u1ea1t c\u00e1c lo\u1ea1i Naslazhdenie lu\u00f4n \u0111\u01b0\u1ee3c ch\u00e0o \u0111\u00f3n b\u1edfi nh\u1eefng ng\u01b0\u1eddi y\u00eau ng\u1ecdt b\u1edfi s\u1ee9c h\u1ea5p d\u1eabn c\u1ee7a ch\u00fang. Vi\u00ean k\u1eb9o socola c\u00f3 h\u01b0\u01a1ng v\u1ecb h\u00f2a quy\u1ec7n gi\u1eefa socola \u0111\u1eafng caramel ng\u1ecdt v\u00e0 nh\u1eefung lo\u1ea1i h\u1ea1t gi\u00f2n b\u00e9o \u0111\u1ea7y ch\u1ea5t dinh d\u01b0\u1ee1ng. \u0110\u1eb7c bi\u1ec7t ng\u01b0\u1eddi ta th\u00edch th\u00fa v\u1edbi ph\u1ea7n nh\u00e2n gi\u00f2n th\u01a1m c\u1ee7a c\u00e1c lo\u1ea1i h\u1ea1t tr\u00e1nh g\u00e2y c\u1ea3m gi\u00e1c ng\u1ea5y.<\/p>\n<p><img fetchpriority=\"high\" decoding=\"async\" class=\"wp-image-24900 aligncenter\" src=\"https:\/\/havamall.com\/wp-content\/uploads\/2022\/01\/mv9wkvUJ-300x188.png\" alt=\"\" width=\"655\" height=\"410\" \/><\/p>\n<p>K\u1eb9o m\u1ec1m ph\u1ee7 chocolate nh\u00e2n caramel v\u00e0 h\u1ea1t c\u00e1c lo\u1ea1i (\u0111\u1eadu ph\u1ed9ng, h\u1ea1t ph\u1ec9) Naslazhdenie 250g l\u00e0 s\u1ef1 k\u1ebft h\u1ee3p kh\u00f4ng th\u1ec3 n\u00e0o tuy\u1ec7t v\u1eddi h\u01a1n n\u1eefa gi\u1eefa caramel m\u1ec1m, \u0111\u1eadu ph\u1ed9ng rang th\u01a1m b\u00f9i v\u00e0 \u0111\u01b0\u1ee3c ph\u1ee7 s\u00f4 c\u00f4 la. \u0110\u00e2y ch\u1eafc ch\u1eafn l\u00e0 s\u1ef1 b\u1ed5 sung ho\u00e0n h\u1ea3o cho b\u1ea5t k\u1ef3 b\u1eefa ti\u1ec7c tr\u00e0 n\u00e0o.<\/p>\n<p>Ngay khi b\u1ea1n m\u1edf l\u1edbp gi\u1ea5y b\u1ecdc g\u00f3i nh\u1eefng vi\u00ean k\u1eb9o ra, b\u1ea1n s\u1ebd b\u1ecb thu h\u00fat b\u1edfi h\u01b0\u01a1ng socola s\u1eefa ng\u1ecdt ng\u00e0o c\u00f9ng v\u1ecb ng\u1eady ng\u1eady b\u00f9i b\u00f9i c\u1ee7a h\u1ea1t \u1edf b\u00ean trong. Ch\u1eafc ch\u1eafn r\u1eb1ng v\u1edbi s\u1ef1 k\u1ebft h\u1ee3p h\u00f2a quy\u1ec7n h\u00e0i h\u00f2a nh\u1eefng h\u01b0\u01a1ng v\u1ecb ng\u1ecdt \u0111\u1eafng b\u00f9i b\u00e9o c\u1ee7a socola, c\u1ee7a h\u1ea1t, caramel,.. s\u1ebd khi\u1ebfn c\u00e1c b\u1ea1n kh\u00f4ng th\u1ec3 n\u00e0o qu\u00ean.<\/p>\n<p><img decoding=\"async\" class=\"wp-image-24901 aligncenter\" src=\"https:\/\/havamall.com\/wp-content\/uploads\/2022\/01\/Snickers-300x122.png\" alt=\"\" width=\"658\" height=\"268\" \/><\/p>\n<p>K\u1eb9o m\u1ec1m ph\u1ee7 chocolate nh\u00e2n caramel v\u00e0 h\u1ea1t c\u00e1c lo\u1ea1i Naslazhdenie 250g v\u1ed1n \u0111\u00e3 n\u1ed5i ti\u1ebfng \u0111\u01b0\u1ee3c \u01b0a chu\u1ed9ng t\u1ea1i Nga v\u00e0 t\u1ea1i th\u1ecb tr\u01b0\u1eddng Vi\u1ec7t Nam nh\u1eefng n\u0103m qua. \u0110\u00e2y l\u00e0 lo\u1ea1i k\u1eb9o \u0111\u01b0\u1ee3c m\u1ecdi l\u1ee9a tu\u1ed5i y\u00eau th\u00edch, c\u00f3 l\u1edbp v\u1ecf Socola k\u1ebft h\u1ee3p v\u1edbi caramen th\u01a1m ph\u1ee9c, b\u00e9o ng\u1eady b\u00ean ngo\u00e0i, b\u00ean trong c\u00f3 nh\u00e2n caramel m\u1ec1m c\u00f9ng v\u1edbi nh\u1eefng h\u1ea1t \u0111\u1eadu ph\u1ed9ng v\u1ee5n gi\u00f2n th\u01a1m l\u1eebng, b\u00f9i b\u00f9i t\u1ea1o l\u00ean m\u1ed9t h\u01b0\u01a1ng v\u1ecb tuy\u1ec7t h\u1ea3o.<\/p>\n<p><img decoding=\"async\" class=\"wp-image-24902 aligncenter\" src=\"https:\/\/havamall.com\/wp-content\/uploads\/2022\/01\/584c6ee87e6d-300x230.png\" alt=\"\" width=\"643\" height=\"493\" \/><\/p>\n<p>K\u1eb9o Naslazhdenie 250g kh\u00f4ng nh\u1eefng l\u00e0 lo\u1ea1i k\u1eb9o r\u1ea5t \u0111\u01b0\u1ee3c y\u00eau th\u00edch c\u1ee7a tr\u1ebb nh\u1ecf m\u00e0 \u0111\u1ebfn ng\u01b0\u1eddi l\u1edbn c\u0169ng s\u1ebd c\u1ea3m th\u1ea5y c\u1ef1c th\u00edch th\u00fa khi \u0111\u01b0\u1ee3c n\u1ebfm th\u1eed nh\u1eefng chi\u1ebfc k\u1eb9o Socola Caramel nh\u00e2n l\u1ea1c gi\u00f2n tan \u0111\u1eb7c bi\u1ec7t n\u00e0y. K\u1eb9o v\u00f4 c\u00f9ng th\u00edch h\u1ee3p \u0111\u1ec3 l\u00e0m qu\u00e0 bi\u1ebfu, trao t\u1eb7ng ng\u01b0\u1eddi th\u00e2n, b\u1ea1n b\u00e8, b\u1ed1 m\u1eb9,&#8230; nh\u1edd h\u01b0\u01a1ng v\u1ecb ng\u1ecdt ng\u00e0o v\u00e0 thi\u1ebft k\u1ebf b\u1eaft m\u1eaft c\u1ee7a m\u00ecnh.<\/p>\n<h3><strong>\u0110\u1eb7c \u0111i\u1ec3m n\u1ed5i b\u1eadt:<\/strong><\/h3>\n<p>\u2013 K\u1eb9o l\u00e0 m\u1ed9t s\u1ea3n ph\u1ea9m \u0111\u01b0\u1ee3c s\u1ea3n xu\u1ea5t theo c\u00f4ng ngh\u1ec7 ti\u00ean ti\u1ebfn c\u1ee7a Nga, kh\u00f4ng ch\u1ee9a c\u00e1c ph\u1ea9m m\u00e0u v\u00e0 ch\u1ea5t b\u1ea3o qu\u1ea3n \u0111\u1ed9c h\u1ea1i.<\/p>\n<p>\u2013 K\u1eb9o c\u00f3 h\u01b0\u01a1ng v\u1ecb th\u01a1m ngon \u0111\u1ed9c \u0111\u00e1o, th\u00fa v\u1ecb khi th\u01b0\u1edfng th\u1ee9c.<\/p>\n<p>\u2013 S\u1ea3n ph\u1ea9m \u0111\u01b0\u1ee3c \u0111\u00f3ng g\u00f3i trong bao b\u00ec nh\u1ecf g\u1ecdn, ti\u1ec7n d\u1ee5ng, thu\u1eadn l\u1ee3i cho vi\u1ec7c b\u1ea3o qu\u1ea3n ho\u1eb7c mang \u0111i b\u1ea5t c\u1ee9 \u0111\u00e2u.<\/p>\n<p>\u2013 S\u1ea3n ph\u1ea9m th\u00edch h\u1ee3p \u0111\u1ec3 c\u00f9ng th\u01b0\u1edfng th\u1ee9c v\u1edbi b\u1ea1n b\u00e8, ng\u01b0\u1eddi th\u00e2n trong c\u00e1c chuy\u1ebfn d\u00e3 ngo\u1ea1i, d\u1ecbp l\u1ec5,\u2026<\/p>\n<p>S\u1ea3n ph\u1ea9m hi\u1ec7n \u0111\u00e3 c\u00f3 m\u1eb7t t\u1ea1i Havamall.<\/p>","protected":false},"excerpt":{"rendered":"<p>K\u1eb9o m\u1ec1m ph\u1ee7 chocolate nh\u00e2n caramel v\u00e0 h\u1ea1t c\u00e1c lo\u1ea1i Naslazhdenie lu\u00f4n \u0111\u01b0\u1ee3c ch\u00e0o \u0111\u00f3n b\u1edfi nh\u1eefng ng\u01b0\u1eddi y\u00eau ng\u1ecdt<\/p>","protected":false},"featured_media":24903,"comment_status":"open","ping_status":"closed","template":"","meta":[],"product_brand":[],"product_cat":[133,36],"product_tag":[],"class_list":{"0":"post-24899","1":"product","2":"type-product","3":"status-publish","4":"has-post-thumbnail","6":"product_cat-banh-keo-chocolate","7":"product_cat-thuc-pham-tieu-dung","9":"first","10":"outofstock","11":"sale","12":"shipping-taxable","13":"purchasable","14":"product-type-simple"},"_links":{"self":[{"href":"https:\/\/havamall.com\/en\/wp-json\/wp\/v2\/product\/24899","targetHints":{"allow":["GET"]}}],"collection":[{"href":"https:\/\/havamall.com\/en\/wp-json\/wp\/v2\/product"}],"about":[{"href":"https:\/\/havamall.com\/en\/wp-json\/wp\/v2\/types\/product"}],"replies":[{"embeddable":true,"href":"https:\/\/havamall.com\/en\/wp-json\/wp\/v2\/comments?post=24899"}],"version-history":[{"count":0,"href":"https:\/\/havamall.com\/en\/wp-json\/wp\/v2\/product\/24899\/revisions"}],"wp:featuredmedia":[{"embeddable":true,"href":"https:\/\/havamall.com\/en\/wp-json\/wp\/v2\/media\/24903"}],"wp:attachment":[{"href":"https:\/\/havamall.com\/en\/wp-json\/wp\/v2\/media?parent=24899"}],"wp:term":[{"taxonomy":"product_brand","embeddable":true,"href":"https:\/\/havamall.com\/en\/wp-json\/wp\/v2\/product_brand?post=24899"},{"taxonomy":"product_cat","embeddable":true,"href":"https:\/\/havamall.com\/en\/wp-json\/wp\/v2\/product_cat?post=24899"},{"taxonomy":"product_tag","embeddable":true,"href":"https:\/\/havamall.com\/en\/wp-json\/wp\/v2\/product_tag?post=24899"}],"curies":[{"name":"wp","href":"https:\/\/api.w.org\/{rel}","templated":true}]}}