{"id":25052,"date":"2022-01-25T13:56:08","date_gmt":"2022-01-25T06:56:08","guid":{"rendered":"https:\/\/havamall.com\/?post_type=product&#038;p=25052"},"modified":"2022-10-04T17:01:32","modified_gmt":"2022-10-04T10:01:32","slug":"dau-goi-va-sua-tam-em-be-2-trong-1-hello-b-250ml-top-to-toe-wash","status":"publish","type":"product","link":"https:\/\/havamall.com\/en\/shop\/dau-goi-va-sua-tam-em-be-2-trong-1-hello-b-250ml-top-to-toe-wash\/","title":{"rendered":"D\u1ea7u G\u1ed9i V\u00e0 S\u1eefa T\u1eafm Em B\u00e9 2 Trong 1 Hello B 250ml &#8211; Top To Toe Wash"},"content":{"rendered":"<p>Tu\u1ed5i th\u01a1 l\u00e0 \u0111i\u1ec1u thi\u00eang li\u00eang m\u00e0 ba m\u1eb9 lu\u00f4n mu\u1ed1n d\u00e0nh t\u1eb7ng cho c\u00e1c b\u00e9. \u0110\u1ec3 b\u00e9 l\u1edbn l\u00ean kh\u1ecfe m\u1ea1nh v\u00e0 s\u00e1ng t\u1ea1o ph\u00e1t tri\u1ec3n th\u00ec s\u1ef1 tho\u1ea3i m\u00e1i l\u00e0 \u0111i\u1ec1u thi\u1ebft y\u1ebfu.<\/p>\n<p>Hello B t\u1ef1 h\u00e0o l\u00e0 th\u01b0\u01a1ng hi\u1ec7u b\u1ec9m t\u00e3 ch\u1ea5t l\u01b0\u1ee3ng cao c\u1ea5p \u0111\u1ebfn t\u1eeb H\u00e0n Qu\u1ed1c s\u1ebd l\u00e0 l\u1ef1a ch\u1ecdn ho\u00e0n h\u1ea3o c\u1ee7a m\u1eb9 d\u00e0nh cho s\u1ee9c kh\u1ecfe c\u1ee7a b\u00e9 trong nh\u1eefng n\u0103m th\u00e1ng \u0111\u1ea7u \u0111\u1eddi.<\/p>\n<p><img fetchpriority=\"high\" decoding=\"async\" class=\"wp-image-25053 aligncenter\" src=\"https:\/\/havamall.com\/wp-content\/uploads\/2022\/01\/189e20b6490a79b-300x300.png\" alt=\"\" width=\"601\" height=\"600\" \/><\/p>\n<p>D\u1ea7u g\u1ed9i v\u00e0 s\u1eefa t\u1eafm 2 trong 1 Hello B c\u00f3 th\u00e0nh ph\u1ea7n d\u1ea7u d\u1eeba ngu\u1ed3n g\u1ed1c t\u1eeb thi\u00ean nhi\u00ean l\u00e0nh t\u00ednh v\u00e0 c\u00f3 kh\u1ea3 n\u0103ng l\u00e0m s\u1ea1ch t\u1ed1t gi\u00fap nu\u00f4i d\u01b0\u1ee1ng v\u00e0 ch\u0103m s\u00f3c l\u00e0n da m\u1ec1m m\u1ea1i h\u01a1n. S\u1ea3n ph\u1ea9m gi\u00fap nu\u00f4i d\u01b0\u1ee1ng m\u00e1i t\u00f3c c\u1ee7a b\u00e9 th\u00eam m\u1ec1m m\u1ea1i, \u00f3ng m\u01b0\u1ee3t h\u01a1n nh\u1edd chi\u1ebft xu\u1ea5t t\u1eeb d\u1ea7u d\u1eeba. S\u1ea3n ph\u1ea9m c\u00f3 m\u00f9i h\u01b0\u01a1ng hoa m\u1eabu \u0111\u01a1n d\u1ecbu nh\u1eb9, l\u01b0u h\u01b0\u01a1ng l\u00e2u cho c\u01a1 th\u1ec3 b\u00e9 lu\u00f4n th\u01a1m m\u00e1t su\u1ed1t c\u1ea3 ng\u00e0y, cho b\u00e9 c\u1ea3m gi\u00e1c d\u1ec5 ch\u1ecbu.<\/p>\n<p>D\u1ea7u g\u1ed9i v\u00e0 s\u1eefa t\u1eafm 2 trong 1 Hello B nh\u1eb9 nh\u00e0ng th\u1ea9m th\u1ea5u v\u00e0o da s\u1ebd cung c\u1ea5p v\u00e0 duy tr\u00ec \u0111\u1ed9 \u1ea9m, c\u00e2n b\u1eb1ng \u0111\u1ed9 pH, an to\u00e0n cho da b\u00e9, kh\u00f4ng l\u00e0m kh\u00f4 da, gi\u00fap da kh\u1ecfe v\u00e0 t\u00f3c \u0111\u01b0\u1ee3c m\u1ec1m m\u1ea1i, l\u00e0m t\u0103ng s\u1ef1 m\u1ecbn m\u00e0ng, \u0111\u00e0n h\u1ed3i h\u01a1n cho da.<\/p>\n<p><img decoding=\"async\" class=\"wp-image-25054 aligncenter\" src=\"https:\/\/havamall.com\/wp-content\/uploads\/2022\/01\/Best_Baby_Shampoos_1296x728-300x168.png\" alt=\"\" width=\"611\" height=\"342\" \/><\/p>\n<p>S\u1ea3n ph\u1ea9m 100% chi\u1ebft xu\u1ea5t t\u1ef1 nhi\u00ean, gi\u00fap l\u00e0m d\u1ecbu hi\u1ec7u qu\u1ea3 l\u00e0n da nh\u1ea1y c\u1ea3m c\u1ee7a b\u00e9, gi\u00fap \u0111i\u1ec1u ch\u1ec9nh nhi\u1ec7t \u0111\u1ed9 da, gi\u1eef cho da b\u00e9 lu\u00f4n \u1edf tr\u1ea1ng th\u00e1i t\u1ed1i \u01b0u.<\/p>\n<p>H\u1ec7 th\u1ed1ng b\u1ea3o v\u1ec7 ba \u0111\u1ed9 \u1ea9m, gi\u00fap l\u00e0m \u0111\u1ea7y c\u00e1c lipid n\u1ed9i b\u00e0o, triglyceride, axit b\u00e9o \u0111\u1ec3 gi\u1eef \u1ea9m cho lipid. Ngo\u00e0i ra d\u1ea7u t\u1ef1 nhi\u00ean \u0111\u1ec3 b\u1ed5 sung gi\u1eef \u1ea9m cho b\u00e9 \u0111\u01b0\u1ee3c l\u00e2u d\u00e0i. C\u00f4ng th\u1ee9c l\u00e0m d\u1ecbu, kh\u00f4ng g\u00e2y d\u1ecb \u1ee9ng kh\u00f4ng \u0111\u1ec3 l\u1ea1i d\u01b0 l\u01b0\u1ee3ng. D\u1ec5 d\u00e0ng r\u1eeda s\u1ea1ch v\u00e0 r\u1ea5t nh\u1eb9 nh\u00e0ng v\u1edbi m\u1eaft.<\/p>\n<p><img decoding=\"async\" class=\"wp-image-25055 aligncenter\" src=\"https:\/\/havamall.com\/wp-content\/uploads\/2022\/01\/09abd3a99f1ea-300x300.png\" alt=\"\" width=\"633\" height=\"633\" \/><\/p>\n<h3><strong>H\u01b0\u1edbng d\u1eabn s\u1eed d\u1ee5ng:<\/strong><\/h3>\n<p>&#8211; L\u00e0m \u01b0\u1edbt c\u01a1 th\u1ec3 b\u00e9 v\u1edbi n\u01b0\u1edbc \u1ea5m.<\/p>\n<p>&#8211; Cho m\u1ed9t l\u01b0\u1ee3ng s\u1ea3n ph\u1ea9m v\u1eeba \u0111\u1ee7 ra l\u00f2ng b\u00e0n tay v\u00e0 xoa \u0111\u1ec1u l\u00ean t\u00f3c b\u00e9.<\/p>\n<p>&#8211; R\u1eeda l\u1ea1i v\u1edbi n\u01b0\u1edbc \u1ea5m cho \u0111\u1ebfn khi th\u1eadt s\u1ea1ch.<\/p>\n<p>&#8211; S\u1ea3n ph\u1ea9m an to\u00e0n cho s\u1eed d\u1ee5ng m\u1ed7i ng\u00e0y.<\/p>\n<p>S\u1ea3n ph\u1ea9m hi\u1ec7n \u0111\u00e3 c\u00f3 m\u1eb7t t\u1ea1i Havamall.<\/p>\n<p><img loading=\"lazy\" decoding=\"async\" class=\"wp-image-25059 aligncenter\" src=\"https:\/\/havamall.com\/wp-content\/uploads\/2022\/01\/Best-Baby-Shampoo-In-India-300x187.jpg\" alt=\"\" width=\"607\" height=\"378\" \/><\/p>","protected":false},"excerpt":{"rendered":"<p>Tu\u1ed5i th\u01a1 l\u00e0 \u0111i\u1ec1u thi\u00eang li\u00eang m\u00e0 ba m\u1eb9 lu\u00f4n mu\u1ed1n d\u00e0nh t\u1eb7ng cho c\u00e1c b\u00e9. \u0110\u1ec3 b\u00e9 l\u1edbn l\u00ean<\/p>","protected":false},"featured_media":25056,"comment_status":"open","ping_status":"closed","template":"","meta":[],"product_brand":[],"product_cat":[397,35],"product_tag":[],"class_list":{"0":"post-25052","1":"product","2":"type-product","3":"status-publish","4":"has-post-thumbnail","6":"product_cat-hang-me-be-do-choi","7":"product_cat-nha-cua-doi-song","9":"first","10":"outofstock","11":"sale","12":"shipping-taxable","13":"purchasable","14":"product-type-simple"},"_links":{"self":[{"href":"https:\/\/havamall.com\/en\/wp-json\/wp\/v2\/product\/25052","targetHints":{"allow":["GET"]}}],"collection":[{"href":"https:\/\/havamall.com\/en\/wp-json\/wp\/v2\/product"}],"about":[{"href":"https:\/\/havamall.com\/en\/wp-json\/wp\/v2\/types\/product"}],"replies":[{"embeddable":true,"href":"https:\/\/havamall.com\/en\/wp-json\/wp\/v2\/comments?post=25052"}],"version-history":[{"count":0,"href":"https:\/\/havamall.com\/en\/wp-json\/wp\/v2\/product\/25052\/revisions"}],"wp:featuredmedia":[{"embeddable":true,"href":"https:\/\/havamall.com\/en\/wp-json\/wp\/v2\/media\/25056"}],"wp:attachment":[{"href":"https:\/\/havamall.com\/en\/wp-json\/wp\/v2\/media?parent=25052"}],"wp:term":[{"taxonomy":"product_brand","embeddable":true,"href":"https:\/\/havamall.com\/en\/wp-json\/wp\/v2\/product_brand?post=25052"},{"taxonomy":"product_cat","embeddable":true,"href":"https:\/\/havamall.com\/en\/wp-json\/wp\/v2\/product_cat?post=25052"},{"taxonomy":"product_tag","embeddable":true,"href":"https:\/\/havamall.com\/en\/wp-json\/wp\/v2\/product_tag?post=25052"}],"curies":[{"name":"wp","href":"https:\/\/api.w.org\/{rel}","templated":true}]}}