{"id":25254,"date":"2022-02-11T15:35:34","date_gmt":"2022-02-11T08:35:34","guid":{"rendered":"https:\/\/havamall.com\/?post_type=product&#038;p=25254"},"modified":"2023-04-28T11:25:51","modified_gmt":"2023-04-28T04:25:51","slug":"socola-com-nhieu-mau-nau-trang-tri-banh-havafood-hu-100g-chocolate-sprinkles","status":"publish","type":"product","link":"https:\/\/havamall.com\/en\/shop\/socola-com-nhieu-mau-nau-trang-tri-banh-havafood-hu-100g-chocolate-sprinkles\/","title":{"rendered":"Socola C\u1ed1m Nhi\u1ec1u M\u00e0u\/N\u00e2u Trang Tr\u00ed B\u00e1nh Havafood H\u1ee7 100g &#8211; Chocolate Sprinkles"},"content":{"rendered":"<p>Ngo\u00e0i socola chips d\u00f9ng \u0111\u1ec3 trang tr\u00ed b\u00e1nh th\u00ec c\u00f2n c\u00f3 socola c\u1ed1m c\u0169ng \u0111\u01b0\u1ee3c s\u1eed d\u1ee5ng \u0111\u1ec3 t\u1ea1o l\u1edbp trang tr\u00ed \u0111\u1ea7y s\u1eafc m\u00e0u, gi\u00fap chi\u1ebfc b\u00e1nh c\u1ee7a b\u1ea1n th\u00eam ph\u1ea7n r\u1ef1c r\u1ee1 v\u00e0 thu h\u00fat \u00e1nh nh\u00ecn.<\/p>\n<p>S\u1ea3n ph\u1ea9m \u0111\u1ea3m b\u1ea3o v\u1ec7 sinh an to\u00e0n th\u1ef1c ph\u1ea9m, t\u1ed1t cho s\u1ee9c kh\u1ecfe con ng\u01b0\u1eddi.\u00a0C\u1ed1m v\u1edbi v\u1ecb ng\u1ecdt s\u1ea7n s\u1eadt, h\u01a1i de khi c\u1eafn v\u00e0o t\u1ea1o v\u1ecb ng\u1ecdt m\u00e1t s\u1ebd khi\u1ebfn b\u1ea1n v\u00f4 c\u00f9ng th\u00edch th\u00fa. S\u1ea3n ph\u1ea9m \u0111em \u0111\u1ebfn m\u1ed9t ch\u1ea5t l\u01b0\u1ee3ng t\u1ed1t v\u00e0 m\u1ed9t h\u01b0\u01a1ng v\u1ecb ho\u00e0n h\u1ea3o.<\/p>\n<p><img fetchpriority=\"high\" decoding=\"async\" class=\"wp-image-25256 aligncenter\" src=\"https:\/\/havamall.com\/wp-content\/uploads\/2022\/02\/cake-balls-horizontal--300x200.png\" alt=\"\" width=\"630\" height=\"420\" \/><\/p>\n<p>Socola c\u1ed1m c\u00f3 2 lo\u1ea1i ph\u1ed5 bi\u1ebfn l\u00e0: socola c\u1ed1m m\u00e0u v\u00e0 socola c\u1ed1m n\u00e2u. Socola c\u1ed1m c\u00f3 h\u01b0\u01a1ng v\u1ecb ng\u1ecdt t\u1ef1 nhi\u00ean h\u00f2a v\u1edbi v\u1ecb \u0111\u1eafng \u0111\u1eb7c tr\u01b0ng c\u1ee7a cacao, gi\u00f2n v\u00e0 th\u01a1m ngon. S\u1ea3n ph\u1ea9m c\u00f3 h\u00ecnh s\u1ee3i ng\u1eafn, nh\u1ecf v\u00e0 xinh x\u1eafn, r\u1ef1c r\u1ee1 s\u1eafc m\u00e0u. L\u00e0 l\u1ef1a ch\u1ecdn l\u00fd t\u01b0\u1edfng \u0111\u1ec3 l\u00e0m nh\u00e2n ho\u1eb7c trang tr\u00ed, khi trang tr\u00ed t\u1ea1o n\u00ean m\u1ed9t t\u1ed5ng h\u00f2a c\u00e1c m\u00e0u s\u1eafc n\u1ed5i b\u1eadt v\u00e0 \u0111\u1eb9p m\u1eaft.<\/p>\n<p>Socola c\u1ed1m l\u00e0 m\u1ed9t trong nh\u1eefng nguy\u00ean li\u1ec7u trang tr\u00ed ph\u1ed5 bi\u1ebfn trong l\u00e0m b\u00e1nh, d\u00f9ng \u0111\u1ec3 r\u1eafc l\u00ean kem, m\u1eb7t b\u00e1nh kem, k\u1eb9o m\u00fat, socola, cakepops r\u1ea5t \u0111\u1eb9p m\u1eaft. \u0110\u1ed1i v\u1edbi kem, b\u00e1nh kem, sau khi ho\u00e0n t\u1ea5t kh\u00e2u tr\u00e9t kem cho b\u00e1nh, b\u1ea1n ch\u1ec9 c\u1ea7n r\u1eafc nh\u1eb9 m\u1ed9t l\u1edbp c\u1ed1m l\u00ean m\u1eb7t b\u00e1nh l\u00e0 \u0111\u00e3 c\u00f3 \u0111\u01b0\u1ee3c m\u1ed9t l\u1edbp trang tr\u00ed ho\u00e0n h\u1ea3o. V\u1edbi c\u00e1c lo\u1ea1i b\u00e1nh kh\u00f4ng d\u00ednh m\u00e0 mu\u1ed1n t\u1ea1o l\u1edbp trang tr\u00ed, b\u1ea1n c\u00f3 th\u1ec3 nh\u00fang qua socola ch\u1ea3y ho\u1eb7c m\u1eadt ong \u0111\u1ec3 t\u1ea1o \u0111\u1ed9 d\u00ednh tr\u01b0\u1edbc r\u1ed3i m\u1edbi l\u0103n qua c\u1ed1m.<\/p>\n<p><img decoding=\"async\" class=\"wp-image-25257 aligncenter\" src=\"https:\/\/havamall.com\/wp-content\/uploads\/2022\/02\/9-1582286961-300x229.png\" alt=\"\" width=\"634\" height=\"484\" \/><\/p>\n<h3><strong>\u0110\u1eb7c \u0111i\u1ec3m n\u1ed5i b\u1eadt c\u1ee7a:<\/strong><\/h3>\n<p>&#8211; Socola c\u1ed1m m\u00e0u c\u00f3 h\u01b0\u01a1ng v\u1ecb ng\u1ecdt t\u1ef1 nhi\u00ean h\u00f2a v\u1edbi v\u1ecb \u0111\u1eafng \u0111\u1eb7c tr\u01b0ng c\u1ee7a cacao, gi\u00f2n v\u00e0 th\u01a1m ngon.<\/p>\n<p>&#8211; M\u00e0u s\u1eafc chocolate c\u1ed1m t\u01b0\u01a1i s\u00e1ng, phong ph\u00fa.<\/p>\n<p>&#8211; S\u1ea3n ph\u1ea9m c\u00f3 h\u00ecnh s\u1ee3i ng\u1eafn, nh\u1ecf v\u00e0 xinh x\u1eafn, r\u1ef1c r\u1ee1 s\u1eafc m\u00e0u.<\/p>\n<p>&#8211; L\u00e0 l\u1ef1a ch\u1ecdn l\u00fd t\u01b0\u1edfng \u0111\u1ec3 l\u00e0m nh\u00e2n ho\u1eb7c trang tr\u00ed, khi trang tr\u00ed t\u1ea1o n\u00ean m\u1ed9t t\u1ed5ng h\u00f2a c\u00e1c m\u00e0u s\u1eafc n\u1ed5i b\u1eadt v\u00e0 \u0111\u1eb9p m\u1eaft.<\/p>\n<p><img decoding=\"async\" class=\"wp-image-25262 aligncenter\" src=\"https:\/\/havamall.com\/wp-content\/uploads\/2022\/02\/best-chocolateE-300x300.png\" alt=\"\" width=\"637\" height=\"637\" \/><\/p>\n<h3><strong>H\u01b0\u1edbng d\u1eabn s\u1eed d\u1ee5ng:<\/strong><\/h3>\n<p>&#8211; Socola c\u1ed1m m\u00e0u Colatta d\u00f9ng \u0111\u1ec3 trang tr\u00ed b\u00e1nh kem, b\u00e1nh quy, donut, c\u00e1c lo\u1ea1i k\u1eb9o, \u0111\u1ed3 u\u1ed1ng ho\u1eb7c tr\u1ed9n tr\u1ef1c ti\u1ebfp v\u1edbi b\u1ed9t l\u00e0m b\u00e1nh \u0111\u1ec3 t\u1ea1o m\u00e0u.<\/p>\n<p>&#8211; R\u1eafc l\u00ean m\u1eb7t b\u00e1nh \u0111\u1ec3 trang tr\u00ed ho\u1eb7c x\u1ebfp th\u00e0nh c\u00e1c h\u00ecnh trang tr\u00ed. Ph\u01b0\u01a1ng \u00e1n nhanh ch\u00f3ng \u0111\u1ec3 t\u1ea1o n\u00ean m\u1ed9t l\u1edbp trang tr\u00ed b\u00e1nh \u0111\u1eb9p m\u1eaft, thu h\u00fat v\u00e0 h\u1ea5p d\u1eabn.<\/p>\n<p><img loading=\"lazy\" decoding=\"async\" class=\"wp-image-25259 aligncenter\" src=\"https:\/\/havamall.com\/wp-content\/uploads\/2022\/02\/Baking_Donuts_Chocolate_Three_3_513861_3840x2160-300x169.png\" alt=\"\" width=\"662\" height=\"372\" \/><\/p>","protected":false},"excerpt":{"rendered":"<p>Ngo\u00e0i socola chips d\u00f9ng \u0111\u1ec3 trang tr\u00ed b\u00e1nh th\u00ec c\u00f2n c\u00f3 socola c\u1ed1m c\u0169ng \u0111\u01b0\u1ee3c s\u1eed d\u1ee5ng \u0111\u1ec3 t\u1ea1o l\u1edbp<\/p>","protected":false},"featured_media":25269,"comment_status":"open","ping_status":"closed","template":"","meta":[],"product_brand":[],"product_cat":[133,255,36],"product_tag":[],"class_list":{"0":"post-25254","1":"product","2":"type-product","3":"status-publish","4":"has-post-thumbnail","6":"product_cat-banh-keo-chocolate","7":"product_cat-nguyen-lieu-lam-banh","8":"product_cat-thuc-pham-tieu-dung","10":"first","11":"instock","12":"sale","13":"shipping-taxable","14":"purchasable","15":"product-type-variable"},"_links":{"self":[{"href":"https:\/\/havamall.com\/en\/wp-json\/wp\/v2\/product\/25254","targetHints":{"allow":["GET"]}}],"collection":[{"href":"https:\/\/havamall.com\/en\/wp-json\/wp\/v2\/product"}],"about":[{"href":"https:\/\/havamall.com\/en\/wp-json\/wp\/v2\/types\/product"}],"replies":[{"embeddable":true,"href":"https:\/\/havamall.com\/en\/wp-json\/wp\/v2\/comments?post=25254"}],"version-history":[{"count":0,"href":"https:\/\/havamall.com\/en\/wp-json\/wp\/v2\/product\/25254\/revisions"}],"wp:featuredmedia":[{"embeddable":true,"href":"https:\/\/havamall.com\/en\/wp-json\/wp\/v2\/media\/25269"}],"wp:attachment":[{"href":"https:\/\/havamall.com\/en\/wp-json\/wp\/v2\/media?parent=25254"}],"wp:term":[{"taxonomy":"product_brand","embeddable":true,"href":"https:\/\/havamall.com\/en\/wp-json\/wp\/v2\/product_brand?post=25254"},{"taxonomy":"product_cat","embeddable":true,"href":"https:\/\/havamall.com\/en\/wp-json\/wp\/v2\/product_cat?post=25254"},{"taxonomy":"product_tag","embeddable":true,"href":"https:\/\/havamall.com\/en\/wp-json\/wp\/v2\/product_tag?post=25254"}],"curies":[{"name":"wp","href":"https:\/\/api.w.org\/{rel}","templated":true}]}}