{"id":25350,"date":"2022-02-16T15:16:05","date_gmt":"2022-02-16T08:16:05","guid":{"rendered":"https:\/\/havamall.com\/?post_type=product&#038;p=25350"},"modified":"2025-09-26T16:38:58","modified_gmt":"2025-09-26T09:38:58","slug":"combo-5-loai-vien-tha-lau-eb-500g-steamboat-5-in-1","status":"publish","type":"product","link":"https:\/\/havamall.com\/en\/shop\/combo-5-loai-vien-tha-lau-eb-500g-steamboat-5-in-1\/","title":{"rendered":"Combo 5 Lo\u1ea1i Vi\u00ean Th\u1ea3 L\u1ea9u EB 500G &#8211; Steamboat 5 In 1"},"content":{"rendered":"<p>N\u1ebfu b\u1ea1n y\u00eau th\u00edch \u0103n l\u1ea9u nh\u01b0ng l\u1ea1i ng\u1ea1i ra ngo\u00e0i, \u0111\u1eebng lo\u00a0EB Malaysia \u0111\u00e3 t\u1ea1o n\u00ean combo 5 trong 1 cho nh\u1eefng ai y\u00eau th\u00edch n\u1ea5u \u0103n t\u1ea1i nh\u00e0 v\u00e0 \u0111\u01b0\u1ee3c th\u1eed nhi\u1ec1u lo\u1ea1i vi\u00ean ch\u1ec9 trong 1 g\u00f3i 500g duy nh\u1ea5t.<\/p>\n<p>Sau khi th\u00e0nh l\u1eadp \u0111\u01b0\u1ee3c v\u00e0i n\u0103m (k\u1ec3 t\u1eeb 2015), EB Food \u0111\u00e3 ng\u00e0y c\u00e0ng tr\u1edf n\u00ean l\u1edbn m\u1ea1nh v\u00e0 \u0111\u01b0\u1ee3c nhi\u1ec1u ng\u01b0\u1eddi d\u00e2n tin d\u00f9ng v\u1edbi nh\u1eefng th\u1ef1c ph\u1ea9m protein n\u1ed5i b\u1eadt nh\u01b0 \u0111\u1eadu h\u1ee7 ph\u00f4 mai, c\u00e1 vi\u00ean nh\u00e2n ph\u00f4 mai, g\u00e0 vi\u00ean nh\u00e2n ph\u00f4 mai, g\u00e0 vi\u00ean nh\u00e2n x\u00fac x\u00edch, t\u00f4m vi\u00ean,&#8230;V\u00e0 \u0111\u1ec3 b\u1ea1n t\u1eadn h\u01b0\u1edfng \u0111\u1ea7y \u0111\u1ee7 c\u00e1c h\u01b0\u01a1ng v\u1ecb EB \u0111\u00e3 t\u1ea1o n\u00ean set vi\u00ean th\u1ea3 l\u1ea9u 5 in 1 n\u00e0y.<\/p>\n<p><img fetchpriority=\"high\" decoding=\"async\" class=\"wp-image-25352 aligncenter\" src=\"https:\/\/havamall.com\/wp-content\/uploads\/2022\/02\/45129815_-300x157.png\" alt=\"\" width=\"677\" height=\"354\" \/><\/p>\n<p>Combo 5 lo\u1ea1i vi\u00ean th\u1ea3 l\u1ea9u EB 500g \u0111\u01b0\u1ee3c l\u00e0m ho\u00e0n to\u00e0n t\u1eeb nh\u1eefng nguy\u00ean li\u1ec7u t\u01b0\u01a1i ngon, th\u00f4ng qua ch\u1ecdn l\u1ecdc k\u0129 c\u00e0ng, \u0111\u1ea3m b\u1ea3o mang \u0111\u1ebfn kh\u00e1ch h\u00e0ng s\u1ea3n ph\u1ea9m th\u01a1m ngon v\u00e0 ch\u1ea5t l\u01b0\u1ee3ng. \u0110\u1ed3ng th\u1eddi r\u1ea5t\u00a0ti\u1ec7n l\u1ee3i, ch\u1ebf bi\u1ebfn nhanh, gi\u00fap c\u00e1c ch\u1ecb n\u1ed9i tr\u1ee3 ti\u1ebft ki\u1ec7m th\u1eddi gian.<\/p>\n<p>Combo 5 lo\u1ea1i vi\u00ean th\u1ea3 l\u1ea9u EB 500g \u0111\u01b0\u1ee3c s\u1ea3n xu\u1ea5t t\u1ea1i \u0111\u1ea5t n\u01b0\u1edbc Malaysia sau \u0111\u00f3 m\u1edbi \u0111\u01b0\u1ee3c nh\u1eadp kh\u1ea9u v\u1ec1 Vi\u1ec7t Nam theo con \u0111\u01b0\u1eddng ch\u00ednh ng\u1ea1ch. Tuy m\u1edbi c\u00f3 m\u1eb7t \u1edf th\u1ecb tr\u01b0\u1eddng n\u1eb1m 2020 nh\u01b0ng \u0111\u00e3 \u0111\u01b0\u1ee3c nhi\u1ec1u t\u00edn \u0111\u1ed3 vi\u00ean th\u1ea3 l\u1ea9u y\u00eau th\u00edch\u00a0l\u00e0 m\u00f3n \u0103n \u0111\u01b0\u1ee3c nhi\u1ec1u ng\u01b0\u1eddi y\u00eau th\u00edch b\u1edfi h\u01b0\u01a1ng v\u1ecb th\u01a1m ngon, nh\u00e2n ph\u00f4 mai b\u00e9o ng\u1eady h\u1ea5p d\u1eabn.<\/p>\n<p><img decoding=\"async\" class=\"wp-image-25337 aligncenter\" src=\"https:\/\/havamall.com\/wp-content\/uploads\/2022\/02\/261025697-300x114.png\" alt=\"\" width=\"674\" height=\"256\" \/><\/p>\n<h5><em><strong>Combo 5 lo\u1ea1i vi\u00ean bao g\u1ed3m:<\/strong><\/em><\/h5>\n<p>&#8211; \u0110\u1eadu h\u0169 ph\u00f4 mai: V\u1edbi l\u1edbp \u0111\u1eadu h\u0169 m\u1ec1m m\u1ecdng, ph\u1ea7n ph\u00f4 mai th\u01a1m, v\u1ecb b\u00e9o tan ch\u1ea3y.<\/p>\n<p>&#8211; Sandwich c\u00e1: \u0110\u01b0\u1ee3c l\u00e0m t\u1eeb c\u00e1 xay m\u1ecbn, k\u1ebft h\u1ee3p v\u1edbi tr\u1ee9ng v\u00e0 \u0111\u1eadu n\u00e0nh, t\u1ea5t c\u1ea3 \u0111\u01b0\u1ee3c ho\u00e0 quy\u1ec7n t\u1ea1o th\u00e0nh m\u1ed9t h\u01b0\u01a1ng v\u1ecb ngon xu\u1ea5t s\u1eafc. V\u1eeba m\u1ec1m, dai dai, v\u1eeba th\u01a1m v\u1ecb c\u00e1 th\u01b0\u1ee3ng h\u1ea1ng.<\/p>\n<p>&#8211; \u0110\u1eadu h\u0169 h\u1ea3i s\u1ea3n (\u0110\u1eadu h\u1ee7 c\u00e1): N\u00f3 c\u00f3 k\u1ebft c\u1ea5u m\u1ec1m m\u1ecbn nh\u01b0 \u0111\u1eadu ph\u1ee5, h\u01b0\u01a1ng v\u1ecb thu\u1ea7n khi\u1ebft, \u00edt calo v\u00e0 l\u01b0\u1ee3ng protein t\u01b0\u01a1ng \u0111\u1ed1i l\u1edbn.<\/p>\n<p>&#8211; C\u00e1 vi\u00ean: Ph\u1ea7n c\u00e1 \u0111\u1ea1t ch\u1ea5t l\u01b0\u1ee3ng \u201csumiri\u201d, t\u1ee9c l\u00e0 ch\u1ea5t l\u01b0\u1ee3ng c\u00e1 xay nhuy\u1ec5n kh\u00f4ng tr\u1ed9n b\u1ed9t. \u0110\u1ea1t \u0111\u1ed9 dai ngon, m\u1ec1m m\u1ecbn \u0111\u00fang chu\u1ea9n C\u00e1 vi\u00ean th\u01b0\u1ee3ng h\u1ea1ng.<\/p>\n<p>&#8211; Ch\u1ea3 c\u00e1 yuba h\u1ea3i s\u1ea3n: C\u00f3 th\u00e0nh ph\u1ea7n t\u1eeb th\u1ecbt c\u00e1 chi\u1ebfm \u0111\u1ebfn 56% n\u00ean khi \u0103n s\u1ebd c\u00f3 h\u01b0\u01a1ng th\u01a1m nh\u1eb9 c\u1ee7a c\u00e1. Ngo\u00e0i ra ch\u1ea3 c\u00e1 c\u00f3 k\u1ebft c\u1ea5u m\u1ec1m b\u00ean trong, dai b\u00ean ngo\u00e0i \u0103n r\u1ea5t ngon.<\/p>\n<p><img decoding=\"async\" class=\"wp-image-25353 aligncenter\" src=\"https:\/\/havamall.com\/wp-content\/uploads\/2022\/02\/61177072-300x300.png\" alt=\"\" width=\"685\" height=\"685\" \/><\/p>\n<h3><strong>H\u01b0\u1edbng d\u1eabn s\u1eed d\u1ee5ng:<\/strong><\/h3>\n<p>\u2013 Sau khi l\u1ea5y s\u1ea3n ph\u1ea9m ra kh\u1ecfi ng\u0103n \u0111\u00f4ng c\u1ee7a t\u1ee7 l\u1ea1nh, cho nguy\u00ean bao b\u00ec\u00a0ng\u00e2m v\u00e0o n\u01b0\u1edbc \u0111\u1ec3 r\u00e3 \u0111\u00f4ng.<\/p>\n<p>\u2013 Ti\u1ebfp theo, c\u1eaft bao b\u00ec cho s\u1ea3n ph\u1ea9m ra \u0111\u0129a, ch\u1ebf bi\u1ebfn\u00a0c\u00e1c m\u00f3n nh\u01b0 chi\u00ean gi\u00f2n tr\u1ef1c ti\u1ebfp v\u1edbi\u00a0d\u1ea7u \u0103n\u00a0ho\u1eb7c s\u01a1 ch\u1ebf \u0111\u01a1n gi\u1ea3n v\u1edbi c\u00e1c m\u00f3n x\u00e0o, h\u1ea5p, ho\u1eb7c b\u1ecf v\u00e0o \u0103n k\u00e8m v\u1edbi m\u00f3n l\u1ea9u.<\/p>\n<p>S\u1ea3n ph\u1ea9m hi\u1ec7n \u0111\u00e3 c\u00f3 m\u1eb7t t\u1ea1i Havamall.<\/p>\n<p><img loading=\"lazy\" decoding=\"async\" class=\"wp-image-25354 aligncenter\" src=\"https:\/\/havamall.com\/wp-content\/uploads\/2022\/02\/50309771n-300x300.png\" alt=\"\" width=\"693\" height=\"693\" \/><\/p>","protected":false},"excerpt":{"rendered":"<p>N\u1ebfu b\u1ea1n y\u00eau th\u00edch \u0103n l\u1ea9u nh\u01b0ng l\u1ea1i ng\u1ea1i ra ngo\u00e0i, \u0111\u1eebng lo\u00a0EB Malaysia \u0111\u00e3 t\u1ea1o n\u00ean combo 5 trong<\/p>","protected":false},"featured_media":29873,"comment_status":"open","ping_status":"closed","template":"","meta":[],"product_brand":[],"product_cat":[36,275],"product_tag":[],"class_list":{"0":"post-25350","1":"product","2":"type-product","3":"status-publish","4":"has-post-thumbnail","6":"product_cat-thuc-pham-tieu-dung","7":"product_cat-thuc-pham-dong-lanh","8":"pa_brand-eb","10":"first","11":"instock","12":"sale","13":"shipping-taxable","14":"purchasable","15":"product-type-simple"},"_links":{"self":[{"href":"https:\/\/havamall.com\/en\/wp-json\/wp\/v2\/product\/25350","targetHints":{"allow":["GET"]}}],"collection":[{"href":"https:\/\/havamall.com\/en\/wp-json\/wp\/v2\/product"}],"about":[{"href":"https:\/\/havamall.com\/en\/wp-json\/wp\/v2\/types\/product"}],"replies":[{"embeddable":true,"href":"https:\/\/havamall.com\/en\/wp-json\/wp\/v2\/comments?post=25350"}],"version-history":[{"count":0,"href":"https:\/\/havamall.com\/en\/wp-json\/wp\/v2\/product\/25350\/revisions"}],"wp:featuredmedia":[{"embeddable":true,"href":"https:\/\/havamall.com\/en\/wp-json\/wp\/v2\/media\/29873"}],"wp:attachment":[{"href":"https:\/\/havamall.com\/en\/wp-json\/wp\/v2\/media?parent=25350"}],"wp:term":[{"taxonomy":"product_brand","embeddable":true,"href":"https:\/\/havamall.com\/en\/wp-json\/wp\/v2\/product_brand?post=25350"},{"taxonomy":"product_cat","embeddable":true,"href":"https:\/\/havamall.com\/en\/wp-json\/wp\/v2\/product_cat?post=25350"},{"taxonomy":"product_tag","embeddable":true,"href":"https:\/\/havamall.com\/en\/wp-json\/wp\/v2\/product_tag?post=25350"}],"curies":[{"name":"wp","href":"https:\/\/api.w.org\/{rel}","templated":true}]}}