{"id":25381,"date":"2022-02-17T13:38:16","date_gmt":"2022-02-17T06:38:16","guid":{"rendered":"https:\/\/havamall.com\/?post_type=product&#038;p=25381"},"modified":"2022-10-04T17:00:15","modified_gmt":"2022-10-04T10:00:15","slug":"tuong-den-pho-ong-cha-va-270g-hoisin-pho-sauce","status":"publish","type":"product","link":"https:\/\/havamall.com\/en\/shop\/tuong-den-pho-ong-cha-va-270g-hoisin-pho-sauce\/","title":{"rendered":"T\u01b0\u01a1ng \u0110en Ph\u1edf \u00d4ng Ch\u00e0 V\u00e0 290g &#8211; Hoisin Pho Sauce"},"content":{"rendered":"<p>T\u01b0\u01a1ng \u0111en c\u00f2n \u0111\u01b0\u1ee3c g\u1ecdi l\u00e0 t\u01b0\u01a1ng ng\u1ecdt, l\u00e0 m\u1ed9t lo\u1ea1i n\u01b0\u1edbc ch\u1ea5m c\u00f3 v\u1ecb m\u1eb7n ng\u1ecdt. T\u01b0\u01a1ng \u0111en c\u00f3 ngu\u1ed3n g\u1ed1c xu\u1ea5t x\u1ee9 t\u1eeb Trung Qu\u1ed1c \u0111\u01b0\u1ee3c du nh\u1eadp v\u00e0o mi\u1ec1n nam Vi\u1ec7t Nam. T\u01b0\u01a1ng \u0111en \u0111\u01b0\u1ee3c l\u00e0m t\u1eeb n\u01b0\u1edbc, \u0111\u01b0\u1eddng, \u0111\u1eadu n\u00e0nh\u2026 Trong \u1ea9m th\u1ef1c c\u1ee7a ng\u01b0\u1eddi Trung Qu\u1ed1c, t\u01b0\u01a1ng \u0111en \u0111\u01b0\u1ee3c d\u00f9ng cho c\u00e1c m\u00f3n v\u1ecbt quay B\u1eafc Kinh, nem r\u00e1n v\u00e0 x\u00e1 x\u00edu.C\u00f2n \u0111\u1ed1i v\u1edbi \u1ea9m th\u1ef1c Vi\u1ec7t Nam, t\u01b0\u01a1ng \u0111en l\u00e0 gia v\u1ecb kh\u00f4ng th\u1ec3 thi\u1ebfu cho ph\u1edf S\u00e0i G\u00f2n, c\u00e1 vi\u00ean chi\u00ean&#8230;<\/p>\n<p><img fetchpriority=\"high\" decoding=\"async\" class=\"wp-image-25383 aligncenter\" src=\"https:\/\/havamall.com\/wp-content\/uploads\/2022\/02\/Hoisin--200x300.png\" alt=\"\" width=\"656\" height=\"984\" \/><\/p>\n<p>T\u01b0\u01a1ng \u0111en \u00d4ng Ch\u00e0 V\u00e0\u00a0\u0111\u01b0\u1ee3c l\u00e0m t\u1eeb c\u00e1c h\u1ea1t \u0111\u1eadu n\u00e0nh nguy\u00ean ch\u1ea5t, th\u00f4ng qua qui tr\u00ecnh l\u00ean men \u0111\u01b0\u1ee3c ki\u1ec3m nghi\u1ec7m nghi\u00eam ng\u1eb7t, sau \u0111\u00f3 \u0111\u01b0\u1ee3c x\u1eed l\u00fd b\u1eb1ng c\u00f4ng ngh\u1ec7 thanh tr\u00f9ng ch\u00e2n kh\u00f4ng, gi\u00fap lo\u1ea1i b\u1ecf c\u00e1c lo\u1ea1i vi khu\u1ea9n g\u00e2y h\u1ea1i m\u00e0 v\u1eabn gi\u1eef \u0111\u01b0\u1ee3c v\u1ecb ngon v\u00e0 h\u01b0\u01a1ng th\u01a1m t\u1ef1 nhi\u00ean c\u1ee7a s\u1ea3n ph\u1ea9m. L\u00e0 lo\u1ea1i t\u01b0\u01a1ng th\u00edch h\u1ee3p ch\u1ea5m k\u00e8m v\u1edbi nhi\u1ec1u m\u00f3n \u0103n th\u1ecbt n\u01b0\u1edbng, v\u1ecbt quay B\u1eafc Kinh, x\u00e1 x\u00edu&#8230;\u00a0T\u01b0\u01a1ng \u0111en ph\u1edf \u00d4ng Ch\u00e0 V\u00e0 290g\u00a0\u0111\u1eb7c bi\u1ec7t ngon khi d\u00f9ng v\u1edbi ph\u1edf.<\/p>\n<p><img decoding=\"async\" class=\"wp-image-25384 aligncenter\" src=\"https:\/\/havamall.com\/wp-content\/uploads\/2022\/02\/pho-300x300.png\" alt=\"\" width=\"656\" height=\"656\" \/><\/p>\n<p>C\u00e1c m\u00f3n \u0103n th\u00edch h\u1ee3p d\u00f9ng k\u00e8m v\u1edbi t\u01b0\u01a1ng \u0111en: b\u00f2 vi\u00ean, c\u00e1 vi\u00ean, t\u00f4m vi\u00ean, heo vi\u00ean, th\u1ecbt chi\u00ean, th\u1ecbt n\u01b0\u1edbng, v\u1ecbt quay B\u1eafc Kinh, x\u00e1 x\u00edu, g\u1ecfi cu\u1ed1n, b\u00ec cu\u1ed1n\u2026 \u0110\u1eb7c bi\u1ec7t ngon khi d\u00f9ng v\u1edbi ph\u1edf.<\/p>\n<p>T\u01b0\u01a1ng \u0111en l\u00e0 m\u1ed9t l\u1ecdai x\u1ed1t ch\u1ea5m kh\u00f4ng th\u1ec3 thi\u1ebfu cho m\u00f3n Ph\u1edf \u1edf mi\u1ec1n Nam. H\u01b0\u01a1ng v\u1ecb \u0111\u01b0\u1ee3c t\u1ea1o n\u00ean t\u1eeb t\u01b0\u01a1ng \u0111en h\u00f2a quy\u1ec7n c\u00f9ng v\u1edbi n\u01b0\u1edbc d\u00f9ng ph\u1edf khi\u1ebfn cho m\u00f3n \u0103n n\u00e0y d\u1eady m\u00f9i th\u01a1m v\u00e0 \u0111\u1eadm \u0111\u00e0 h\u01a1n.<\/p>\n<p><img decoding=\"async\" class=\"wp-image-25385 aligncenter\" src=\"https:\/\/havamall.com\/wp-content\/uploads\/2022\/02\/hoisin-300x200.png\" alt=\"\" width=\"666\" height=\"443\" \/><\/p>\n<h3><strong>\u0110\u1eb7c \u0111i\u1ec3m n\u1ed5i b\u1eadt c\u1ee7a s\u1ea3n ph\u1ea9m:<\/strong><\/h3>\n<p>&#8211; T\u01b0\u01a1ng \u0111en Ph\u1edf \u00d4ng Ch\u00e0 V\u00e0 Gold Chai 290g \u0111\u01b0\u1ee3c l\u00e0m t\u1eeb ngu\u1ed3n nguy\u00ean li\u1ec7u t\u1ef1 nhi\u00ean, th\u00edch h\u1ee3p v\u1edbi nhi\u1ec1u m\u00f3n \u0103n.<\/p>\n<p>&#8211; T\u01b0\u01a1ng \u0111\u01b0\u1ee3c l\u00e0m t\u1eeb nh\u1eefng nguy\u00ean li\u1ec7u thi\u00ean nhi\u00ean nh\u01b0 \u0111\u1eadu n\u00e0nh, gi\u1ea5m\u2026 v\u00e0 nh\u1eefng gia v\u1ecb th\u00f4ng th\u01b0\u1eddng nh\u01b0 \u0111\u01b0\u1eddng, mu\u1ed1i, t\u1ecfi n\u00ean ho\u00e0n to\u00e0n s\u1ea1ch v\u00e0 an to\u00e0n cho s\u1ee9c kh\u1ecfe ng\u01b0\u1eddi d\u00f9ng.<\/p>\n<p>&#8211; T\u01b0\u01a1ng \u0111en s\u1ebd gi\u00fap cho c\u00e1c m\u00f3n \u0103n c\u1ee7a b\u1ea1n th\u00eam ngon, h\u1ea5p d\u1eabn v\u00e0 tr\u1ecdn v\u1eb9n h\u01a1n, b\u1eefa \u0103n c\u1ee7a gia \u0111\u00ecnh c\u1ee7a b\u1ea1n s\u1ebd ho\u00e0n h\u1ea3o v\u00e0 tr\u00f2n v\u1ecb h\u01a1n.<\/p>\n<p>&#8211; S\u1ea3n ph\u1ea9m \u0111\u01b0\u1ee3c \u0111\u00f3ng chai nh\u1ecf g\u1ecdn, d\u1ec5 mang theo khi c\u1ea7n s\u1eed d\u1ee5ng.<\/p>\n<p><img loading=\"lazy\" decoding=\"async\" class=\"wp-image-25386 aligncenter\" src=\"https:\/\/havamall.com\/wp-content\/uploads\/2022\/02\/G\u1ecfi-cu\u1ed1n-t\u00f4-300x158.png\" alt=\"\" width=\"668\" height=\"351\" \/><\/p>\n<h3><strong>H\u01b0\u1edbng d\u1eabn s\u1eed d\u1ee5ng:<\/strong><\/h3>\n<p>&#8211; \u0110\u1eb7c bi\u1ec7t ngon khi d\u00f9ng trong m\u00f3n ph\u1edf l\u00e0m t\u0103ng h\u01b0\u01a1ng v\u1ecb c\u1ee7a m\u00f3n \u0103n.<\/p>\n<p>&#8211; S\u1eed d\u1ee5ng ch\u1ea5m tr\u1ef1c ti\u1ebfp cho c\u00e1c m\u00f3n ch\u1ea5m nh\u01b0 g\u1ecfi cu\u1ed1n, b\u00f2 b\u00eda, b\u00f2 vi\u00ean, c\u00e1 vi\u00ean, th\u1ecbt n\u01b0\u1edbng ho\u1eb7c l\u00e0m gia v\u1ecb t\u1ea9m \u01b0\u1edbp \u0111\u1ec3 m\u00f3n \u0103n \u0111\u1eadm \u0111\u00e0 ngon mi\u1ec7ng.<\/p>\n<p>S\u1ea3n ph\u1ea9m hi\u1ec7n \u0111\u00e3 c\u00f3 m\u1eb7t t\u1ea1i Havamall.<\/p>","protected":false},"excerpt":{"rendered":"<p>T\u01b0\u01a1ng \u0111en c\u00f2n \u0111\u01b0\u1ee3c g\u1ecdi l\u00e0 t\u01b0\u01a1ng ng\u1ecdt, l\u00e0 m\u1ed9t lo\u1ea1i n\u01b0\u1edbc ch\u1ea5m c\u00f3 v\u1ecb m\u1eb7n ng\u1ecdt. T\u01b0\u01a1ng \u0111en c\u00f3<\/p>","protected":false},"featured_media":25387,"comment_status":"open","ping_status":"closed","template":"","meta":[],"product_brand":[],"product_cat":[36],"product_tag":[],"class_list":{"0":"post-25381","1":"product","2":"type-product","3":"status-publish","4":"has-post-thumbnail","6":"product_cat-thuc-pham-tieu-dung","7":"pa_brand-ong-cha-va","9":"first","10":"outofstock","11":"sale","12":"shipping-taxable","13":"purchasable","14":"product-type-simple"},"_links":{"self":[{"href":"https:\/\/havamall.com\/en\/wp-json\/wp\/v2\/product\/25381","targetHints":{"allow":["GET"]}}],"collection":[{"href":"https:\/\/havamall.com\/en\/wp-json\/wp\/v2\/product"}],"about":[{"href":"https:\/\/havamall.com\/en\/wp-json\/wp\/v2\/types\/product"}],"replies":[{"embeddable":true,"href":"https:\/\/havamall.com\/en\/wp-json\/wp\/v2\/comments?post=25381"}],"version-history":[{"count":0,"href":"https:\/\/havamall.com\/en\/wp-json\/wp\/v2\/product\/25381\/revisions"}],"wp:featuredmedia":[{"embeddable":true,"href":"https:\/\/havamall.com\/en\/wp-json\/wp\/v2\/media\/25387"}],"wp:attachment":[{"href":"https:\/\/havamall.com\/en\/wp-json\/wp\/v2\/media?parent=25381"}],"wp:term":[{"taxonomy":"product_brand","embeddable":true,"href":"https:\/\/havamall.com\/en\/wp-json\/wp\/v2\/product_brand?post=25381"},{"taxonomy":"product_cat","embeddable":true,"href":"https:\/\/havamall.com\/en\/wp-json\/wp\/v2\/product_cat?post=25381"},{"taxonomy":"product_tag","embeddable":true,"href":"https:\/\/havamall.com\/en\/wp-json\/wp\/v2\/product_tag?post=25381"}],"curies":[{"name":"wp","href":"https:\/\/api.w.org\/{rel}","templated":true}]}}