{"id":25705,"date":"2022-03-03T16:13:43","date_gmt":"2022-03-03T09:13:43","guid":{"rendered":"https:\/\/havamall.com\/?post_type=product&#038;p=25705"},"modified":"2025-05-16T17:18:33","modified_gmt":"2025-05-16T10:18:33","slug":"dau-ha-lan-maple-peas-havafood-goi-200g","status":"publish","type":"product","link":"https:\/\/havamall.com\/en\/shop\/dau-ha-lan-maple-peas-havafood-goi-200g\/","title":{"rendered":"\u0110\u1eadu H\u00e0 Lan Maple Peas Havafood G\u00f3i 200g"},"content":{"rendered":"<p>\u0110\u1eadu H\u00e0 Lan Maple Peas l\u00e0 lo\u1ea1i \u0111\u1eadu khi tr\u01b0\u1edfng th\u00e0nh c\u00f3 m\u00e0u n\u00e2u, \u0111\u01b0\u1ee3c \u0111\u1ec3 kh\u00f4 t\u1ef1 nhi\u00ean tr\u00ean \u0111\u1ed3ng ru\u1ed9ng, thay v\u00ec thu ho\u1ea1ch khi v\u1eabn c\u00f2n non nh\u01b0 h\u1ea1t \u0111\u1eadu v\u01b0\u1eddn b\u00ecnh th\u01b0\u1eddng.<\/p>\n<p>N\u1ebfu b\u1ea1n \u0111ang t\u00ecm ki\u1ebfm m\u1ed9t lo\u1ea1i ng\u0169 c\u1ed1c nguy\u00ean h\u1ea1t c\u00f3 h\u00e0m l\u01b0\u1ee3ng dinh d\u01b0\u1ee1ng cao \u0111\u01b0\u1ee3c tr\u1ed3ng theo ph\u01b0\u01a1ng ph\u00e1p \u0111\u1ea7u ti\u00ean trong \u0111\u1ea5t, b\u1ea1n \u0111\u00e3 t\u00ecm th\u1ea5y trang tr\u1ea1i d\u00e0nh cho m\u00ecnh. \u0110\u1eadu H\u00e0 Lan maple peas c\u00f3 h\u00e0m l\u01b0\u1ee3ng protein cao v\u00e0 \u00edt calo.\u00a0Ch\u00fang c\u00f3 m\u1ed9t h\u01b0\u01a1ng v\u1ecb h\u1ea5p d\u1eabn v\u00e0 c\u00f3 th\u1ec3 \u0111\u01b0\u1ee3c \u0103n trong s\u00fap ho\u1eb7c h\u1ea7m.\u00a0B\u1ea1n c\u0169ng c\u00f3 th\u1ec3 rang ch\u00fang trong l\u00f2 \u0111\u1ec3 c\u00f3 m\u1ed9t m\u00f3n ngon.<\/p>\n<p><img fetchpriority=\"high\" decoding=\"async\" class=\"wp-image-25708 aligncenter\" src=\"https:\/\/havamall.com\/wp-content\/uploads\/2022\/03\/2298616377-300x251.png\" alt=\"\" width=\"599\" height=\"501\" \/><\/p>\n<h3><strong>L\u1ee3i \u00edch s\u1ee9c kh\u1ecfe<\/strong><\/h3>\n<p>&gt; Ch\u1ee9a Protein v\u00e0 Ch\u1ea5t x\u01a1<\/p>\n<p>&gt; Ch\u1ee9a c\u00e1c kho\u00e1ng ch\u1ea5t nh\u01b0 S\u1eaft v\u00e0 Ph\u1ed1t pho<\/p>\n<p>&gt; Ch\u1ee9a c\u00e1c vitamin nh\u01b0 Thiamin (B1)<\/p>\n<p><img decoding=\"async\" class=\"wp-image-25709 aligncenter\" src=\"https:\/\/havamall.com\/wp-content\/uploads\/2022\/03\/methode_times_prodmigration_web_bin_76f8b298-d144-3be4-accd-7e54f16d6b06-300x200.png\" alt=\"\" width=\"604\" height=\"402\" \/><\/p>\n<h3><strong>H\u01b0\u1edbng d\u1eabn s\u1eed d\u1ee5ng<\/strong><\/h3>\n<p>&#8211; D\u00f9ng ch\u1ebf bi\u1ebfn c\u00e1c m\u00f3n \u0103n t\u00f9y th\u00edch: Salads, n\u1ea5u x\u00f4i, n\u1ea5u s\u00fap, n\u1ea5u ch\u00e8, x\u00e0o th\u1eadp c\u1ea9m,<\/p>\n<p>&#8211; Nghi\u1ec1n nhuy\u1ec5n + d\u1ea7u Oliu \u0103n v\u1edbi b\u00e1nh m\u1ef3, b\u1ed9t dinh d\u01b0\u1ee1ng, l\u00e0m b\u00e1nh, xay h\u1ea1t t\u01b0\u01a1i s\u1ed1ng th\u00e0nh sinh t\u1ed1 n\u1ea5u c\u00e1c m\u00f3n canh, pha b\u1ed9t cho b\u00e9, ch\u00e1o dinh d\u01b0\u1ee1ng&#8230;<\/p>\n<p>S\u1ea3n ph\u1ea9m hi\u1ec7n \u0111\u00e3 c\u00f3 m\u1eb7t t\u1ea1i Havamall.<\/p>\n<p><img decoding=\"async\" class=\"wp-image-25710 aligncenter\" src=\"https:\/\/havamall.com\/wp-content\/uploads\/2022\/03\/20200518_163248-300x192.png\" alt=\"\" width=\"600\" height=\"384\" \/><\/p>","protected":false},"excerpt":{"rendered":"<p>\u0110\u1eadu H\u00e0 Lan Maple Peas l\u00e0 lo\u1ea1i \u0111\u1eadu khi tr\u01b0\u1edfng th\u00e0nh c\u00f3 m\u00e0u n\u00e2u, \u0111\u01b0\u1ee3c \u0111\u1ec3 kh\u00f4 t\u1ef1 nhi\u00ean tr\u00ean<\/p>","protected":false},"featured_media":25711,"comment_status":"open","ping_status":"closed","template":"","meta":[],"product_brand":[],"product_cat":[595,36,134],"product_tag":[],"class_list":{"0":"post-25705","1":"product","2":"type-product","3":"status-publish","4":"has-post-thumbnail","6":"product_cat-gia-vi-va-che-bien","7":"product_cat-thuc-pham-tieu-dung","8":"product_cat-thucpham-saykho","9":"pa_brand-skx","11":"first","12":"outofstock","13":"sale","14":"shipping-taxable","15":"purchasable","16":"product-type-simple"},"_links":{"self":[{"href":"https:\/\/havamall.com\/en\/wp-json\/wp\/v2\/product\/25705","targetHints":{"allow":["GET"]}}],"collection":[{"href":"https:\/\/havamall.com\/en\/wp-json\/wp\/v2\/product"}],"about":[{"href":"https:\/\/havamall.com\/en\/wp-json\/wp\/v2\/types\/product"}],"replies":[{"embeddable":true,"href":"https:\/\/havamall.com\/en\/wp-json\/wp\/v2\/comments?post=25705"}],"version-history":[{"count":0,"href":"https:\/\/havamall.com\/en\/wp-json\/wp\/v2\/product\/25705\/revisions"}],"wp:featuredmedia":[{"embeddable":true,"href":"https:\/\/havamall.com\/en\/wp-json\/wp\/v2\/media\/25711"}],"wp:attachment":[{"href":"https:\/\/havamall.com\/en\/wp-json\/wp\/v2\/media?parent=25705"}],"wp:term":[{"taxonomy":"product_brand","embeddable":true,"href":"https:\/\/havamall.com\/en\/wp-json\/wp\/v2\/product_brand?post=25705"},{"taxonomy":"product_cat","embeddable":true,"href":"https:\/\/havamall.com\/en\/wp-json\/wp\/v2\/product_cat?post=25705"},{"taxonomy":"product_tag","embeddable":true,"href":"https:\/\/havamall.com\/en\/wp-json\/wp\/v2\/product_tag?post=25705"}],"curies":[{"name":"wp","href":"https:\/\/api.w.org\/{rel}","templated":true}]}}