{"id":25767,"date":"2022-03-09T10:35:31","date_gmt":"2022-03-09T03:35:31","guid":{"rendered":"https:\/\/havamall.com\/?post_type=product&#038;p=25767"},"modified":"2025-05-16T17:00:23","modified_gmt":"2025-05-16T10:00:23","slug":"bo-bot-nhao-nan-tre-em-6-mau-mont-marte-dough-mini-set","status":"publish","type":"product","link":"https:\/\/havamall.com\/en\/shop\/bo-bot-nhao-nan-tre-em-6-mau-mont-marte-dough-mini-set\/","title":{"rendered":"B\u1ed9 B\u1ed9t Nh\u00e0o N\u1eb7n Tr\u1ebb Em 6 M\u00e0u Mont Marte &#8211; Dough Mini Set"},"content":{"rendered":"<div class=\"product_view_tab_content_ad\">\n<div id=\"product_tabs_description_contents\">\n<div id=\"desc_content\" class=\"std\">\n<div>B\u1ed9t n\u1eb7n \u0111\u01b0\u1ee3c \u0111\u00e1nh gi\u00e1 l\u00e0 m\u1ed9t trong nh\u1eefng tr\u00f2 ch\u01a1i ph\u00e1t tri\u1ec3n tr\u00ed th\u00f4ng minh kinh \u0111i\u1ec3n v\u1edbi tr\u1ebb em qu\u1ed1c t\u1ebf, tr\u00f2 ch\u01a1i \u0111\u1ea5t n\u1eb7n kh\u00f4ng ch\u1ec9 gi\u00fap tr\u1ebb c\u00f3 nh\u1eefng \u0111\u1ed9t ph\u00e1 trong t\u01b0 duy, ph\u00e1t tri\u1ec3n tr\u00ed tu\u1ec7, k\u00edch th\u00edch kh\u1ea3 n\u0103ng t\u00f2 m\u00f2 s\u00e1ng t\u1ea1o m\u00e0 c\u00f2n gi\u00fap ph\u00e1t tri\u1ec3n c\u00e1c k\u1ef9 n\u0103ng v\u1eadn \u0111\u1ed9ng nh\u1ecf (nh\u01b0 c\u00e1c c\u01a1 ng\u00f3n tay v\u00e0 b\u00e0n tay) v\u00e0 s\u1ebd l\u00e0m d\u1ecbu b\u1edbt s\u1ef1 c\u0103ng th\u1eb3ng c\u1ee7a tr\u1ebb.<\/div>\n<p>B\u1ed9t n\u1eb7n Mont Marte l\u00e0 m\u00f3n \u0111\u1ed3 ch\u01a1i th\u00f4ng minh kh\u00f4ng th\u1ec3 thi\u1ebfu trong t\u1ee7 \u0111\u1ed3 ch\u01a1i tu\u1ed5i th\u01a1 c\u1ee7a tr\u1ebb nh\u1ecf. V\u1edbi nh\u1eefng tr\u1ebb t\u1eeb 3 tu\u1ed5i tr\u1edf l\u00ean, ba m\u1eb9 n\u00ean cho tr\u1ebb ch\u01a1i b\u1ed9t n\u1eb7n v\u00ec \u0111\u00e2y l\u00e0 \u0111\u1ed9 tu\u1ed5i c\u00f3 s\u1ef1 t\u00f2 m\u00f2 kh\u00f4ng gi\u1edbi h\u1ea1n v\u00e0 y\u00eau th\u00edch kh\u00e1m ph\u00e1 m\u1ecdi th\u1ee9 trong th\u1ebf gi\u1edbi xung quanh. H\u01a1n n\u1eefa, m\u00f3n \u0111\u1ed3 ch\u01a1i n\u00e0y c\u0169ng t\u1ea1o c\u01a1 h\u1ed9i cho tr\u1ebb c\u1ea3i thi\u1ec7n s\u1ef1 linh ho\u1ea1t, kh\u00e9o l\u00e9o c\u1ee7a \u0111\u00f4i tay, k\u00edch th\u00edch tr\u00ed t\u01b0\u1edfng t\u01b0\u1ee3ng v\u00e0 s\u00e1ng t\u1ea1o ph\u00e1t tri\u1ec3n v\u00e0 mang l\u1ea1i nh\u1eefng gi\u1edd gi\u1ea3i tr\u00ed tuy\u1ec7t v\u1eddi.<\/p>\n<p><img fetchpriority=\"high\" decoding=\"async\" class=\"wp-image-25801 aligncenter\" src=\"https:\/\/havamall.com\/wp-content\/uploads\/2022\/03\/z3249726473238_16c4ae656a334a3f88f88cc4753e2f57-1-300x252.jpg\" alt=\"\" width=\"606\" height=\"510\" \/><\/p>\n<p>B\u1ed9t n\u1eb7n l\u00e0m t\u1eeb b\u1ed9t m\u00ec l\u00e0 m\u00f3n \u0111\u1ed3 ch\u01a1i kh\u00e1 quen thu\u1ed9c v\u1edbi t\u1ea5t c\u1ea3 tr\u1ebb nh\u1ecf. T\u1eeb nh\u1eefng mi\u1ebfng b\u1ed9t n\u1eb7n cho b\u00e9 \u0111\u01a1n gi\u1ea3n, tr\u1ebb s\u1ebd th\u1ecfa s\u1ee9c t\u1ea1o n\u00ean nh\u1eefng h\u00ecnh d\u00e1ng con v\u1eadt, \u0111\u1ed3 v\u1eadt m\u00e0 b\u00e9 y\u00eau th\u00edch.<\/p>\n<p>B\u1ed9 b\u1ed9t n\u1eb7n 6 m\u00e0u Mont Marte \u01b0\u1ee3c l\u00e0m t\u1eeb ch\u1ea5t li\u1ec7u an to\u00e0n 100%, kh\u00f4ng d\u00ednh tay gi\u00fap b\u00e9 tho\u1ea3i m\u00e1i nh\u00e0o n\u1eb7n th\u00e0nh c\u00e1c kh\u1ed1i h\u00ecnh c\u00f3 m\u00e0u s\u1eafc v\u00e0 ki\u1ec3u d\u00e1ng kh\u00e1c nhau.<\/p>\n<p><img decoding=\"async\" class=\"wp-image-25770 aligncenter\" src=\"https:\/\/havamall.com\/wp-content\/uploads\/2022\/03\/Untit-300x181.png\" alt=\"\" width=\"602\" height=\"363\" \/><\/p>\n<\/div>\n<\/div>\n<\/div>\n<div>\n<div class=\"product_view_tab_content_ad_more\">\n<h3 class=\"clear\"><strong>\u0110\u1eb7c \u0111i\u1ec3m n\u1ed5i b\u1eadt c\u1ee7a s\u1ea3n ph\u1ea9m<\/strong><\/h3>\n<div id=\"product_tabs_description_contents\">\n<div id=\"desc_content\" class=\"std\">\n<p>&#8211; B\u1ed9t n\u1eb7n d\u00f9ng \u0111\u1ec3 nh\u00e0o n\u1eb7n t\u1ea1o ra nh\u1eefng con v\u1eadt, hay c\u1ea3nh v\u1eadt m\u00e0 b\u00e9 y\u00eau th\u00edch, gi\u00fap b\u00e9 \u0111\u01b0\u1ee3c vui ch\u01a1i th\u1ecfa s\u1ee9c s\u00e1ng t\u1ea1o.<\/p>\n<p>&#8211; R\u1ea5t m\u1ec1m d\u1ebbo, m\u00e0u s\u1eafc t\u01b0\u01a1i s\u00e1ng, r\u1ea5t d\u1ec5 d\u00e0o n\u1eb7n, c\u00e1c b\u00e9 nh\u1ecf tu\u1ed5i v\u1eabn c\u00f3 th\u1ec3 ch\u01a1i \u0111\u01b0\u1ee3c.<\/p>\n<p>&#8211; Kh\u00f4ng d\u00ednh tay, v\u00e0 c\u00f3 th\u1ec3 ch\u01a1i c\u00f9ng v\u1edbi khu\u00f4n, pha tr\u1ed9n m\u00e0u v\u1edbi nhau.<\/p>\n<p>&#8211; \u0110\u00f3ng g\u00f3i d\u1ea1ng h\u1ed9p, ti\u1ec7n l\u1ee3i, d\u1ec5 d\u00e0ng cho b\u00e9 khi ch\u01a1i xong c\u00f3 th\u1ec3 gi\u1eef l\u1ea1i v\u00e0 d\u00f9ng cho l\u1ea7n sau, kh\u00f4ng b\u1ecb kh\u00f4 hay d\u00ednh c\u00e1c m\u00e0u v\u1edbi nhau.<\/p>\n<p>&#8211; Th\u00e0nh ph\u1ea7n l\u00e0 b\u1ed9t m\u00ec v\u00e0 c\u00e1c m\u00e0u t\u1ef1 nhi\u00ean ho\u00e0n to\u00e0n kh\u00f4ng \u0111\u1ed9c h\u1ea1i.<\/p>\n<\/div>\n<\/div>\n<\/div>\n<\/div>","protected":false},"excerpt":{"rendered":"<p>B\u1ed9t n\u1eb7n \u0111\u01b0\u1ee3c \u0111\u00e1nh gi\u00e1 l\u00e0 m\u1ed9t trong nh\u1eefng tr\u00f2 ch\u01a1i ph\u00e1t tri\u1ec3n tr\u00ed th\u00f4ng minh kinh \u0111i\u1ec3n v\u1edbi tr\u1ebb<\/p>","protected":false},"featured_media":25771,"comment_status":"open","ping_status":"closed","template":"","meta":[],"product_brand":[],"product_cat":[397,35,395],"product_tag":[],"class_list":{"0":"post-25767","1":"product","2":"type-product","3":"status-publish","4":"has-post-thumbnail","6":"product_cat-hang-me-be-do-choi","7":"product_cat-nha-cua-doi-song","8":"product_cat-van-phong-pham","9":"pa_brand-mont-marte","11":"first","12":"outofstock","13":"sale","14":"shipping-taxable","15":"purchasable","16":"product-type-simple"},"_links":{"self":[{"href":"https:\/\/havamall.com\/en\/wp-json\/wp\/v2\/product\/25767","targetHints":{"allow":["GET"]}}],"collection":[{"href":"https:\/\/havamall.com\/en\/wp-json\/wp\/v2\/product"}],"about":[{"href":"https:\/\/havamall.com\/en\/wp-json\/wp\/v2\/types\/product"}],"replies":[{"embeddable":true,"href":"https:\/\/havamall.com\/en\/wp-json\/wp\/v2\/comments?post=25767"}],"version-history":[{"count":0,"href":"https:\/\/havamall.com\/en\/wp-json\/wp\/v2\/product\/25767\/revisions"}],"wp:featuredmedia":[{"embeddable":true,"href":"https:\/\/havamall.com\/en\/wp-json\/wp\/v2\/media\/25771"}],"wp:attachment":[{"href":"https:\/\/havamall.com\/en\/wp-json\/wp\/v2\/media?parent=25767"}],"wp:term":[{"taxonomy":"product_brand","embeddable":true,"href":"https:\/\/havamall.com\/en\/wp-json\/wp\/v2\/product_brand?post=25767"},{"taxonomy":"product_cat","embeddable":true,"href":"https:\/\/havamall.com\/en\/wp-json\/wp\/v2\/product_cat?post=25767"},{"taxonomy":"product_tag","embeddable":true,"href":"https:\/\/havamall.com\/en\/wp-json\/wp\/v2\/product_tag?post=25767"}],"curies":[{"name":"wp","href":"https:\/\/api.w.org\/{rel}","templated":true}]}}