{"id":26087,"date":"2022-03-28T17:07:34","date_gmt":"2022-03-28T10:07:34","guid":{"rendered":"https:\/\/havamall.com\/?post_type=product&#038;p=26087"},"modified":"2022-03-29T13:39:21","modified_gmt":"2022-03-29T06:39:21","slug":"ot-len-men-golden-farm-290g-fermented-chilli","status":"publish","type":"product","link":"https:\/\/havamall.com\/en\/shop\/ot-len-men-golden-farm-290g-fermented-chilli\/","title":{"rendered":"\u1edat L\u00ean Men Golden Farm 290G &#8211; Fermented Chilli"},"content":{"rendered":"<p>Golden Farm l\u00e0 th\u01b0\u01a1ng hi\u1ec7u n\u1ed5i ti\u1ebfng trong n\u01b0\u1edbc v\u1ec1 s\u1ea3n xu\u1ea5t siro, n\u01b0\u1edbc tr\u00e1i c\u00e2y. V\u1edbi ti\u00eau ch\u00ed an to\u00e0n, b\u1ed5 d\u01b0\u1ee1ng, ti\u1ec7n l\u1ee3i, ch\u1ea5t l\u01b0\u1ee3ng theo ti\u00eau chu\u1ea9n qu\u1ed1c t\u1ebf, m\u1eabu m\u00e3 bao b\u00ec h\u1ea5p d\u1eabn c\u0169ng nh\u01b0 gi\u00e1 c\u1ea3 ph\u00f9 h\u1ee3p n\u00ean \u0111\u01b0\u1ee3c c\u00e1c ch\u1ee7 qu\u00e1n tin d\u00f9ng. C\u00f4ng ty Golden Farm chuy\u00ean s\u1ea3n xu\u1ea5t c\u00e1c th\u1ef1c ph\u1ea9m qu\u1ed1c t\u1ebf nh\u01b0: m\u1ee9t tr\u00e1i c\u00e2y, b\u01a1 \u0111\u1eadu ph\u1ed9ng, x\u1ed1t salat, t\u01b0\u01a1ng c\u00e0, th\u1ef1c ph\u1ea9m dinh d\u01b0\u1ee1ng, siro,\u1edbt l\u00ean men\u2026 ch\u1ea5t l\u01b0\u1ee3ng theo ti\u00eau chu\u1ea9n qu\u1ed1c t\u1ebf, m\u1eabu m\u00e3 bao b\u00ec h\u1ea5p d\u1eabn v\u00e0 gi\u00e1 c\u1ea3 ph\u00f9 h\u1ee3p.<\/p>\n<p><img fetchpriority=\"high\" decoding=\"async\" class=\"wp-image-26092 aligncenter\" src=\"https:\/\/havamall.com\/wp-content\/uploads\/2022\/03\/243009238-300x201.png\" alt=\"\" width=\"680\" height=\"456\" \/><\/p>\n<p>\u1edat L\u00ean Men Golden Farm\u00a0mang \u0111\u1ebfn v\u1ecb ngon tinh t\u1ebf c\u1ee7a \u1ea9m th\u1ef1c Vi\u1ec7t, n\u1ed5i b\u1eadt v\u1edbi h\u01b0\u01a1ng th\u01a1m n\u1ed3ng, v\u1ecb cay d\u1ecbu t\u1ef1 nhi\u00ean, k\u00edch th\u00edch v\u1ecb gi\u00e1c, l\u00e0m d\u1eady th\u00eam h\u01b0\u01a1ng v\u1ecb v\u00e0 m\u00e0u s\u1eafc, cho c\u00e1c m\u00f3n \u0103n th\u00eam th\u01a1m ngon, h\u1ea5p d\u1eabn.<\/p>\n<p>\u1edat L\u00ean Men Golden Farm\u00a0v\u1edbi th\u00e0nh ph\u1ea7n ch\u1ee7 y\u1ebfu l\u00e0 \u1edbt t\u01b0\u01a1i, tr\u1ea3i qua qu\u00e1 tr\u00ecnh l\u00ean men t\u1ef1 nhi\u00ean, kh\u00f4ng ch\u1ee9a ph\u1ea9m m\u00e0u v\u00e0 ch\u1ea5t t\u1ea1o m\u00f9i, \u0111\u00e1p \u1ee9ng m\u1ecdi ti\u00eau chu\u1ea9n kh\u1eaft khe c\u0169ng nh\u01b0 kh\u1ea9u v\u1ecb c\u1ee7a ng\u01b0\u1eddi s\u00e0nh \u0103n.<\/p>\n<p>S\u1ea3n ph\u1ea9m \u0111\u01b0\u1ee3c s\u1ea3n xu\u1ea5t tr\u00ean d\u00e2y chuy\u1ec1n kh\u00e9p k\u00edn v\u1edbi c\u00f4ng ngh\u1ec7 hi\u1ec7n \u0111\u1ea1i t\u1eeb Ch\u00e2u \u00c2u, nh\u00e0 m\u00e1y \u0111\u1ea1t ch\u1ee9ng nh\u1eadn Qu\u1ed1c T\u1ebf ISO 22000:2018, \u0111\u1ea3m b\u1ea3o mang \u0111\u1ebfn cho ng\u01b0\u1eddi ti\u00eau d\u00f9ng s\u1ea3n ph\u1ea9m ch\u1ea5t l\u01b0\u1ee3ng t\u1ed1t nh\u1ea5t.<\/p>\n<p><img decoding=\"async\" class=\"wp-image-26096 aligncenter\" src=\"https:\/\/havamall.com\/wp-content\/uploads\/2022\/03\/243226667_2952737094966646_5651193374919924762_n-300x300.jpg\" alt=\"\" width=\"704\" height=\"703\" \/><\/p>\n<h3><strong>\u0110\u1eb7c \u0111i\u1ec3m n\u1ed5i b\u1eadt c\u1ee7a s\u1ea3n ph\u1ea9m:<\/strong><\/h3>\n<blockquote>\n<p dir=\"auto\">\n<\/blockquote>\n<p dir=\"auto\">&gt; V\u01a1\u0301i 80% \u01a1\u0301t men trong m\u00f4\u0303i chai, vi\u0323 ngon tinh t\u00ea\u0301<\/p>\n<p dir=\"auto\">&gt; S\u01b0\u0309 du\u0323ng c\u00f4ng ngh\u00ea\u0323 l\u00ean men t\u01b0\u0323 nhi\u00ean t\u01b0\u0300 l\u01a1\u0323i khu\u00e2\u0309n, an toa\u0300n va\u0300 t\u00f4\u0301t cho \u0111\u01b0\u01a1\u0300ng ti\u00eau ho\u0301a.<\/p>\n<p dir=\"auto\">&gt; Gia\u0300u Vitamin C va\u0300 Betacarotene giu\u0301p ng\u0103n ng\u01b0\u0300a ung th\u01b0, ch\u00f4\u0301ng la\u0303o ho\u0301a.<\/p>\n<h3><img decoding=\"async\" class=\"wp-image-26094 aligncenter\" src=\"https:\/\/havamall.com\/wp-content\/uploads\/2022\/03\/243218495_-300x265.png\" alt=\"\" width=\"684\" height=\"604\" \/><\/h3>\n<h3><strong>H\u01b0\u1edbng d\u1eabn s\u1eed d\u1ee5ng:<\/strong><\/h3>\n<p>&#8211; L\u00e0m x\u1ed1t ch\u1ea5m c\u00f9ng c\u00e1c m\u00f3n chi\u00ean, n\u01b0\u1edbng, h\u1ea3i s\u1ea3n, th\u1ee9c \u0103n nhanh.<\/p>\n<p>&#8211; Th\u00eam v\u00e0o c\u00e1c m\u00f3n ph\u1edf, b\u00fan, m\u00ec \u0111\u1ec3 m\u00f3n \u0103n th\u00eam \u0111\u1eadm \u0111\u00e0, h\u1ea5p d\u1eabn.<\/p>\n<p>&#8211; D\u00f9ng l\u00e0m gia v\u1ecb t\u1ea9m \u01b0\u1edbp, ho\u1eb7c n\u00eam n\u1ebfm cho c\u00e1c m\u00f3n kho, x\u00e0o, n\u01b0\u1edbng.<\/p>\n<p>S\u1ea3n ph\u1ea9m hi\u1ec7n \u0111\u00e3 c\u00f3 m\u1eb7t t\u1ea1i Havamall<\/p>","protected":false},"excerpt":{"rendered":"<p>Golden Farm l\u00e0 th\u01b0\u01a1ng hi\u1ec7u n\u1ed5i ti\u1ebfng trong n\u01b0\u1edbc v\u1ec1 s\u1ea3n xu\u1ea5t siro, n\u01b0\u1edbc tr\u00e1i c\u00e2y. V\u1edbi ti\u00eau ch\u00ed an<\/p>","protected":false},"featured_media":26095,"comment_status":"open","ping_status":"closed","template":"","meta":[],"product_brand":[],"product_cat":[36],"product_tag":[],"class_list":{"0":"post-26087","1":"product","2":"type-product","3":"status-publish","4":"has-post-thumbnail","6":"product_cat-thuc-pham-tieu-dung","7":"pa_brand-golden-farm","9":"first","10":"instock","11":"sale","12":"shipping-taxable","13":"purchasable","14":"product-type-simple"},"_links":{"self":[{"href":"https:\/\/havamall.com\/en\/wp-json\/wp\/v2\/product\/26087","targetHints":{"allow":["GET"]}}],"collection":[{"href":"https:\/\/havamall.com\/en\/wp-json\/wp\/v2\/product"}],"about":[{"href":"https:\/\/havamall.com\/en\/wp-json\/wp\/v2\/types\/product"}],"replies":[{"embeddable":true,"href":"https:\/\/havamall.com\/en\/wp-json\/wp\/v2\/comments?post=26087"}],"version-history":[{"count":0,"href":"https:\/\/havamall.com\/en\/wp-json\/wp\/v2\/product\/26087\/revisions"}],"wp:featuredmedia":[{"embeddable":true,"href":"https:\/\/havamall.com\/en\/wp-json\/wp\/v2\/media\/26095"}],"wp:attachment":[{"href":"https:\/\/havamall.com\/en\/wp-json\/wp\/v2\/media?parent=26087"}],"wp:term":[{"taxonomy":"product_brand","embeddable":true,"href":"https:\/\/havamall.com\/en\/wp-json\/wp\/v2\/product_brand?post=26087"},{"taxonomy":"product_cat","embeddable":true,"href":"https:\/\/havamall.com\/en\/wp-json\/wp\/v2\/product_cat?post=26087"},{"taxonomy":"product_tag","embeddable":true,"href":"https:\/\/havamall.com\/en\/wp-json\/wp\/v2\/product_tag?post=26087"}],"curies":[{"name":"wp","href":"https:\/\/api.w.org\/{rel}","templated":true}]}}