{"id":26088,"date":"2022-03-28T16:35:09","date_gmt":"2022-03-28T09:35:09","guid":{"rendered":"https:\/\/havamall.com\/?post_type=product&#038;p=26088"},"modified":"2025-06-24T15:30:04","modified_gmt":"2025-06-24T08:30:04","slug":"pate-gan-vit-henaff-115gr-duck-liver-mousse-pate","status":"publish","type":"product","link":"https:\/\/havamall.com\/en\/shop\/pate-gan-vit-henaff-115gr-duck-liver-mousse-pate\/","title":{"rendered":"Pate Gan V\u1ecbt H\u00e9naff 115gr &#8211; Duck Liver Mousse Pate"},"content":{"rendered":"<h3 class=\"product-detail__specs-title\"><strong>TH\u00d4NG TIN S\u1ea2N PH\u1ea8M<\/strong><\/h3>\n<div id=\"js-product-detail__specs\" class=\"product-detail__specs\">\n<div class=\"row\">\n<div class=\"col-sm-12\">\n<div class=\"product-specs__table\">\n<table>\n<tbody>\n<tr>\n<td class=\"specs-table__property\">Th\u01b0\u01a1ng hi\u1ec7u<\/td>\n<td class=\"specs-table__value\">H\u00e9naff<\/td>\n<\/tr>\n<tr>\n<td class=\"specs-table__property\">Xu\u1ea5t x\u1ee9<\/td>\n<td class=\"specs-table__value\">Ph\u00e1p<\/td>\n<\/tr>\n<tr>\n<td class=\"specs-table__property\">H\u1ea1n s\u1eed d\u1ee5ng<\/td>\n<td class=\"specs-table__value\">4 n\u0103m k\u1ec3 t\u1eeb ng\u00e0y s\u1ea3n xu\u1ea5t<\/td>\n<\/tr>\n<tr>\n<td class=\"specs-table__property\">H\u01b0\u1edbng d\u1eabn s\u1eed d\u1ee5ng<\/td>\n<td class=\"specs-table__value\">D\u00f9ng \u0103n tr\u1ef1c ti\u1ebfp k\u00e8m v\u1edbi b\u00e1nh m\u00ec, sandwich, x\u00f4i,\u2026<\/td>\n<\/tr>\n<tr>\n<td class=\"specs-table__property\">H\u01b0\u1edbng d\u1eabn b\u1ea3o qu\u1ea3n<\/td>\n<td class=\"specs-table__value\">B\u1ea3o qu\u1ea3n n\u01a1i kh\u00f4 r\u00e1o, tho\u00e1ng m\u00e1t.<\/td>\n<\/tr>\n<tr>\n<td class=\"specs-table__property\">Th\u00e0nh ph\u1ea7n nguy\u00ean li\u1ec7u<\/td>\n<td class=\"specs-table__value\">Gan v\u1ecbt, m\u1ee1 v\u1ecbt, mu\u1ed1i, gia v\u1ecb,&#8230;<\/td>\n<\/tr>\n<tr>\n<td class=\"specs-table__property\">Kh\u1ed1i l\u01b0\u1ee3ng\/Th\u1ec3 t\u00edch<\/td>\n<td class=\"specs-table__value\">115gr<\/td>\n<\/tr>\n<\/tbody>\n<\/table>\n<p><img fetchpriority=\"high\" decoding=\"async\" class=\"size-large wp-image-26066 aligncenter\" src=\"https:\/\/havamall.com\/wp-content\/uploads\/2022\/03\/PATE-0-1024x318.jpg\" alt=\"\" width=\"1024\" height=\"318\" \/><\/p>\n<\/div>\n<p>H\u00e9naff \u2013 \u0110\u01b0\u1ee3c th\u00e0nh l\u1eadp t\u1eeb n\u0103m 1907 \u1edf mi\u1ec1n t\u00e2y Brittany c\u1ee7a n\u01b0\u1edbc Ph\u00e1p, \u0111\u00e2y l\u00e0 th\u01b0\u01a1ng hi\u1ec7u h\u00e0ng \u0111\u1ea7u v\u1ec1 p\u00e2t\u00e9 \u0111\u00f3ng h\u1ed9p t\u1ea1i Ph\u00e1p. S\u1ea3n ph\u1ea9m \u0111\u00e3 s\u1edbm \u0111\u01b0\u1ee3c gi\u1edbi thi\u1ec7u t\u1ea1i th\u1ecb tr\u01b0\u1eddng Vi\u1ec7t Nam v\u00e0 \u0111\u00e3 tr\u1edf n\u00ean quen thu\u1ed9c v\u1edbi c\u00e1c m\u00f3n \u0103n truy\u1ec1n th\u1ed1ng nh\u01b0 b\u00e1nh m\u00ec th\u1ecbt hay x\u00f4i m\u1eb7n. M\u1ed9t th\u01b0\u01a1ng hi\u1ec7u kh\u00f4ng th\u1ec3 b\u1ecf qua trong nh\u00f3m h\u00e0ng p\u00e2t\u00e9 nh\u1eadp kh\u1ea9u.<\/p>\n<p>Hi\u1ec7n nay, H\u00e9naff d\u1eabn \u0111\u1ea7u trong ng\u00e0nh th\u1ef1c ph\u1ea9m pa-t\u00ea \u0111\u00f3ng h\u1ed9p t\u1ea1i Ph\u00e1p nh\u1edd v\u00e0o ch\u00ednh s\u00e1ch ch\u1ea5t l\u01b0\u1ee3ng duy nh\u1ea5t v\u00e0 \u0111\u1ed9c \u0111\u00e1o. Henaff l\u00e0 s\u1ea3n ph\u1ea9m \u0111\u01b0\u1ee3c \u01b0a chu\u1ed9ng t\u1ea1i h\u01a1n 50 qu\u1ed1c gia tr\u00ean to\u00e0n c\u1ea7u.<\/p>\n<p>Pa-t\u00ea Henaff gi\u00e0u ch\u1ea5t dinh d\u01b0\u1ee1ng v\u00e0 protein, \u00edt mu\u1ed1i v\u00e0 \u00edt ch\u1ea5t b\u00e9o, m\u00f9i v\u1ecb \u0111\u1ed9c \u0111\u00e1o v\u1edbi \u0111a d\u1ea1ng s\u1ea3n ph\u1ea9m nh\u01b0 pa-t\u00ea gan v\u1ecbt, pa-t\u00ea gan heo (l\u1ee3n) hay pa-t\u00ea gan g\u00e0.<\/p>\n<p>\u2013 Pate Henaff \u0111\u01b0\u1ee3c duy tr\u00ec v\u00e0 s\u1ea3n xu\u1ea5t \u0111\u00fang theo c\u00f4ng th\u1ee9c truy\u1ec1n th\u1ed1ng c\u00f3 t\u1eeb 100 n\u0103m tr\u01b0\u1edbc.<\/p>\n<p>\u2013 Henaff t\u1ef1 h\u00e0o \u0111\u00e3 tr\u1edf th\u00e0nh m\u1ed9t ph\u1ea7n bi\u1ec3u t\u01b0\u1ee3ng c\u1ee7a l\u1ecbch s\u1eed \u1ea9m th\u1ef1c Ph\u00e1p tuy\u1ec7t h\u1ea3o.<\/p>\n<p>\u2013 Quy tr\u00ecnh s\u1ea3n xu\u1ea5t nghi\u00eam ng\u1eb7t t\u1eeb kh\u00e2u tuy\u1ec3n ch\u1ecdn nguy\u00ean li\u1ec7u t\u01b0\u01a1i ngon \u0111\u1ebfn ch\u1ebf bi\u1ebfn th\u00e0nh ph\u1ea9m.<\/p>\n<\/div>\n<p><img decoding=\"async\" class=\"size-large wp-image-26089 aligncenter\" src=\"https:\/\/havamall.com\/wp-content\/uploads\/2022\/03\/GAN-V\u1ecaT-1-1024x653.jpg\" alt=\"\" width=\"1024\" height=\"653\" \/><\/p>\n<p>Foie Gras (gan be\u0301o) la\u0300 mo\u0301n a\u0306n cao c\u00e2\u0301p, tinh t\u00ea\u0301 va\u0300 n\u00f4\u0309i ti\u00ea\u0301ng trong va\u0306n ho\u0301a \u00e2\u0309m th\u01b0\u0323c Cha\u0302u A\u0302u, ngu\u00f4\u0300n nguye\u0302n li\u1eb9\u0302u quy\u0301 gia\u0301 va\u0300 tuy\u1eb9\u0302t ha\u0309o \u0111\u00ea\u0309 ta\u0323o ne\u0302n ha\u0300ng tra\u0306m mo\u0301n a\u0306n h\u00e2\u0301p d\u00e2\u0303n va\u0300 b\u00f4\u0309 du\u031b\u01a1\u0303ng, t\u00f4\u0301t cho s\u01b0\u0301c kho\u0309e.<\/p>\n<p>Gan v\u1ecbt l\u00e0 m\u1ed9t m\u00f3n \u0103n tinh t\u1ebf ho\u00e0n to\u00e0n nh\u1edd h\u01b0\u01a1ng v\u1ecb t\u1ef1 nhi\u00ean m\u00e0 tr\u1edf n\u00ean \u0111\u1ed9c \u0111\u00e1o. Th\u01b0\u1edfng th\u1ee9c gan ng\u1ed7ng th\u01b0\u1eddng ph\u1ea3i t\u1eeb t\u1ed1n \u0111\u1ec3 c\u1ea3m nh\u1eadn v\u1ecb b\u00e9o v\u00e0 m\u00f9i th\u01a1m c\u1ee7a gan nh\u01b0 tan d\u1ea7n tr\u00ean \u0111\u1ea7u l\u01b0\u1ee1i m\u1ed9t c\u00e1ch nh\u1eb9 nh\u00e0ng, quy\u1ebfn r\u0169 \u0111\u1ebfn l\u1ea1 l\u00f9ng. M\u1ed9t v\u1ecb b\u00e9o nh\u1eb9 ph\u1ea3ng ph\u1ea5t, kh\u00f4ng g\u1eaft, kh\u00f4ng h\u0103ng, tr\u00f4i xu\u1ed1ng c\u1ed5 m\u00e0 kh\u00f4ng c\u00f3 c\u1ea3m gi\u00e1c ng\u1eady.<\/p>\n<p>Pate Gan V\u1ecbt H\u00e9naff \u0111\u01b0\u1ee3c nh\u1eadp kh\u1ea9u tr\u1ef1c ti\u1ebfp t\u1eeb Ph\u00e1p, mang \u0111\u00fang v\u1ecb chu\u1ea9n pate Ph\u00e1p, s\u1ea3n ph\u1ea9m \u0111\u01b0\u1ee3c s\u1ea3n xu\u1ea5t tr\u00ean d\u00e2y chuy\u1ec1n hi\u1ec7n \u0111\u1ea1i, \u0111\u1ea3m b\u1ea3o an to\u00e0n v\u1ec7 sinh th\u1ef1c ph\u1ea9m.<br \/>\nPate H\u00e9naff kh\u00f4ng s\u1eed d\u1ee5ng ph\u1ee5 gia, ch\u1ea5t b\u1ea3o qu\u1ea3n \u0111\u1ed9c h\u1ea1i, \u0111\u1ea3m b\u1ea3o an to\u00e0n cho s\u1ee9c kh\u1ecfe ng\u01b0\u1eddi ti\u00eau d\u00f9ng. H\u1ed9p \u0111\u1ef1ng s\u1ea3n ph\u1ea9m l\u00e0m t\u1eeb nguy\u00ean li\u1ec7u s\u1ea1ch, kh\u00f4ng l\u1eabn t\u1ea1p ch\u1ea5t h\u00f3a h\u1ecdc \u0111\u1ed9c h\u1ea1i.<\/p>\n<p><img decoding=\"async\" class=\"size-large wp-image-26069 aligncenter\" src=\"https:\/\/havamall.com\/wp-content\/uploads\/2022\/03\/PATE-9-1024x683.jpg\" alt=\"\" width=\"1024\" height=\"683\" \/><\/p>\n<p>V\u1edbi s\u1ea3n ph\u1ea9m\u00a0Pate H\u00e9naff, b\u1ea1n s\u1ebd r\u00fat ng\u1eafn \u0111\u01b0\u1ee3c th\u1eddi gian cho vi\u1ec7c n\u1ea5u \u0103n. S\u1ea3n ph\u1ea9m c\u00f3 th\u1ec3 d\u00f9ng tr\u1ef1c ti\u1ebfp ho\u1eb7c l\u00e0m n\u00f3ng l\u1ea1i tr\u01b0\u1edbc khi d\u00f9ng l\u00e0 \u0111\u00e3 s\u1eb5n s\u00e0ng cho m\u1ed9t m\u00f3n \u0103n th\u01a1m ngon b\u1ed5 d\u01b0\u1ee1ng. C\u00f3 th\u1ec3 d\u00f9ng\u00a0pate ch\u1ebf bi\u1ebfn th\u00e0nh c\u00e1c m\u00f3n \u0103n kh\u00e1c t\u00f9y s\u1edf th\u00edch. S\u1ea3n ph\u1ea9m \u0111\u01b0\u1ee3c \u0111\u00f3ng h\u1ed9p nh\u1ecf g\u1ecdn, ti\u1ec7n l\u1ee3i s\u1eed d\u1ee5ng trong gia \u0111\u00ecnh ho\u1eb7c mang \u0111i du l\u1ecbch, d\u00e3 ngo\u1ea1i.<\/p>\n<p>Pate Gan V\u1ecbt H\u00e9naff \u0111\u01b0\u1ee3c ch\u1ebf bi\u1ebfn t\u1eeb th\u00e0nh ph\u1ea7n ch\u00ednh l\u00e0 gan v\u1ecbt, th\u1ecbt v\u1ecbt, m\u1ee1,\u2026\u00a0 Ngu\u1ed3n nguy\u00ean li\u1ec7u \u0111\u01b0\u1ee3c ch\u1ecdn l\u1ecdc k\u0129 c\u00e0ng, c\u00f4ng th\u1ee9c ch\u1ebf bi\u1ebfn \u0111\u1eb7c bi\u1ec7t, \u0111\u1ea3m b\u1ea3o mang \u0111\u1ebfn tay ng\u01b0\u1eddi ti\u00eau d\u00f9ng s\u1ea3n ph\u1ea9m ch\u1ea5t l\u01b0\u1ee3ng cao, h\u01b0\u01a1ng v\u1ecb th\u01a1m ngon, \u0111\u1ea3m b\u1ea3o cung c\u1ea5p \u0111\u1ea7y \u0111\u1ee7 dinh d\u01b0\u1ee1ng cho b\u1eefa \u0103n trong gia \u0111\u00ecnh.\u00a0Pate H\u00e9naff kh\u00f4ng s\u1eed d\u1ee5ng ph\u1ee5 gia, ch\u1ea5t b\u1ea3o qu\u1ea3n \u0111\u1ed9c h\u1ea1i, \u0111\u1ea3m b\u1ea3o an to\u00e0n cho s\u1ee9c kh\u1ecfe ng\u01b0\u1eddi ti\u00eau d\u00f9ng. H\u1ed9p \u0111\u1ef1ng s\u1ea3n ph\u1ea9m l\u00e0m t\u1eeb nguy\u00ean li\u1ec7u s\u1ea1ch, kh\u00f4ng l\u1eabn t\u1ea1p ch\u1ea5t h\u00f3a h\u1ecdc \u0111\u1ed9c h\u1ea1i.<\/p>\n<p><img loading=\"lazy\" decoding=\"async\" class=\"size-full wp-image-26081 aligncenter\" src=\"https:\/\/havamall.com\/wp-content\/uploads\/2022\/03\/PATE-6-1.jpg\" alt=\"\" width=\"1000\" height=\"667\" srcset=\"https:\/\/havamall.com\/wp-content\/uploads\/2022\/03\/PATE-6-1.jpg 1000w, https:\/\/havamall.com\/wp-content\/uploads\/2022\/03\/PATE-6-1-600x400.jpg 600w, https:\/\/havamall.com\/wp-content\/uploads\/2022\/03\/PATE-6-1-150x100.jpg 150w\" sizes=\"(max-width: 1000px) 100vw, 1000px\" \/><\/p>\n<\/div>\n<h3><strong>\u01afU \u0110I\u1ec2M PATE H\u00c9NAFF<\/strong><\/h3>\n<p>\u2013 Thanh b\u00f9i, kh\u00f4ng ng\u00e1n<\/p>\n<p>\u2013 K\u1ebft c\u1ea5u m\u1ec1m m\u1ea1i<\/p>\n<p>\u2013 Gi\u00e0u ch\u1ea5t dinh d\u01b0\u1ee1ng<\/p>\n<p>\u2013 H\u00e0m l\u01b0\u1ee3ng \u0111\u1ea1m cao<\/p>\n<p>\u2013 Cung c\u1ea5p nhi\u1ec1u ch\u1ea5t s\u1eaft, acid folic, vitamin A, axit b\u00e9o kh\u00f4ng b\u00e3o h\u00f2a<\/p>\n<p>\u2013 Ng\u0103n ch\u1eb7n b\u1ec7nh tim m\u1ea1ch do ch\u1ee9a nhi\u1ec1u axit b\u00e9o kh\u00f4ng b\u00e3o h\u00f2a gi\u00fap h\u1ea1 t\u1ef7 l\u1ec7 cholesterol x\u1ea5u trong c\u01a1 th\u1ec3<\/p>\n<p>\u2013 An to\u00e0n, ti\u1ec7n l\u1ee3i cho nh\u1eefng \u0103n nhanh nh\u01b0ng v\u1eabn \u0111\u1ea3m b\u1ea3o ch\u1ea5t dinh d\u01b0\u1ee1ng.<\/p>\n<\/div>","protected":false},"excerpt":{"rendered":"<p>TH\u00d4NG TIN S\u1ea2N PH\u1ea8M Th\u01b0\u01a1ng hi\u1ec7u H\u00e9naff Xu\u1ea5t x\u1ee9 Ph\u00e1p H\u1ea1n s\u1eed d\u1ee5ng 4 n\u0103m k\u1ec3 t\u1eeb ng\u00e0y s\u1ea3n xu\u1ea5t<\/p>","protected":false},"featured_media":26090,"comment_status":"open","ping_status":"closed","template":"","meta":[],"product_brand":[],"product_cat":[723,36,143],"product_tag":[],"class_list":{"0":"post-26088","1":"product","2":"type-product","3":"status-publish","4":"has-post-thumbnail","6":"product_cat-nhap-khau-phap","7":"product_cat-thuc-pham-tieu-dung","8":"product_cat-thuc-pham-dong-hop","10":"first","11":"outofstock","12":"sale","13":"shipping-taxable","14":"purchasable","15":"product-type-simple"},"_links":{"self":[{"href":"https:\/\/havamall.com\/en\/wp-json\/wp\/v2\/product\/26088","targetHints":{"allow":["GET"]}}],"collection":[{"href":"https:\/\/havamall.com\/en\/wp-json\/wp\/v2\/product"}],"about":[{"href":"https:\/\/havamall.com\/en\/wp-json\/wp\/v2\/types\/product"}],"replies":[{"embeddable":true,"href":"https:\/\/havamall.com\/en\/wp-json\/wp\/v2\/comments?post=26088"}],"version-history":[{"count":0,"href":"https:\/\/havamall.com\/en\/wp-json\/wp\/v2\/product\/26088\/revisions"}],"wp:featuredmedia":[{"embeddable":true,"href":"https:\/\/havamall.com\/en\/wp-json\/wp\/v2\/media\/26090"}],"wp:attachment":[{"href":"https:\/\/havamall.com\/en\/wp-json\/wp\/v2\/media?parent=26088"}],"wp:term":[{"taxonomy":"product_brand","embeddable":true,"href":"https:\/\/havamall.com\/en\/wp-json\/wp\/v2\/product_brand?post=26088"},{"taxonomy":"product_cat","embeddable":true,"href":"https:\/\/havamall.com\/en\/wp-json\/wp\/v2\/product_cat?post=26088"},{"taxonomy":"product_tag","embeddable":true,"href":"https:\/\/havamall.com\/en\/wp-json\/wp\/v2\/product_tag?post=26088"}],"curies":[{"name":"wp","href":"https:\/\/api.w.org\/{rel}","templated":true}]}}