{"id":26235,"date":"2022-04-08T16:08:18","date_gmt":"2022-04-08T09:08:18","guid":{"rendered":"https:\/\/havamall.com\/?post_type=product&#038;p=26235"},"modified":"2025-10-10T15:48:41","modified_gmt":"2025-10-10T08:48:41","slug":"muoi-tieu-chanh-ong-cha-va-90g","status":"publish","type":"product","link":"https:\/\/havamall.com\/en\/shop\/muoi-tieu-chanh-ong-cha-va-90g\/","title":{"rendered":"Mu\u1ed1i Ti\u00eau Chanh \u00d4ng Ch\u00e0 V\u00e0 90g"},"content":{"rendered":"<p>Mu\u1ed1i ti\u00eau chanh \u00d4ng Ch\u00e0 V\u00e0 \u0111\u01b0\u1ee3c l\u00e0m t\u1eeb mu\u1ed1i n\u1ea5u s\u1ea5y tinh khi\u1ebft nh\u1ea5t, t\u00f4m kh\u00f4 ngon nh\u1ea5t, chanh t\u01b0\u01a1i ngon nh\u1ea5t, nh\u1eefng h\u1ea1t ti\u00eau th\u01a1m nh\u1ea5t, nh\u1eefng qu\u1ea3 \u1edbt t\u01b0\u01a1i cay nh\u1ea5t&#8230;k\u1ebft h\u1ee3p v\u1edbi c\u00f4ng ngh\u1ec7 ch\u1ebf bi\u1ebfn b\u1eb1ng m\u1ed9t b\u00ed quy\u1ebft ri\u00eang, \u00d4ng Ch\u00e0 V\u00e0 \u0111\u00e3 t\u1ea1o ra m\u1ed9t s\u1ea3n ph\u1ea9m mu\u1ed1i t\u00f4m \u0111\u1eb7c bi\u1ec7t c\u00f3 m\u00f9i th\u01a1m l\u00e2u t\u1ef1 nhi\u00ean, v\u1ecb \u0111\u1eadm \u0111\u00e0, \u0111\u1ed9c \u0111\u00e1o v\u1edbi mong mu\u1ed1n m\u1ed7i b\u1eefa \u0103n gia \u0111\u00ecnh lu\u00f4n \u0111\u1eadm \u0111\u00e0 h\u01b0\u01a1ng v\u1ecb thu\u1ea7n qu\u00ea h\u01b0\u01a1ng.<\/p>\n<p>S\u1ea3n ph\u1ea9m \u0111\u01b0\u1ee3c \u0111\u00f3ng g\u00f3i r\u1ea5t ti\u1ec7n d\u1ee5ng, d\u1ec5 b\u1ea3o qu\u1ea3n v\u00e0 c\u1ea5t gi\u1eef, kh\u00f4ng ch\u1ee9a ch\u1ea5t b\u1ea3o qu\u1ea3n \u0111\u1ea3m b\u1ea3o an to\u00e0n cho s\u1ee9c kh\u1ecfe ng\u01b0\u1eddi ti\u00eau d\u00f9ng. Lu\u00f4n \u0111\u01b0\u1ee3c ng\u01b0\u1eddi ti\u00eau d\u00f9ng tin d\u00f9ng v\u00e0 l\u1ef1a ch\u1ecdn h\u00e0ng \u0111\u1ea7u Vi\u1ec7t.<\/p>\n<p><img fetchpriority=\"high\" decoding=\"async\" class=\"wp-image-26236 aligncenter\" src=\"https:\/\/havamall.com\/wp-content\/uploads\/2022\/04\/091c177f75b1-300x300.png\" alt=\"\" width=\"674\" height=\"674\" \/><\/p>\n<p>S\u1ea3n ph\u1ea9m \u0111\u01b0\u1ee3c l\u00e0m t\u1eeb 100% nguy\u00ean li\u1ec7u t\u1ef1 nhi\u00ean \u0111\u01b0\u1ee3c ch\u1ecdn l\u1ecdc t\u1ef1 nhi\u00ean t\u1eeb mu\u1ed1i, ti\u00eau, chanh,\u2026 c\u00f9ng c\u00f4ng ngh\u1ec7 s\u1ea3n xu\u1ea5t ti\u00ean ti\u1ebfn gi\u00fap \u0111\u1ea3m b\u1ea3o v\u1ec7 sinh an to\u00e0n th\u1ef1c ph\u1ea9m.<\/p>\n<p>S\u1ea3n ph\u1ea9m gi\u00fap c\u00e1c m\u00f3n lu\u1ed9c, h\u1ea5p hay l\u00e0 hoa qu\u1ea3 t\u01b0\u01a1i tr\u1edf n\u00ean \u0111\u1eadm \u0111\u00e0, h\u1ea5p d\u1eabn h\u01a1n r\u1ea5t nhi\u1ec1u. Ngo\u00e0i ra, s\u1ea3n ph\u1ea9m c\u00f2n c\u00f3 th\u1ec3 s\u1eed d\u1ee5ng nh\u01b0 m\u1ed9t lo\u1ea1i gia v\u1ecb \u0111\u1ec3 t\u1ea9m \u01b0\u1edbp c\u00e1c nguy\u00ean li\u1ec7u tr\u01b0\u1edbc khi ch\u1ebf bi\u1ebfn.<\/p>\n<p>Mu\u1ed1i ti\u00eau chanh \u00d4ng Ch\u00e0 V\u00e0 90g\u00a0mang l\u1ea1i m\u00f9i th\u01a1m d\u1ec5 ch\u1ecbu, c\u00f9ng v\u1ecb chua nh\u1eb9, gi\u00fap b\u1ea1n s\u1eed d\u1ee5ng \u0111\u01b0\u1ee3c ngay m\u00e0 kh\u00f4ng c\u1ea7n v\u1eaft th\u00eam chanh tr\u01b0\u1edbc khi d\u00f9ng.<\/p>\n<p><img decoding=\"async\" class=\"wp-image-26237 aligncenter\" src=\"https:\/\/havamall.com\/wp-content\/uploads\/2022\/04\/2cbe99e78a0c991f1b4b51eadd5b1f0c-300x300.png\" alt=\"\" width=\"679\" height=\"679\" \/><\/p>\n<h3><strong>\u0110\u1eb7c \u0111i\u1ec3m n\u1ed5i b\u1eadt c\u1ee7a s\u1ea3n ph\u1ea9m:<\/strong><\/h3>\n<p>&#8211; Mu\u1ed1i ti\u00eau chanh \u00d4ng Ch\u00e0 V\u00e0 \u0111\u01b0\u1ee3c s\u1ea3n xu\u1ea5t tr\u00ean quy tr\u00ecnh hi\u1ec7n \u0111\u1ea1i, \u0111\u1ea1t ti\u00eau chu\u1ea9n ch\u1ea5t l\u01b0\u1ee3ng v\u1ec7 sinh an to\u00e0n th\u1ef1c ph\u1ea9m.<\/p>\n<p>&#8211; S\u1ea3n ph\u1ea9m \u0111\u01b0\u1ee3c l\u00e0m t\u1eeb c\u00e1c th\u00e0nh ph\u1ea7n t\u1ef1 nhi\u00ean, an to\u00e0n cho s\u1ee9c kh\u1ecfe, mang \u0111\u1ebfn s\u1ef1 an t\u00e2m cho ng\u01b0\u1eddi d\u00f9ng.<\/p>\n<p>&#8211; Mu\u1ed1i ti\u00eau chanh \u00d4ng Ch\u00e0 V\u00e0 \u0110\u01b0\u1ee3c ch\u1ebf bi\u1ebfn v\u00e0 ch\u1ecdn l\u1ecdc t\u1eeb nh\u1eefng nguy\u00ean li\u1ec7u ngon nh\u1ea5t, tinh khi\u1ebft nh\u1ea5t.<\/p>\n<p><img decoding=\"async\" class=\"wp-image-26238 aligncenter\" src=\"https:\/\/havamall.com\/wp-content\/uploads\/2022\/04\/009081344a6d8-300x300.png\" alt=\"\" width=\"689\" height=\"689\" \/><\/p>","protected":false},"excerpt":{"rendered":"<p>Mu\u1ed1i ti\u00eau chanh \u00d4ng Ch\u00e0 V\u00e0 \u0111\u01b0\u1ee3c l\u00e0m t\u1eeb mu\u1ed1i n\u1ea5u s\u1ea5y tinh khi\u1ebft nh\u1ea5t, t\u00f4m kh\u00f4 ngon nh\u1ea5t, chanh<\/p>","protected":false},"featured_media":26239,"comment_status":"open","ping_status":"closed","template":"","meta":[],"product_brand":[],"product_cat":[36],"product_tag":[],"class_list":{"0":"post-26235","1":"product","2":"type-product","3":"status-publish","4":"has-post-thumbnail","6":"product_cat-thuc-pham-tieu-dung","7":"pa_brand-ong-cha-va","9":"first","10":"outofstock","11":"sale","12":"shipping-taxable","13":"purchasable","14":"product-type-simple"},"_links":{"self":[{"href":"https:\/\/havamall.com\/en\/wp-json\/wp\/v2\/product\/26235","targetHints":{"allow":["GET"]}}],"collection":[{"href":"https:\/\/havamall.com\/en\/wp-json\/wp\/v2\/product"}],"about":[{"href":"https:\/\/havamall.com\/en\/wp-json\/wp\/v2\/types\/product"}],"replies":[{"embeddable":true,"href":"https:\/\/havamall.com\/en\/wp-json\/wp\/v2\/comments?post=26235"}],"version-history":[{"count":0,"href":"https:\/\/havamall.com\/en\/wp-json\/wp\/v2\/product\/26235\/revisions"}],"wp:featuredmedia":[{"embeddable":true,"href":"https:\/\/havamall.com\/en\/wp-json\/wp\/v2\/media\/26239"}],"wp:attachment":[{"href":"https:\/\/havamall.com\/en\/wp-json\/wp\/v2\/media?parent=26235"}],"wp:term":[{"taxonomy":"product_brand","embeddable":true,"href":"https:\/\/havamall.com\/en\/wp-json\/wp\/v2\/product_brand?post=26235"},{"taxonomy":"product_cat","embeddable":true,"href":"https:\/\/havamall.com\/en\/wp-json\/wp\/v2\/product_cat?post=26235"},{"taxonomy":"product_tag","embeddable":true,"href":"https:\/\/havamall.com\/en\/wp-json\/wp\/v2\/product_tag?post=26235"}],"curies":[{"name":"wp","href":"https:\/\/api.w.org\/{rel}","templated":true}]}}