{"id":26313,"date":"2022-04-14T15:03:05","date_gmt":"2022-04-14T08:03:05","guid":{"rendered":"https:\/\/havamall.com\/?post_type=product&#038;p=26313"},"modified":"2025-06-16T11:32:21","modified_gmt":"2025-06-16T04:32:21","slug":"bot-bo-kho-havafood-tui-100g-beef-stew","status":"publish","type":"product","link":"https:\/\/havamall.com\/en\/shop\/bot-bo-kho-havafood-tui-100g-beef-stew\/","title":{"rendered":"B\u1ed9t B\u00f2 Kho Havafood T\u00fai 100g &#8211; Beef Stew"},"content":{"rendered":"<p>B\u00f2 kho l\u00e0 m\u1ed9t m\u00f3n \u0103n \u0111\u01b0\u1ee3c coi l\u00e0 \u201cc\u1eeda ng\u00f5\u201d ho\u00e0n h\u1ea3o \u0111\u1ec3 ch\u1ea1m v\u00e0o \u1ea9m th\u1ef1c Vi\u1ec7t Nam. M\u00f3n b\u00f2 kho c\u00f3 h\u01b0\u01a1ng th\u01a1m \u0111\u1eb7c tr\u01b0ng c\u1ee7a c\u00e1c lo\u1ea1i gia v\u1ecb th\u1ea3o m\u1ed9c, m\u00e0u s\u1eafc h\u1ea5p d\u1eabn, mi\u1ebfng b\u00f2 kho m\u1ec1m, ng\u1ecdt ngon th\u1ea5m v\u1ecb h\u00f2a quy\u1ec7n v\u1edbi ch\u1ea5t cay n\u1ed3ng c\u1ee7a ti\u00eau \u1edbt, \u0103n v\u1edbi b\u00e1nh m\u00ec, h\u1ee7 ti\u1ebfu, c\u01a1m n\u00f3ng \u0111\u1ec1u r\u1ea5t h\u1ee3p.<\/p>\n<p><img fetchpriority=\"high\" decoding=\"async\" class=\"wp-image-26363 aligncenter\" src=\"https:\/\/havamall.com\/wp-content\/uploads\/2022\/04\/decor-b\u00f2-kho-2-1-300x300.png\" alt=\"\" width=\"661\" height=\"660\" \/><\/p>\n<p>Ch\u00ednh b\u1edfi l\u1ebd \u0111\u00f3, m\u00f3n b\u00f2 kho th\u1eadt s\u1ef1 l\u00e0 m\u1ed9t m\u00f3n \u0103n c\u1ee7a ng\u01b0\u1eddi vi\u1ec7t, b\u00ean c\u1ea1nh c\u00e1c m\u00f3n nh\u01b0 c\u00e1 kho, m\u1eafm kho, g\u00e0 kho, heo kho\u2026D\u1ea7n d\u1ea7n, b\u00f2 kho c\u00f3 m\u1eb7t \u1edf kh\u00e1p m\u1ecdi n\u01a1i t\u1ea1i S\u00e0i G\u00f2n, t\u1eeb c\u00e1c ch\u1ee3, ngo\u00e0i tr\u1eddi, qu\u00e1n c\u00e0 ph\u00ea b\u00ecnh d\u00e2n \u0111\u1ebfn nh\u00e0 h\u00e0ng sang tr\u1ecdng. Ng\u01b0\u1eddi ta c\u00f3 th\u1ec3 \u0103n b\u00f2 kho v\u00e0o m\u1ecdi b\u1eefa trong ng\u00e0y c\u00f9ng v\u1edbi b\u00e1nh m\u1ef3 baguette, c\u01a1m hay m\u00ec.<\/p>\n<p>V\u1edbi b\u1ed9t b\u00f2 kho c\u00e1ch n\u1ea5u m\u00f3n b\u00f2 kho tr\u1edf n\u00ean d\u1ea7n \u0111\u01a1n gi\u1ea3n v\u00e0 lu\u00f4n t\u1ea1o ra s\u1ef1 \u0111\u1eadm \u0111\u00e0 \u0111\u1ea7y ch\u1ea5t ri\u00eang khi s\u1eed d\u1ee5ng b\u1ed9t gia v\u1ecb b\u00f2 kho Havafood.<\/p>\n<p><img decoding=\"async\" class=\"wp-image-26316 aligncenter\" src=\"https:\/\/havamall.com\/wp-content\/uploads\/2022\/04\/cac-mon-bo-ngon-de-lam-300x206.png\" alt=\"\" width=\"652\" height=\"448\" \/><\/p>\n<h3><strong>\u0110\u1eb7c \u0111i\u1ec3m n\u1ed5i b\u1eadt c\u1ee7a s\u1ea3n ph\u1ea9m:<\/strong><\/h3>\n<p>&#8211; \u0110\u01b0\u1ee3c s\u1ea3n xu\u1ea5t theo c\u00f4ng ngh\u1ec7 hi\u1ec7n \u0111\u1ea1i k\u1ebft h\u1ee3p v\u1edbi c\u00f4ng th\u1ee9c gia truy\u1ec1n mang \u0111\u1ebfn h\u01b0\u01a1ng v\u1ecb th\u01a1m ngon cho c\u00e1c m\u00f3n \u0103n khi ch\u1ebf bi\u1ebfn.<\/p>\n<p>&#8211; Th\u00eam v\u00e0o \u0111\u00f3, s\u1ea3n ph\u1ea9m kh\u00f4ng ch\u1ee9a c\u00e1c ch\u1ea5t b\u1ea3o qu\u1ea3n \u0111\u1ed9c h\u1ea1i, \u0111\u1ea3m b\u1ea3o an to\u00e0n s\u1ee9c kh\u1ecfe cho ng\u01b0\u1eddi d\u00f9ng.<\/p>\n<p>&#8211; B\u1ed9t gia v\u1ecb b\u00f2 kho mang h\u01b0\u01a1ng v\u1ecb th\u01a1m ngon, t\u1ea1o n\u00ean s\u1ef1 h\u1ea5p d\u1eabn \u0111\u1eb7c tr\u01b0ng cho m\u00f3n b\u00f2 kho y\u00eau th\u00edch.<\/p>\n<h3><strong>C\u00f4ng D\u1ee5ng:<\/strong><\/h3>\n<p>C\u00e1ch l\u00e0m b\u00f2 kho b\u1eb1ng g\u00f3i b\u1ed9t gia v\u1ecb b\u00f2 kho gi\u00fap cho c\u00e1ch n\u1ea5u b\u00f2 kho tr\u1edf n\u00ean kh\u00f4ng nh\u1eefng ngon, kh\u00f4ng qu\u00e1 c\u1ea7u k\u00ec nh\u01b0ng lu\u00f4n \u0111em l\u1ea1i m\u1ef9 v\u1ecb tr\u1ecdn v\u1eb9n c\u1ee7a ri\u00eang m\u1ed7i ng\u01b0\u1eddi.<\/p>\n<p><img decoding=\"async\" class=\"wp-image-26317 aligncenter\" src=\"https:\/\/havamall.com\/wp-content\/uploads\/2022\/04\/Bo-kho-1_1-1-1199x800-300x200.png\" alt=\"\" width=\"681\" height=\"453\" \/><\/p>\n<h3><strong>H\u01b0\u1edbng d\u1eabn s\u1eed d\u1ee5ng:<\/strong><\/h3>\n<p>&#8211; \u01af\u1edbp 1.5kg th\u1ecbt b\u00f2 v\u1edbi g\u00f3i b\u1ed9t b\u00f2 kho trong 15 ph\u00fat.<\/p>\n<p>&#8211; Phi th\u01a1m h\u00e0nh t\u1ecfi, cho th\u1ecbt b\u00f2 v\u00e0o x\u00e0o s\u0103n. \u0110\u1ed5 n\u01b0\u1edbc ng\u1eadp ph\u1ea7n th\u1ecbt, h\u1ea7m \u0111\u1ebfn khi th\u1ecbt m\u1ec1m, n\u00eam n\u1ebfm cho v\u1eeba \u0103n.<\/p>\n<p>&#8211; Sau c\u00f9ng cho m\u1ed9t \u00edt b\u1ed9t n\u0103ng \u0111\u00e3 h\u00f2a tan t\u1ea1o \u0111\u1ed9 s\u1ec7t.<\/p>\n<p>&#8211; Th\u00eam c\u00e0 r\u1ed1t, c\u1ee7 c\u1ea3i tr\u1eafng, khoai t\u00e2y t\u00f9y th\u00edch.<\/p>\n<p>&#8211; D\u00f9ng v\u1edbi b\u00e1nh m\u1ef3 hay h\u1ee7 ti\u1ebfu<\/p>","protected":false},"excerpt":{"rendered":"<p>B\u00f2 kho l\u00e0 m\u1ed9t m\u00f3n \u0103n \u0111\u01b0\u1ee3c coi l\u00e0 \u201cc\u1eeda ng\u00f5\u201d ho\u00e0n h\u1ea3o \u0111\u1ec3 ch\u1ea1m v\u00e0o \u1ea9m th\u1ef1c Vi\u1ec7t Nam.<\/p>","protected":false},"featured_media":40715,"comment_status":"open","ping_status":"closed","template":"","meta":[],"product_brand":[],"product_cat":[595,36,134],"product_tag":[],"class_list":{"0":"post-26313","1":"product","2":"type-product","3":"status-publish","4":"has-post-thumbnail","6":"product_cat-gia-vi-va-che-bien","7":"product_cat-thuc-pham-tieu-dung","8":"product_cat-thucpham-saykho","9":"pa_brand-skx","11":"first","12":"instock","13":"sale","14":"shipping-taxable","15":"purchasable","16":"product-type-simple"},"_links":{"self":[{"href":"https:\/\/havamall.com\/en\/wp-json\/wp\/v2\/product\/26313","targetHints":{"allow":["GET"]}}],"collection":[{"href":"https:\/\/havamall.com\/en\/wp-json\/wp\/v2\/product"}],"about":[{"href":"https:\/\/havamall.com\/en\/wp-json\/wp\/v2\/types\/product"}],"replies":[{"embeddable":true,"href":"https:\/\/havamall.com\/en\/wp-json\/wp\/v2\/comments?post=26313"}],"version-history":[{"count":0,"href":"https:\/\/havamall.com\/en\/wp-json\/wp\/v2\/product\/26313\/revisions"}],"wp:featuredmedia":[{"embeddable":true,"href":"https:\/\/havamall.com\/en\/wp-json\/wp\/v2\/media\/40715"}],"wp:attachment":[{"href":"https:\/\/havamall.com\/en\/wp-json\/wp\/v2\/media?parent=26313"}],"wp:term":[{"taxonomy":"product_brand","embeddable":true,"href":"https:\/\/havamall.com\/en\/wp-json\/wp\/v2\/product_brand?post=26313"},{"taxonomy":"product_cat","embeddable":true,"href":"https:\/\/havamall.com\/en\/wp-json\/wp\/v2\/product_cat?post=26313"},{"taxonomy":"product_tag","embeddable":true,"href":"https:\/\/havamall.com\/en\/wp-json\/wp\/v2\/product_tag?post=26313"}],"curies":[{"name":"wp","href":"https:\/\/api.w.org\/{rel}","templated":true}]}}