{"id":26331,"date":"2022-04-15T09:38:18","date_gmt":"2022-04-15T02:38:18","guid":{"rendered":"https:\/\/havamall.com\/?post_type=product&#038;p=26331"},"modified":"2025-10-10T15:54:43","modified_gmt":"2025-10-10T08:54:43","slug":"gia-vi-hoan-chinh-lau-bo-havafood-110g","status":"publish","type":"product","link":"https:\/\/havamall.com\/en\/shop\/gia-vi-hoan-chinh-lau-bo-havafood-110g\/","title":{"rendered":"Gia V\u1ecb Ho\u00e0n Ch\u1ec9nh L\u1ea9u B\u00f2 Havafood 110g"},"content":{"rendered":"<p>C\u00e1ch n\u1ea5u l\u1ea9u b\u00f2\u00a0nh\u00ecn c\u00f3 v\u1ebb ph\u1ee9c t\u1ea1p nh\u01b0ng khi b\u1eaft tay v\u00e0o th\u1ef1c hi\u1ec7n th\u00ec kh\u00f4ng m\u1ea5t qu\u00e1 nhi\u1ec1u c\u00f4ng s\u1ee9c c\u0169ng nh\u01b0 th\u1eddi gian v\u00ec \u0111\u00e3 c\u00f3 g\u00f3i\u00a0gia v\u1ecb n\u1ea5u l\u1ea9u b\u00f2 Havafood\u00a0m\u00e0 b\u1ea1n \u0111\u00e3 c\u00f3 th\u1ec3 cho ra m\u1ed9t n\u1ed3i l\u1ea9u th\u01a1m ngon n\u1ee9c m\u0169i.<\/p>\n<p>Gia v\u1ecb l\u1ea9u b\u00f2 l\u00e0 s\u1ef1 k\u1ebft h\u1ee3p h\u00e0i h\u00f2a c\u1ee7a t\u1ea5t c\u1ea3 c\u00e1c lo\u1ea1i gia v\u1ecb c\u1ea7n thi\u1ebft cho m\u00f3n l\u1ea9u b\u00f2. Ch\u1ec9 c\u1ea7n cho s\u1ea3n ph\u1ea9m v\u00e0o n\u01b0\u1edbc khi n\u1ea5u, th\u1eadt nhanh ch\u00f3ng v\u00e0 d\u1ec5 d\u00e0ng, b\u1ea1n s\u1ebd c\u00f3 ngay m\u00f3n l\u1ea9u \u0111u\u00f4i b\u00f2 th\u01a1m ngon, h\u00e0i h\u00f2a v\u1edbi n\u01b0\u1edbc d\u00f9ng t\u1eeb \u0111u\u00f4i v\u00e0 th\u1ecbt b\u00f2.<\/p>\n<p><img fetchpriority=\"high\" decoding=\"async\" class=\"wp-image-26336 aligncenter\" src=\"https:\/\/havamall.com\/wp-content\/uploads\/2022\/04\/lau-duoi-bo-tiem-18-loai-thao-duoc-300x225.png\" alt=\"\" width=\"638\" height=\"478\" \/><\/p>\n<p>S\u1ea3n ph\u1ea9m v\u1edbi c\u00e1c th\u00e0nh ph\u1ea7n t\u1eeb nguy\u00ean li\u1ec7u ch\u1ecdn l\u1ecdc nh\u01b0: b\u1ed9t n\u01b0\u1edbc h\u1ea7m x\u01b0\u01a1ng v\u00e0 \u0111u\u00f4i b\u00f2, chi\u1ebft xu\u1ea5t c\u00f4 \u0111\u1eb7c (t\u1eeb th\u1ecbt, x\u01b0\u01a1ng \u1ed1ng v\u00e0 x\u01b0\u01a1ng s\u01b0\u1eddn), qu\u1ebf, h\u1ed3i, ti\u00eau, \u1edbt, h\u00e0nh, s\u1ea3&#8230; \u0111em \u0111\u1ebfn h\u01b0\u01a1ng v\u1ecb th\u01a1m ngon cho m\u00f3n l\u1ea9u c\u1ee7a gia \u0111\u00ecnh. Gi\u1edd \u0111\u00e2y, c\u1ea3 gia \u0111\u00ecnh b\u1ea1n c\u00f3 th\u1ec3 t\u1eadn h\u01b0\u1edfng kh\u00f4ng kh\u00ed \u0111\u1ea7m \u1ea5m v\u1edbi m\u00f3n l\u1ea9u b\u00f2 ngon nh\u01b0 \u1edf nh\u00e0 h\u00e0ng v\u00e0o b\u1ea5t c\u1ee9 khi n\u00e0o m\u00e0 b\u1ea1n mu\u1ed1n ngay t\u1ea1i nh\u00e0.<\/p>\n<p><img decoding=\"async\" class=\"wp-image-26335 aligncenter\" src=\"https:\/\/havamall.com\/wp-content\/uploads\/2022\/04\/pho_hoi_tho_da0056-edit_8eb4ffa25f6a43f5b6beff0d6baaa010_master-300x213.png\" alt=\"\" width=\"645\" height=\"458\" \/><\/p>\n<h3><strong>Th\u00e0nh ph\u1ea7n:<\/strong><\/h3>\n<p>&#8211; Gia v\u1ecb vi\u00ean: Mu\u1ed1i, \u0111\u01b0\u1eddng, b\u1ed9t b\u00f2, g\u1eebng, \u0111\u1ea1i h\u1ed3i, ti\u00eau, qu\u1ebf, h\u00e0nh, t\u1ecfi, tr\u1ea7n b\u00ec,&#8230;<\/p>\n<p>&#8211; Gia v\u1ecb kh\u00f4 : G\u1eebng, h\u00e0nh t\u00edm, \u1edbt kh\u00f4, qu\u1ebf, \u0111\u1eb3ng s\u00e2m, \u0111\u01b0\u01a1ng quy, k\u1ef7 t\u1eed, ho\u00e0i s\u01a1n, t\u00e1o \u0111\u1ecf, \u0111\u1ed7 tr\u1ecdng, b\u1ea1ch ch\u1ec9, ho\u00e0ng k\u1ef3, h\u00e0nh t\u00e2y, \u0111\u1ea1i h\u1ed3i, th\u1ea3o qu\u1ea3 xanh,&#8230;<\/p>\n<p><img decoding=\"async\" class=\"wp-image-26337 aligncenter\" src=\"https:\/\/havamall.com\/wp-content\/uploads\/2022\/04\/Quan-Thang-dau-300x282.png\" alt=\"\" width=\"645\" height=\"607\" \/><\/p>\n<h3><strong>H\u01b0\u1edbng d\u1eabn s\u1eed d\u1ee5ng<\/strong> :<\/h3>\n<p>&gt; Cho g\u00f3i gia v\u1ecb vi\u00ean v\u00e0o 3.5-4 l\u00edt n\u01b0\u1edbc x\u01b0\u01a1ng h\u1ea7m n\u1ea5u s\u00f4i.<\/p>\n<p>&gt; Cho ph\u1ea7n gia v\u1ecb kh\u00f4 v\u00e0o n\u1ea5u th\u00eam kho\u1ea3ng 10-15 ph\u00fat.<\/p>\n<p>&gt; Th\u00eam th\u1ecbt b\u00f2, g\u00e2n b\u00f2, \u0111\u1eadu h\u0169,&#8230; D\u00f9ng k\u00e8m v\u1edbi m\u00ec ho\u1eb7c b\u00fan v\u00e0 rau theo \u00fd th\u00edch.<\/p>","protected":false},"excerpt":{"rendered":"<p>C\u00e1ch n\u1ea5u l\u1ea9u b\u00f2\u00a0nh\u00ecn c\u00f3 v\u1ebb ph\u1ee9c t\u1ea1p nh\u01b0ng khi b\u1eaft tay v\u00e0o th\u1ef1c hi\u1ec7n th\u00ec kh\u00f4ng m\u1ea5t qu\u00e1 nhi\u1ec1u<\/p>","protected":false},"featured_media":26339,"comment_status":"open","ping_status":"closed","template":"","meta":[],"product_brand":[],"product_cat":[595,36,134],"product_tag":[],"class_list":{"0":"post-26331","1":"product","2":"type-product","3":"status-publish","4":"has-post-thumbnail","6":"product_cat-gia-vi-va-che-bien","7":"product_cat-thuc-pham-tieu-dung","8":"product_cat-thucpham-saykho","9":"pa_brand-skx","11":"first","12":"outofstock","13":"sale","14":"shipping-taxable","15":"purchasable","16":"product-type-simple"},"_links":{"self":[{"href":"https:\/\/havamall.com\/en\/wp-json\/wp\/v2\/product\/26331","targetHints":{"allow":["GET"]}}],"collection":[{"href":"https:\/\/havamall.com\/en\/wp-json\/wp\/v2\/product"}],"about":[{"href":"https:\/\/havamall.com\/en\/wp-json\/wp\/v2\/types\/product"}],"replies":[{"embeddable":true,"href":"https:\/\/havamall.com\/en\/wp-json\/wp\/v2\/comments?post=26331"}],"version-history":[{"count":0,"href":"https:\/\/havamall.com\/en\/wp-json\/wp\/v2\/product\/26331\/revisions"}],"wp:featuredmedia":[{"embeddable":true,"href":"https:\/\/havamall.com\/en\/wp-json\/wp\/v2\/media\/26339"}],"wp:attachment":[{"href":"https:\/\/havamall.com\/en\/wp-json\/wp\/v2\/media?parent=26331"}],"wp:term":[{"taxonomy":"product_brand","embeddable":true,"href":"https:\/\/havamall.com\/en\/wp-json\/wp\/v2\/product_brand?post=26331"},{"taxonomy":"product_cat","embeddable":true,"href":"https:\/\/havamall.com\/en\/wp-json\/wp\/v2\/product_cat?post=26331"},{"taxonomy":"product_tag","embeddable":true,"href":"https:\/\/havamall.com\/en\/wp-json\/wp\/v2\/product_tag?post=26331"}],"curies":[{"name":"wp","href":"https:\/\/api.w.org\/{rel}","templated":true}]}}