{"id":26340,"date":"2022-04-15T11:07:23","date_gmt":"2022-04-15T04:07:23","guid":{"rendered":"https:\/\/havamall.com\/?post_type=product&#038;p=26340"},"modified":"2023-06-09T10:20:02","modified_gmt":"2023-06-09T03:20:02","slug":"gia-vi-lau-nam-hoan-chinh-havafood-goi-110g","status":"publish","type":"product","link":"https:\/\/havamall.com\/en\/shop\/gia-vi-lau-nam-hoan-chinh-havafood-goi-110g\/","title":{"rendered":"Gia V\u1ecb L\u1ea9u N\u1ea5m Ho\u00e0n Ch\u1ec9nh Havafood G\u00f3i 110g"},"content":{"rendered":"<p>L\u1ea9u n\u1ea5m l\u00e0 m\u1ed9t trong c\u00e1c m\u00f3n l\u1ea9u \u0111\u01b0\u1ee3c nhi\u1ec1u ng\u01b0\u1eddi y\u00eau th\u00edch, ch\u1ec9 v\u1edbi g\u00f3i gia v\u1ecb ho\u00e0n ch\u1ec9nh l\u1ea9u n\u1ea5m Havafood b\u1ea1n \u0111\u00e3 c\u00f3 ngay m\u1ed9t n\u1ed3i l\u1ea9u th\u01a1m ngon h\u1ea5p d\u1eabn v\u00e0 \u0111\u1ea3m b\u1ea3o v\u1ec7 sinh m\u00e0 kh\u00f4ng t\u1ed1n qu\u00e1 nhi\u1ec1u th\u1eddi gian.<\/p>\n<p>Gia v\u1ecb l\u1ea9u n\u1ea5m Havafood\u00a0gi\u00fap b\u1ea1n ti\u1ebft ki\u1ec7m th\u1eddi gian m\u00e0 v\u1eabn c\u00f3 n\u1ed3i n\u01b0\u1edbc l\u1ea9u \u0111\u1eadm \u0111\u00e0 v\u00e0 ch\u1ea5t l\u01b0\u1ee3ng.\u00a0Gia v\u1ecb l\u1ea9u n\u1ea5m\u00a0\u0111\u1eadm \u0111\u00e0 v\u1ecb l\u1ea9u n\u1ea5m h\u01b0\u01a1ng mang \u0111\u1ebfn h\u01b0\u01a1ng v\u1ecb ngon nh\u01b0 \u1edf ti\u1ec7m.\u00a0Gia v\u1ecb n\u1ea5u s\u1eb5n\u00a0ti\u1ec7n l\u1ee3i, l\u00e0 s\u1ea3n ph\u1ea9m n\u00ean c\u00f3 s\u1eb5n trong m\u1ecdi gian b\u1ebfp.<\/p>\n<p><img fetchpriority=\"high\" decoding=\"async\" class=\"wp-image-26342 aligncenter\" src=\"https:\/\/havamall.com\/wp-content\/uploads\/2022\/04\/maxresdefault-300x169.jpg\" alt=\"\" width=\"703\" height=\"396\" \/><\/p>\n<p>S\u1ea3n ph\u1ea9m v\u1edbi c\u00e1c th\u00e0nh ph\u1ea7n t\u1eeb nguy\u00ean li\u1ec7u ch\u1ecdn l\u1ecdc nh\u01b0: n\u1ea5m \u0111\u00f9i g\u00e0 h\u00e0nh t\u00edm, g\u1eebng, t\u1ecfi, \u1edbt, k\u1ef7 t\u1eed, n\u01b0\u1edbc c\u00f4 \u0111\u1eb7c t\u1eeb \u0111\u01b0\u1eddng, mu\u1ed1i, c\u1ea3i th\u1ea3o,&#8230; \u0111em \u0111\u1ebfn h\u01b0\u01a1ng v\u1ecb th\u01a1m ngon cho m\u00f3n l\u1ea9u c\u1ee7a gia \u0111\u00ecnh. L\u1ea9u n\u1ea5m s\u1ebd l\u00e0 m\u00f3n \u0103n tuy\u1ec7t v\u1eddi cho gia \u0111\u00ecnh b\u1ea1n b\u00e8 v\u00e0o c\u00e1c b\u1eefa ti\u1ec7c cu\u1ed1i tu\u1ea7n hay d\u1ecbp ngh\u1ec9 l\u1ec5.<\/p>\n<h3><strong>Th\u00e0nh ph\u1ea7n :<\/strong><\/h3>\n<p>&#8211; Gia v\u1ecb vi\u00ean: \u0110\u01b0\u1eddng, mu\u1ed1i, t\u01b0\u01a1ng h\u1ed9t \u0111\u1eadu n\u00e0nh, ti\u00eau, c\u1ea3i th\u1ea3o,&#8230;.<\/p>\n<p>&#8211; Gia v\u1ecb kh\u00f4: N\u1ea5m \u0111\u00f9i g\u00e0, h\u00e0nh t\u00edm, g\u1eebng, t\u1ecfi, \u1edbt, k\u1ef7 t\u1eed, c\u00e0 r\u1ed1t, h\u00e0nh t\u00e2y, \u0111\u1eb3ng s\u00e2m, ho\u00e0i s\u01a1n,&#8230;<\/p>\n<p><img decoding=\"async\" class=\"wp-image-26343 aligncenter\" src=\"https:\/\/havamall.com\/wp-content\/uploads\/2022\/04\/n\u1ea5m-1-300x200.png\" alt=\"\" width=\"701\" height=\"467\" \/><\/p>\n<h3><strong>H\u01b0\u1edbng d\u1eabn s\u1eed d\u1ee5ng : <\/strong><\/h3>\n<p>&gt; Cho g\u00f3i gia v\u1ecb vi\u00ean v\u00e0o 3.5-4 l\u00edt n\u01b0\u1edbc x\u01b0\u01a1ng h\u1ea7m b\u00f2 ho\u1eb7c g\u00e0 (N\u1ebfu \u0103n chay c\u00f3 th\u1ec3 thay b\u1eb1ng n\u01b0\u1edbc lu\u1ed9c m\u00eda lau, ng\u00f4 ho\u1eb7c c\u1ee7 c\u1ea3i) n\u1ea5u s\u00f4i.<\/p>\n<p>&gt; Cho ph\u1ea7n gia v\u1ecb kh\u00f4 v\u00e0o n\u1ea5u th\u00eam kho\u1ea3ng 10-15 ph\u00fat.<\/p>\n<p>&gt; Th\u00eam th\u1ecbt b\u00f2, h\u1ea3i s\u1ea3n, \u0111\u1eadu h\u0169,&#8230; D\u00f9ng k\u00e8m v\u1edbi m\u00ec ho\u1eb7c b\u00fan v\u00e0 rau theo \u00fd th\u00edch.<\/p>\n<p><img decoding=\"async\" class=\"wp-image-26344 aligncenter\" src=\"https:\/\/havamall.com\/wp-content\/uploads\/2022\/04\/n\u1ea5m-300x185.png\" alt=\"\" width=\"707\" height=\"436\" \/><\/p>","protected":false},"excerpt":{"rendered":"<p>L\u1ea9u n\u1ea5m l\u00e0 m\u1ed9t trong c\u00e1c m\u00f3n l\u1ea9u \u0111\u01b0\u1ee3c nhi\u1ec1u ng\u01b0\u1eddi y\u00eau th\u00edch, ch\u1ec9 v\u1edbi g\u00f3i gia v\u1ecb ho\u00e0n ch\u1ec9nh<\/p>","protected":false},"featured_media":26341,"comment_status":"open","ping_status":"closed","template":"","meta":[],"product_brand":[],"product_cat":[595,36,134],"product_tag":[],"class_list":{"0":"post-26340","1":"product","2":"type-product","3":"status-publish","4":"has-post-thumbnail","6":"product_cat-gia-vi-va-che-bien","7":"product_cat-thuc-pham-tieu-dung","8":"product_cat-thucpham-saykho","9":"pa_brand-skx","11":"first","12":"instock","13":"sale","14":"shipping-taxable","15":"purchasable","16":"product-type-simple"},"_links":{"self":[{"href":"https:\/\/havamall.com\/en\/wp-json\/wp\/v2\/product\/26340","targetHints":{"allow":["GET"]}}],"collection":[{"href":"https:\/\/havamall.com\/en\/wp-json\/wp\/v2\/product"}],"about":[{"href":"https:\/\/havamall.com\/en\/wp-json\/wp\/v2\/types\/product"}],"replies":[{"embeddable":true,"href":"https:\/\/havamall.com\/en\/wp-json\/wp\/v2\/comments?post=26340"}],"version-history":[{"count":0,"href":"https:\/\/havamall.com\/en\/wp-json\/wp\/v2\/product\/26340\/revisions"}],"wp:featuredmedia":[{"embeddable":true,"href":"https:\/\/havamall.com\/en\/wp-json\/wp\/v2\/media\/26341"}],"wp:attachment":[{"href":"https:\/\/havamall.com\/en\/wp-json\/wp\/v2\/media?parent=26340"}],"wp:term":[{"taxonomy":"product_brand","embeddable":true,"href":"https:\/\/havamall.com\/en\/wp-json\/wp\/v2\/product_brand?post=26340"},{"taxonomy":"product_cat","embeddable":true,"href":"https:\/\/havamall.com\/en\/wp-json\/wp\/v2\/product_cat?post=26340"},{"taxonomy":"product_tag","embeddable":true,"href":"https:\/\/havamall.com\/en\/wp-json\/wp\/v2\/product_tag?post=26340"}],"curies":[{"name":"wp","href":"https:\/\/api.w.org\/{rel}","templated":true}]}}