{"id":26410,"date":"2022-04-22T15:42:50","date_gmt":"2022-04-22T08:42:50","guid":{"rendered":"https:\/\/havamall.com\/?post_type=product&#038;p=26410"},"modified":"2025-12-03T04:13:27","modified_gmt":"2025-12-02T21:13:27","slug":"dau-cuc-hap-chin-greenone-450g","status":"publish","type":"product","link":"https:\/\/havamall.com\/en\/shop\/dau-cuc-hap-chin-greenone-450g\/","title":{"rendered":"\u0110\u1eadu C\u00fac H\u1ea5p Ch\u00edn GreenOne T\u00fai 450g &#8211; Frozen Cooked Pinto Beans"},"content":{"rendered":"<h4><strong>TH\u00d4NG TIN S\u1ea2N PH\u1ea8M<\/strong><\/h4>\n<table width=\"750\">\n<tbody>\n<tr>\n<td>Th\u01b0\u01a1ng hi\u1ec7u<\/td>\n<td>Green One<\/td>\n<\/tr>\n<tr>\n<td>Xu\u1ea5t x\u1ee9<\/td>\n<td>Vi\u1ec7t Nam<\/td>\n<\/tr>\n<tr>\n<td>Th\u00e0nh ph\u1ea7n<\/td>\n<td>100% \u0111\u1eadu c\u00fac<\/td>\n<\/tr>\n<tr>\n<td>H\u1ea1n s\u1eed d\u1ee5ng<\/td>\n<td>12 th\u00e1ng k\u1ec3 t\u1eeb ng\u00e0y s\u1ea3n xu\u1ea5t.<\/td>\n<\/tr>\n<tr>\n<td>B\u1ea3o qu\u1ea3n<\/td>\n<td>B\u1ea3o qu\u1ea3n \u1edf nhi\u1ec7t \u0111\u1ed9 -18 \u0111\u1ed9 C<\/td>\n<\/tr>\n<tr>\n<td>Kh\u1ed1i l\u01b0\u1ee3ng<\/td>\n<td>450gr<\/td>\n<\/tr>\n<\/tbody>\n<\/table>\n<p>\u0110\u1eadu pinto \u2013 hay c\u00f2n g\u1ecdi l\u00e0 \u0111\u1eadu c\u00fac (\u0111\u1eadu \u0111\u1ed1m), l\u00e0 m\u1ed9t lo\u1ea1i \u0111\u1eadu r\u1ea5t \u201cn\u1ed5i ti\u1ebfng\u201d t\u1ea1i M\u1ef9 v\u00e0 Mexico v\u00ec nh\u1eefng l\u1ee3i \u00edch dinh d\u01b0\u1ee1ng r\u1ea5t t\u1ed1t cho s\u1ee9c kh\u1ecfe. Lo\u1ea1i \u0111\u1eadu c\u00f3 ngu\u1ed3n g\u1ed1c t\u1eeb \u1ea4n \u0110\u1ed9 n\u00e0y c\u00f3 l\u1edbp v\u1ecf m\u00e0u \u0111\u1ecf ho\u1eb7c tr\u1eafng v\u00e0 \u0111\u01b0\u1ee3c \u01b0a chu\u1ed9ng kh\u00f4ng k\u00e9m g\u00ec \u0111\u1eadu n\u00e0nh. T\u1ea1i n\u01b0\u1edbc ta, do c\u00f3 h\u01b0\u01a1ng v\u1ecb th\u01a1m b\u00f9i \u0111\u1eb7c tr\u01b0ng v\u00e0 gi\u00e0u \u0111\u1ea1m, \u0111\u1eadu pinto c\u0169ng th\u01b0\u1eddng \u0111\u01b0\u1ee3c s\u1eed d\u1ee5ng \u0111\u1ec3 ch\u1ebf bi\u1ebfn c\u00e1c m\u00f3n s\u00fap, canh h\u1ea7m c\u00f9ng salad tr\u1ed9n.<\/p>\n<p>\u0110\u1eadu pinto kh\u00f4ng ch\u1ec9 gi\u00e0u protein, \u0111\u1eadu pinto c\u00f2n l\u00e0 ngu\u1ed3n gi\u00e0u ch\u1ea5t x\u01a1 c\u00f9ng nhi\u1ec1u d\u01b0\u1ee1ng ch\u1ea5t kh\u00e1c. V\u00e0 \u0111\u1eb7c bi\u1ec7t, lo\u1ea1i \u0111\u1eadu n\u00e0y ch\u00ednh l\u00e0 ngu\u1ed3n th\u1ef1c ph\u1ea9m c\u1ef1c k\u1ef3 t\u1ed1t cho h\u1ec7 ti\u00eau h\u00f3a v\u00e0 gi\u00fap\u00a0ng\u0103n ng\u1eeba b\u1ec7nh ti\u1ec3u \u0111\u01b0\u1eddng.<\/p>\n<p><img fetchpriority=\"high\" decoding=\"async\" class=\"wp-image-26412 aligncenter\" src=\"https:\/\/havamall.com\/wp-content\/uploads\/2022\/04\/Creole-Spiced-Pinto-Bean-and-Pearl-CousCous-Breakfast-Bowl-240x300.jpg\" alt=\"\" width=\"735\" height=\"919\" \/><\/p>\n<h3><strong>C\u00f4ng d\u1ee5ng c\u1ee7a \u0111\u1eadu c\u00fac:<\/strong><\/h3>\n<p>Ch\u1ee9a nhi\u1ec1u c\u00e1c carbohydrate cung c\u1ea5p l\u01b0\u1ee3ng ch\u1ea5t x\u01a1 c\u00f9ng ngu\u1ed3n n\u0103ng l\u01b0\u1ee3ng \u00edt calo, \u0111\u1ea7y \u0111\u1ee7 2 lo\u1ea1i ch\u1ea5t x\u01a1 t\u1ed1t cho s\u1ee9c kho\u1ebb.<\/p>\n<p>\u0110\u1eadu pinto gi\u00fap ng\u0103n ng\u1eeba b\u1ec7nh ti\u00eau h\u00f3a v\u00e0 ti\u1ec3u \u0111\u01b0\u1eddng<\/p>\n<p>\u0110\u1eadu pinto r\u1ea5t gi\u00e0u axit folic \u2013 ch\u1ea5t c\u1ea7n thi\u1ebft cho s\u1ef1 ph\u00e1t tri\u1ec3n l\u00e0nh m\u1ea1nh c\u1ee7a t\u1ebf b\u00e0o n\u00e3o, gi\u00fap c\u1ea3i thi\u1ec7n c\u00e1c ch\u1ee9c n\u0103ng c\u1ee7a h\u1ec7 th\u1ea7n kinh.<\/p>\n<p>V\u00ec r\u1ea5t gi\u00e0u axit folic v\u00e0 vitamin B, \u0111\u1eadu c\u00fac gi\u00fap ph\u1ee5 n\u1eef mang thai kh\u1ecfe m\u1ea1nh v\u00e0 t\u1ed1t cho s\u1ef1 ph\u00e1t tri\u1ec3n c\u1ee7a thai nhi.<\/p>\n<p>\u0110\u1eadu pinto r\u1ea5t gi\u00e0u h\u00e0m l\u01b0\u1ee3ng protein, \u0103n th\u01b0\u1eddng xuy\u00ean gi\u00fap t\u00f3c ch\u1eafc kho\u1ebb h\u01a1n v\u00e0 ng\u0103n ng\u1eeba r\u1ee5ng t\u00f3c hi\u1ec7u qu\u1ea3.<\/p>\n<p><img decoding=\"async\" class=\"wp-image-20944 aligncenter\" src=\"https:\/\/havamall.com\/wp-content\/uploads\/2021\/07\/c7bc295cd8e32e92ff74f84c4a7a6cf8-300x193.jpg\" alt=\"\" width=\"744\" height=\"479\" \/><\/p>\n<h3><strong>\u01afu \u0111i\u1ec3m v\u01b0\u1ee3t tr\u1ed9i:<\/strong><\/h3>\n<p>&gt; L\u00e0 s\u1ea3n ph\u1ea9m \u0111\u1eadu h\u1ea5p ch\u00edn \u0111\u00f4ng l\u1ea1nh \u0111\u1ea7u ti\u00ean c\u00f3 m\u1eb7t t\u1ea1i th\u1ecb tr\u01b0\u1eddng Vi\u1ec7t Nam.<\/p>\n<p>&gt; S\u1eed d\u1ee5ng \u0111\u1eadu kh\u00f4ng bi\u1ebfn \u0111\u1ed5i gen b\u1ea3o \u0111\u1ea3m s\u1ee9c kho\u1ebb cho ng\u01b0\u1eddi ti\u00eau d\u00f9ng.<\/p>\n<p>&gt; Gi\u00e0u \u0111\u1ea1m v\u00e0 ch\u1ea5t x\u01a1 ph\u00f9 h\u1ee3p cho kh\u1ea9u ph\u1ea7n \u0103n dinh d\u01b0\u1ee1ng h\u00e0ng ng\u00e0y.<\/p>\n<p>&gt; Ti\u1ebft ki\u1ec7m th\u1eddi gian v\u00e0 nhi\u00ean li\u1ec7u ch\u1ebf bi\u1ebfn, c\u00f3 th\u1ec3 \u0103n \u0111\u01b0\u1ee3c ngay sau khi r\u00e3 \u0111\u00f4ng ho\u1eb7c n\u1ea5u \u0111\u01b0\u1ee3c ngay kh\u00f4ng c\u1ea7n r\u00e3 \u0111\u00f4ng.<\/p>\n<p>&gt; Thi\u1ebft k\u1ebf t\u00fai si\u00eau ti\u1ec7n l\u1ee3i, b\u1ea3o qu\u1ea3n trong th\u1eddi gian d\u00e0i trong ng\u0103n \u0111\u00f4ng t\u1ee7 l\u1ea1nh.<\/p>\n<h4><strong><img decoding=\"async\" class=\"wp-image-20941 aligncenter\" src=\"https:\/\/havamall.com\/wp-content\/uploads\/2021\/07\/trg-300x225.png\" alt=\"\" width=\"737\" height=\"554\" \/>H\u01af\u1edaNG D\u1eaaN S\u1eec D\u1ee4NG<\/strong><\/h4>\n<p>\u2013 D\u00f9ng tr\u1ef1c ti\u1ebfp khi n\u1ea5u n\u01b0\u1edbc ho\u1eb7c \u0103n tr\u1ef1c ti\u1ebfp sau ki r\u00e3 \u0111\u00f4ng.<\/p>\n<p>\u2013 C\u00f3 th\u1ec3 s\u1eed d\u1ee5ng s\u1ea3n ph\u1ea9m trong c\u00e1c c\u00f4ng th\u1ee9c n\u1ea5u \u0103n c\u00e1c m\u00f3n ch\u00ednh ho\u1eb7c ph\u1ee5 nh\u01b0: n\u1ea5u ch\u00e1o, n\u1ea5u sup, n\u1ea5u ch\u00e8, n\u1ea5u x\u00f4i, n\u1ea5u, d\u00f9ng l\u00e0m salad ho\u1eb7c l\u00e0m b\u00e1nh.<\/p>\n<p>S\u1ea3n ph\u1ea9m hi\u1ec7n \u0111\u00e3 c\u00f3 m\u1eb7t t\u1ea1i Havamall.<\/p>","protected":false},"excerpt":{"rendered":"<p>TH\u00d4NG TIN S\u1ea2N PH\u1ea8M Th\u01b0\u01a1ng hi\u1ec7u Green One Xu\u1ea5t x\u1ee9 Vi\u1ec7t Nam Th\u00e0nh ph\u1ea7n 100% \u0111\u1eadu c\u00fac H\u1ea1n s\u1eed d\u1ee5ng<\/p>","protected":false},"featured_media":26443,"comment_status":"open","ping_status":"closed","template":"","meta":[],"product_brand":[],"product_cat":[701,36,275],"product_tag":[],"class_list":{"0":"post-26410","1":"product","2":"type-product","3":"status-publish","4":"has-post-thumbnail","6":"product_cat-rau-cu","7":"product_cat-thuc-pham-tieu-dung","8":"product_cat-thuc-pham-dong-lanh","9":"pa_brand-tmt","11":"first","12":"outofstock","13":"sale","14":"shipping-taxable","15":"purchasable","16":"product-type-simple"},"_links":{"self":[{"href":"https:\/\/havamall.com\/en\/wp-json\/wp\/v2\/product\/26410","targetHints":{"allow":["GET"]}}],"collection":[{"href":"https:\/\/havamall.com\/en\/wp-json\/wp\/v2\/product"}],"about":[{"href":"https:\/\/havamall.com\/en\/wp-json\/wp\/v2\/types\/product"}],"replies":[{"embeddable":true,"href":"https:\/\/havamall.com\/en\/wp-json\/wp\/v2\/comments?post=26410"}],"version-history":[{"count":0,"href":"https:\/\/havamall.com\/en\/wp-json\/wp\/v2\/product\/26410\/revisions"}],"wp:featuredmedia":[{"embeddable":true,"href":"https:\/\/havamall.com\/en\/wp-json\/wp\/v2\/media\/26443"}],"wp:attachment":[{"href":"https:\/\/havamall.com\/en\/wp-json\/wp\/v2\/media?parent=26410"}],"wp:term":[{"taxonomy":"product_brand","embeddable":true,"href":"https:\/\/havamall.com\/en\/wp-json\/wp\/v2\/product_brand?post=26410"},{"taxonomy":"product_cat","embeddable":true,"href":"https:\/\/havamall.com\/en\/wp-json\/wp\/v2\/product_cat?post=26410"},{"taxonomy":"product_tag","embeddable":true,"href":"https:\/\/havamall.com\/en\/wp-json\/wp\/v2\/product_tag?post=26410"}],"curies":[{"name":"wp","href":"https:\/\/api.w.org\/{rel}","templated":true}]}}