{"id":26958,"date":"2022-05-27T13:36:07","date_gmt":"2022-05-27T06:36:07","guid":{"rendered":"https:\/\/havamall.com\/?post_type=product&#038;p=26958"},"modified":"2025-06-16T11:31:03","modified_gmt":"2025-06-16T04:31:03","slug":"bot-gia-vi-maroocan-havafoodies-goi-100g-maroocan-seasoning","status":"publish","type":"product","link":"https:\/\/havamall.com\/en\/shop\/bot-gia-vi-maroocan-havafoodies-goi-100g-maroocan-seasoning\/","title":{"rendered":"B\u1ed9t Gia V\u1ecb Moroccan Havafoodies G\u00f3i 100g &#8211; Moroccan Seasoning"},"content":{"rendered":"<p>B\u1ed9t gia v\u1ecb Moroccan l\u00e0 s\u1ef1 pha tr\u1ed9n ho\u00e0n h\u1ea3o c\u1ee7a c\u00e1c lo\u1ea1i gia v\u1ecb \u0111\u1ec3 t\u1ea1o ra h\u01b0\u01a1ng v\u1ecb l\u1ea5y c\u1ea3m h\u1ee9ng t\u1eeb Ma-r\u1ed1c.\u00a0V\u1edbi ngh\u1ec7, \u1edbt b\u1ed9t, th\u00eca l\u00e0 v\u00e0 m\u1ed9t ch\u00fat \u1edbt,&#8230;. Gia v\u1ecb Moroccan tuy kh\u00f4ng ph\u1ea3i l\u00e0 lo\u1ea1i gia v\u1ecb qu\u00e1 m\u1ea1nh nh\u01b0ng v\u1ecb c\u1ee7a n\u00f3 r\u1ea5t d\u1ec5 th\u1ea5m v\u00e0o nguy\u00ean li\u1ec7u n\u00ean li\u1ec1u l\u01b0\u1ee3ng s\u1eed d\u1ee5ng s\u1ebd \u00edt h\u01a1n so v\u1edbi c\u00e1c lo\u1ea1i gia v\u1ecb t\u1ed5ng h\u1ee3p kh\u00e1c, kho\u1ea3ng m\u1ed9t n\u1eeda l\u00e0 c\u00f3 th\u1ec3 d\u00f9ng \u0111\u01b0\u1ee3c.<\/p>\n<p><img fetchpriority=\"high\" decoding=\"async\" class=\"wp-image-26926 aligncenter\" src=\"https:\/\/havamall.com\/wp-content\/uploads\/2022\/05\/Moroccan-269x300.png\" alt=\"\" width=\"618\" height=\"690\" \/><\/p>\n<p>S\u1ea3n ph\u1ea9m \u0111\u01b0\u1ee3c s\u1ea3n xu\u1ea5t t\u1ea1i \u0110\u1ee9c theo c\u00f4ng th\u1ee9c ri\u00eang, s\u1eed d\u1ee5ng c\u00e1c lo\u1ea1i th\u1ea3o m\u1ed9c v\u00e0 gia v\u1ecb ch\u1ea5t l\u01b0\u1ee3ng \u0111\u1ec3 t\u1ea1o ra h\u1ed7n h\u1ee3p gia v\u1ecb c\u00e2n b\u1eb1ng, v\u1edbi h\u01b0\u01a1ng v\u1ecb l\u1ea5y c\u1ea3m h\u1ee9ng t\u1eeb Ma-r\u1ed1c \u0111\u00edch th\u1ef1c.<\/p>\n<p><span class=\"\">S\u1ea3n ph\u1ea9m ho\u00e0n h\u1ea3o v\u1edbi th\u1ecbt g\u00e0, th\u1ecbt c\u1eebu ho\u1eb7c s\u00fap l\u01a1 n\u01b0\u1edbng. Gia v\u1ecb Moroccan r\u1ea5t ph\u00f9 h\u1ee3p cho c\u00e1c m\u00f3n \u0103n t\u1eeb th\u1ecbt c\u1eebu, b\u00e1nh m\u00ec h\u1ea7m, c\u01a1m v\u00e0 g\u00e0.\u00a0Ch\u00e0 x\u00e1t kh\u1eafp th\u1ecbt c\u1eebu n\u01b0\u1edbng v\u00e0 sau \u0111\u00f3 n\u01b0\u1edbng tr\u00ean l\u1eeda nh\u1ecf cho \u0111\u1ebfn khi ch\u00edn.<\/span>\u00a0R\u1eafc gia v\u1ecb l\u00ean th\u1ecbt v\u00e0 rau y\u00eau th\u00edch c\u1ee7a b\u1ea1n tr\u01b0\u1edbc khi n\u01b0\u1edbng ho\u1eb7c \u00e1p ch\u1ea3o.<\/p>\n<p><img decoding=\"async\" class=\"wp-image-26925 aligncenter\" src=\"https:\/\/havamall.com\/wp-content\/uploads\/2022\/05\/moroccan-salmon-wi-1-300x200.png\" alt=\"\" width=\"642\" height=\"428\" \/><\/p>\n<h3><strong>H\u01b0\u1edbng d\u1eabn s\u1eed d\u1ee5ng:<\/strong><\/h3>\n<p>&#8211; \u01af\u1edbp g\u00e0 v\u1edbi d\u1ea7u v\u00e0 r\u1eafc Gia v\u1ecb Moroccan v\u00e0 n\u01b0\u1edbng cho m\u1ed9t m\u00f3n \u0103n l\u1ea1 mi\u1ec7ng \u0111\u01a1n gi\u1ea3n.<\/p>\n<p>&#8211; Th\u00eam v\u00e0o c\u00e1c m\u00f3n n\u01b0\u1edbng ng\u1ecdt nh\u01b0 kumara, c\u00e0 r\u1ed1t v\u00e0 b\u00ed ng\u00f4.<\/p>\n<p>&#8211; Th\u00eam v\u00e0o tagines v\u00e0 m\u00f3n h\u1ea7m \u0111\u1ec3 c\u00f3 h\u01b0\u01a1ng v\u1ecb l\u1ea1.<\/p>\n<p>&#8211; Ho\u00e0n h\u1ea3o tr\u00ean c\u00e1c lo\u1ea1i th\u1ecbt n\u01b0\u1edbng v\u00e0 BBQ, \u0111\u1eb7c bi\u1ec7t l\u00e0 th\u1ecbt g\u00e0 v\u00e0 th\u1ecbt c\u1eebu.<\/p>\n<p>&#8211; S\u1eed d\u1ee5ng \u0111\u1ec3 th\u00eam h\u01b0\u01a1ng v\u1ecb cho m\u00f3n h\u1ea7m v\u00e0 c\u01a1m.<\/p>\n<p><img decoding=\"async\" class=\"wp-image-26927 aligncenter\" src=\"https:\/\/havamall.com\/wp-content\/uploads\/2022\/05\/SFS-300x289.jpg\" alt=\"\" width=\"647\" height=\"623\" \/><\/p>","protected":false},"excerpt":{"rendered":"<p>B\u1ed9t gia v\u1ecb Moroccan l\u00e0 s\u1ef1 pha tr\u1ed9n ho\u00e0n h\u1ea3o c\u1ee7a c\u00e1c lo\u1ea1i gia v\u1ecb \u0111\u1ec3 t\u1ea1o ra h\u01b0\u01a1ng v\u1ecb<\/p>","protected":false},"featured_media":40714,"comment_status":"open","ping_status":"closed","template":"","meta":[],"product_brand":[],"product_cat":[595,36,134],"product_tag":[],"class_list":{"0":"post-26958","1":"product","2":"type-product","3":"status-publish","4":"has-post-thumbnail","6":"product_cat-gia-vi-va-che-bien","7":"product_cat-thuc-pham-tieu-dung","8":"product_cat-thucpham-saykho","10":"first","11":"outofstock","12":"sale","13":"shipping-taxable","14":"purchasable","15":"product-type-simple"},"_links":{"self":[{"href":"https:\/\/havamall.com\/en\/wp-json\/wp\/v2\/product\/26958","targetHints":{"allow":["GET"]}}],"collection":[{"href":"https:\/\/havamall.com\/en\/wp-json\/wp\/v2\/product"}],"about":[{"href":"https:\/\/havamall.com\/en\/wp-json\/wp\/v2\/types\/product"}],"replies":[{"embeddable":true,"href":"https:\/\/havamall.com\/en\/wp-json\/wp\/v2\/comments?post=26958"}],"version-history":[{"count":0,"href":"https:\/\/havamall.com\/en\/wp-json\/wp\/v2\/product\/26958\/revisions"}],"wp:featuredmedia":[{"embeddable":true,"href":"https:\/\/havamall.com\/en\/wp-json\/wp\/v2\/media\/40714"}],"wp:attachment":[{"href":"https:\/\/havamall.com\/en\/wp-json\/wp\/v2\/media?parent=26958"}],"wp:term":[{"taxonomy":"product_brand","embeddable":true,"href":"https:\/\/havamall.com\/en\/wp-json\/wp\/v2\/product_brand?post=26958"},{"taxonomy":"product_cat","embeddable":true,"href":"https:\/\/havamall.com\/en\/wp-json\/wp\/v2\/product_cat?post=26958"},{"taxonomy":"product_tag","embeddable":true,"href":"https:\/\/havamall.com\/en\/wp-json\/wp\/v2\/product_tag?post=26958"}],"curies":[{"name":"wp","href":"https:\/\/api.w.org\/{rel}","templated":true}]}}