{"id":26970,"date":"2022-05-27T15:14:30","date_gmt":"2022-05-27T08:14:30","guid":{"rendered":"https:\/\/havamall.com\/?post_type=product&#038;p=26970"},"modified":"2025-06-15T13:52:01","modified_gmt":"2025-06-15T06:52:01","slug":"bot-gia-vi-an-do-tandoori-masala-havafoodies-goi-100g","status":"publish","type":"product","link":"https:\/\/havamall.com\/en\/shop\/bot-gia-vi-an-do-tandoori-masala-havafoodies-goi-100g\/","title":{"rendered":"B\u1ed9t Gia V\u1ecb \u1ea4n \u0110\u1ed9 Tandoori Masala Havafoodies G\u00f3i 100g"},"content":{"rendered":"<h3><strong>TH\u00d4NG TIN S\u1ea2N PH\u1ea8M<\/strong><\/h3>\n<table>\n<tbody>\n<tr>\n<td>Th\u01b0\u01a1ng hi\u1ec7u<\/td>\n<td>Havafoodies<\/td>\n<\/tr>\n<tr>\n<td>Xu\u1ea5t x\u1ee9<\/td>\n<td>\u0110\u1ee9c<\/td>\n<\/tr>\n<tr>\n<td>Th\u00e0nh ph\u1ea7n<\/td>\n<td>Garam masala, t\u1ecfi, g\u1eebng, h\u00e0nh t\u00e2y, b\u1ed9t \u1edbt cajenne<\/td>\n<\/tr>\n<tr>\n<td>H\u1ea1n s\u1eed d\u1ee5ng<\/td>\n<td>24 th\u00e1ng k\u1ec3 t\u1eeb ng\u00e0y s\u1ea3n xu\u1ea5t.<\/td>\n<\/tr>\n<tr>\n<td>B\u1ea3o qu\u1ea3n<\/td>\n<td>B\u1ea3o qu\u1ea3n \u1edf n\u01a1i kh\u00f4 r\u00e1o, tho\u00e1ng m\u00e1t<\/td>\n<\/tr>\n<tr>\n<td>Kh\u1ed1i l\u01b0\u1ee3ng<\/td>\n<td>100g<\/td>\n<\/tr>\n<\/tbody>\n<\/table>\n<p>B\u1ed9t Tandoori Masala l\u00e0 lo\u1ea1i gia v\u1ecb kh\u00e1 n\u1ed5i ti\u1ebfng v\u00e0 ph\u1ed5 bi\u1ebfn \u0111\u01b0\u1ee3c s\u1eed d\u1ee5ng r\u1ea5t nhi\u1ec1u trong gi\u1edbi \u1ea9m th\u1ef1c, g\u1ed3m h\u1ed7n h\u1ee3p nhi\u1ec1u lo\u1ea1i gia v\u1ecb kh\u00e1c nhau \u0111\u01b0\u1ee3c s\u1eed d\u1ee5ng ph\u1ed5 bi\u1ebfn trong gi\u1edbi \u1ea9m th\u1ef1c \u1edf \u1ea4n \u0110\u1ed9 v\u00e0 Pakistan. . Nh\u00ecn chung, b\u1ed9t Tandoori Masala l\u00e0 lo\u1ea1i gia v\u1ecb \u0111\u01b0\u1ee3c k\u1ebft h\u1ee3p gi\u1eefa nhi\u1ec1u lo\u1ea1i h\u1ed7n h\u1ee3p t\u00e1n b\u1ed9t gia v\u1ecb kh\u00e1c, c\u00e1c nguy\u00ean li\u1ec7u ch\u1ee7 y\u1ebfu ch\u00ednh l\u00e0 g\u1eebng, h\u00e0nh t\u00e2y, t\u1ecfi c\u00f9ng v\u1ecb n\u1ed3ng c\u1ee7a \u1edbt v\u00e0 m\u1ed9t s\u1ed1 c\u00e1c lo\u1ea1i ph\u1ee5 gia, tuy nhi\u00ean h\u1ea7u h\u1ebft \u0111\u1ec1u l\u00e0 ngu\u1ed3n g\u1ed1c t\u1eeb thi\u00ean nhi\u00ean.<\/p>\n<p><img fetchpriority=\"high\" decoding=\"async\" class=\"wp-image-26963 aligncenter\" src=\"https:\/\/havamall.com\/wp-content\/uploads\/2022\/05\/tandoor-300x240.png\" alt=\"\" width=\"666\" height=\"532\" \/><\/p>\n<p>C\u0169ng t\u00f9y theo m\u1ed7i v\u00f9ng, mi\u1ec1n kh\u00e1c nhau, mang \u0111\u1eb7c tr\u01b0ng h\u01b0\u01a1ng v\u1ecb v\u00e0 v\u0103n h\u00f3a kh\u00e1c nhau, n\u00ean lo\u1ea1i b\u1ed9t n\u00e0y c\u0169ng \u0111\u01b0\u1ee3c bi\u1ebfn t\u1ea5u \u00edt nhi\u1ec1u. Ng\u01b0\u1eddi ta th\u01b0\u1eddng d\u00f9ng lo\u1ea1i gia v\u1ecb n\u00e0y \u0111\u1ec3 ch\u1ebf bi\u1ebfn ra r\u1ea5t nhi\u1ec1u m\u00f3n \u0103n, trong \u0111\u00f3 c\u1ee9 nh\u1eafc \u0111\u1ebfn b\u1ed9t Tandoori Masala, th\u00ec ta kh\u00f4ng th\u1ec3 kh\u00f4ng nh\u1eafc \u0111\u1ebfn m\u00f3n g\u00e0 n\u01b0\u1edbng v\u1ecb Tandoori c\u1ef1c k\u00ec n\u1ed5i ti\u1ebfng.<img decoding=\"async\" class=\"wp-image-26964 aligncenter\" src=\"https:\/\/havamall.com\/wp-content\/uploads\/2022\/05\/201312-xl-tand-300x300.png\" alt=\"\" width=\"680\" height=\"680\" \/><\/p>\n<p>Gia v\u1ecb Tandoori Masala \u0111\u01b0\u1ee3c d\u00f9ng ph\u1ed5 bi\u1ebfn trong c\u00e1c m\u00f3n \u0103n \u0111\u1eb7c bi\u1ec7t l\u00e0 m\u00f3n g\u00e0 tandoori n\u1ed5i ti\u1ebfng. V\u1edbi s\u1ef1 k\u1ebft h\u1ee3p c\u1ee7a c\u00e1c lo\u1ea1i gia v\u1ecb b\u1ed9t tandoori masala kh\u00f4ng ch\u1ec9 l\u00e0m cho m\u00f3n \u0103n tr\u1edf l\u00ean th\u01a1m ngon m\u00e0 c\u00f2n mang l\u1ea1i r\u1ea5t nhi\u1ec1u l\u1ee3i \u00edch cho s\u1ee9c kh\u1ecfe.<\/p>\n<p>B\u1ed9t gia v\u1ecb tandoori mang \u0111\u1ebfn cho m\u00f3n \u0103n h\u01b0\u01a1ng v\u1ecb th\u01a1m ngon, ph\u1ea5t l\u00ean \u0111\u1ed9 cay nh\u1eb9, kh\u00f4ng qu\u00e1 n\u1ed3ng v\u00e0 c\u00f3 m\u00e0u s\u1eafc ng\u1ea3 v\u00e0ng n\u00e2u c\u00e1nh gi\u00e1n \u0111\u1eb9p m\u1eaft.<\/p>\n<p><img decoding=\"async\" class=\"wp-image-26965 aligncenter\" src=\"https:\/\/havamall.com\/wp-content\/uploads\/2022\/05\/Restaurant-300x200.png\" alt=\"\" width=\"687\" height=\"458\" \/><\/p>\n<p>S\u1ef1 k\u1ebft h\u1ee3p c\u1ee7a c\u00e1c lo\u1ea1i gia v\u1ecb b\u1ed9t trong m\u00f3n \u0103n, \u0111\u1eb7c bi\u1ec7t l\u00e0 s\u1ef1 g\u00f3p m\u1eb7t c\u1ee7a th\u00e0nh ph\u1ea7n b\u1ed9t Tandoori Masala n\u1ed5i ti\u1ebfng, \u0111i\u1ec1u n\u00e0y s\u1ebd kh\u00f4ng ch\u1ec9 t\u1ea1o n\u00ean m\u1ed9t m\u00f3n \u0103n th\u01a1m ngon, h\u01b0\u01a1ng v\u1ecb \u0111\u1eb7c tr\u01b0ng \u0111\u1ed9c \u0111\u00e1o, m\u00e0 b\u00ean c\u1ea1nh \u0111\u00f3 c\u00f2n \u0111em \u0111\u1ebfn nhi\u1ec1u l\u1ee3i \u00edch c\u1ef1c k\u00ec l\u1edbn cho s\u1ee9c kh\u1ecfe ng\u01b0\u1eddi d\u00f9ng. B\u1ed9t Tandoori Masala c\u00f3 t\u00e1c d\u1ee5ng tuy\u1ec7t v\u1eddi trong nh\u1eefng ho\u1ea1t \u0111\u1ed9ng h\u1ed7 tr\u1ee3 tr\u1ecb c\u00e1c b\u1ec7nh li\u00ean quan \u0111\u1ebfn c\u1ea3m c\u00fam, gi\u00fap h\u1ec7 ti\u00eau h\u00f3a ho\u1ea1t \u0111\u1ed9ng t\u1ed1t h\u01a1n v\u00e0 k\u00edch th\u00edch v\u1ecb gi\u00e1c tuy\u1ec7t v\u1eddi.<\/p>\n<p><img loading=\"lazy\" decoding=\"async\" class=\"wp-image-26966 aligncenter\" src=\"https:\/\/havamall.com\/wp-content\/uploads\/2022\/05\/Gobi-300x256.jpg\" alt=\"\" width=\"685\" height=\"584\" \/><\/p>","protected":false},"excerpt":{"rendered":"<p>TH\u00d4NG TIN S\u1ea2N PH\u1ea8M Th\u01b0\u01a1ng hi\u1ec7u Havafoodies Xu\u1ea5t x\u1ee9 \u0110\u1ee9c Th\u00e0nh ph\u1ea7n Garam masala, t\u1ecfi, g\u1eebng, h\u00e0nh t\u00e2y, b\u1ed9t \u1edbt<\/p>","protected":false},"featured_media":40496,"comment_status":"open","ping_status":"closed","template":"","meta":[],"product_brand":[],"product_cat":[595,36,134],"product_tag":[],"class_list":{"0":"post-26970","1":"product","2":"type-product","3":"status-publish","4":"has-post-thumbnail","6":"product_cat-gia-vi-va-che-bien","7":"product_cat-thuc-pham-tieu-dung","8":"product_cat-thucpham-saykho","9":"pa_brand-skx","11":"first","12":"instock","13":"sale","14":"shipping-taxable","15":"purchasable","16":"product-type-simple"},"_links":{"self":[{"href":"https:\/\/havamall.com\/en\/wp-json\/wp\/v2\/product\/26970","targetHints":{"allow":["GET"]}}],"collection":[{"href":"https:\/\/havamall.com\/en\/wp-json\/wp\/v2\/product"}],"about":[{"href":"https:\/\/havamall.com\/en\/wp-json\/wp\/v2\/types\/product"}],"replies":[{"embeddable":true,"href":"https:\/\/havamall.com\/en\/wp-json\/wp\/v2\/comments?post=26970"}],"version-history":[{"count":0,"href":"https:\/\/havamall.com\/en\/wp-json\/wp\/v2\/product\/26970\/revisions"}],"wp:featuredmedia":[{"embeddable":true,"href":"https:\/\/havamall.com\/en\/wp-json\/wp\/v2\/media\/40496"}],"wp:attachment":[{"href":"https:\/\/havamall.com\/en\/wp-json\/wp\/v2\/media?parent=26970"}],"wp:term":[{"taxonomy":"product_brand","embeddable":true,"href":"https:\/\/havamall.com\/en\/wp-json\/wp\/v2\/product_brand?post=26970"},{"taxonomy":"product_cat","embeddable":true,"href":"https:\/\/havamall.com\/en\/wp-json\/wp\/v2\/product_cat?post=26970"},{"taxonomy":"product_tag","embeddable":true,"href":"https:\/\/havamall.com\/en\/wp-json\/wp\/v2\/product_tag?post=26970"}],"curies":[{"name":"wp","href":"https:\/\/api.w.org\/{rel}","templated":true}]}}