{"id":26984,"date":"2022-05-27T16:43:04","date_gmt":"2022-05-27T09:43:04","guid":{"rendered":"https:\/\/havamall.com\/?post_type=product&#038;p=26984"},"modified":"2025-06-15T13:49:53","modified_gmt":"2025-06-15T06:49:53","slug":"bot-gia-vi-peri-peri-havafoodies-goi-100g","status":"publish","type":"product","link":"https:\/\/havamall.com\/en\/shop\/bot-gia-vi-peri-peri-havafoodies-goi-100g\/","title":{"rendered":"B\u1ed9t Gia V\u1ecb Peri Peri Havafoodies G\u00f3i 100g"},"content":{"rendered":"<p>Peri peri l\u00e0 m\u1ed9t t\u1eeb ch\u00e2u Phi c\u00f3 ngh\u0129a l\u00e0 \u1edbt v\u00e0 c\u0169ng l\u00e0 m\u1ed9t lo\u1ea1i t\u01b0\u01a1ng \u1edbt cay \u0111\u01b0\u1ee3c s\u1eed d\u1ee5ng trong c\u00e1c m\u00f3n \u0103n c\u1ee7a B\u1ed3 \u0110\u00e0o Nha, ch\u00e2u Phi v\u00e0 Brazil.\u00a0H\u1ed7n h\u1ee3p gia v\u1ecb n\u00e0y \u0111\u01b0\u1ee3c s\u1eed d\u1ee5ng r\u1ed9ng r\u00e3i nh\u01b0 m\u1ed9t lo\u1ea1i gia v\u1ecb.\u00a0N\u00f3 c\u00f3 ngu\u1ed3n g\u1ed1c t\u1eeb ti\u1ebfng B\u1ed3 \u0110\u00e0o Nha v\u00e0 \u201c\u0111\u1eb7c bi\u1ec7t ph\u1ed5 bi\u1ebfn \u1edf Angola, Namibia, Mozambique v\u00e0 Nam Phi.<\/p>\n<p>Peri Seasoning l\u00e0 m\u1ed9t lo\u1ea1i Gia v\u1ecb tr\u1ed9n gia v\u1ecb \u0111\u1ec3 l\u00e0m cho m\u00f3n \u0103n c\u1ee7a b\u1ea1n tr\u1edf n\u00ean ngon mi\u1ec7ng.\u00a0N\u00f3 \u0111\u01b0\u1ee3c t\u1ea1o th\u00e0nh t\u1eeb h\u1ed7n h\u1ee3p gia v\u1ecb t\u1ef1 nhi\u00ean v\u00e0 t\u1eeb nh\u1eefng nguy\u00ean li\u1ec7u t\u1ed1t nh\u1ea5t.\u00a0H\u1ed7n h\u1ee3p gia v\u1ecb h\u1eefu c\u01a1 Peri Peri mix l\u00e0 h\u1ed7n h\u1ee3p gia v\u1ecb 100% nguy\u00ean ch\u1ea5t, t\u1ef1 nhi\u00ean mang \u0111\u1ebfn h\u01b0\u01a1ng v\u1ecb cay n\u1ed3ng cho m\u00f3n \u0103n c\u1ee7a b\u1ea1n.<\/p>\n<p><img fetchpriority=\"high\" decoding=\"async\" class=\"wp-image-26977 aligncenter\" src=\"https:\/\/havamall.com\/wp-content\/uploads\/2022\/05\/707b5cc49-300x300.png\" alt=\"\" width=\"641\" height=\"641\" \/><\/p>\n<p>B\u1ed9t peri peri c\u00f3 th\u1ec3 khi\u1ebfn b\u1ea5t k\u1ef3 m\u00f3n \u0103n nh\u00e0m ch\u00e1n n\u00e0o b\u00f9ng n\u1ed5 h\u01b0\u01a1ng v\u1ecb.\u00a0V\u1ecb n\u00f3ng tr\u00f2n tr\u1ecba v\u00e0 \u0111\u1ea7y h\u01b0\u01a1ng v\u1ecb, sau \u0111\u00f3 l\u00e0 m\u1ed9t ch\u00fat v\u1ecb ng\u1ecdt peri peri\u00a0s\u1ebd bi\u1ebfn m\u00f3n \u0103n h\u00e0ng ng\u00e0y tr\u1edf th\u00e0nh m\u1ed9t cu\u1ed9c phi\u00eau l\u01b0u.<\/p>\n<p>B\u1ed9t peri peri\u00a0\u0111\u01b0\u1ee3c l\u00e0m v\u1edbi \u1edbt \u0111\u1ecf l\u00e0m nguy\u00ean li\u1ec7u ch\u00ednh, th\u01b0\u1eddng ch\u1ee9a c\u00e1c lo\u1ea1i gia v\u1ecb v\u00e0 th\u1ea3o m\u1ed9c kh\u00e1c. B\u1ea1n c\u00f3 th\u1ec3 ch\u1ebf bi\u1ebfn c\u00e1c m\u00f3n \u0103n \u01b0a th\u00edch c\u1ee7a b\u1ea1n nh\u01b0 khoai t\u00e2y chi\u00ean, b\u1ecfng ng\u00f4, g\u00e0 vi\u00ean, b\u00e1nh pakodas t\u1ea1i nh\u00e0 b\u1eb1ng c\u00e1ch ch\u1ec9 c\u1ea7n r\u1eafc Gia v\u1ecb Peri Peri l\u00ean b\u1ea5t c\u1ee9 th\u1ee9 g\u00ec b\u1ea1n mu\u1ed1n. Gia v\u1ecb Peri peri cho h\u01b0\u01a1ng v\u1ecb th\u01a1m ngon v\u00e0 h\u1ea5p d\u1eabn trong t\u1eebng mi\u1ebfng \u0103n.<\/p>\n<p><img decoding=\"async\" class=\"wp-image-26978 aligncenter\" src=\"https:\/\/havamall.com\/wp-content\/uploads\/2022\/05\/Peri-Peri-300x300.png\" alt=\"\" width=\"659\" height=\"659\" \/><\/p>\n<h3><strong>C\u00f4ng d\u1ee5ng c\u1ee7a s\u1ea3n ph\u1ea9m:<\/strong><\/h3>\n<p>\u25cf Gia v\u1ecb \u0111a d\u1ee5ng bi\u1ebfn m\u1ecdi m\u00f3n \u0103n th\u00e0nh m\u00f3n ngon.<\/p>\n<p>\u25cf Gia v\u1ecb \u0111a n\u0103ng l\u00e0 h\u1ed7n h\u1ee3p gia v\u1ecb Peri Peri \u0111\u00edch th\u1ef1c mang \u0111\u1ebfn h\u01b0\u01a1ng v\u1ecb th\u01a1m ngon cho c\u00e1c m\u00f3n \u0103n th\u00f4ng th\u01b0\u1eddng c\u1ee7a b\u1ea1n.<\/p>\n<p>\u25cf \u0110\u00e2y l\u00e0 m\u1ed9t h\u1ed7n h\u1ee3p gia v\u1ecb ho\u00e0n to\u00e0n tinh khi\u1ebft v\u00e0 t\u1ef1 nhi\u00ean.<\/p>\n<p>\u25cf Gia v\u1ecb Peri-peri m\u1ed9t lo\u1ea1i th\u1ea3o m\u1ed9c \u0111\u01b0\u1ee3c s\u1eed d\u1ee5ng trong n\u1ea5u \u0103n v\u00e0 nh\u01b0 m\u1ed9t ch\u1ea5t r\u1eafc \u0111\u1ec3 l\u00e0m cho th\u1ee9c \u0103n c\u00f3 h\u01b0\u01a1ng v\u1ecb.<\/p>\n<p>\u25cf \u0110\u1ec3 m\u00f3n \u0103n c\u1ee7a b\u1ea1n tr\u1edf n\u00ean ngon mi\u1ec7ng, h\u00e3y r\u1eafc l\u00ean khoai t\u00e2y chi\u00ean, salad, rau h\u1ea5p nh\u01b0 b\u1eafp rang, b\u00f4ng c\u1ea3i xanh v\u00e0 c\u00e1c m\u00f3n \u0103n kh\u00e1c.<\/p>\n<p><img decoding=\"async\" class=\"wp-image-26979 aligncenter\" src=\"https:\/\/havamall.com\/wp-content\/uploads\/2022\/05\/Cheese-Chilli-300x231.png\" alt=\"\" width=\"661\" height=\"509\" \/><\/p>\n<h3><strong>H\u01b0\u1edbng d\u1eabn s\u1eed d\u1ee5ng:<\/strong><\/h3>\n<p>S\u1eed d\u1ee5ng thay cho mu\u1ed1i, ti\u00eau, mirapoix ho\u1eb7c gia v\u1ecb b\u1eb1ng c\u00e1ch th\u00eam 7g m\u1ed7i kh\u1ea9u ph\u1ea7n ho\u1eb7c \u0111\u1ec3 n\u00eam n\u1ebfm tr\u1ef1c ti\u1ebfp v\u00e0o rau, th\u1ecbt, h\u1ea3i s\u1ea3n, m\u00ec \u1ed1ng, n\u01b0\u1edbc s\u1ed1t ho\u1eb7c c\u01a1m \u0111\u1ec3 \u0111\u1ea1t \u0111\u01b0\u1ee3c h\u01b0\u01a1ng v\u1ecb ho\u00e0n h\u1ea3o m\u00e0 m\u1ecdi ng\u01b0\u1eddi y\u00eau th\u00edch.<\/p>\n<p>S\u1ea3n ph\u1ea9m hi\u1ec7n \u0111\u00e3 c\u00f3 m\u1eb7t t\u1ea1i Havamall.<\/p>\n<p><img loading=\"lazy\" decoding=\"async\" class=\"wp-image-26980 aligncenter\" src=\"https:\/\/havamall.com\/wp-content\/uploads\/2022\/05\/peri-300x271.png\" alt=\"\" width=\"660\" height=\"596\" \/><\/p>","protected":false},"excerpt":{"rendered":"<p>Peri peri l\u00e0 m\u1ed9t t\u1eeb ch\u00e2u Phi c\u00f3 ngh\u0129a l\u00e0 \u1edbt v\u00e0 c\u0169ng l\u00e0 m\u1ed9t lo\u1ea1i t\u01b0\u01a1ng \u1edbt cay \u0111\u01b0\u1ee3c<\/p>","protected":false},"featured_media":40490,"comment_status":"open","ping_status":"closed","template":"","meta":[],"product_brand":[],"product_cat":[595,36,134],"product_tag":[],"class_list":{"0":"post-26984","1":"product","2":"type-product","3":"status-publish","4":"has-post-thumbnail","6":"product_cat-gia-vi-va-che-bien","7":"product_cat-thuc-pham-tieu-dung","8":"product_cat-thucpham-saykho","9":"pa_brand-skx","11":"first","12":"instock","13":"sale","14":"shipping-taxable","15":"purchasable","16":"product-type-simple"},"_links":{"self":[{"href":"https:\/\/havamall.com\/en\/wp-json\/wp\/v2\/product\/26984","targetHints":{"allow":["GET"]}}],"collection":[{"href":"https:\/\/havamall.com\/en\/wp-json\/wp\/v2\/product"}],"about":[{"href":"https:\/\/havamall.com\/en\/wp-json\/wp\/v2\/types\/product"}],"replies":[{"embeddable":true,"href":"https:\/\/havamall.com\/en\/wp-json\/wp\/v2\/comments?post=26984"}],"version-history":[{"count":0,"href":"https:\/\/havamall.com\/en\/wp-json\/wp\/v2\/product\/26984\/revisions"}],"wp:featuredmedia":[{"embeddable":true,"href":"https:\/\/havamall.com\/en\/wp-json\/wp\/v2\/media\/40490"}],"wp:attachment":[{"href":"https:\/\/havamall.com\/en\/wp-json\/wp\/v2\/media?parent=26984"}],"wp:term":[{"taxonomy":"product_brand","embeddable":true,"href":"https:\/\/havamall.com\/en\/wp-json\/wp\/v2\/product_brand?post=26984"},{"taxonomy":"product_cat","embeddable":true,"href":"https:\/\/havamall.com\/en\/wp-json\/wp\/v2\/product_cat?post=26984"},{"taxonomy":"product_tag","embeddable":true,"href":"https:\/\/havamall.com\/en\/wp-json\/wp\/v2\/product_tag?post=26984"}],"curies":[{"name":"wp","href":"https:\/\/api.w.org\/{rel}","templated":true}]}}