{"id":26990,"date":"2022-05-30T14:20:13","date_gmt":"2022-05-30T07:20:13","guid":{"rendered":"https:\/\/havamall.com\/?post_type=product&#038;p=26990"},"modified":"2023-06-14T09:57:17","modified_gmt":"2023-06-14T02:57:17","slug":"sua-dac-nhap-khau-tu-malaysia-famyl-1kg-sweetned-condensed-creamer","status":"publish","type":"product","link":"https:\/\/havamall.com\/en\/shop\/sua-dac-nhap-khau-tu-malaysia-famyl-1kg-sweetned-condensed-creamer\/","title":{"rendered":"S\u1eefa \u0110\u1eb7c Nh\u1eadp Kh\u1ea9u T\u1eeb Malaysia FaMyl 1kg &#8211; Sweetned Condensed Creamer"},"content":{"rendered":"<h3><strong>TH\u00d4NG TIN S\u1ea2N PH\u1ea8M<\/strong><\/h3>\n<table>\n<tbody>\n<tr>\n<td>Th\u01b0\u01a1ng hi\u1ec7u<\/td>\n<td>FaMyl<\/td>\n<\/tr>\n<tr>\n<td>Xu\u1ea5t x\u1ee9<\/td>\n<td>Malaysia<\/td>\n<\/tr>\n<tr>\n<td>Th\u00e0nh ph\u1ea7n<\/td>\n<td>\u0110\u01b0\u1eddng, n\u01b0\u1edbc l\u1ecdc, s\u1eefa b\u1ed9t, d\u1ea7u c\u1ecd tin luy\u1ec7n, ch\u1ee9a ch\u1ea5t nh\u0169 h\u00f3a (g\u1ed1c \u0111\u1eadu n\u00e0nh),&#8230;<\/td>\n<\/tr>\n<tr>\n<td>H\u1ea1n s\u1eed d\u1ee5ng<\/td>\n<td>15 th\u00e1ng k\u1ec3 t\u1eeb ng\u00e0y s\u1ea3n xu\u1ea5t.<\/td>\n<\/tr>\n<tr>\n<td>B\u1ea3o qu\u1ea3n<\/td>\n<td>B\u1ea3o qu\u1ea3n n\u01a1i kh\u00f4 r\u00e1o, tho\u00e1ng m\u00e1t<\/td>\n<\/tr>\n<tr>\n<td>Kh\u1ed1i l\u01b0\u1ee3ng t\u1ecbnh<\/td>\n<td>1kg<\/td>\n<\/tr>\n<\/tbody>\n<\/table>\n<p>S\u1eefa \u0111\u1eb7c c\u00f3 \u0111\u01b0\u1eddng FaMyl l\u00e0 m\u1ed9t d\u1ea1ng s\u1eefa b\u00f2 t\u01b0\u01a1i c\u00f4 \u0111\u1eb7c sau khi \u0111\u01b0\u1ee3c r\u00fat h\u1ebft n\u01b0\u1edbc. N\u00f3 s\u1eed d\u1ee5ng ngu\u1ed3n s\u1eefa b\u00f2 t\u01b0\u01a1i \u0111\u01b0\u1ee3c ch\u0103n th\u1ea3 c\u1ef1c k\u1ef3 thi\u00ean nhi\u00ean. Sau \u0111\u00f3 n\u00f3 s\u1ebd \u0111\u01b0\u1ee3c n\u1ea5u v\u1edbi nhi\u1ec7t \u0111\u1ed9 cao t\u1eeb 85\u00b0C \u0111\u1ebfn 90\u00b0C kho\u1ea3ng 5 gi\u00e2y \u0111\u1ec3 kh\u1eed tr\u00f9ng. Sau \u0111\u00f3 n\u00f3 \u0111\u01b0\u1ee3c n\u1ea5u v\u00e0 gi\u1eef \u1ea5m t\u1eeb 40\u00b0C \u0111\u1ebfn 45\u00b0C nh\u1eb1m gi\u1ea3m thi\u1ec3u 60% l\u01b0\u1ee3ng n\u01b0\u1edbc c\u00f3 trong s\u1eefa. Sau \u0111\u00f3 n\u00f3 \u0111\u01b0\u1ee3c cho \u0111\u01b0\u1eddng v\u00e0o v\u00e0 ch\u01b0ng c\u1ea5t v\u1edbi t\u1ef7 l\u1ec7 45% \u0111\u01b0\u1eddng. \u0110\u01b0\u1eddng ch\u00ednh l\u00e0 b\u00ed quy\u1ebft ng\u0103n ch\u1eb7n s\u1ef1 sinh s\u1ea3n v\u00f4 t\u00ednh c\u1ee7a vi khu\u1ea9n.<\/p>\n<p><img fetchpriority=\"high\" decoding=\"async\" class=\"wp-image-26992 aligncenter\" src=\"https:\/\/havamall.com\/wp-content\/uploads\/2022\/05\/52797675_2947174568637910_7009245146554302464_o-300x196.jpg\" alt=\"\" width=\"686\" height=\"448\" \/><\/p>\n<figure id=\"attachment_1772\" class=\"wp-caption aligncenter\">S\u1eefa \u0111\u1eb7c c\u00f3 \u0111\u01b0\u1eddng FaMyl r\u1ea5t ng\u1ecdt v\u00e0 \u0111\u1eadm \u0111\u1eb7c cho n\u00ean h\u1ea5p d\u1eabn h\u01a1n nhi\u1ec1u so v\u1edbi c\u00e1c lo\u1ea1i s\u1eefa kh\u00e1c \u0111ang b\u00e1n tr\u00ean th\u1ecb tr\u01b0\u1eddng. S\u1eefa \u0111\u1eb7c FaMyl \u0111\u01b0\u1ee3c c\u00e1c qu\u00e1n c\u00e0 ph\u00ea tin d\u00f9ng v\u00e0 l\u1ef1a ch\u1ecdn \u0111\u1ec3 pha ch\u1ebf. V\u1edbi h\u01b0\u01a1ng v\u1ecb th\u01a1m ngon b\u00e9o ng\u1eady n\u00f3 \u0111\u01b0\u1ee3c s\u1eed d\u1ee5ng trong r\u1ea5t nhi\u1ec1u m\u00f3n tr\u00e1ng mi\u1ec7ng t\u1ea1i nhi\u1ec1u qu\u1ed1c gia. S\u1eefa \u0111\u1eb7c FaMyl t\u1ef1 h\u00e0o l\u00e0 m\u1ed9t ng\u01b0\u1eddi b\u1ea1n \u0111\u1ed3ng h\u00e0nh trong nh\u00e0 b\u1ebfp c\u1ee7a ng\u01b0\u1eddi Vi\u1ec7t.<\/figure>\n<p><img decoding=\"async\" class=\"wp-image-21839 aligncenter\" src=\"https:\/\/havamall.com\/wp-content\/uploads\/2021\/08\/sweetend-c-300x300.png\" alt=\"\" width=\"676\" height=\"676\" \/><\/p>\n<p>S\u1eefa \u0111\u01b0\u1ee3c ch\u1ee9ng minh c\u00f3 t\u00e1c d\u1ee5ng t\u0103ng n\u0103ng l\u01b0\u1ee3ng sau m\u1ed9t ng\u00e0y l\u00e0m vi\u1ec7c m\u1ec7t m\u1ecfi. N\u00f3 l\u00e0 m\u1ed9t th\u1ef1c ph\u1ea9m r\u1ea5t t\u1ed1t l\u00e0m th\u01b0 gi\u00e3n c\u01a1 b\u1eafp c\u0169ng nh\u01b0 c\u00e1c ho\u1ea1t \u0111\u1ed9ng tr\u00ean d\u00e2y th\u1ea7n kinh. Ngo\u00e0i ra, m\u1ed9t ly s\u1eefa \u1ea5m v\u00e0o ban \u0111\u00eam c\u00f3 th\u1ec3 mang l\u1ea1i m\u1ed9t gi\u1ea5c ng\u1ee7 ngon.<\/p>\n<p>S\u1eefa \u0111\u1eb7c c\u00f3 \u0111\u01b0\u1eddng FaMyl v\u1edbi n\u01b0\u1edbc \u1ea5m u\u1ed1ng v\u00e0o bu\u1ed5i s\u00e1ng, ch\u1ec9 c\u1ea7n \u0111\u1ed5 1 l\u01b0\u1ee3ng s\u1eefa \u0111\u1eb7c ra 1 c\u1ed1c v\u00e0 th\u00eam n\u01b0\u1edbc \u1ea5m, sau \u0111\u00f3 khu\u1ea5y \u0111\u1ec1u cho \u0111\u1ebfn khi s\u1eefa d\u01b0\u1edbi \u0111\u00e1y tan to\u00e0n b\u1ed9. \u0102n nh\u1eb9 v\u00e0o bu\u1ed5i s\u00e1ng v\u1edbi b\u00e1nh m\u00ec ch\u1ee9a tinh b\u1ed9t cung c\u1ea5p n\u0103ng l\u01b0\u1ee3ng cho ng\u00e0y m\u1edbi, \u0103n c\u00f9ng s\u1eefa \u0111\u1eb7c v\u1eeba d\u1ec5 \u0103n, v\u1eeba c\u00f3 th\u1ec3 gi\u00fap t\u0103ng c\u00e2n nhanh ch\u00f3ng.<\/p>\n<p><img decoding=\"async\" class=\"wp-image-21082 aligncenter\" src=\"https:\/\/havamall.com\/wp-content\/uploads\/2021\/07\/Hinh_4-1-300x200.jpg\" alt=\"\" width=\"669\" height=\"446\" \/><\/p>\n<p>S\u1ea3n ph\u1ea9m \u0111\u01b0\u1ee3c s\u1ea3n xu\u1ea5t tr\u00ean d\u00e2y chuy\u1ec1n hi\u1ec7n \u0111\u1ea1i, kh\u00f4ng ch\u1ee9a ch\u1ea5t b\u1ea3o qu\u1ea3n \u0111\u1ed9c h\u1ea1i cho ng\u01b0\u1eddi s\u1eed d\u1ee5ng. \u0110\u01b0\u1ee3c s\u1eed d\u1ee5ng trong pha ch\u1ebf th\u1ee9c u\u1ed1ng ho\u1eb7c c\u00e1c m\u00f3n \u0103n nhanh, gi\u00fap b\u1ea1n ti\u1ebft ki\u1ec7m th\u1eddi gian.<\/p>\n<p><img loading=\"lazy\" decoding=\"async\" class=\"aligncenter\" src=\"https:\/\/anhungcoffee.com\/wp-content\/uploads\/2019\/09\/Ly-c%C3%A0-ph%C3%AA-%C4%91%E1%BA%B9p-cho-qu%C3%A1n-c%C3%A0-ph%C3%AA-03-1199x800.jpg\" alt=\"C\u00e1ch pha c\u00e0 ph\u00ea s\u1eefa m\u1edbi \u0111\u1eadm \u0111\u00e0 h\u01b0\u01a1ng v\u1ecb | AN H\u01afNG COFFEE\" width=\"668\" height=\"445\" \/><\/p>\n<h3><strong>C\u00f4ng d\u1ee5ng c\u1ee7a s\u1eefa \u0111\u1eb7c FaMyl<\/strong><\/h3>\n<p>&#8211; T\u1ed1t cho da: S\u1eefa r\u1ea5t gi\u00e0u c\u00e1c axit amin, gi\u00fap gi\u1eef \u1ea9m da v\u00e0 khi\u1ebfn da tr\u1edf n\u00ean m\u1ec1m m\u1ea1i h\u01a1n.<\/p>\n<p>&#8211; Gi\u1ea3m c\u0103ng th\u1eb3ng: S\u1eefa \u0111\u01b0\u1ee3c ch\u1ee9ng minh c\u00f3 t\u00e1c d\u1ee5ng t\u0103ng n\u0103ng l\u01b0\u1ee3ng sau m\u1ed9t ng\u00e0y l\u00e0m vi\u1ec7c m\u1ec7t m\u1ecfi. N\u00f3 l\u00e0 m\u1ed9t th\u1ef1c ph\u1ea9m r\u1ea5t t\u1ed1t l\u00e0m th\u01b0 gi\u00e3n c\u01a1 b\u1eafp c\u0169ng nh\u01b0 c\u00e1c ho\u1ea1t \u0111\u1ed9ng tr\u00ean c\u00e1c d\u00e2y th\u1ea7n kinh.<\/p>\n<p>&#8211; L\u1ee3i \u00edch ti\u00eau h\u00f3a t\u0103ng c\u00e2n: Th\u00e0nh ph\u1ea7n dinh d\u01b0\u1ee1ng s\u1ea3n ph\u1ea9m ch\u00ednh l\u00e0 s\u1eefa b\u00f2, ch\u1ea5t b\u00e9o, protein, \u0111\u01b0\u1eddng. Nh\u1eefng th\u00e0nh ph\u1ea7n n\u00e0y \u0111\u1ec1u c\u00f3 l\u1ee3i cho qu\u00e1 tr\u00ecnh t\u0103ng c\u00e2n nhanh cho nh\u1eefng ng\u01b0\u1eddi g\u1ea7y. Gi\u00fap ti\u00eau h\u00f3a t\u1ed1t, k\u00edch th\u00edch \u0103n cho nh\u1eefng ng\u01b0\u1eddi k\u00e9n \u0103n, \u0103n kh\u00f4ng ti\u00eau, c\u01a1 th\u1ec3 kh\u00f3 h\u1ea5p th\u1ee5 d\u01b0\u1ee1ng ch\u1ea5t t\u1eeb th\u1ee9c \u0103n.<\/p>\n<p><img loading=\"lazy\" decoding=\"async\" class=\"wp-image-26993 aligncenter\" src=\"https:\/\/havamall.com\/wp-content\/uploads\/2022\/05\/Uelzena-sweetened-300x260.png\" alt=\"\" width=\"679\" height=\"589\" \/><\/p>\n<p>&#8211; T\u0103ng c\u01b0\u1eddng m\u1eadt \u0111\u1ed9 x\u01b0\u01a1ng v\u00e0 gi\u00fap r\u0103ng ch\u1eafc kh\u1ecfe: S\u1eefa l\u00e0 m\u1ed9t ngu\u1ed3n gi\u00e0u canxi. Kho\u00e1ng ch\u1ea5t n\u00e0y r\u1ea5t c\u1ea7n thi\u1ebft \u0111\u1ec3 gi\u00fap cho x\u01b0\u01a1ng v\u00e0 r\u0103ng kh\u1ecfe m\u1ea1nh.<\/p>\n<p>&#8211; Gi\u00e0u vitamin D: S\u1eefa l\u00e0 m\u1ed9t th\u1ef1c ph\u1ea9m r\u1ea5t gi\u00e0u vitamin D, n\u00f3 c\u00f3 t\u00e1c d\u1ee5ng l\u00e0m gi\u1ea3m vi\u00eam nhi\u1ec5m v\u00e0 t\u0103ng c\u01b0\u1eddng h\u1ec7 mi\u1ec5n d\u1ecbch.<\/p>\n<p>&#8211; Gi\u00fap gi\u1eef n\u01b0\u1edbc: Sau khi t\u1eadp th\u1ec3 d\u1ee5c, m\u1ed9t ly s\u1eefa c\u00f3 th\u1ec3 gi\u00fap kh\u00f4i ph\u1ee5c n\u0103ng l\u01b0\u1ee3ng c\u1ee7a b\u1ea1n v\u00e0 \u0111\u1ed3ng th\u1eddi gi\u1eef \u1ea9m c\u01a1 th\u1ec3.<\/p>\n<p>&#8211; Ph\u00e1t tri\u1ec3n c\u01a1 b\u1eafp: Protein c\u00f3 trong s\u1eefa, l\u00e0 ch\u1ea5t dinh d\u01b0\u1ee1ng c\u1ea7n thi\u1ebft cho s\u1ef1 t\u0103ng tr\u01b0\u1edfng c\u01a1 b\u1eafp.<\/p>\n<p><img loading=\"lazy\" decoding=\"async\" class=\"aligncenter\" src=\"https:\/\/havamall.com\/wp-content\/uploads\/2020\/12\/cach-pha-ca-phe-sua-ngon_1.jpg\" alt=\"C\u00e1ch Pha C\u00e0 Ph\u00ea S\u1eefa Ngon Ai C\u0169ng L\u00e0m \u0110\u01b0\u1ee3c\" width=\"668\" height=\"445\" \/><\/p>\n<h3><strong>\u01afu \u0111i\u1ec3m s\u1ea3n ph\u1ea9m:<\/strong><\/h3>\n<p>\u2013 S\u1eefa \u0111\u1eb7c c\u00f3 \u0111\u01b0\u1eddng FaMyl m\u1ed9t trong nh\u1eefng th\u01b0\u01a1ng hi\u1ec7u n\u1ed5i ti\u1ebfng v\u00e0 \u0111\u01b0\u1ee3c s\u1eed d\u1ee5ng ph\u1ed5 bi\u1ebfn \u1edf Malaysia.<\/p>\n<p>\u2013 S\u1eefa \u0111\u01b0\u1ee3c s\u1ea3n xu\u1ea5t tr\u00ean d\u00e2y chuy\u1ec1n c\u00f4ng ngh\u1ec7 hi\u1ec7n \u0111\u1ea1i \u0111\u1ea3m b\u1ea3o s\u1ef1 an to\u00e0n cho s\u1ee9c kh\u1ecfe ng\u01b0\u1eddi ti\u00eau d\u00f9ng.<\/p>\n<p>\u2013 S\u1ea3n ph\u1ea9m \u0111\u01b0\u1ee3c \u0111\u00f3ng lon s\u1eaft nh\u1ecf g\u1ecdn gi\u00fap b\u1ea1n d\u1ec5 d\u00e0ng di chuy\u1ec3n v\u00e0 s\u1eed d\u1ee5ng<\/p>\n<p>S\u1ea3n ph\u1ea9m hi\u1ec7n \u0111\u00e3 c\u00f3 m\u1eb7t t\u1ea1i Havamall.<\/p>","protected":false},"excerpt":{"rendered":"<p>TH\u00d4NG TIN S\u1ea2N PH\u1ea8M Th\u01b0\u01a1ng hi\u1ec7u FaMyl Xu\u1ea5t x\u1ee9 Malaysia Th\u00e0nh ph\u1ea7n \u0110\u01b0\u1eddng, n\u01b0\u1edbc l\u1ecdc, s\u1eefa b\u1ed9t, d\u1ea7u c\u1ecd tin<\/p>","protected":false},"featured_media":26991,"comment_status":"open","ping_status":"closed","template":"","meta":[],"product_brand":[],"product_cat":[135,36,143],"product_tag":[],"class_list":{"0":"post-26990","1":"product","2":"type-product","3":"status-publish","4":"has-post-thumbnail","6":"product_cat-sua-do-uong","7":"product_cat-thuc-pham-tieu-dung","8":"product_cat-thuc-pham-dong-hop","10":"first","11":"outofstock","12":"sale","13":"shipping-taxable","14":"purchasable","15":"product-type-simple"},"_links":{"self":[{"href":"https:\/\/havamall.com\/en\/wp-json\/wp\/v2\/product\/26990","targetHints":{"allow":["GET"]}}],"collection":[{"href":"https:\/\/havamall.com\/en\/wp-json\/wp\/v2\/product"}],"about":[{"href":"https:\/\/havamall.com\/en\/wp-json\/wp\/v2\/types\/product"}],"replies":[{"embeddable":true,"href":"https:\/\/havamall.com\/en\/wp-json\/wp\/v2\/comments?post=26990"}],"version-history":[{"count":0,"href":"https:\/\/havamall.com\/en\/wp-json\/wp\/v2\/product\/26990\/revisions"}],"wp:featuredmedia":[{"embeddable":true,"href":"https:\/\/havamall.com\/en\/wp-json\/wp\/v2\/media\/26991"}],"wp:attachment":[{"href":"https:\/\/havamall.com\/en\/wp-json\/wp\/v2\/media?parent=26990"}],"wp:term":[{"taxonomy":"product_brand","embeddable":true,"href":"https:\/\/havamall.com\/en\/wp-json\/wp\/v2\/product_brand?post=26990"},{"taxonomy":"product_cat","embeddable":true,"href":"https:\/\/havamall.com\/en\/wp-json\/wp\/v2\/product_cat?post=26990"},{"taxonomy":"product_tag","embeddable":true,"href":"https:\/\/havamall.com\/en\/wp-json\/wp\/v2\/product_tag?post=26990"}],"curies":[{"name":"wp","href":"https:\/\/api.w.org\/{rel}","templated":true}]}}