{"id":27049,"date":"2022-06-02T16:45:19","date_gmt":"2022-06-02T09:45:19","guid":{"rendered":"https:\/\/havamall.com\/?post_type=product&#038;p=27049"},"modified":"2026-03-18T13:54:26","modified_gmt":"2026-03-18T06:54:26","slug":"dau-hu-trung-ca-shishamo-eb-malaysia-500g-imitation-shishamo-eb","status":"publish","type":"product","link":"https:\/\/havamall.com\/en\/shop\/dau-hu-trung-ca-shishamo-eb-malaysia-500g-imitation-shishamo-eb\/","title":{"rendered":"\u0110\u1eadu H\u1ee7 Tr\u1ee9ng C\u00e1 Shishamo EB Malaysia 500g &#8211; Imitation Shishamo EB"},"content":{"rendered":"<h3><strong>TH\u00d4NG TIN S\u1ea2N PH\u1ea8M<\/strong><\/h3>\n<table>\n<tbody>\n<tr>\n<td>Th\u01b0\u01a1ng hi\u1ec7u<\/td>\n<td>EB<\/td>\n<\/tr>\n<tr>\n<td>Xu\u1ea5t x\u1ee9<\/td>\n<td>Malaysia<\/td>\n<\/tr>\n<tr>\n<td>Th\u00e0nh ph\u1ea7n<\/td>\n<td>Th\u1ecbt c\u00e1 (c\u00e1 tr\u00e1p) 57.05%, d\u1ea7u c\u1ecd, tr\u1ee9ng c\u00e1 roe, tinh b\u1ed9t s\u1eafn bi\u1ebfn t\u00ednh (E1412), protein \u0111\u1eadu n\u00e0nh, mu\u1ed1i, b\u1ed9t l\u00f2ng tr\u1eafng tr\u1ee9ng,&#8230;<\/td>\n<\/tr>\n<tr>\n<td>H\u1ea1n s\u1eed d\u1ee5ng<\/td>\n<td>24 th\u00e1ng k\u1ec3 t\u1eeb ng\u00e0y s\u1ea3n xu\u1ea5t.<\/td>\n<\/tr>\n<tr>\n<td>B\u1ea3o qu\u1ea3n<\/td>\n<td>B\u1ea3o qu\u1ea3n \u1edf nhi\u1ec7t \u0111\u1ed9 -18 \u0111\u1ed9 C<\/td>\n<\/tr>\n<tr>\n<td>Kh\u1ed1i l\u01b0\u1ee3ng<\/td>\n<td>500g<\/td>\n<\/tr>\n<\/tbody>\n<\/table>\n<p>Sau khi th\u00e0nh l\u1eadp \u0111\u01b0\u1ee3c v\u00e0i n\u0103m (k\u1ec3 t\u1eeb 2015), EB Food \u0111\u00e3 ng\u00e0y c\u00e0ng tr\u1edf n\u00ean l\u1edbn m\u1ea1nh v\u00e0 \u0111\u01b0\u1ee3c nhi\u1ec1u ng\u01b0\u1eddi d\u00e2n tin d\u00f9ng v\u1edbi nh\u1eefng th\u1ef1c ph\u1ea9m protein n\u1ed5i b\u1eadt nh\u01b0\u00a0\u0111\u1eadu h\u1ee7 ph\u00f4 mai,\u00a0\u0111\u1eadu h\u1ee7 c\u00e1, t\u00f4m h\u00f9m \u0111\u1ea5t vi\u00ean,\u00a0sandwich c\u00e1,h\u1ee7 tr\u00fac cu\u1ed9n\u2026<\/p>\n<p>\u0110\u01b0\u1eddng \u0111ua\u00a0vi\u00ean th\u1ea3 l\u1ea9u\u00a0l\u1ea1i c\u00f3 th\u00eam \u0111\u1ed1i th\u1ee7 m\u1edbi kh\u00e1 n\u1eb7ng k\u00ed \u0111\u1ebfn t\u1eeb th\u01b0\u01a1ng\u00a0hi\u1ec7u EB n\u1ed5i ti\u1ebfng t\u1ea1i Malaysia, \u0111\u00f3 ch\u00ednh l\u00e0\u00a0\u0110\u1eadu h\u0169 tr\u1ee9ng c\u00e1 shishamo EB 500g-\u00a0m\u1ed9t si\u00eau ph\u1ea9m \u0111ang khi\u1ebfn nhi\u1ec1u ng\u01b0\u1eddi d\u00f9ng \u01b0a th\u00edch b\u1edfi s\u1ef1 s\u1ed1ng \u0111\u1ed9ng \u0111\u1ea7y h\u1ea5p d\u1eabn t\u1eeb h\u00ecnh \u1ea3nh \u0111\u1ebfn m\u00f9i v\u1ecb.<\/p>\n<p>Shishamo c\u00f3 d\u1ea1ng h\u00ecnh nh\u01b0 m\u1ed9t con c\u00e1 nh\u1ecf, \u0111\u01b0\u1ee3c l\u00e0m ch\u1ee7 y\u1ebfu t\u1eeb th\u1ecbt c\u00e1 tr\u00e1p xay nhuy\u1ec5n ph\u1ed1i tr\u1ed9n v\u1edbi m\u1ed9t s\u1ed1 nguy\u00ean li\u1ec7u v\u00e0 gia v\u1ecb mang \u0111\u1ebfn \u0111\u1ed9 m\u1ec1m dai s\u1ea7n s\u1eadt v\u1eeba \u0103n. L\u1ea1i k\u1ebft h\u1ee3p th\u00eam nh\u1eefng h\u1ea1t tr\u1ee9ng c\u00e1 roe nh\u1ecf li ti m\u00e0u cam l\u1ea5p \u0111\u1ea7y xung quang th\u00e2n c\u00e1, t\u1ea1o n\u00ean ti\u1ebfng n\u1ed5 t\u00ed t\u00e1ch r\u1ea5t th\u00fa v\u1ecb khi v\u1eeba c\u1eafn v\u00e0o.<\/p>\n<p>L\u00e0 m\u1ed9t t\u00edn \u0111\u1ed3 th\u00edch l\u1ea9u th\u00ec kh\u00f4ng n\u00ean b\u1ecf qua lo\u1ea1i topping x\u1ecbn x\u00f2 n\u00e0y nh\u00e9, h\u1ee9a h\u1eb9n s\u1ebd \u0111em l\u1ea1i nhi\u1ec1u \u0111i\u1ec1u th\u00fa v\u1ecb cho b\u1eefa \u0103n c\u1ee7a b\u1ea1n v\u00e0 gia \u0111\u00ecnh.\u00a0S\u1ea3n ph\u1ea9m \u0111\u01b0\u1ee3c \u0111\u00f3ng g\u00f3i b\u1ecbch 500g bao g\u1ed3m kho\u1ea3ng 25 vi\u00ean, ngo\u00e0i n\u1ea5u l\u1ea9u th\u00ec c\u00f3 th\u1ec3 d\u00f9ng \u0111\u1ec3 chi\u00ean \u0103n tr\u1ef1c ti\u1ebfp ho\u1eb7c kho, x\u00e0o \u0103n k\u00e8m v\u1edbi c\u01a1m, m\u00ec,&#8230;\u0111\u1ec1u \u0111\u01b0\u1ee3c.<\/p>\n<h3><strong>H\u01b0\u1edbng d\u1eabn s\u1eed d\u1ee5ng:<\/strong><\/h3>\n<ul>\n<li>R\u00e3 \u0111\u00f4ng kho\u1ea3ng 30-60 ph\u00fat tr\u01b0\u1edbc khi ch\u1ebf bi\u1ebfn<\/li>\n<li>N\u1ea5u l\u1ea9u: \u0110un s\u00f4i s\u00fap n\u00f3ng \u1edf 100 \u0111\u1ed9 C trong 1 ph\u00fat<\/li>\n<li>Chi\u00ean: Chi\u00ean \u1edf nhi\u1ec7t \u0111\u1ed9 170-180 \u0111\u1ed9 C cho \u0111\u1ebfn khi v\u00e0ng n\u00e2u<\/li>\n<li>X\u00e0o v\u1edbi c\u00e1c nguy\u00ean li\u1ec7u kh\u00e1c (rau, h\u1ea3i s\u1ea3n, m\u00ec ho\u1eb7c c\u01a1m)<\/li>\n<\/ul>\n<p><img fetchpriority=\"high\" decoding=\"async\" class=\"wp-image-27055 aligncenter\" src=\"https:\/\/havamall.com\/wp-content\/uploads\/2022\/06\/65925403-300x273.png\" alt=\"\" width=\"659\" height=\"600\" \/><\/p>","protected":false},"excerpt":{"rendered":"<p>TH\u00d4NG TIN S\u1ea2N PH\u1ea8M Th\u01b0\u01a1ng hi\u1ec7u EB Xu\u1ea5t x\u1ee9 Malaysia Th\u00e0nh ph\u1ea7n Th\u1ecbt c\u00e1 (c\u00e1 tr\u00e1p) 57.05%, d\u1ea7u c\u1ecd, tr\u1ee9ng<\/p>","protected":false},"featured_media":39799,"comment_status":"open","ping_status":"closed","template":"","meta":[],"product_brand":[],"product_cat":[702,36,275],"product_tag":[],"class_list":{"0":"post-27049","1":"product","2":"type-product","3":"status-publish","4":"has-post-thumbnail","6":"product_cat-hai-san","7":"product_cat-thuc-pham-tieu-dung","8":"product_cat-thuc-pham-dong-lanh","9":"pa_brand-eb","11":"first","12":"instock","13":"sale","14":"shipping-taxable","15":"purchasable","16":"product-type-simple"},"_links":{"self":[{"href":"https:\/\/havamall.com\/en\/wp-json\/wp\/v2\/product\/27049","targetHints":{"allow":["GET"]}}],"collection":[{"href":"https:\/\/havamall.com\/en\/wp-json\/wp\/v2\/product"}],"about":[{"href":"https:\/\/havamall.com\/en\/wp-json\/wp\/v2\/types\/product"}],"replies":[{"embeddable":true,"href":"https:\/\/havamall.com\/en\/wp-json\/wp\/v2\/comments?post=27049"}],"version-history":[{"count":0,"href":"https:\/\/havamall.com\/en\/wp-json\/wp\/v2\/product\/27049\/revisions"}],"wp:featuredmedia":[{"embeddable":true,"href":"https:\/\/havamall.com\/en\/wp-json\/wp\/v2\/media\/39799"}],"wp:attachment":[{"href":"https:\/\/havamall.com\/en\/wp-json\/wp\/v2\/media?parent=27049"}],"wp:term":[{"taxonomy":"product_brand","embeddable":true,"href":"https:\/\/havamall.com\/en\/wp-json\/wp\/v2\/product_brand?post=27049"},{"taxonomy":"product_cat","embeddable":true,"href":"https:\/\/havamall.com\/en\/wp-json\/wp\/v2\/product_cat?post=27049"},{"taxonomy":"product_tag","embeddable":true,"href":"https:\/\/havamall.com\/en\/wp-json\/wp\/v2\/product_tag?post=27049"}],"curies":[{"name":"wp","href":"https:\/\/api.w.org\/{rel}","templated":true}]}}