{"id":27066,"date":"2022-06-03T10:35:56","date_gmt":"2022-06-03T03:35:56","guid":{"rendered":"https:\/\/havamall.com\/?post_type=product&#038;p=27066"},"modified":"2024-11-09T11:10:56","modified_gmt":"2024-11-09T04:10:56","slug":"ga-vien-nhan-pho-mai-ci-malaysia-200g-chicken-meatball-with-cheese-filling","status":"publish","type":"product","link":"https:\/\/havamall.com\/en\/shop\/ga-vien-nhan-pho-mai-ci-malaysia-200g-chicken-meatball-with-cheese-filling\/","title":{"rendered":"G\u00e0 Vi\u00ean Nh\u00e2n Ph\u00f4 Mai Ci Malaysia 200g &#8211; Chicken Meatball With Cheese Filling"},"content":{"rendered":"<p>G\u00e0 vi\u00ean nh\u00e2n ph\u00f4 mai Ci v\u1edbi l\u1edbp v\u1ecf ngo\u00e0i l\u00e0 th\u1ecbt g\u00e0 xay nhuy\u1ec5n dai dai k\u1ebft h\u1ee3p c\u00f9ng nh\u00e2n b\u00ean trong l\u00e0 ph\u00f4 mai b\u00e9o ng\u1eady s\u1ebd mang \u0111\u1ebfn cho b\u1ea1n m\u1ed9t tr\u1ea3i nghi\u1ec7m ho\u00e0n to\u00e0n m\u1edbi l\u1ea1.<\/p>\n<p>S\u1ea3n ph\u1ea9m \u0111\u01b0\u1ee3c s\u1ea3n xu\u1ea5t tr\u00ean d\u00e2y chuy\u1ec1n hi\u1ec7n \u0111\u1ea1i v\u1edbi c\u00e1c nguy\u00ean li\u1ec7u \u0111\u01b0\u1ee3c ki\u1ec3m \u0111\u1ecbnh nghi\u00eam ng\u1eb7t n\u00ean \u0111\u1ea3m b\u1ea3o an to\u00e0n tuy\u1ec7t \u0111\u1ed1i cho ng\u01b0\u1eddi s\u1eed d\u1ee5ng.<\/p>\n<p><img fetchpriority=\"high\" decoding=\"async\" class=\"wp-image-27067 aligncenter\" src=\"https:\/\/havamall.com\/wp-content\/uploads\/2022\/06\/maxres20-300x169.jpg\" alt=\"\" width=\"647\" height=\"365\" \/><\/p>\n<p>G\u00e0 vi\u00ean nh\u00e2n ph\u00f4 mai Ci 200g, l\u00e0m cho nh\u1eefng n\u1ed3i l\u1ea9u phong c\u00e1ch nh\u00e0 l\u00e0m c\u1ee7a b\u1ea1n ng\u00e0y c\u00e0ng tr\u1edf n\u00ean \u0111a d\u1ea1ng v\u00e0 h\u1ea5p d\u1eabn h\u01a1n. T\u1eebng vi\u00ean G\u00e0 vi\u00ean nh\u00e2n ph\u00f4 mai c\u1ef1c th\u01a1m k\u1ebft h\u1ee3p v\u1edbi nh\u00e2n ph\u00f4 mai b\u00e9o th\u01a1m ch\u1eafc ch\u1eafn s\u1ebd khi\u1ebfn b\u1ea1n \u0103n l\u00e0 ghi\u1ec1n. G\u00e0 vi\u00ean nh\u00e2n ph\u00f4 mai \u0111\u01b0\u1ee3c l\u00e0m t\u1eeb c\u00e1c nguy\u00ean li\u1ec7u th\u00f4ng qua ch\u1ecdn l\u1ecdc k\u0129, \u0111\u1ea3m b\u1ea3o an to\u00e0n v\u00e0 ch\u1ea5t l\u01b0\u1ee3ng.<\/p>\n<p><img decoding=\"async\" class=\"wp-image-27068 aligncenter\" src=\"https:\/\/havamall.com\/wp-content\/uploads\/2022\/06\/buffalo-chicken-300x200.png\" alt=\"\" width=\"658\" height=\"439\" \/><\/p>\n<p>Vie\u0302n ga\u0300 phomai dai cha\u0306\u0301c ho\u031bn mo\u0323\u0302c nu\u031b\u0303a, ca\u0306\u0301n va\u0300o nha\u0302n be\u0302n trong pho\u0302 mai cha\u0309y ra ho\u0300a cu\u0300ng mu\u0300i vie\u0302n ga\u0300 khi chie\u0302n le\u0302n nhu\u031b mu\u0300i ga\u0300 o\u031b\u0309 KFC. Nh\u00e2n ph\u00f4 mai b\u00ean trong l\u00e0 Ph\u00f4 Mai Con B\u00f2 C\u01b0\u1eddi tr\u1eafng th\u01a1m, b\u00e9o t\u1ef1 nhi\u00ean \u0103n l\u00e0 ghi\u1ec1n, kh\u00f4ng ph\u1ea3i ph\u00f4 mai v\u00e0ng nh\u01b0 m\u1ea5y lo\u1ea1i th\u1ef1c ph\u1ea9m kh\u00e1c tr\u00ean th\u1ecb tr\u01b0\u1eddng \u0111\u00e2u nha<\/p>\n<p>Ga\u0300 Vie\u0302n Nha\u0302n Pho\u0302 Mai co\u0301 the\u0302\u0309 che\u0302\u0301 bi\u1ebfn: chie\u0302n , ha\u0302\u0301p , nu\u031bo\u031b\u0301ng , a\u0306n mi\u0300, bo\u0309 la\u0302\u0309u, nhu\u031bng theo mi\u0300nh khuye\u0302\u0301n khi\u0301ch nha\u0302\u0301t la\u0300 chie\u0302n cho da ngoa\u0300i ho\u031bi va\u0300ng 1 chu\u0301t thi\u0300 tho\u031bm nu\u031b\u0301c mu\u0303i mu\u0300i ga\u0300 KFC , ca\u0306\u0301n va\u0300o be\u0302n trong la\u0300 nha\u0302n pho\u0302 mai tan cha\u0309y.<\/p>\n<p><img decoding=\"async\" class=\"wp-image-27069 aligncenter\" src=\"https:\/\/havamall.com\/wp-content\/uploads\/2022\/06\/thai-chicken-m-300x200.png\" alt=\"\" width=\"667\" height=\"445\" \/><\/p>\n<h3><strong>H\u01b0\u1edbng d\u1eabn s\u1eed d\u1ee5ng:<\/strong><\/h3>\n<p>C\u00e1ch s\u1eed d\u1ee5ng g\u00e0 vi\u00ean v\u00f4 c\u00f9ng \u0111\u01a1n gi\u1ea3n, b\u1ea1n ch\u1ec9 c\u1ea7n r\u00e3 \u0111\u00f4ng s\u1ea3n ph\u1ea9m sau \u0111\u00f3 c\u00f3 th\u1ec3 ch\u1ebf bi\u1ebfn ngay.<\/p>\n<ul>\n<li>D\u00f9ng l\u00e0m topping khi \u0103n l\u1ea9u, tokbokki<\/li>\n<li>C\u00f3 th\u1ec3 chi\u00ean, r\u00e1n ch\u1ea5m c\u00f9ng t\u01b0\u01a1ng \u1edbt ho\u1eb7c s\u1ed1t mayonnaise<\/li>\n<li>N\u1ebfu b\u1ea1n l\u00e0 ng\u01b0\u1eddi kh\u00f4ng th\u00edch d\u1ea7u m\u1ee1 nhi\u1ec1u c\u00f3 th\u1ec3 h\u1ea5p, x\u00e0o chung v\u1edbi c\u00e1c lo\u1ea1i th\u1ef1c ph\u1ea9m kh\u00e1c<\/li>\n<li>Ngo\u00e0i ra \u0103n k\u00e8m v\u1edbi m\u00ec g\u00f3i c\u0169ng r\u1ea5t ngon.<\/li>\n<\/ul>\n<h3><img loading=\"lazy\" decoding=\"async\" class=\"wp-image-27073 aligncenter\" src=\"https:\/\/havamall.com\/wp-content\/uploads\/2022\/06\/Sweet-and-1-1-300x200.png\" alt=\"\" width=\"674\" height=\"449\" \/><\/h3>\n<h3><strong>H\u01b0\u1edbng d\u1eabn l\u00e0m g\u00e0 vi\u00ean chi\u00ean gi\u00f2n:<\/strong><\/h3>\n<p>1. L\u1ea5y g\u00f3i g\u00e0 vi\u00ean ra r\u00e3 \u0111\u00f4ng, \u0111\u1ec3 s\u1ea3n ph\u1ea9m ngo\u00e0i nhi\u1ec7t \u0111\u1ed9 th\u01b0\u1eddng kho\u1ea3ng 30p \u2013 45p tr\u01b0\u1edbc khi ch\u1ebf bi\u1ebfn.<\/p>\n<p>2. Chu\u1ea9n b\u1ecb ch\u1ea3o d\u1ea7u th\u1eadt n\u00f3ng, v\u00e0 d\u1ea7u g\u1ea7n ng\u1eadp g\u00e0 vi\u00ean, \u0111\u1ec3 g\u00e0 vi\u00ean c\u00f3 th\u1ec3 ch\u00edn v\u00e0ng gi\u00f2n \u0111\u1ec1u.<\/p>\n<p>3. Chi\u00ean trong kho\u1ea3ng 5-7 ph\u00fat \u0111\u1ec3 tr\u00e1nh ph\u00f4 mai b\u1ecb ch\u1ea3y ra kh\u1ecfi vi\u00ean g\u00e0.<\/p>\n<p>4. V\u1edbt ra v\u00e0 th\u01b0\u1edfng th\u1ee9c v\u1edbi s\u1ed1t t\u01b0\u01a1ng \u1edbt, Mayonnaise\u2026rau x\u00e0 l\u00e1ch, c\u00e0 chua.<\/p>\n<p><img loading=\"lazy\" decoding=\"async\" class=\"wp-image-27071 aligncenter\" src=\"https:\/\/havamall.com\/wp-content\/uploads\/2022\/06\/Game-Day-256x300.png\" alt=\"\" width=\"683\" height=\"801\" \/><\/p>","protected":false},"excerpt":{"rendered":"<p>G\u00e0 vi\u00ean nh\u00e2n ph\u00f4 mai Ci v\u1edbi l\u1edbp v\u1ecf ngo\u00e0i l\u00e0 th\u1ecbt g\u00e0 xay nhuy\u1ec5n dai dai k\u1ebft h\u1ee3p c\u00f9ng<\/p>","protected":false},"featured_media":27074,"comment_status":"open","ping_status":"closed","template":"","meta":[],"product_brand":[],"product_cat":[36,275],"product_tag":[],"class_list":{"0":"post-27066","1":"product","2":"type-product","3":"status-publish","4":"has-post-thumbnail","6":"product_cat-thuc-pham-tieu-dung","7":"product_cat-thuc-pham-dong-lanh","8":"pa_brand-eb","10":"first","11":"outofstock","12":"sale","13":"shipping-taxable","14":"purchasable","15":"product-type-simple"},"_links":{"self":[{"href":"https:\/\/havamall.com\/en\/wp-json\/wp\/v2\/product\/27066","targetHints":{"allow":["GET"]}}],"collection":[{"href":"https:\/\/havamall.com\/en\/wp-json\/wp\/v2\/product"}],"about":[{"href":"https:\/\/havamall.com\/en\/wp-json\/wp\/v2\/types\/product"}],"replies":[{"embeddable":true,"href":"https:\/\/havamall.com\/en\/wp-json\/wp\/v2\/comments?post=27066"}],"version-history":[{"count":0,"href":"https:\/\/havamall.com\/en\/wp-json\/wp\/v2\/product\/27066\/revisions"}],"wp:featuredmedia":[{"embeddable":true,"href":"https:\/\/havamall.com\/en\/wp-json\/wp\/v2\/media\/27074"}],"wp:attachment":[{"href":"https:\/\/havamall.com\/en\/wp-json\/wp\/v2\/media?parent=27066"}],"wp:term":[{"taxonomy":"product_brand","embeddable":true,"href":"https:\/\/havamall.com\/en\/wp-json\/wp\/v2\/product_brand?post=27066"},{"taxonomy":"product_cat","embeddable":true,"href":"https:\/\/havamall.com\/en\/wp-json\/wp\/v2\/product_cat?post=27066"},{"taxonomy":"product_tag","embeddable":true,"href":"https:\/\/havamall.com\/en\/wp-json\/wp\/v2\/product_tag?post=27066"}],"curies":[{"name":"wp","href":"https:\/\/api.w.org\/{rel}","templated":true}]}}