{"id":27075,"date":"2022-06-03T11:17:17","date_gmt":"2022-06-03T04:17:17","guid":{"rendered":"https:\/\/havamall.com\/?post_type=product&#038;p=27075"},"modified":"2026-03-18T12:53:28","modified_gmt":"2026-03-18T05:53:28","slug":"cha-ca-yuba-eb-300g-fish-yuba-eb-malaysia","status":"publish","type":"product","link":"https:\/\/havamall.com\/en\/shop\/cha-ca-yuba-eb-300g-fish-yuba-eb-malaysia\/","title":{"rendered":"Ch\u1ea3 C\u00e1 Yuba EB 300g &#8211; Fish &amp; Yuba EB Malaysia"},"content":{"rendered":"<h3><strong>TH\u00d4NG TIN S\u1ea2N PH\u1ea8M<\/strong><\/h3>\n<table>\n<tbody>\n<tr>\n<td>Th\u01b0\u01a1ng hi\u1ec7u<\/td>\n<td>EB<\/td>\n<\/tr>\n<tr>\n<td>Xu\u1ea5t x\u1ee9<\/td>\n<td>Malaysia<\/td>\n<\/tr>\n<tr>\n<td>Th\u00e0nh ph\u1ea7n<\/td>\n<td>Th\u1ecbt c\u00e1, \u0111\u1eadu h\u0169, tih b\u1ed9t s\u1eafn, c\u1ee7 h\u00e0nh, d\u1ea7u c\u1ecd, gia v\u1ecb,&#8230;<\/td>\n<\/tr>\n<tr>\n<td>H\u1ea1n s\u1eed d\u1ee5ng<\/td>\n<td>24 th\u00e1ng k\u1ec3 t\u1eeb ng\u00e0y s\u1ea3n xu\u1ea5t.<\/td>\n<\/tr>\n<tr>\n<td>B\u1ea3o qu\u1ea3n<\/td>\n<td>B\u1ea3o qu\u1ea3n \u1edf nhi\u1ec7t \u0111\u1ed9 -18 \u0111\u1ed9 C<\/td>\n<\/tr>\n<tr>\n<td>Kh\u1ed1i l\u01b0\u1ee3ng<\/td>\n<td>3500g<\/td>\n<\/tr>\n<\/tbody>\n<\/table>\n<p>Sau khi th\u00e0nh l\u1eadp \u0111\u01b0\u1ee3c v\u00e0i n\u0103m (k\u1ec3 t\u1eeb 2015), EB Food \u0111\u00e3 ng\u00e0y c\u00e0ng tr\u1edf n\u00ean l\u1edbn m\u1ea1nh v\u00e0 \u0111\u01b0\u1ee3c nhi\u1ec1u ng\u01b0\u1eddi d\u00e2n tin d\u00f9ng v\u1edbi nh\u1eefng th\u1ef1c ph\u1ea9m protein n\u1ed5i b\u1eadt nh\u01b0\u00a0\u0111\u1eadu h\u1ee7 ph\u00f4 mai,\u00a0\u0111\u1eadu h\u1ee7 c\u00e1, t\u00f4m h\u00f9m \u0111\u1ea5t vi\u00ean,\u00a0sandwich c\u00e1,h\u1ee7 tr\u00fac cu\u1ed9n\u2026<\/p>\n<p><img fetchpriority=\"high\" decoding=\"async\" class=\"wp-image-27076 aligncenter\" src=\"https:\/\/havamall.com\/wp-content\/uploads\/2022\/06\/256119050_13473_n-300x300.png\" alt=\"\" width=\"632\" height=\"632\" \/><\/p>\n<p>Ch\u1ea3 c\u00e1 Yuba EB 300g\u00a0\u0111\u01b0\u1ee3c l\u00e0m t\u1eeb nh\u1eefng nguy\u00ean li\u1ec7u t\u01b0\u01a1i th\u00f4ng qua ch\u1ecdn l\u1ecdc k\u0129 c\u00e0ng, \u0111\u1ea3m b\u1ea3o an to\u00e0n v\u00e0 ch\u1ea5t l\u01b0\u1ee3ng.\u00a0V\u1edbi th\u00e0nh ph\u1ea7n ch\u00ednh v\u1eabn l\u00e0\u00a0th\u1ecbt c\u00e1, tinh b\u1ed9t s\u1eafn, gi\u00e1 v\u1ecb, protein \u0111\u1eadu n\u00e0nh, d\u1ea7u th\u1ef1c v\u1eadt.<\/p>\n<p>Ch\u1ea3 C\u00e1 Yuba EBl\u00e0\u00a0lo\u1ea1i th\u1ef1c ph\u1ea9m r\u1ea5t gi\u00e0u dinh d\u01b0\u1ee1ng v\u00e0 c\u00f2n c\u00f3 th\u1ec3 ch\u1ebf bi\u1ebfn r\u1ea5t r\u1ea5t nhi\u1ec1u m\u00f3n \u0103n ngon g\u00f3p ph\u1ea7n l\u00e0m phong ph\u00fa th\u00eam cho b\u1eefa c\u01a1m h\u1eb1ng ng\u00e0y, \u0111a d\u1ea1ng th\u00eam menu th\u1ef1c \u0111\u01a1n qu\u00e1n \u0103n, nh\u00e0 h\u00e0ng c\u1ee7a b\u1ea1n.S\u1ea3n ph\u1ea9m c\u00f3 th\u1ec3 d\u00f9ng \u0111\u1ec3 chi\u00ean, h\u1ea5p, th\u1ea3 l\u1ea5u,&#8230; \u0111\u1ec1u r\u1ea5t th\u01a1m ngon.<\/p>\n<p><img decoding=\"async\" class=\"wp-image-27077 aligncenter\" src=\"https:\/\/havamall.com\/wp-content\/uploads\/2022\/06\/Fish-300x212.png\" alt=\"\" width=\"622\" height=\"440\" \/><\/p>\n<p>V\u1edbi l\u1edbp v\u1ecf ch\u1ea3 c\u00e1 b\u00ean ngo\u00e0i\u00a0dai v\u1eeba ph\u1ea3i, ngon nh\u1ea5t khi chi\u00ean v\u00e0 ngon nh\u00ec khi th\u1ea3 v\u00e0o l\u1ea9u ho\u1eb7c \u0103n m\u00ec g\u00f3i.\u00a0Ch\u1ea3 C\u00e1 Yuba EB\u00a0300g \u0111\u01b0\u1ee3c l\u00e0m t\u1eeb nh\u1eefng ngu\u1ed3n nguy\u00ean nhi\u00ean\u00a0li\u1ec7u t\u01b0\u01a1i th\u00f4ng qua ch\u1ecdn l\u1ecdc k\u0129 c\u00e0ng theo quy chu\u1ea9n c\u1ee7a Malaysia \u0111\u1ec3\u00a0\u0111\u1ea3m b\u1ea3o an to\u00e0n v\u00e0 ch\u1ea5t l\u01b0\u1ee3ng. V\u1edbi lo\u1ea1i topping m\u1edbi l\u1ea1 v\u00e0\u00a0h\u1ea5p d\u1eabn n\u00e0y, b\u1ea1n c\u00f3 th\u1ec3 d\u00f9ng \u0111\u1ec3 n\u1ea5u l\u1ea9u, chi\u00ean hay x\u00e0o \u0111\u1ec1u ngon.<\/p>\n<p><img decoding=\"async\" class=\"wp-image-27078 aligncenter\" src=\"https:\/\/havamall.com\/wp-content\/uploads\/2022\/06\/62359227_22-300x286.png\" alt=\"\" width=\"618\" height=\"589\" \/><\/p>\n<h3><strong>H\u01b0\u1edbng d\u1eabn s\u1eed d\u1ee5ng:<\/strong><\/h3>\n<div class=\"cxmmr5t8 oygrvhab hcukyx3x c1et5uql o9v6fnle ii04i59q\">\n<div dir=\"auto\">&gt; R\u1eeda s\u01a1 n\u01b0\u1edbc v\u00e0 r\u00e3 \u0111\u00f4ng t\u1ef1 nhi\u00ean ho\u1eb7c l\u00f2 vi s\u00f3ng 2 ph\u00fat \u0111\u1ec3 mi\u1ebfng ch\u1ea3 kh\u00f4ng b\u1ecb kh\u00f4 sau \u0111\u00f3 ch\u1ebf bi\u1ebfn c\u00e1c m\u00f3n \u0103n t\u00f9y th\u00edch.<\/div>\n<p dir=\"auto\">&gt; Chi\u00ean dai th\u01a1m l\u1eebng &#8211; Nh\u00fang l\u1ea9u m\u1ec1m m\u01b0\u1ee3t<\/p>\n<\/div>","protected":false},"excerpt":{"rendered":"<p>TH\u00d4NG TIN S\u1ea2N PH\u1ea8M Th\u01b0\u01a1ng hi\u1ec7u EB Xu\u1ea5t x\u1ee9 Malaysia Th\u00e0nh ph\u1ea7n Th\u1ecbt c\u00e1, \u0111\u1eadu h\u0169, tih b\u1ed9t s\u1eafn, c\u1ee7<\/p>","protected":false},"featured_media":39795,"comment_status":"open","ping_status":"closed","template":"","meta":[],"product_brand":[],"product_cat":[702,36,275],"product_tag":[],"class_list":{"0":"post-27075","1":"product","2":"type-product","3":"status-publish","4":"has-post-thumbnail","6":"product_cat-hai-san","7":"product_cat-thuc-pham-tieu-dung","8":"product_cat-thuc-pham-dong-lanh","9":"pa_brand-eb","11":"first","12":"instock","13":"sale","14":"shipping-taxable","15":"purchasable","16":"product-type-simple"},"_links":{"self":[{"href":"https:\/\/havamall.com\/en\/wp-json\/wp\/v2\/product\/27075","targetHints":{"allow":["GET"]}}],"collection":[{"href":"https:\/\/havamall.com\/en\/wp-json\/wp\/v2\/product"}],"about":[{"href":"https:\/\/havamall.com\/en\/wp-json\/wp\/v2\/types\/product"}],"replies":[{"embeddable":true,"href":"https:\/\/havamall.com\/en\/wp-json\/wp\/v2\/comments?post=27075"}],"version-history":[{"count":0,"href":"https:\/\/havamall.com\/en\/wp-json\/wp\/v2\/product\/27075\/revisions"}],"wp:featuredmedia":[{"embeddable":true,"href":"https:\/\/havamall.com\/en\/wp-json\/wp\/v2\/media\/39795"}],"wp:attachment":[{"href":"https:\/\/havamall.com\/en\/wp-json\/wp\/v2\/media?parent=27075"}],"wp:term":[{"taxonomy":"product_brand","embeddable":true,"href":"https:\/\/havamall.com\/en\/wp-json\/wp\/v2\/product_brand?post=27075"},{"taxonomy":"product_cat","embeddable":true,"href":"https:\/\/havamall.com\/en\/wp-json\/wp\/v2\/product_cat?post=27075"},{"taxonomy":"product_tag","embeddable":true,"href":"https:\/\/havamall.com\/en\/wp-json\/wp\/v2\/product_tag?post=27075"}],"curies":[{"name":"wp","href":"https:\/\/api.w.org\/{rel}","templated":true}]}}