{"id":27081,"date":"2022-06-03T11:39:55","date_gmt":"2022-06-03T04:39:55","guid":{"rendered":"https:\/\/havamall.com\/?post_type=product&#038;p=27081"},"modified":"2024-11-09T11:26:23","modified_gmt":"2024-11-09T04:26:23","slug":"ca-que-pho-mai-eb-malaysia-500g-cheese-finger-eb-malaysia","status":"publish","type":"product","link":"https:\/\/havamall.com\/en\/shop\/ca-que-pho-mai-eb-malaysia-500g-cheese-finger-eb-malaysia\/","title":{"rendered":"C\u00e1 Que Ph\u00f4 Mai EB Malaysia 500g &#8211; Cheese Finger EB Malaysia"},"content":{"rendered":"<h3><strong>TH\u00d4NG TIN S\u1ea2N PH\u1ea8M<\/strong><\/h3>\n<table>\n<tbody>\n<tr>\n<td>Th\u01b0\u01a1ng hi\u1ec7u<\/td>\n<td>EB<\/td>\n<\/tr>\n<tr>\n<td>Xu\u1ea5t x\u1ee9<\/td>\n<td>Malaysia<\/td>\n<\/tr>\n<tr>\n<td>Th\u00e0nh ph\u1ea7n<\/td>\n<td>Th\u1ecbt c\u00e1 (50.54%), ph\u00f4 mai (13.31%), d\u1ea7u c\u1ecd, b\u1ed9t chi\u00ean x\u00f9, tinh b\u1ed9t khoai t\u00e2y, tinh b\u1ed9t m\u00ec, tinh b\u1ed9t s\u1eafn bi\u1ebfn th\u1ec3 (E1412), t\u1ecfi, mu\u1ed1i, \u0111\u01b0\u1eddng, ch\u1ea5t \u0111i\u1ec1u v\u1ecb (E621), b\u1ed9t l\u00f2ng tr\u1eafng tr\u1ee9ng, h\u1ea1t n\u00eam n\u1ea5m, ch\u1ea5t t\u1ea1o ng\u1ecdt t\u1ed5ng h\u1ee3p (E420)<\/td>\n<\/tr>\n<tr>\n<td>H\u1ea1n s\u1eed d\u1ee5ng<\/td>\n<td>24 th\u00e1ng k\u1ec3 t\u1eeb ng\u00e0y s\u1ea3n xu\u1ea5t.<\/td>\n<\/tr>\n<tr>\n<td>B\u1ea3o qu\u1ea3n<\/td>\n<td>B\u1ea3o qu\u1ea3n \u1edf nhi\u1ec7t \u0111\u1ed9 -18 \u0111\u1ed9 C<\/td>\n<\/tr>\n<tr>\n<td>Kh\u1ed1i l\u01b0\u1ee3ng<\/td>\n<td>500g<\/td>\n<\/tr>\n<\/tbody>\n<\/table>\n<p>Sau khi th\u00e0nh l\u1eadp \u0111\u01b0\u1ee3c v\u00e0i n\u0103m (k\u1ec3 t\u1eeb 2015), EB Food \u0111\u00e3 ng\u00e0y c\u00e0ng tr\u1edf n\u00ean l\u1edbn m\u1ea1nh v\u00e0 \u0111\u01b0\u1ee3c nhi\u1ec1u ng\u01b0\u1eddi d\u00e2n tin d\u00f9ng v\u1edbi nh\u1eefng th\u1ef1c ph\u1ea9m protein n\u1ed5i b\u1eadt nh\u01b0\u00a0\u0111\u1eadu h\u1ee7 ph\u00f4 mai,\u00a0\u0111\u1eadu h\u1ee7 c\u00e1, t\u00f4m h\u00f9m \u0111\u1ea5t vi\u00ean,\u00a0sandwich c\u00e1,h\u1ee7 tr\u00fac cu\u1ed9n\u2026<\/p>\n<p><img fetchpriority=\"high\" decoding=\"async\" class=\"wp-image-27082 aligncenter\" src=\"https:\/\/havamall.com\/wp-content\/uploads\/2022\/06\/75361021-300x300.png\" alt=\"\" width=\"678\" height=\"678\" \/><\/p>\n<p>H\u00e3ng EB c\u1ee7a Malaysia \u0111\u00e3 tung ra s\u1ea3n ph\u1ea9m m\u1edbi nh\u1ea7m \u0111\u00e1p \u1ee9ng nhu c\u1ea7u y\u00eau th\u00edch nh\u1eefng m\u00f3n \u0103n nhanh ti\u1ec7n l\u1ee3i c\u00f3 nh\u00e2n ph\u00f4 mai cho gi\u1edbi tr\u1ebb.Thanh c\u00e1 dai, b\u00ean trong c\u00f3 nh\u00e2n ph\u00f4 mai b\u00e9o, t\u1ea1o n\u00ean m\u1ed9t m\u00f3n \u0103n c\u1ef1c h\u1ea5p d\u1eabn m\u00e0 gi\u1edbi tr\u1ebb \u01b0u th\u00edch.<\/p>\n<p>C\u00e1 vi\u00ean, ph\u00f4 mai que, x\u00fac x\u00edch chi\u00ean ch\u1eafc ch\u1eafn \u0111\u00e2y l\u00e0\u00a0l\u00e0 nh\u1eefng m\u00f3n \u0103n v\u1eb7t &#8211; xi\u00ean que\u00a0r\u1ea5t\u00a0th\u00e2n quen\u00a0v\u1edbi c\u00e1c t\u00edn \u0111\u1ed3 th\u1ee9c \u0103n \u0111\u01b0\u1eddng ph\u1ed1.\u00a0\u0110\u00e2y l\u00e0 m\u1ed9t s\u1ea3n ph\u1ea9m m\u1edbi v\u00e0 v\u00f4 c\u00f9ng \u0111\u1eb7c bi\u1ec7t c\u1ee7a th\u01b0\u01a1ng hi\u1ec7u EB, c\u00f3\u00a0h\u00ecnh d\u1ea1ng gi\u1ed1ng\u00a0ph\u00f4 mai que, b\u00ean trong v\u1edbi nguy\u00ean li\u1ec7u ch\u00ednh \u0111\u01b0\u1ee3c l\u00e0m t\u1eeb th\u1ecbt c\u00e1 v\u00e0 ph\u00f4 mai v\u00f4 c\u00f9ng h\u1ea5p d\u1eabn.<\/p>\n<p><img decoding=\"async\" class=\"wp-image-27083 aligncenter\" src=\"https:\/\/havamall.com\/wp-content\/uploads\/2022\/06\/65956529_2-300x300.png\" alt=\"\" width=\"684\" height=\"684\" \/><\/p>\n<p>C\u00e1 que ph\u00f4 mai\u00a0c\u00f3 chi\u1ec1u d\u00e0i b\u1eb1ng m\u1ed9t ng\u00f3n tr\u1ecf tay c\u1ee7a m\u1ed9t ng\u01b0\u1eddi tr\u01b0\u1edfng th\u00e0nh\u00a0kho\u1ea3ng 10cm. L\u1edbp\u00a0v\u1ecf ngo\u00e0i gi\u00f2n r\u00f9m r\u1ee5m \u0111\u01b0\u1ee3c l\u00e0m b\u1eb1ng b\u1ed9t m\u00ec v\u00e0 b\u1ed9t chi\u00ean x\u00f9 v\u1edbi l\u1edbp\u00a0nh\u00e2n trong l\u00e0m b\u1eb1ng th\u1ecbt c\u00e1 th\u01a1m dai \u0111\u01b0\u1ee3c k\u1ebft h\u1ee3p th\u00eam nh\u1eefng mi\u1ebfng ph\u00f4 mai c\u1eaft nh\u1ecf \u0111\u1ea7y b\u00e9o ng\u1eady v\u00e0 th\u01a1m th\u01a1m.\u00a0 V\u00e0\u00a0\u0111\u00e2y l\u00e0 ch\u1eafc ch\u1eafn l\u00e0 m\u00e3 h\u00e0ng xi\u00ean que chi\u00ean\u00a0tuy\u1ec7t v\u1eddi d\u00e0nh cho c\u00e1c t\u00edn \u0111\u1ed3 m\u00ea \u0103n v\u1eb7t \u0111\u01b0\u1eddng ph\u1ed1.<\/p>\n<p>M\u1ed9t h\u1ed9p bao g\u1ed3m 20 que ch\u1eafc ch\u1eafn l\u00e0\u00a0\u0111\u1ee7 ph\u1ea7n \u0103n cho c\u1ea3 gia \u0111\u00ecnh v\u00e0 h\u1ed9i b\u1ea1n b\u00e8. R\u1ea5t\u00a0th\u00edch h\u1ee3p l\u00e0m m\u00f3n khai v\u1ecb &#8211; b\u1eaft \u0111\u1ea7u\u00a0cho c\u00e1c b\u1eefa ti\u1ec7c, party, c\u01b0\u1edbi, h\u1ecfi.<\/p>\n<p><img decoding=\"async\" class=\"wp-image-27084 aligncenter\" src=\"https:\/\/havamall.com\/wp-content\/uploads\/2022\/06\/6632773-300x300.png\" alt=\"\" width=\"666\" height=\"666\" \/><\/p>\n<h3><strong>H\u01b0\u1edbng d\u1eabn ch\u1ebf bi\u1ebfn:<\/strong><\/h3>\n<p>&#8211; R\u00e3 \u0111\u00f4ng s\u1ea3n ph\u1ea9m.<\/p>\n<p>&#8211; Chu\u1ea9n b\u1ecb ch\u1ea3o d\u1ea7u n\u00f3ng.<\/p>\n<p>&#8211; B\u1ecf thanh c\u00e1 v\u00e0o chi\u00ean kho\u1ea3ng 2-3 ph\u00fat \u0111\u1ebfn khi th\u1ea5y thanh c\u00e1 v\u00e0ng \u0111\u1ec1u.(Kh\u00f4ng chi\u00ean qu\u00e1 l\u00e2u, ph\u00f4 mai b\u00ean trong s\u1ebd b\u1ecb x\u00ec ra ngo\u00e0i)<\/p>\n<p>&#8211; \u0102n chung v\u1edbi t\u01b0\u01a1ng \u1edbt c\u1ef1c k\u1ef3 ngon.<\/p>\n<p>S\u1ea3n ph\u1ea9m hi\u1ec7n \u0111\u00e3 c\u00f3 m\u1eb7t t\u1ea1i Havamall<\/p>\n<p><img loading=\"lazy\" decoding=\"async\" class=\"wp-image-27108 aligncenter\" src=\"https:\/\/havamall.com\/wp-content\/uploads\/2022\/06\/131215885-300x225.png\" alt=\"\" width=\"669\" height=\"502\" \/><\/p>","protected":false},"excerpt":{"rendered":"<p>TH\u00d4NG TIN S\u1ea2N PH\u1ea8M Th\u01b0\u01a1ng hi\u1ec7u EB Xu\u1ea5t x\u1ee9 Malaysia Th\u00e0nh ph\u1ea7n Th\u1ecbt c\u00e1 (50.54%), ph\u00f4 mai (13.31%), d\u1ea7u c\u1ecd,<\/p>","protected":false},"featured_media":27086,"comment_status":"open","ping_status":"closed","template":"","meta":[],"product_brand":[],"product_cat":[36,275],"product_tag":[],"class_list":{"0":"post-27081","1":"product","2":"type-product","3":"status-publish","4":"has-post-thumbnail","6":"product_cat-thuc-pham-tieu-dung","7":"product_cat-thuc-pham-dong-lanh","8":"pa_brand-eb","10":"first","11":"outofstock","12":"sale","13":"shipping-taxable","14":"purchasable","15":"product-type-simple"},"_links":{"self":[{"href":"https:\/\/havamall.com\/en\/wp-json\/wp\/v2\/product\/27081","targetHints":{"allow":["GET"]}}],"collection":[{"href":"https:\/\/havamall.com\/en\/wp-json\/wp\/v2\/product"}],"about":[{"href":"https:\/\/havamall.com\/en\/wp-json\/wp\/v2\/types\/product"}],"replies":[{"embeddable":true,"href":"https:\/\/havamall.com\/en\/wp-json\/wp\/v2\/comments?post=27081"}],"version-history":[{"count":0,"href":"https:\/\/havamall.com\/en\/wp-json\/wp\/v2\/product\/27081\/revisions"}],"wp:featuredmedia":[{"embeddable":true,"href":"https:\/\/havamall.com\/en\/wp-json\/wp\/v2\/media\/27086"}],"wp:attachment":[{"href":"https:\/\/havamall.com\/en\/wp-json\/wp\/v2\/media?parent=27081"}],"wp:term":[{"taxonomy":"product_brand","embeddable":true,"href":"https:\/\/havamall.com\/en\/wp-json\/wp\/v2\/product_brand?post=27081"},{"taxonomy":"product_cat","embeddable":true,"href":"https:\/\/havamall.com\/en\/wp-json\/wp\/v2\/product_cat?post=27081"},{"taxonomy":"product_tag","embeddable":true,"href":"https:\/\/havamall.com\/en\/wp-json\/wp\/v2\/product_tag?post=27081"}],"curies":[{"name":"wp","href":"https:\/\/api.w.org\/{rel}","templated":true}]}}