{"id":27114,"date":"2022-06-07T09:40:27","date_gmt":"2022-06-07T02:40:27","guid":{"rendered":"https:\/\/havamall.com\/?post_type=product&#038;p=27114"},"modified":"2023-06-14T09:56:51","modified_gmt":"2023-06-14T02:56:51","slug":"nuoc-hoa-cam-phap-la-pateliere-200ml-orange-blosson-flower-water","status":"publish","type":"product","link":"https:\/\/havamall.com\/en\/shop\/nuoc-hoa-cam-phap-la-pateliere-200ml-orange-blosson-flower-water\/","title":{"rendered":"N\u01b0\u1edbc Hoa Cam Ph\u00e1p La Pateliere 200ml \u2013 Orange Blosson Flower Water"},"content":{"rendered":"<p id=\"tw-target-text\" class=\"tw-data-text tw-text-large tw-ta\" dir=\"ltr\"><span class=\"Y2IQFc\" lang=\"vi\">\u201cN\u01b0\u1edbc hoa cam, c\u00f2n \u0111\u01b0\u1ee3c g\u1ecdi l\u00e0 tinh d\u1ea7u c\u1ee7a c\u00e2y cam \u0111\u1eafng neroli, \u0111\u01b0\u1ee3c s\u1ea3n xu\u1ea5t b\u1eb1ng c\u00e1ch ch\u01b0ng c\u1ea5t n\u01b0\u1edbc t\u1eeb hoa c\u1ee7a c\u00e2y cam \u0111\u1eafng. Kh\u00f4ng gi\u1ed1ng nh\u01b0 n\u01b0\u1edbc hoa cam nguy\u00ean ch\u1ea5t \u0111\u01b0\u1ee3c l\u00e0m t\u1eeb qu\u1ea3 cam, n\u01b0\u1edbc hoa cam \u0111\u01b0\u1ee3c l\u00e0m t\u1eeb c\u00e1nh hoa c\u1ee7a c\u00e2y.<\/span><\/p>\n<p class=\"tw-data-text tw-text-large tw-ta\" dir=\"ltr\">Ngay t\u1eeb khi cam xu\u1ea5t hi\u1ec7n \u1edf Trung \u0110\u00f4ng, ng\u01b0\u1eddi ta \u0111\u00e3 ch\u01b0ng c\u1ea5t c\u00e1nh hoa \u0111\u1ec3 t\u1ea1o ra n\u01b0\u1edbc hoa cam c\u00f3 h\u01b0\u01a1ng v\u1ecb v\u00e0 m\u00f9i th\u01a1m \u0111\u1ec3 n\u1ea5u \u0103n.\u00a0N\u01b0\u1edbc hoa cam \u0111ang th\u1ecbnh h\u00e0nh tr\u00ean kh\u1eafp th\u1ebf gi\u1edbi, ch\u1ee7 y\u1ebfu l\u00e0 kh\u1eafp Trung \u0110\u00f4ng v\u00e0 \u0110\u1ecba Trung H\u1ea3i.\u00a0N\u00f3 th\u00edch h\u1ee3p \u0111\u1ec3 s\u1eed d\u1ee5ng trong b\u00e1nh pudding, kem, salad tr\u00e1i c\u00e2y, salad rau, b\u00e1nh m\u00ec hoa c\u00fac, b\u00e1nh ng\u1ecdt v\u00e0 m\u1eadt ong.\u00a0Th\u00eam n\u01b0\u1edbc hoa n\u00e0y v\u00e0o n\u01b0\u1edbc cam ho\u1eb7c n\u01b0\u1edbc l\u1ecdc \u0111\u1ec3 gi\u1ea3i kh\u00e1t.<\/p>\n<p class=\"tw-data-text tw-text-large tw-ta\" dir=\"ltr\"><img fetchpriority=\"high\" decoding=\"async\" class=\"wp-image-27008 aligncenter\" src=\"https:\/\/havamall.com\/wp-content\/uploads\/2022\/06\/orange-blossom-blast-300x264.png\" alt=\"\" width=\"675\" height=\"594\" \/><\/p>\n<p>N\u01b0\u1edbc hoa cam c\u00f3 t\u00e1c d\u1ee5ng v\u1edbi c\u1ea3 m\u00f3n m\u1eb7n v\u00e0 m\u00f3n ng\u1ecdt.\u00a0S\u1ea3n ph\u1ea9m ph\u00f9 h\u1ee3p v\u1edbi c\u00e1c b\u1ea1n mu\u1ed1n t\u1eadp t\u00e0nh l\u00e0m b\u00e1nh. Ngo\u00e0i \u0111\u01b0\u1ee3c s\u1eed d\u1ee5ng \u0111\u1ec3 l\u00e0m b\u00e1nh, tinh hoa cam c\u00f2n \u0111\u01b0\u1ee3c d\u00f9ng \u0111\u1ec3 l\u00e0m k\u1eb9o d\u1ebbo, th\u1ea1ch, ch\u00e8, c\u00e1c m\u00f3n b\u00e1nh kh\u00e1c nh\u01b0 b\u00f4ng lan v\u1ecb cam, muffin, cupcake, b\u00e1nh cu\u1ed9n. H\u01b0\u01a1ng th\u01a1m \u0111\u1eb7c tr\u01b0ng c\u1ee7a tinh hoa cam k\u1ebft h\u1ee3p v\u1edbi m\u00f9i b\u01a1, s\u1eefa s\u1ebd l\u00e0m cho m\u00f3n b\u00e1nh c\u1ee7a b\u1ea1n th\u00eam ph\u1ea7n h\u1ea5p d\u1eabn.<\/p>\n<p><img decoding=\"async\" class=\"wp-image-27009 aligncenter\" src=\"https:\/\/havamall.com\/wp-content\/uploads\/2022\/06\/italian-orange-300x181.png\" alt=\"\" width=\"670\" height=\"404\" \/><\/p>\n<h3><strong>C\u00f4ng d\u1ee5ng c\u1ee7a n\u01b0\u1edbc hoa cam:<\/strong><\/h3>\n<p>&gt; D\u00f9ng trong c\u00e1c m\u00f3n ng\u1ecdt: B\u00e1nh pudding, b\u00e1nh ng\u1ecdt, b\u00e1nh quy, k\u1eb9o, b\u00e1nh k\u1eb9o, b\u00e1nh h\u1ea1nh nh\u00e2n, b\u00e1nh ng\u1ecdt<\/p>\n<p>&gt; D\u00f9ng trong c\u00e1c m\u00f3n m\u1eb7n: N\u01b0\u1edbc s\u1ed1t, n\u01b0\u1edbc x\u1ed1t, s\u00fap<\/p>\n<p>&gt; D\u00f9ng trong pha ch\u1ebf \u0111\u1ed3 u\u1ed1ng: Tr\u00e0 \u0111en ho\u1eb7c tr\u00e0 th\u1ea3o m\u1ed9c xanh, cocktail hoa cam,<\/p>\n<h3><img decoding=\"async\" class=\"wp-image-27010 aligncenter\" src=\"https:\/\/havamall.com\/wp-content\/uploads\/2022\/06\/mango-ginger-300x139.png\" alt=\"\" width=\"680\" height=\"315\" \/><\/h3>\n<h3><strong>\u0110\u1eb7c \u0111i\u1ec3m n\u1ed5i b\u1eadt c\u1ee7a s\u1ea3n ph\u1ea9m:<\/strong><\/h3>\n<ul>\n<li>\u0110\u01b0\u1ee3c chi\u1ebft xu\u1ea5t t\u1eeb \u200b\u200bnh\u1eefng b\u00f4ng hoa kh\u1ecfe m\u1ea1nh nh\u1ea5t<\/li>\n<li>L\u00fd t\u01b0\u1edfng \u0111\u1ec3 th\u00eam y\u1ebfu t\u1ed1 gi\u1ea3i kh\u00e1t v\u00e0o \u0111\u1ed3 u\u1ed1ng tr\u00e1i c\u00e2y c\u1ee7a b\u1ea1n<\/li>\n<li>Th\u00edch h\u1ee3p l\u00e0m h\u01b0\u01a1ng li\u1ec7u cho c\u00e1c m\u00f3n tr\u00e1ng mi\u1ec7ng<\/li>\n<li>\u0110\u01b0\u1ee3c b\u1ea3o qu\u1ea3n trong chai th\u1ee7y tinh c\u00f3 \u1ed1ng b\u00f3p l\u1ea5y tinh ch\u1ea5t, gi\u00fap d\u1ec5 d\u00e0ng s\u1eed d\u1ee5ng v\u00e0 b\u1ea3o qu\u1ea3n.<\/li>\n<\/ul>\n<p><img loading=\"lazy\" decoding=\"async\" class=\"wp-image-27011 aligncenter\" src=\"https:\/\/havamall.com\/wp-content\/uploads\/2022\/06\/68867888-752b-4b83-9d3a-b7eaf68ed9bb-IMG_1258-300x300.jpg\" alt=\"\" width=\"663\" height=\"663\" \/><\/p>","protected":false},"excerpt":{"rendered":"<p>\u201cN\u01b0\u1edbc hoa cam, c\u00f2n \u0111\u01b0\u1ee3c g\u1ecdi l\u00e0 tinh d\u1ea7u c\u1ee7a c\u00e2y cam \u0111\u1eafng neroli, \u0111\u01b0\u1ee3c s\u1ea3n xu\u1ea5t b\u1eb1ng c\u00e1ch ch\u01b0ng<\/p>","protected":false},"featured_media":27115,"comment_status":"open","ping_status":"closed","template":"","meta":[],"product_brand":[],"product_cat":[36],"product_tag":[],"class_list":{"0":"post-27114","1":"product","2":"type-product","3":"status-publish","4":"has-post-thumbnail","6":"product_cat-thuc-pham-tieu-dung","8":"first","9":"outofstock","10":"sale","11":"shipping-taxable","12":"purchasable","13":"product-type-simple"},"_links":{"self":[{"href":"https:\/\/havamall.com\/en\/wp-json\/wp\/v2\/product\/27114","targetHints":{"allow":["GET"]}}],"collection":[{"href":"https:\/\/havamall.com\/en\/wp-json\/wp\/v2\/product"}],"about":[{"href":"https:\/\/havamall.com\/en\/wp-json\/wp\/v2\/types\/product"}],"replies":[{"embeddable":true,"href":"https:\/\/havamall.com\/en\/wp-json\/wp\/v2\/comments?post=27114"}],"version-history":[{"count":0,"href":"https:\/\/havamall.com\/en\/wp-json\/wp\/v2\/product\/27114\/revisions"}],"wp:featuredmedia":[{"embeddable":true,"href":"https:\/\/havamall.com\/en\/wp-json\/wp\/v2\/media\/27115"}],"wp:attachment":[{"href":"https:\/\/havamall.com\/en\/wp-json\/wp\/v2\/media?parent=27114"}],"wp:term":[{"taxonomy":"product_brand","embeddable":true,"href":"https:\/\/havamall.com\/en\/wp-json\/wp\/v2\/product_brand?post=27114"},{"taxonomy":"product_cat","embeddable":true,"href":"https:\/\/havamall.com\/en\/wp-json\/wp\/v2\/product_cat?post=27114"},{"taxonomy":"product_tag","embeddable":true,"href":"https:\/\/havamall.com\/en\/wp-json\/wp\/v2\/product_tag?post=27114"}],"curies":[{"name":"wp","href":"https:\/\/api.w.org\/{rel}","templated":true}]}}