{"id":27128,"date":"2022-06-07T13:56:42","date_gmt":"2022-06-07T06:56:42","guid":{"rendered":"https:\/\/havamall.com\/?post_type=product&#038;p=27128"},"modified":"2025-11-08T16:29:07","modified_gmt":"2025-11-08T09:29:07","slug":"sua-dac-co-duong-creamy-so-natural-1kg","status":"publish","type":"product","link":"https:\/\/havamall.com\/en\/shop\/sua-dac-co-duong-creamy-so-natural-1kg\/","title":{"rendered":"S\u1eefa \u0110\u1eb7c C\u00f3 \u0110\u01b0\u1eddng Su\u1ed1i Ngu\u1ed3n Creamy So Natural 1kg"},"content":{"rendered":"<p>S\u1eefa \u0111\u1eb7c\u00a0Creamer So\u00a0Natural\u00a0\u00a0l\u00e0 ngu\u1ed3n cung c\u1ea5p thi\u1ebft y\u1ebfu Canxi v\u00e0 Protein, thi\u1ebft k\u1ebf an to\u00e0n, ti\u1ec7n d\u1ee5ng cho vi\u1ec7c s\u1eed d\u1ee5ng v\u00e0 b\u1ea3o qu\u1ea3n s\u1ea3n ph\u1ea9m.<\/p>\n<p>S\u1ea3n ph\u1ea9m v\u00f4 c\u00f9ng ti\u1ec7n d\u1ee5ng. B\u1ea1n ch\u1ec9 c\u1ea7n pha\u00a0s\u1eefa \u0111\u1eb7c\u00a0Creamer So Natural\u00a0theo t\u1ec9 l\u1ec7 1:3 v\u1edbi n\u01b0\u1edbc s\u00f4i \u0111\u1ec3 d\u00f9ng ngay, ho\u1eb7c pha v\u1edbi tr\u00e0, c\u00f3 th\u1ec3 d\u00f9ng k\u00e8m b\u00e1nh m\u00ec, l\u00e0m sinh t\u1ed1, yogurt ho\u1eb7c l\u00e0m b\u00e1nh.<\/p>\n<p><img fetchpriority=\"high\" decoding=\"async\" class=\"wp-image-27130 aligncenter\" src=\"https:\/\/havamall.com\/wp-content\/uploads\/2022\/06\/e899b139daf0-300x285.png\" alt=\"\" width=\"626\" height=\"595\" \/><\/p>\n<p>S\u1eefa \u0111\u1eb7c\u00a0Creamer So Natural\u00a0ch\u1ee9a nhi\u1ec1u Vitamin B1, A, D3 v\u00e0 nhi\u1ec1u ch\u1ea5t \u0111\u1ea1m h\u01a1n s\u1ebd mang \u0111\u1ebfn cho b\u1ea1n v\u00e0 gia \u0111\u00ecnh nh\u1eefng m\u00f3n \u0103n th\u01a1m b\u00e9o, v\u1ecb h\u00e0i h\u00f2a t\u1eeb c\u00e1c m\u00f3n m\u1eb7n \u0111\u1ebfn m\u00f3n ng\u1ecdt.<\/p>\n<p>S\u1eefa \u0111\u01b0\u1ee3c ch\u1ee9ng minh c\u00f3 t\u00e1c d\u1ee5ng t\u0103ng n\u0103ng l\u01b0\u1ee3ng sau m\u1ed9t ng\u00e0y l\u00e0m vi\u1ec7c m\u1ec7t m\u1ecfi. N\u00f3 l\u00e0 m\u1ed9t th\u1ef1c ph\u1ea9m r\u1ea5t t\u1ed1t l\u00e0m th\u01b0 gi\u00e3n c\u01a1 b\u1eafp c\u0169ng nh\u01b0 c\u00e1c ho\u1ea1t \u0111\u1ed9ng tr\u00ean d\u00e2y th\u1ea7n kinh. Ngo\u00e0i ra, m\u1ed9t ly s\u1eefa \u1ea5m v\u00e0o ban \u0111\u00eam c\u00f3 th\u1ec3 mang l\u1ea1i m\u1ed9t gi\u1ea5c ng\u1ee7 ngon.<\/p>\n<p><img decoding=\"async\" class=\"wp-image-27131 aligncenter\" src=\"https:\/\/havamall.com\/wp-content\/uploads\/2022\/06\/sua-dac-co-du-300x300.png\" alt=\"\" width=\"631\" height=\"631\" \/><\/p>\n<p>S\u1eefa \u0111\u1eb7c\u00a0Creamer So\u00a0Natural pha v\u1edbi n\u01b0\u1edbc \u1ea5m u\u1ed1ng v\u00e0o bu\u1ed5i s\u00e1ng, ch\u1ec9 c\u1ea7n \u0111\u1ed5 1 l\u01b0\u1ee3ng s\u1eefa \u0111\u1eb7c ra 1 c\u1ed1c v\u00e0 th\u00eam n\u01b0\u1edbc \u1ea5m, sau \u0111\u00f3 khu\u1ea5y \u0111\u1ec1u cho \u0111\u1ebfn khi s\u1eefa d\u01b0\u1edbi \u0111\u00e1y tan to\u00e0n b\u1ed9. \u0102n nh\u1eb9 v\u00e0o bu\u1ed5i s\u00e1ng v\u1edbi b\u00e1nh m\u00ec ch\u1ee9a tinh b\u1ed9t cung c\u1ea5p n\u0103ng l\u01b0\u1ee3ng cho ng\u00e0y m\u1edbi, \u0103n c\u00f9ng s\u1eefa \u0111\u1eb7c v\u1eeba d\u1ec5 \u0103n, v\u1eeba c\u00f3 th\u1ec3 gi\u00fap t\u0103ng c\u00e2n nhanh ch\u00f3ng.<\/p>\n<p>S\u1ea3n ph\u1ea9m \u0111\u01b0\u1ee3c s\u1ea3n xu\u1ea5t tr\u00ean d\u00e2y chuy\u1ec1n hi\u1ec7n \u0111\u1ea1i c\u1ee7a Malaysia, kh\u00f4ng ch\u1ee9a ch\u1ea5t b\u1ea3o qu\u1ea3n \u0111\u1ed9c h\u1ea1i cho ng\u01b0\u1eddi s\u1eed d\u1ee5ng. \u0110\u01b0\u1ee3c s\u1eed d\u1ee5ng trong pha ch\u1ebf th\u1ee9c u\u1ed1ng ho\u1eb7c c\u00e1c m\u00f3n \u0103n nhanh, gi\u00fap b\u1ea1n ti\u1ebft ki\u1ec7m th\u1eddi gian.<\/p>\n<p><img decoding=\"async\" class=\"wp-image-27132 aligncenter\" src=\"https:\/\/havamall.com\/wp-content\/uploads\/2022\/06\/18159b0d9-300x300.png\" alt=\"\" width=\"635\" height=\"635\" \/><\/p>\n<h3><strong>C\u00f4ng d\u1ee5ng c\u1ee7a s\u1eefa \u0111\u1eb7c\u00a0So\u00a0Natural<\/strong><\/h3>\n<p>\u2013 T\u1ed1t cho da: S\u1eefa r\u1ea5t gi\u00e0u c\u00e1c axit amin, gi\u00fap gi\u1eef \u1ea9m da v\u00e0 khi\u1ebfn da tr\u1edf n\u00ean m\u1ec1m m\u1ea1i h\u01a1n.<\/p>\n<p>\u2013 Gi\u1ea3m c\u0103ng th\u1eb3ng: S\u1eefa \u0111\u01b0\u1ee3c ch\u1ee9ng minh c\u00f3 t\u00e1c d\u1ee5ng t\u0103ng n\u0103ng l\u01b0\u1ee3ng sau m\u1ed9t ng\u00e0y l\u00e0m vi\u1ec7c m\u1ec7t m\u1ecfi. N\u00f3 l\u00e0 m\u1ed9t th\u1ef1c ph\u1ea9m r\u1ea5t t\u1ed1t l\u00e0m th\u01b0 gi\u00e3n c\u01a1 b\u1eafp c\u0169ng nh\u01b0 c\u00e1c ho\u1ea1t \u0111\u1ed9ng tr\u00ean c\u00e1c d\u00e2y th\u1ea7n kinh.<\/p>\n<p>\u2013 L\u1ee3i \u00edch ti\u00eau h\u00f3a t\u0103ng c\u00e2n: Th\u00e0nh ph\u1ea7n dinh d\u01b0\u1ee1ng s\u1ea3n ph\u1ea9m ch\u00ednh l\u00e0 s\u1eefa b\u00f2, ch\u1ea5t b\u00e9o, protein, \u0111\u01b0\u1eddng. Nh\u1eefng th\u00e0nh ph\u1ea7n n\u00e0y \u0111\u1ec1u c\u00f3 l\u1ee3i cho qu\u00e1 tr\u00ecnh t\u0103ng c\u00e2n nhanh cho nh\u1eefng ng\u01b0\u1eddi g\u1ea7y. Gi\u00fap ti\u00eau h\u00f3a t\u1ed1t, k\u00edch th\u00edch \u0103n cho nh\u1eefng ng\u01b0\u1eddi k\u00e9n \u0103n, \u0103n kh\u00f4ng ti\u00eau, c\u01a1 th\u1ec3 kh\u00f3 h\u1ea5p th\u1ee5 d\u01b0\u1ee1ng ch\u1ea5t t\u1eeb th\u1ee9c \u0103n.<\/p>\n<p><img loading=\"lazy\" decoding=\"async\" class=\"wp-image-27133 aligncenter\" src=\"https:\/\/havamall.com\/wp-content\/uploads\/2022\/06\/ca-phe-300x200.jpg\" alt=\"\" width=\"637\" height=\"424\" \/><\/p>\n<p>\u2013 T\u0103ng c\u01b0\u1eddng m\u1eadt \u0111\u1ed9 x\u01b0\u01a1ng v\u00e0 gi\u00fap r\u0103ng ch\u1eafc kh\u1ecfe: S\u1eefa l\u00e0 m\u1ed9t ngu\u1ed3n gi\u00e0u canxi. Kho\u00e1ng ch\u1ea5t n\u00e0y r\u1ea5t c\u1ea7n thi\u1ebft \u0111\u1ec3 gi\u00fap cho x\u01b0\u01a1ng v\u00e0 r\u0103ng kh\u1ecfe m\u1ea1nh.<\/p>\n<p>\u2013 Gi\u00e0u vitamin D: S\u1eefa l\u00e0 m\u1ed9t th\u1ef1c ph\u1ea9m r\u1ea5t gi\u00e0u vitamin D, n\u00f3 c\u00f3 t\u00e1c d\u1ee5ng l\u00e0m gi\u1ea3m vi\u00eam nhi\u1ec5m v\u00e0 t\u0103ng c\u01b0\u1eddng h\u1ec7 mi\u1ec5n d\u1ecbch.<\/p>\n<p>\u2013 Gi\u00fap gi\u1eef n\u01b0\u1edbc: Sau khi t\u1eadp th\u1ec3 d\u1ee5c, m\u1ed9t ly s\u1eefa c\u00f3 th\u1ec3 gi\u00fap kh\u00f4i ph\u1ee5c n\u0103ng l\u01b0\u1ee3ng c\u1ee7a b\u1ea1n v\u00e0 \u0111\u1ed3ng th\u1eddi gi\u1eef \u1ea9m c\u01a1 th\u1ec3.<\/p>\n<p>\u2013 Ph\u00e1t tri\u1ec3n c\u01a1 b\u1eafp: Protein c\u00f3 trong s\u1eefa, l\u00e0 ch\u1ea5t dinh d\u01b0\u1ee1ng c\u1ea7n thi\u1ebft cho s\u1ef1 t\u0103ng tr\u01b0\u1edfng c\u01a1 b\u1eafp.<\/p>","protected":false},"excerpt":{"rendered":"<p>S\u1eefa \u0111\u1eb7c\u00a0Creamer So\u00a0Natural\u00a0\u00a0l\u00e0 ngu\u1ed3n cung c\u1ea5p thi\u1ebft y\u1ebfu Canxi v\u00e0 Protein, thi\u1ebft k\u1ebf an to\u00e0n, ti\u1ec7n d\u1ee5ng cho vi\u1ec7c s\u1eed<\/p>","protected":false},"featured_media":27283,"comment_status":"open","ping_status":"closed","template":"","meta":[],"product_brand":[],"product_cat":[730,135,36,143],"product_tag":[],"class_list":{"0":"post-27128","1":"product","2":"type-product","3":"status-publish","4":"has-post-thumbnail","6":"product_cat-cac-nuoc-khac","7":"product_cat-sua-do-uong","8":"product_cat-thuc-pham-tieu-dung","9":"product_cat-thuc-pham-dong-hop","11":"first","12":"outofstock","13":"sale","14":"shipping-taxable","15":"purchasable","16":"product-type-simple"},"_links":{"self":[{"href":"https:\/\/havamall.com\/en\/wp-json\/wp\/v2\/product\/27128","targetHints":{"allow":["GET"]}}],"collection":[{"href":"https:\/\/havamall.com\/en\/wp-json\/wp\/v2\/product"}],"about":[{"href":"https:\/\/havamall.com\/en\/wp-json\/wp\/v2\/types\/product"}],"replies":[{"embeddable":true,"href":"https:\/\/havamall.com\/en\/wp-json\/wp\/v2\/comments?post=27128"}],"version-history":[{"count":0,"href":"https:\/\/havamall.com\/en\/wp-json\/wp\/v2\/product\/27128\/revisions"}],"wp:featuredmedia":[{"embeddable":true,"href":"https:\/\/havamall.com\/en\/wp-json\/wp\/v2\/media\/27283"}],"wp:attachment":[{"href":"https:\/\/havamall.com\/en\/wp-json\/wp\/v2\/media?parent=27128"}],"wp:term":[{"taxonomy":"product_brand","embeddable":true,"href":"https:\/\/havamall.com\/en\/wp-json\/wp\/v2\/product_brand?post=27128"},{"taxonomy":"product_cat","embeddable":true,"href":"https:\/\/havamall.com\/en\/wp-json\/wp\/v2\/product_cat?post=27128"},{"taxonomy":"product_tag","embeddable":true,"href":"https:\/\/havamall.com\/en\/wp-json\/wp\/v2\/product_tag?post=27128"}],"curies":[{"name":"wp","href":"https:\/\/api.w.org\/{rel}","templated":true}]}}