{"id":27141,"date":"2022-06-08T11:31:00","date_gmt":"2022-06-08T04:31:00","guid":{"rendered":"https:\/\/havamall.com\/?post_type=product&#038;p=27141"},"modified":"2022-08-22T11:32:54","modified_gmt":"2022-08-22T04:32:54","slug":"nhan-banh-trung-thu-sua-dua-phu-thuong-tui-1kg","status":"publish","type":"product","link":"https:\/\/havamall.com\/en\/shop\/nhan-banh-trung-thu-sua-dua-phu-thuong-tui-1kg\/","title":{"rendered":"Nh\u00e2n B\u00e1nh Trung Thu D\u1eeba Ph\u00fa Th\u01b0\u01a1ng T\u00fai 1kg"},"content":{"rendered":"<p>Trung thu l\u00e0 th\u1eddi gian m\u00e0 ch\u00fang ta \u0111\u01b0\u1ee3c th\u01b0\u1edfng th\u1ee9c m\u1ed9t lo\u1ea1i b\u00e1nh truy\u1ec1n th\u1ed1ng \u0111\u1eb7c bi\u1ec7t \u0111\u00f3 ch\u00ednh l\u00e0 b\u00e1nh trung thu.\u00a0B\u00e1nh trung thu l\u00e0 m\u1ed9t m\u00f3n \u0103n kh\u00f4ng th\u1ec3 thi\u1ebfu trong ng\u00e0y r\u1eb1m th\u00e1ng 8. V\u1edbi \u00fd ngh\u0129a v\u00e0 bi\u1ec3u t\u01b0\u1ee3ng cho s\u1ef1 v\u1eb9n nguy\u00ean, \u0111\u1ee7 \u0111\u1ea7y, s\u1ef1 \u0111o\u00e0n t\u1ee5 vi\u00ean m\u00e3n cho b\u00e1nh trung thu tr\u00f2n. B\u00e1nh trung thu h\u00ecnh vu\u00f4ng\u00a0\u0111\u1ea1i di\u1ec7n cho h\u00ecnh d\u00e1ng tr\u1eddi \u0111\u1ea5t, s\u1ef1 t\u1ef1 do v\u00e0 h\u1ea1nh ph\u00fac c\u1ee7a con ng\u01b0\u1eddi. Trung thu l\u1ea1i c\u00e0ng \u00fd ngh\u0129a h\u01a1n khi b\u1ea1n t\u1ef1 ta l\u00e0m n\u00ean nh\u1eefng chi\u1ebfc b\u00e1nh xinh x\u1eafn t\u1eb7ng cho ng\u01b0\u1eddi th\u00e2n. Nh\u00e2n b\u00e1nh Ph\u00fa Th\u01b0\u01a1ng s\u1ebd gi\u00fap b\u1ea1n ti\u1ebft ki\u1ec7m th\u1eddi gian khi l\u00e0m b\u00e1nh.<\/p>\n<p><img fetchpriority=\"high\" decoding=\"async\" class=\"aligncenter\" src=\"https:\/\/havamall.com\/wp-content\/uploads\/2022\/06\/Assorted-Baked-Mooncakes-Singapore-Marriott-Tang-Plaza-Hotel.jpg\" alt=\"The best mooncakes in Singapore for Mid-Autumn Festival 2021\" width=\"658\" height=\"494\" \/><\/p>\n<p>Nh\u00e2n d\u1eeba Ph\u00fa Th\u01b0\u01a1ng 1kg l\u00e0m s\u1eb5n r\u1ea5t thu\u1eadn ti\u1ec7n d\u00f9ng l\u00e0m nh\u00e2n cho b\u00e1nh trung thu cho c\u00e1c ti\u1ec7m b\u00e1nh v\u00e0 kh\u00e1ch h\u00e0ng gia \u0111\u00ecnh kh\u00f4ng c\u00f3 nhi\u1ec1u th\u1eddi gian \u0111\u1ec3 l\u00e0m c\u00e1c m\u00f3n nh\u00e2n cho b\u00e1nh trung thu, s\u1ea3n ph\u1ea9m \u0111\u1ea3m b\u1ea3o ch\u1ea5t l\u01b0\u1ee3ng nh\u00e2n v\u00e0 v\u1ec7 sinh an to\u00e0n th\u1ef1c ph\u1ea9m cho m\u00f9a Trung Thu \u0111ang \u0111\u1ebfn g\u1ea7n. Nh\u00e2n c\u00f3 th\u1ec3 d\u00f9ng l\u00e0m b\u00e1nh trung thu, b\u00e1nh p\u00eda, b\u00e1nh bao, b\u00e1nh cam\u2026 ho\u1eb7c b\u1ea5t c\u1ee9 lo\u1ea1i n\u00e0o c\u00f3 th\u1ec3 \u00e1p d\u1ee5ng v\u1edbi nh\u00e2n d\u1eeba.<\/p>\n<p><img decoding=\"async\" class=\"wp-image-27142 aligncenter\" src=\"https:\/\/havamall.com\/wp-content\/uploads\/2022\/06\/z26427491858-300x215.png\" alt=\"\" width=\"659\" height=\"472\" \/><\/p>\n<p>V\u1edbi nh\u00e2n d\u1eeba s\u00ean s\u1eb5n c\u1ee7a Ph\u00fa th\u01b0\u01a1ng, nh\u00e2n c\u00f3 \u0111\u1ed9 ng\u1ecdt v\u1eeba ph\u1ea3i c\u00f3 th\u1ec3 d\u00f9ng ngay, b\u1ea1n c\u00f3 th\u1ec3 s\u1eed d\u1ee5ng tr\u1ef1c ti\u1ebfp l\u00e0m nh\u00e2n b\u00e1nh m\u00e0 kh\u00f4ng ph\u1ea3i qua b\u1ea5t c\u1ee9 m\u1ed9t thao t\u00e1c n\u00e0o kh\u00e1c. Nh\u00e2n \u0111\u01b0\u1ee3c \u0111\u00f3ng g\u00f3i 1kg ph\u00f9 h\u1ee3p v\u1edbi nhu c\u1ea7u s\u1eed d\u1ee5ng c\u1ee7a gia \u0111\u00ecnh cho \u0111\u1ebfn c\u00e1c nh\u00e0 b\u00e1nh chuy\u00ean nghi\u1ec7p.<\/p>\n<p>Nh\u00e2n d\u1eeba Ph\u00fa Th\u01b0\u01a1ng v\u1edbi h\u01b0\u01a1ng v\u1ecb \u0111\u1eadm \u0111\u00e0, n\u00ean r\u1ea5t ph\u00f9 h\u1ee3p \u0111\u1ec3 l\u00e0m nh\u00e2n b\u00e1nh trung thu, b\u00e1nh p\u00eda,\u2026S\u1ea3n ph\u1ea9m \u0111\u01b0\u1ee3c s\u1ea3n xu\u1ea5t trong quy tr\u00ecnh c\u00f4ng ngh\u1ec7 hi\u1ec7n \u0111\u1ea1i v\u00ec v\u1eady n\u00ean r\u1ea5t an to\u00e0n v\u00e0 \u0111\u1ea3m b\u1ea3o ch\u1ea5t l\u01b0\u1ee3ng khi s\u1eed d\u1ee5ng.<\/p>\n<p><img decoding=\"async\" class=\"wp-image-27143 aligncenter\" src=\"https:\/\/havamall.com\/wp-content\/uploads\/2022\/06\/image-300x254.png\" alt=\"\" width=\"653\" height=\"553\" \/><\/p>\n<h3><strong>\u01afu \u0111i\u1ec3m c\u1ee7a nh\u00e2n d\u1eeba:<\/strong><\/h3>\n<ul>\n<li>M\u00e0u s\u1eafc t\u01b0\u01a1i s\u00e1ng, b\u00e1nh n\u01b0\u1edbng xong v\u1eabn gi\u1eef m\u00e0u \u0111\u1eb7c tr\u01b0ng.<\/li>\n<li>Nh\u00e2n kh\u00f4ng b\u1ecb t\u00e1ch d\u1ea7u, g\u00e2y \u1ea3nh h\u01b0\u1edfng ch\u1ea5t l\u01b0\u1ee3ng th\u00e0nh ph\u1ea9m.<\/li>\n<li>V\u1ecb ng\u1ecdt h\u00e0i h\u00f2a thanh m\u00e1t, h\u01b0\u01a1ng v\u1ecb \u0111\u1eb7c tr\u01b0ng, m\u1edbi l\u1ea1.<\/li>\n<li>Nh\u00e2n m\u1ec1m, m\u1ecbn, kh\u00f4ng n\u1ee9t v\u1ee1 b\u1ec1 m\u1eb7t, gi\u1eef hoa v\u0103n s\u1eafc n\u00e9t khi l\u00e0m b\u00e1nh.<\/li>\n<li>\u0110\u1ed9 tan t\u1ed1t, v\u1ecb h\u00e0i h\u00f2a.<\/li>\n<li>D\u1ec5 thao t\u00e1c v\u00e0 \u1ee9ng d\u1ee5ng.<\/li>\n<li>C\u00f3 nhi\u1ec1u h\u01b0\u01a1ng v\u1ecb \u0111\u1ec3 l\u1ef1a ch\u1ecdn.<\/li>\n<li>\u0110\u1ea3m b\u1ea3o v\u1ec7 sinh an to\u00e0n th\u1ef1c ph\u1ea9m.<\/li>\n<\/ul>\n<p><img loading=\"lazy\" decoding=\"async\" class=\"wp-image-27144 aligncenter\" src=\"https:\/\/havamall.com\/wp-content\/uploads\/2022\/06\/16274-300x188.png\" alt=\"\" width=\"664\" height=\"416\" \/><\/p>","protected":false},"excerpt":{"rendered":"<p>Trung thu l\u00e0 th\u1eddi gian m\u00e0 ch\u00fang ta \u0111\u01b0\u1ee3c th\u01b0\u1edfng th\u1ee9c m\u1ed9t lo\u1ea1i b\u00e1nh truy\u1ec1n th\u1ed1ng \u0111\u1eb7c bi\u1ec7t \u0111\u00f3 ch\u00ednh<\/p>","protected":false},"featured_media":27145,"comment_status":"open","ping_status":"closed","template":"","meta":[],"product_brand":[],"product_cat":[36],"product_tag":[],"class_list":{"0":"post-27141","1":"product","2":"type-product","3":"status-publish","4":"has-post-thumbnail","6":"product_cat-thuc-pham-tieu-dung","7":"pa_brand-phu-thuong","9":"first","10":"outofstock","11":"sale","12":"shipping-taxable","13":"purchasable","14":"product-type-simple"},"_links":{"self":[{"href":"https:\/\/havamall.com\/en\/wp-json\/wp\/v2\/product\/27141","targetHints":{"allow":["GET"]}}],"collection":[{"href":"https:\/\/havamall.com\/en\/wp-json\/wp\/v2\/product"}],"about":[{"href":"https:\/\/havamall.com\/en\/wp-json\/wp\/v2\/types\/product"}],"replies":[{"embeddable":true,"href":"https:\/\/havamall.com\/en\/wp-json\/wp\/v2\/comments?post=27141"}],"version-history":[{"count":0,"href":"https:\/\/havamall.com\/en\/wp-json\/wp\/v2\/product\/27141\/revisions"}],"wp:featuredmedia":[{"embeddable":true,"href":"https:\/\/havamall.com\/en\/wp-json\/wp\/v2\/media\/27145"}],"wp:attachment":[{"href":"https:\/\/havamall.com\/en\/wp-json\/wp\/v2\/media?parent=27141"}],"wp:term":[{"taxonomy":"product_brand","embeddable":true,"href":"https:\/\/havamall.com\/en\/wp-json\/wp\/v2\/product_brand?post=27141"},{"taxonomy":"product_cat","embeddable":true,"href":"https:\/\/havamall.com\/en\/wp-json\/wp\/v2\/product_cat?post=27141"},{"taxonomy":"product_tag","embeddable":true,"href":"https:\/\/havamall.com\/en\/wp-json\/wp\/v2\/product_tag?post=27141"}],"curies":[{"name":"wp","href":"https:\/\/api.w.org\/{rel}","templated":true}]}}