{"id":27159,"date":"2022-06-08T16:18:43","date_gmt":"2022-06-08T09:18:43","guid":{"rendered":"https:\/\/havamall.com\/?post_type=product&#038;p=27159"},"modified":"2022-10-24T16:27:07","modified_gmt":"2022-10-24T09:27:07","slug":"duong-xay-min-tui-1kg-icing-sugar","status":"publish","type":"product","link":"https:\/\/havamall.com\/en\/shop\/duong-xay-min-tui-1kg-icing-sugar\/","title":{"rendered":"\u0110\u01b0\u1eddng Xay M\u1ecbn T\u00fai 1kg &#8211; Icing Sugar"},"content":{"rendered":"<p>\u0110\u01b0\u1eddng xay hay c\u00f2n g\u1ecdi l\u00e0\u00a0\u0111\u01b0\u1eddng b\u1ed9t ho\u1eb7c \u0111\u01b0\u1eddng b\u00e1nh k\u1eb9o, b\u00e1nh kem l\u00e0 m\u1ed9t lo\u1ea1i \u0111\u01b0\u1eddng \u0111\u01b0\u1ee3c xay m\u1ecbn, \u0111\u01b0\u1ee3c s\u1ea3n xu\u1ea5t b\u1eb1ng c\u00e1ch nghi\u1ec1n \u0111\u01b0\u1eddng c\u00e1t tr\u1eafng tinh luy\u1ec7n th\u00e0nh tr\u1ea1ng th\u00e1i d\u1ea1ng b\u1ed9t, \u0111\u01b0\u1eddng tinh luy\u1ec7n nguy\u00ean ch\u1ea5t khi xay ra th\u01b0\u1eddng c\u00f3 d\u1ea1ng v\u00f3n c\u1ee5c nh\u1eb9, ch\u1ec9 c\u1ea7n b\u00f3p nh\u1eb9 s\u1ebd m\u1ecbn nh\u01b0 \u0111\u01b0\u1eddng b\u1ed9t th\u00f4ng th\u01b0\u1eddng.<\/p>\n<p><img fetchpriority=\"high\" decoding=\"async\" class=\"aligncenter\" src=\"https:\/\/havamall.com\/wp-content\/uploads\/2022\/06\/E546F1B8-D106-4BE4-8EDF-1178ECA5BB56.jpg\" alt='Icing sugar - Cookidoo\u00ae \u2013 the official Thermomix\u00ae recipe platform' width=\"714\" height=\"595\" \/><\/p>\n<p>\u0110\u01b0\u1eddng xay \u0111\u01b0\u1ee3c nghi\u1ec1n nh\u1ecf v\u00e0 k\u0129, t\u1ea1o \u0111\u1ed9 m\u1ec1m, m\u1ecbn v\u00e0 c\u00f3 kh\u1ea3 n\u0103ng h\u00f2a tan cao, kh\u00f4ng b\u1ecb v\u00f3n c\u1ee5c khi s\u1eed d\u1ee5ng. V\u1edbi kh\u1ea3 n\u0103ng h\u00f2a tan cao, s\u1ea3n ph\u1ea9m \u0111\u01b0\u1ee3c nhi\u1ec1u ng\u01b0\u1eddi l\u1ef1a ch\u1ecdn \u0111\u1ec3 ti\u1ebft ki\u1ec7m th\u1eddi gian tr\u1ed9n nguy\u00ean li\u1ec7u. \u0110\u1eb7c bi\u1ec7t, s\u1ea3n ph\u1ea9m d\u1ef1a tr\u00ean quy tr\u00ecnh c\u00f4ng ngh\u1ec7 hi\u1ec7n \u0111\u1ea1i, d\u01b0\u1edbi s\u1ef1 d\u00e1m s\u00e1t nghi\u00eam ng\u1eb7t, \u0111\u1ea3m b\u1ea3o v\u1ec1 ch\u1ea5t l\u01b0\u1ee3ng c\u0169ng nh\u01b0 v\u1ec7 sinh an to\u00e0n th\u1ef1c ph\u1ea9m, mang \u0111\u1ebfn ng\u01b0\u1eddi ti\u00eau d\u00f9ng s\u1ef1 y\u00ean t\u00e2m l\u1ef1a ch\u1ecdn s\u1ea3n ph\u1ea9m.<\/p>\n<p><img decoding=\"async\" class=\"wp-image-27160 aligncenter\" src=\"https:\/\/havamall.com\/wp-content\/uploads\/2022\/06\/rac-duong-294x300.png\" alt=\"\" width=\"716\" height=\"731\" \/><\/p>\n<p>\u0110\u01b0\u1eddng xay \u0111\u01b0\u1ee3c s\u1eed d\u1ee5ng trong s\u1ea3n xu\u1ea5t th\u1ef1c ph\u1ea9m c\u00f4ng nghi\u1ec7p khi c\u1ea7n m\u1ed9t l\u01b0\u1ee3ng \u0111\u01b0\u1eddng h\u00f2a tan nhanh. Ng\u01b0\u1eddi ta th\u01b0\u1eddng s\u1eed d\u1ee5ng n\u00f3 ch\u1ee7 y\u1ebfu \u0111\u1ec3 \u0111\u00f3ng b\u0103ng ho\u1eb7c frosting v\u00e0 trang tr\u00ed c\u00e1c lo\u1ea1i b\u00e1nh kh\u00e1c. N\u00f3 th\u01b0\u1eddng \u0111\u01b0\u1ee3c ph\u1ee7 v\u00e0o m\u00f3n n\u01b0\u1edbng \u0111\u1ec3 th\u00eam v\u1ecb ng\u1ecdt tinh t\u1ebf v\u00e0 trang tr\u00ed cho th\u1ea9m m\u1ef9.<\/p>\n<p>C\u00e1c h\u1ea1t \u0111\u01b0\u1eddng m\u1ecbn h\u01a1n h\u1ea5p th\u1ee5 \u0111\u1ed9 \u1ea9m nhi\u1ec1u h\u01a1n. Trong th\u1ef1c t\u1ebf \u0111\u1ec3 l\u00e0m ch\u1ed1ng v\u00f3n c\u1ee5c \u0111\u01b0\u1eddng xay, ng\u01b0\u1eddi ta th\u01b0\u1eddng b\u1ed5 sung th\u00eam m\u1ed9t t\u1ef7 l\u1ec7 r\u1ea5t nh\u1ecf tinh b\u1ed9t ng\u00f4.<\/p>\n<p><img decoding=\"async\" class=\"wp-image-27161 aligncenter\" src=\"https:\/\/havamall.com\/wp-content\/uploads\/2022\/06\/powdered-sugar-sprinkli-300x200.png\" alt=\"\" width=\"715\" height=\"476\" \/><\/p>\n<p>\u0110\u01b0\u1eddng xay \u0111\u01b0\u1ee3c d\u00f9ng trong r\u1ea5t nhi\u1ec1u c\u00f4ng th\u1ee9c l\u00e0m b\u00e1nh n\u01b0\u1edbng, c\u00e1c c\u00f4ng th\u1ee9c Meringues v\u00e0 c\u00e1c lo\u1ea1i kem ph\u1ee7 b\u00e1nh\u2026 \u0110\u01b0\u1eddng xay c\u0169ng l\u00e0 th\u00e0nh ph\u1ea7n quan tr\u1ecdng g\u00f3p m\u1eb7t trong c\u00e1c c\u00f4ng th\u1ee9c b\u00e1nh cookie, b\u00e1nh gato hay \u0111\u01b0\u1eddng ph\u1ee7 trang tr\u00ed b\u00e1nh\u2026 Ch\u00fang g\u00f3p m\u1ed9t vai tr\u00f2 c\u1ef1c k\u00ec quan tr\u1ecdng trong vi\u1ec7c mang l\u1ea1i h\u01b0\u01a1ng v\u1ecb ng\u1ecdt ng\u00e0o, th\u01a1m ngon cho nh\u1eefng chi\u1ebfc b\u00e1nh. Kh\u00f4ng ch\u1ec9 v\u1eady, \u0111\u01b0\u1eddng xay c\u00f2n l\u00e0 nguy\u00ean li\u1ec7u trang tr\u00ed gi\u00fap nh\u1eefng chi\u1ebfc b\u00e1nh tr\u1edf n\u00ean h\u1ea5p d\u1eabn v\u00e0 tuy\u1ec7t \u0111\u1eb9p. Nguy\u00ean li\u1ec7u n\u00e0y c\u0169ng hay \u0111\u01b0\u1ee3c s\u1eed d\u1ee5ng \u0111\u1ec3 r\u1eafc m\u1ed9t l\u1edbp nh\u1eb9 l\u00ean c\u00e1c m\u00f3n b\u00e1nh ng\u1ecdt, m\u00f3n tr\u00e1ng mi\u1ec7ng trang tr\u00ed th\u00eam cho m\u00f3n \u0103n \u0111\u1eb9p m\u1eaft v\u00e0 h\u1ea5p d\u1eabn h\u01a1n.<\/p>\n<p><img loading=\"lazy\" decoding=\"async\" class=\"wp-image-27162 aligncenter\" src=\"https:\/\/havamall.com\/wp-content\/uploads\/2022\/06\/Mini-Powdered-300x200.png\" alt=\"\" width=\"716\" height=\"477\" \/><\/p>\n<div>\n<h3><strong>C\u00f4ng d\u1ee5ng c\u1ee7a s\u1ea3n ph\u1ea9m:<\/strong><\/h3>\n<p>\u2013 \u0110\u01b0\u1eddng b\u1ed9t l\u00e0 nguy\u00ean li\u1ec7u ch\u00ednh \u0111\u1ec3 t\u1ea1o n\u00ean Fondant. Fordant l\u00e0 m\u1ed9t lo\u1ea1i v\u1eadt li\u1ec7u trang tr\u00ed b\u00e1nh gato n\u1ed5i ti\u1ebfng v\u00e0 r\u1ea5t ph\u1ed5 bi\u1ebfn \u1edf ph\u01b0\u01a1ng T\u00e2y t\u1eeb c\u00e1ch \u0111\u00e2y h\u00e0ng tr\u0103m n\u0103m v\u00e0 hi\u1ec7n nay n\u00f3 \u0111ang \u201cl\u00e0m m\u01b0a l\u00e0m gi\u00f3\u201d t\u1ea1i th\u1ecb tr\u01b0\u1eddng b\u00e1nh Vi\u1ec7t Nam. \u0110\u01b0\u1eddng b\u1ed9t l\u00e0 nguy\u00ean li\u1ec7u ch\u00ednh v\u00e0 kh\u00f4ng th\u1ec3 thay th\u1ebf \u0111\u1ec3 l\u00e0m ra Fondant.<\/p>\n<p>\u2013 Icing l\u00e0 lo\u1ea1i \u0111\u01b0\u1eddng s\u1ec7t \u0111\u01b0\u1ee3c s\u1eed d\u1ee5ng \u0111\u1ec3 trang tr\u00ed b\u00e1nh m\u00f3n b\u00e1nh Cookie th\u00eam xinh \u0111\u1eb9p v\u00e0 \u0111\u01b0\u1eddng b\u1ed9t ch\u00ednh l\u00e0 th\u00e0nh ph\u1ea7n ch\u00ednh \u0111\u1ec3 l\u00e0m l\u00ean lo\u1ea1i v\u1eadt li\u1ec7u trang tr\u00ed n\u00e0y.<\/p>\n<p><img loading=\"lazy\" decoding=\"async\" class=\"wp-image-27163 aligncenter\" src=\"https:\/\/havamall.com\/wp-content\/uploads\/2022\/06\/butte-300x240.png\" alt=\"\" width=\"716\" height=\"573\" \/><\/p>\n<p>\u2013 C\u0169ng nh\u01b0 c\u00f4ng d\u1ee5ng chung c\u1ee7a c\u00e1c lo\u1ea1i \u0111\u01b0\u1eddng, \u0111\u01b0\u1eddng b\u1ed9t \u0111\u01b0\u1ee3c s\u1eed d\u1ee5ng r\u1ea5t nhi\u1ec1u trong c\u00e1c c\u00f4ng th\u1ee9c b\u00e1nh n\u01b0\u1edbng \u0111\u1ec3 t\u1ea1o \u0111\u1ed9 \u1ea9m cho b\u00e1nh trong qu\u00e1 tr\u00ecnh n\u01b0\u1edbng, gi\u00fap b\u00e1nh n\u1edf t\u1ed1t h\u01a1n. \u0110\u1ed1i v\u1edbi nh\u1eefng lo\u1ea1i b\u00e1nh y\u00eau c\u1ea7u \u0111\u1ed9 gi\u00f2n, ng\u01b0\u1eddi ta c\u0169ng d\u00f9ng \u0111\u01b0\u1eddng b\u1ed9t trong c\u00f4ng th\u1ee9c \u0111\u1ec3 gi\u00fap b\u00e1nh gi\u00f2n \u0111\u00fang ti\u00eau chu\u1ea9n.<\/p>\n<p>\u2013 B\u00ean c\u1ea1nh \u0111\u00f3, \u0111\u01b0\u1eddng b\u1ed9t c\u00f2n \u0111\u01b0\u1ee3c d\u00f9ng \u0111\u1ec3 \u0111\u00e1nh b\u00f4ng Cream Cheese hay b\u01a1 l\u1ea1t \u0111\u1ec3 l\u00e0m kem trang tr\u00ed b\u00e1nh. \u0110\u01b0\u1eddng b\u1ed9t c\u00f3 kh\u1ea3 n\u0103ng thay th\u1ebf \u0111\u01b0\u1eddng tr\u1eafng trong vi\u1ec7c \u0111\u00e1nh b\u00f4ng Whipping Cream ho\u1eb7c Topping Cream.<\/p>\n<p>\u2013 \u0110\u01b0\u1eddng b\u1ed9t c\u0169ng \u0111\u01b0\u1ee3c d\u00f9ng tr\u1ef1c ti\u1ebfp \u0111\u1ec3 trang tr\u00ed b\u00e1nh b\u1eb1ng c\u00e1ch r\u1eafc m\u1ed9t l\u1edbp m\u1ecfng l\u00ean b\u1ec1 m\u1eb7t c\u00e1c m\u00f3n b\u00e1nh ng\u1ecdt \u0111\u1ec3 t\u0103ng th\u00eam \u0111\u1ed9 b\u1eaft m\u1eaft, h\u1ea5p d\u1eabn c\u0169ng nh\u01b0 h\u01b0\u01a1ng v\u1ecb ng\u1ecdt ng\u00e0o.<\/p>\n<p><img loading=\"lazy\" decoding=\"async\" class=\"wp-image-27164 aligncenter\" src=\"https:\/\/havamall.com\/wp-content\/uploads\/2022\/06\/2199-255x300.png\" alt=\"\" width=\"717\" height=\"843\" \/><\/p>\n<\/div>","protected":false},"excerpt":{"rendered":"<p>\u0110\u01b0\u1eddng xay hay c\u00f2n g\u1ecdi l\u00e0\u00a0\u0111\u01b0\u1eddng b\u1ed9t ho\u1eb7c \u0111\u01b0\u1eddng b\u00e1nh k\u1eb9o, b\u00e1nh kem l\u00e0 m\u1ed9t lo\u1ea1i \u0111\u01b0\u1eddng \u0111\u01b0\u1ee3c xay m\u1ecbn,<\/p>","protected":false},"featured_media":27165,"comment_status":"open","ping_status":"closed","template":"","meta":[],"product_brand":[],"product_cat":[36],"product_tag":[],"class_list":{"0":"post-27159","1":"product","2":"type-product","3":"status-publish","4":"has-post-thumbnail","6":"product_cat-thuc-pham-tieu-dung","7":"pa_brand-phu-thuong","9":"first","10":"outofstock","11":"sale","12":"shipping-taxable","13":"purchasable","14":"product-type-simple"},"_links":{"self":[{"href":"https:\/\/havamall.com\/en\/wp-json\/wp\/v2\/product\/27159","targetHints":{"allow":["GET"]}}],"collection":[{"href":"https:\/\/havamall.com\/en\/wp-json\/wp\/v2\/product"}],"about":[{"href":"https:\/\/havamall.com\/en\/wp-json\/wp\/v2\/types\/product"}],"replies":[{"embeddable":true,"href":"https:\/\/havamall.com\/en\/wp-json\/wp\/v2\/comments?post=27159"}],"version-history":[{"count":0,"href":"https:\/\/havamall.com\/en\/wp-json\/wp\/v2\/product\/27159\/revisions"}],"wp:featuredmedia":[{"embeddable":true,"href":"https:\/\/havamall.com\/en\/wp-json\/wp\/v2\/media\/27165"}],"wp:attachment":[{"href":"https:\/\/havamall.com\/en\/wp-json\/wp\/v2\/media?parent=27159"}],"wp:term":[{"taxonomy":"product_brand","embeddable":true,"href":"https:\/\/havamall.com\/en\/wp-json\/wp\/v2\/product_brand?post=27159"},{"taxonomy":"product_cat","embeddable":true,"href":"https:\/\/havamall.com\/en\/wp-json\/wp\/v2\/product_cat?post=27159"},{"taxonomy":"product_tag","embeddable":true,"href":"https:\/\/havamall.com\/en\/wp-json\/wp\/v2\/product_tag?post=27159"}],"curies":[{"name":"wp","href":"https:\/\/api.w.org\/{rel}","templated":true}]}}