{"id":27169,"date":"2022-06-08T17:10:29","date_gmt":"2022-06-08T10:10:29","guid":{"rendered":"https:\/\/havamall.com\/?post_type=product&#038;p=27169"},"modified":"2022-10-24T16:26:48","modified_gmt":"2022-10-24T09:26:48","slug":"nuoc-duong-lam-banh-deo-hu-500g","status":"publish","type":"product","link":"https:\/\/havamall.com\/en\/shop\/nuoc-duong-lam-banh-deo-hu-500g\/","title":{"rendered":"N\u01b0\u1edbc \u0110\u01b0\u1eddng L\u00e0m B\u00e1nh D\u1ebbo H\u1ee7 500g"},"content":{"rendered":"<p>B\u00e1nh d\u1ebbo l\u00e0 lo\u1ea1i b\u00e1nh truy\u1ec1n th\u1ed1ng c\u1ee7a m\u1ed7i m\u00f9a Trung Thu. \u0110\u1ec3 c\u00f3 m\u1ed9t chi\u1ebfc b\u00e1nh d\u1ebbo m\u1ec1m, m\u1ecbn v\u00e0 v\u1ecb ng\u1ecdt t\u1ef1 nhi\u00ean th\u00ec n\u01b0\u1edbc \u0111\u01b0\u1eddng l\u00e0 m\u1ed9t nguy\u00ean li\u1ec7u v\u00f4 c\u00f9ng quan tr\u1ecdng.<\/p>\n<p>N\u01b0\u1edbc \u0111\u01b0\u1eddng\u00a0\u0111\u01b0\u1ee3c l\u00e0m t\u1eeb nh\u1eefng nguy\u00ean li\u1ec7u t\u1ef1 nhi\u00ean mang \u0111\u1ebfn v\u1ecb ng\u1ecdt \u0111\u1eadm \u0111\u00e0 ch\u1eafc ch\u1eafn s\u1ebd gi\u00fap b\u1ea1n t\u1ea1o n\u00ean nh\u1eefng chi\u1ebfc b\u00e1nh ho\u00e0n h\u1ea3o. S\u1ea3n ph\u1ea9m kh\u00f4ng ch\u1ea5t \u0111\u1ed9c h\u1ea1i, th\u00e0nh ph\u1ea7n ho\u00e0n to\u00e0n t\u1eeb nguy\u00ean li\u1ec7u t\u1ef1 nhi\u00ean. \u0110\u01b0\u1ee3c s\u1ea3n xu\u1ea5t t\u1ea1i Vi\u1ec7t Nam, s\u1ea3n ph\u1ea9m \u0111\u1ea3m b\u1ea3o an to\u00e0n v\u1ec7 sinh th\u1ef1c ph\u1ea9m \u0111\u1ed1i v\u1edbi ng\u01b0\u1eddi ti\u00eau d\u00f9ng.<\/p>\n<p><img fetchpriority=\"high\" decoding=\"async\" class=\"aligncenter\" src=\"https:\/\/havamall.com\/wp-content\/uploads\/2022\/06\/4-800x450-23.jpg\" alt=\"B\u00e1nh Trung thu d\u1ebbo l\u1ea1nh l\u00e0 g\u00ec? Kh\u00e1c g\u00ec so v\u1edbi b\u00e1nh Trung thu d\u1ebbo?\" width=\"718\" height=\"404\" \/><\/p>\n<p>S\u1ea3n ph\u1ea9m c\u00f3 d\u1ea1ng l\u1ecfng h\u01a1i \u0111\u1eb7c, s\u1ec7t, m\u00e0u trong v\u1edbi h\u01b0\u01a1ng th\u01a1m nh\u1eb9 t\u1eeb \u0111\u01b0\u1eddng. \u00a0\u0110\u00e2y l\u00e0 gi\u1ea3i ph\u00e1p nhanh ch\u00f3ng, thay th\u1ebf cho c\u00e1c c\u00f4ng \u0111o\u1ea1n l\u00e0m n\u01b0\u1edbc \u0111\u01b0\u1eddng ph\u1ee9c t\u1ea1p m\u00e0 v\u1eabn \u0111em l\u1ea1i h\u01b0\u01a1ng v\u1ecb th\u01a1m ngon, h\u1ea5p d\u1eabn. \u00a0\u0110\u00e2y l\u00e0 nguy\u00ean li\u1ec7u gi\u00fap cho v\u1ecf b\u00e1nh m\u1ec1m, th\u01a1m v\u00e0 c\u00f3 m\u00e0u s\u1eafc \u0111\u1eb9p.<\/p>\n<p>S\u1ea3n ph\u1ea9m \u0111\u01b0\u1ee3c d\u00f9ng \u0111\u1ec3 l\u00e0m nguy\u00ean li\u1ec7u b\u00e1nh d\u1ebbo, b\u00e1nh trung thu. N\u01b0\u1edbc \u0111\u01b0\u1eddng l\u00e0m b\u00e1nh v\u00f4 c\u00f9ng ti\u1ec7n d\u1ee5ng, ti\u1ebft ki\u1ec7m th\u1eddi gian n\u1ea5u nh\u01b0ng \u0111\u1ea3m b\u1ea3o ch\u1ea5t l\u01b0\u1ee3ng l\u00e0m b\u00e1nh. N\u01b0\u1edbc \u0111\u01b0\u1eddng l\u00e0 nguy\u00ean li\u1ec7u quan tr\u1ecdng \u0111\u1ec3 l\u00e0m ra nh\u1eefng chi\u1ebfc b\u00e1nh d\u1ebbo truy\u1ec1n th\u1ed1ng \u0111\u1eb9p m\u1eaft.<\/p>\n<p><img decoding=\"async\" class=\"wp-image-27180 aligncenter\" src=\"https:\/\/havamall.com\/wp-content\/uploads\/2022\/06\/invert-simple-syrup-sugar-1296x728-header-300x168.png\" alt=\"\" width=\"720\" height=\"403\" \/><\/p>\n<h3><strong>\u01afu \u0111i\u1ec3m c\u1ee7a s\u1ea3n ph\u1ea9m:<\/strong><\/h3>\n<p>\u2013 Kh\u00f4ng b\u1ecb l\u00ean men, kh\u00f4ng\u00a0m\u1ed1c khi b\u1ea3o qu\u1ea3n.<\/p>\n<p>\u2013 \u0110\u1ed9 ng\u1ecdt thanh, m\u00e1t.<\/p>\n<p>\u2013 M\u00e0u v\u00e0ng nh\u1ea1t, trong su\u1ed1t.<\/p>\n<p>\u2013 H\u01b0\u01a1ng th\u01a1m nh\u1eb9<\/p>\n<p>&nbsp;<\/p>\n<h3><strong>H\u01b0\u1edbng d\u1eabn c\u00e1ch l\u00e0m b\u00e1nh d\u1ebbo v\u1edbi n\u01b0\u1edbc \u0111\u01b0\u1eddng:<\/strong><\/h3>\n<h5><strong><em>\u2013 Nguy\u00ean li\u1ec7u<\/em><\/strong><\/h5>\n<p>+ B\u1ed9t n\u1ebfp ch\u00edn: 300g<\/p>\n<p>+ N\u01b0\u1edbc \u0111\u01b0\u1eddng b\u00e1nh d\u1ebbo: 800g<\/p>\n<p>+ H\u01b0\u01a1ng vani: 10ml<\/p>\n<p>+ Nh\u00e2n b\u00e1nh trung thu Ph\u00fa Th\u01b0\u01a1ng<\/p>\n<h5><strong><em>\u2013 C\u00e1ch l\u00e0m:\u00a0<\/em><\/strong><\/h5>\n<p>+ B\u01b0\u1edbc 1: Cho n\u01b0\u1edbc \u0111\u1eebng b\u00e1nh d\u1ebbo, h\u01b0\u01a1ng vani v\u00e0o m\u00e1y tr\u1ed9n b\u1ed9t \u0111\u00e1nh t\u1ed1c \u0111\u1ed9 cao<\/p>\n<p>+ B\u01b0\u1edbc 2: Cho b\u1ed9t n\u1ebfp ch\u00edn v\u00e0o \u0111\u00e1nh \u0111\u1ec1u kho\u1ea3ng 1 ph\u00fat<\/p>\n<p>+ B\u01b0\u1edbc 3: Cho b\u1ed9t v\u1ecf b\u00e1nh \u1edf tr\u00ean v\u00e0 nh\u00e2n theo t\u1ec9 l\u1ec7 kh\u1ed1i l\u01b0\u1ee3ng 90g v\u1ecf b\u00e1nh, 60g nh\u00e2n v\u1edbi b\u00e1nh 150g<\/p>\n<p>+ B\u01b0\u1edbc 4: T\u1ea1o h\u00ecnh: C\u00e1n m\u1ecfng c\u1ee5c v\u1ecf ra, \u0111\u1eb7t nh\u00e2n v\u00e0o gi\u1eefa, ve trong b\u1ecdc k\u00edn nh\u00e2n. Cho v\u00e0o khu\u00f4n b\u00e1nh t\u1ea1o h\u00ecnh theo \u00fd.<\/p>\n<p><img decoding=\"async\" class=\"aligncenter\" src=\"https:\/\/havamall.com\/wp-content\/uploads\/2022\/06\/Group-Mooncake-1024x699-1.jpg\" alt=\"B\u00c1NH TRUNG THU D\u1ebaO L\u1ea0NH NGON CHU\u1ea8N V\u1eca SINGAPORE\u2763\ufe0f\" width=\"712\" height=\"486\" \/><\/p>","protected":false},"excerpt":{"rendered":"<p>B\u00e1nh d\u1ebbo l\u00e0 lo\u1ea1i b\u00e1nh truy\u1ec1n th\u1ed1ng c\u1ee7a m\u1ed7i m\u00f9a Trung Thu. \u0110\u1ec3 c\u00f3 m\u1ed9t chi\u1ebfc b\u00e1nh d\u1ebbo m\u1ec1m, m\u1ecbn<\/p>","protected":false},"featured_media":27173,"comment_status":"open","ping_status":"closed","template":"","meta":[],"product_brand":[],"product_cat":[36],"product_tag":[],"class_list":{"0":"post-27169","1":"product","2":"type-product","3":"status-publish","4":"has-post-thumbnail","6":"product_cat-thuc-pham-tieu-dung","7":"pa_brand-phu-thuong","9":"first","10":"outofstock","11":"sale","12":"shipping-taxable","13":"purchasable","14":"product-type-simple"},"_links":{"self":[{"href":"https:\/\/havamall.com\/en\/wp-json\/wp\/v2\/product\/27169","targetHints":{"allow":["GET"]}}],"collection":[{"href":"https:\/\/havamall.com\/en\/wp-json\/wp\/v2\/product"}],"about":[{"href":"https:\/\/havamall.com\/en\/wp-json\/wp\/v2\/types\/product"}],"replies":[{"embeddable":true,"href":"https:\/\/havamall.com\/en\/wp-json\/wp\/v2\/comments?post=27169"}],"version-history":[{"count":0,"href":"https:\/\/havamall.com\/en\/wp-json\/wp\/v2\/product\/27169\/revisions"}],"wp:featuredmedia":[{"embeddable":true,"href":"https:\/\/havamall.com\/en\/wp-json\/wp\/v2\/media\/27173"}],"wp:attachment":[{"href":"https:\/\/havamall.com\/en\/wp-json\/wp\/v2\/media?parent=27169"}],"wp:term":[{"taxonomy":"product_brand","embeddable":true,"href":"https:\/\/havamall.com\/en\/wp-json\/wp\/v2\/product_brand?post=27169"},{"taxonomy":"product_cat","embeddable":true,"href":"https:\/\/havamall.com\/en\/wp-json\/wp\/v2\/product_cat?post=27169"},{"taxonomy":"product_tag","embeddable":true,"href":"https:\/\/havamall.com\/en\/wp-json\/wp\/v2\/product_tag?post=27169"}],"curies":[{"name":"wp","href":"https:\/\/api.w.org\/{rel}","templated":true}]}}