{"id":27170,"date":"2022-06-08T17:10:26","date_gmt":"2022-06-08T10:10:26","guid":{"rendered":"https:\/\/havamall.com\/?post_type=product&#038;p=27170"},"modified":"2022-10-24T16:26:53","modified_gmt":"2022-10-24T09:26:53","slug":"nuoc-duong-lam-banh-nuong-hu-500g","status":"publish","type":"product","link":"https:\/\/havamall.com\/en\/shop\/nuoc-duong-lam-banh-nuong-hu-500g\/","title":{"rendered":"N\u01b0\u1edbc \u0110\u01b0\u1eddng L\u00e0m B\u00e1nh N\u01b0\u1edbng H\u1ee7 500g"},"content":{"rendered":"<p>N\u01b0\u1edbc \u0111\u01b0\u1eddng b\u00e1nh n\u01b0\u1edbng l\u00e0 nguy\u00ean li\u1ec7u quan tr\u1ecdng \u0111\u1ec3 l\u00e0m ra nh\u1eefng chi\u1ebfc b\u00e1nh n\u01b0\u1edbng truy\u1ec1n th\u1ed1ng v\u1edbi: v\u01a1 b\u00e1nh m\u1ec1m m\u1ea1i, m\u00e0u v\u00e0ng c\u00e1nh gi\u00e1n, hoa v\u0103n s\u1eafc n\u00e9t.<\/p>\n<p>N\u01b0\u1edbc \u0111\u01b0\u1eddng l\u00e0m b\u00e1nh\u00a0\u0111\u01b0\u1ee3c l\u00e0m t\u1eeb nh\u1eefng nguy\u00ean li\u1ec7u t\u1ef1 nhi\u00ean mang \u0111\u1ebfn v\u1ecb ng\u1ecdt \u0111\u1eadm \u0111\u00e0 ch\u1eafc ch\u1eafn s\u1ebd gi\u00fap b\u1ea1n t\u1ea1o n\u00ean nh\u1eefng chi\u1ebfc b\u00e1nh ho\u00e0n h\u1ea3o. S\u1ea3n ph\u1ea9m kh\u00f4ng ch\u1ea5t \u0111\u1ed9c h\u1ea1i, th\u00e0nh ph\u1ea7n ho\u00e0n to\u00e0n t\u1eeb nguy\u00ean li\u1ec7u t\u1ef1 nhi\u00ean. \u0110\u01b0\u1ee3c s\u1ea3n xu\u1ea5t t\u1ea1i Vi\u1ec7t Nam, s\u1ea3n ph\u1ea9m \u0111\u1ea3m b\u1ea3o an to\u00e0n v\u1ec7 sinh th\u1ef1c ph\u1ea9m \u0111\u1ed1i v\u1edbi ng\u01b0\u1eddi ti\u00eau d\u00f9ng.<\/p>\n<p><img fetchpriority=\"high\" decoding=\"async\" class=\"aligncenter\" src=\"https:\/\/havamall.com\/wp-content\/uploads\/2022\/06\/Assorted-Baked-Mooncakes-Singapore-Marriott-Tang-Plaza-Hotel.jpg\" alt=\"The best mooncakes in Singapore for Mid-Autumn Festival 2021\" width=\"746\" height=\"560\" \/><\/p>\n<p>S\u1ea3n ph\u1ea9m c\u00f3 d\u1ea1ng l\u1ecfng h\u01a1i \u0111\u1eb7c, s\u1ec7t, m\u00e0u \u0111\u1ecf v\u1edbi h\u01b0\u01a1ng th\u01a1m nh\u1eb9 t\u1eeb \u0111\u01b0\u1eddng. \u00a0\u0110\u00e2y l\u00e0 gi\u1ea3i ph\u00e1p nhanh ch\u00f3ng, thay th\u1ebf cho c\u00e1c c\u00f4ng \u0111o\u1ea1n l\u00e0m n\u01b0\u1edbc \u0111\u01b0\u1eddng ph\u1ee9c t\u1ea1p m\u00e0 v\u1eabn \u0111em l\u1ea1i h\u01b0\u01a1ng v\u1ecb th\u01a1m ngon, h\u1ea5p d\u1eabn. \u00a0\u0110\u00e2y l\u00e0 nguy\u00ean li\u1ec7u gi\u00fap cho v\u1ecf b\u00e1nh m\u1ec1m, th\u01a1m v\u00e0 c\u00f3 m\u00e0u s\u1eafc \u0111\u1eb9p.<\/p>\n<p>S\u1ea3n ph\u1ea9m \u0111\u01b0\u1ee3c d\u00f9ng \u0111\u1ec3 l\u00e0m nguy\u00ean li\u1ec7u b\u00e1nh n\u01b0\u1edbng, b\u00e1nh trung thu. N\u01b0\u1edbc \u0111\u01b0\u1eddng b\u00e1nh n\u01b0\u1edbng v\u00f4 c\u00f9ng ti\u1ec7n d\u1ee5ng, ti\u1ebft ki\u1ec7m th\u1eddi gian n\u1ea5u nh\u01b0ng \u0111\u1ea3m b\u1ea3o ch\u1ea5t l\u01b0\u1ee3ng l\u00e0m b\u00e1nh. N\u01b0\u1edbc \u0111\u01b0\u1eddng v\u1edbi h\u01b0\u01a1ng caramel \u0111\u1eb7c tr\u01b0ng l\u00e0 nguy\u00ean li\u1ec7u quan tr\u1ecdng \u0111\u1ec3 l\u00e0m ra nh\u1eefng chi\u1ebfc b\u00e1nh n\u01b0\u1edbng truy\u1ec1n th\u1ed1ng \u0111\u1eb9p m\u1eaft.<\/p>\n<p><img decoding=\"async\" class=\"aligncenter\" src=\"https:\/\/havamall.com\/wp-content\/uploads\/2022\/06\/3-kieu-nhan-thap-cam-sua-dua-khoai-mon-cho.jpg\" alt='1\ufe0f\u20e3 3 ki\u1ec3u nh\u00e2n th\u1eadp c\u1ea9m, s\u1eefa d\u1eeba, khoai m\u00f4n cho c\u00e1ch l\u00e0m b\u00e1nh Trung thu  b\u1eb1ng n\u1ed3i chi\u00ean kh\u00f4ng d\u1ea7u \u0111\u00e3 ngon l\u1ea1i c\u00e0ng h\u1ea5p d\u1eabn \u2122\ufe0f LocknLock' width=\"745\" height=\"420\" \/><\/p>\n<h3><b>\u01afu \u0111i\u1ec3m c\u1ee7a s\u1ea3n ph\u1ea9m:<\/b><\/h3>\n<p>\u2013 Kh\u00f4ng b\u1ecb l\u00ean men, kh\u00f4ng\u00a0m\u1ed1c khi b\u1ea3o qu\u1ea3n.<\/p>\n<p>\u2013 \u0110\u1ed9 ng\u1ecdt thanh, m\u00e1t.<\/p>\n<p>\u2013 M\u00e0u \u0111\u1ecf n\u00e2u \u0111\u1eb9p m\u1eaft.<\/p>\n<p>\u2013 H\u01b0\u01a1ng th\u01a1m nh\u1eb9<\/p>\n<p><img decoding=\"async\" class=\"aligncenter\" src=\"https:\/\/havamall.com\/wp-content\/uploads\/2022\/06\/1623189814_maxresdefault.jpg\" alt='c\u00e1ch l\u00e0m n\u01b0\u1edbc \u0111\u01b0\u1eddng b\u00e1nh n\u01b0\u1edbng Archives - dulichnhatrang123.com' width=\"745\" height=\"419\" \/><\/p>\n<h3><strong>H\u01b0\u1edbng d\u1eabn c\u00e1ch l\u00e0m b\u00e1nh n\u01b0\u1edbng v\u1edbi n\u01b0\u1edbc \u0111\u01b0\u1eddng:<\/strong><\/h3>\n<p><strong><em>Nguy\u00ean li\u1ec7u:<\/em><\/strong><\/p>\n<ul>\n<li>B\u1ed9t m\u1ef3: 300g<\/li>\n<li>N\u01b0\u1edbc \u0111\u01b0\u1eddng b\u00e1nh n\u01b0\u1edbng: 200g<\/li>\n<li>D\u1ea7u \u0103n: 40g<\/li>\n<li>Nh\u00e2n b\u00e1nh s\u00ean s\u1eb5n Ph\u00fa Th\u01b0\u01a1ng<\/li>\n<\/ul>\n<p><em><strong>C\u00e1ch l\u00e0m:<\/strong><\/em><\/p>\n<ul>\n<li>B\u01b0\u1edbc 1: Cho n\u01b0\u1edbc \u0111\u01b0\u1eddng b\u00e1nh n\u01b0\u1edbng v\u00e0 d\u1ea7u \u0103n trong m\u1ed9t chi\u1ebfc t\u00f4, khu\u1ea5y \u0111\u1ec1u l\u00ean.<\/li>\n<li>B\u01b0\u1edbc 2: Cho b\u1ed9t m\u00ec v\u00e0o, d\u00f9ng th\u00eca khu\u1ea5y \u0111\u1ec1u v\u00e0 nhanh tay \u0111\u1ebfn khi c\u00e1c nguy\u00ean li\u1ec7u h\u00f2a quy\u1ec7n v\u00e0o v\u1edbi nhau.Sau \u0111\u00f3 \u0111\u1ec3 b\u1ed9t ngh\u1ec9 kho\u1ea3ng 30 \u2013 45 ph\u00fat r\u1ed3i cho ra m\u1eb7t ph\u1eb3ng, nh\u00e0o s\u01a1 qua b\u1eb1ng tay.<\/li>\n<li>B\u01b0\u1edbc 3: Chia b\u1ed9t th\u00e0nh t\u1eebng vi\u00ean nh\u1ecf theo k\u00edch th\u01b0\u1edbc khu\u00f4n, t\u1ec9 l\u1ec7 v\u1ecf v\u00e0 nh\u00e2n r\u1ed3i k\u1ebft h\u1ee3p v\u1edbi nh\u00e2n b\u00e1nh \u0111\u1ec3 t\u1ea1o h\u00ecnh.<\/li>\n<\/ul>\n<p><img loading=\"lazy\" decoding=\"async\" class=\"aligncenter\" src=\"https:\/\/havamall.com\/wp-content\/uploads\/2022\/06\/5-luu-y-khi-an-banh-trung-thu-de-khong-ruoc-benh-vao-nguoi-200431.jpg\" alt='5 l\u01b0u \u00fd khi \u0103n b\u00e1nh trung thu \u0111\u1ec3 kh\u00f4ng r\u01b0\u1edbc b\u1ec7nh v\u00e0o ng\u01b0\u1eddi' width=\"766\" height=\"427\" \/><\/p>","protected":false},"excerpt":{"rendered":"<p>N\u01b0\u1edbc \u0111\u01b0\u1eddng b\u00e1nh n\u01b0\u1edbng l\u00e0 nguy\u00ean li\u1ec7u quan tr\u1ecdng \u0111\u1ec3 l\u00e0m ra nh\u1eefng chi\u1ebfc b\u00e1nh n\u01b0\u1edbng truy\u1ec1n th\u1ed1ng v\u1edbi: v\u01a1<\/p>","protected":false},"featured_media":27174,"comment_status":"open","ping_status":"closed","template":"","meta":[],"product_brand":[],"product_cat":[36],"product_tag":[],"class_list":{"0":"post-27170","1":"product","2":"type-product","3":"status-publish","4":"has-post-thumbnail","6":"product_cat-thuc-pham-tieu-dung","7":"pa_brand-phu-thuong","9":"first","10":"outofstock","11":"sale","12":"shipping-taxable","13":"purchasable","14":"product-type-simple"},"_links":{"self":[{"href":"https:\/\/havamall.com\/en\/wp-json\/wp\/v2\/product\/27170","targetHints":{"allow":["GET"]}}],"collection":[{"href":"https:\/\/havamall.com\/en\/wp-json\/wp\/v2\/product"}],"about":[{"href":"https:\/\/havamall.com\/en\/wp-json\/wp\/v2\/types\/product"}],"replies":[{"embeddable":true,"href":"https:\/\/havamall.com\/en\/wp-json\/wp\/v2\/comments?post=27170"}],"version-history":[{"count":0,"href":"https:\/\/havamall.com\/en\/wp-json\/wp\/v2\/product\/27170\/revisions"}],"wp:featuredmedia":[{"embeddable":true,"href":"https:\/\/havamall.com\/en\/wp-json\/wp\/v2\/media\/27174"}],"wp:attachment":[{"href":"https:\/\/havamall.com\/en\/wp-json\/wp\/v2\/media?parent=27170"}],"wp:term":[{"taxonomy":"product_brand","embeddable":true,"href":"https:\/\/havamall.com\/en\/wp-json\/wp\/v2\/product_brand?post=27170"},{"taxonomy":"product_cat","embeddable":true,"href":"https:\/\/havamall.com\/en\/wp-json\/wp\/v2\/product_cat?post=27170"},{"taxonomy":"product_tag","embeddable":true,"href":"https:\/\/havamall.com\/en\/wp-json\/wp\/v2\/product_tag?post=27170"}],"curies":[{"name":"wp","href":"https:\/\/api.w.org\/{rel}","templated":true}]}}