{"id":27183,"date":"2022-06-09T10:14:58","date_gmt":"2022-06-09T03:14:58","guid":{"rendered":"https:\/\/havamall.com\/?post_type=product&#038;p=27183"},"modified":"2025-03-20T16:26:11","modified_gmt":"2025-03-20T09:26:11","slug":"de-dung-banh-taco-tortilla-stand-tray-4-ngan-taco-holder-stand","status":"publish","type":"product","link":"https:\/\/havamall.com\/en\/shop\/de-dung-banh-taco-tortilla-stand-tray-4-ngan-taco-holder-stand\/","title":{"rendered":"\u0110\u1ebf \u0110\u1ef1ng B\u00e1nh Taco Tortilla Stand Tray 4 Ng\u0103n &#8211; Taco Holder Stand"},"content":{"rendered":"<p>\u0110\u1ebf \u0111\u1ef1ng b\u00e1nh \u0111\u01b0\u1ee3c l\u00e0m b\u1eb1ng nh\u1ef1a ABS cao c\u1ea5p. \u0110\u1ebf \u0111\u1ef1ng b\u00e1nh taco c\u00f3 th\u1ec3 ch\u1ee9a 4 b\u00e1nh tortillas m\u1ed7i c\u00e1i, c\u00f3 th\u1ec3 l\u00e0m ho\u00e0n h\u1ea3o burritos v\u00e0 b\u00e1nh sandwich. Khung th\u00e1p an to\u00e0n v\u00e0 ch\u1eafc ch\u1eafn, ch\u1ed1ng v\u1ee1 v\u00e0 v\u1eadt li\u1ec7u b\u1ec1n.<\/p>\n<p>Khay TACO l\u00e0 r\u1ea5t th\u00edch h\u1ee3p \u0111\u1ec3 l\u01b0u tr\u1eef tacos ngon, c\u1ee9ng v\u00e0 thi\u1ebft k\u1ebf m\u1ec1m m\u1ea1i, \u0111\u01b0\u1ee3c thi\u1ebft k\u1ebf \u0111\u1eb7c bi\u1ec7t \u0111\u1ec3 \u0111\u1ef1ng tacos. K\u1ec7 c\u00f3 th\u1ec3 ch\u1ee9a t\u1ea5t c\u1ea3 c\u00e1c lo\u1ea1i th\u1ef1c ph\u1ea9m, v\u00ec v\u1eady khi th\u1ef1c ph\u1ea9m c\u1ee7a b\u1ea1n \u0111\u01b0\u1ee3c v\u1eadn chuy\u1ec3n t\u1eeb qu\u1ea7y b\u1ebfp \u0111\u1ebfn b\u00e0n \u0103n, ch\u00fang s\u1ebd kh\u00f4ng r\u01a1i.<\/p>\n<p><img fetchpriority=\"high\" decoding=\"async\" class=\"wp-image-27185 aligncenter\" src=\"https:\/\/havamall.com\/wp-content\/uploads\/2022\/06\/6PCS-Taco-Holder-Stand-Rack-Plastic--300x300.png\" alt=\"\" width=\"671\" height=\"671\" \/><\/p>\n<p>Gi\u00e1 \u0111\u1ef1ng b\u00e1nh taco th\u1eb3ng \u0111\u1ee9ng v\u1edbi thi\u1ebft k\u1ebf \u0111\u01a1n gi\u1ea3n v\u00e0 thanh l\u1ecbch, m\u00e0u s\u1eafc t\u01b0\u01a1i s\u00e1ng.\u00a0Thi\u1ebft k\u1ebf \u0111\u1ed9c \u0111\u00e1o c\u1ee7a k\u1ec7 b\u00e1nh taco r\u1ea5t d\u1ec5 s\u1eed d\u1ee5ng. M\u1ed7i gi\u00e1 \u0111\u1ec3 b\u00e1nh taco c\u00f3 th\u1ec3 gi\u1eef th\u1ee9c \u0103n th\u1eb3ng \u0111\u1ee9ng v\u00e0 trong t\u00ecnh tr\u1ea1ng t\u1ed1t. N\u00f3 c\u00f3 th\u1ec3 gi\u1eef cho th\u1ee9c \u0103n \u0111\u1ee9ng th\u1eb3ng v\u00e0 d\u1ec5 d\u00e0ng trang tr\u00ed gi\u00fap m\u00f3n \u0103n tr\u00f4ng b\u1eaft m\u1eaft h\u01a1n.<\/p>\n<p>Khay taco th\u00edch h\u1ee3p cho c\u00e1c qu\u00e1n c\u00e0 ph\u00ea, nh\u00e0 h\u00e0ng, khu v\u1ef1c t\u1ef1 ph\u1ee5c v\u1ee5, ti\u1ec7c t\u00f9ng, sinh nh\u1eadt, l\u1ec5 h\u1ed9i, tr\u1ebb em, gia \u0111\u00ecnh, s\u1ef1 ki\u1ec7n, s\u00e2n hi\u00ean, d\u00e3 ngo\u1ea1i v\u00e0 c\u00e1c m\u1ee5c \u0111\u00edch s\u1eed d\u1ee5ng ngo\u00e0i tr\u1eddi kh\u00e1c.<\/p>\n<p><img decoding=\"async\" class=\"wp-image-27186 aligncenter\" src=\"https:\/\/havamall.com\/wp-content\/uploads\/2022\/06\/Kitchen-Taco--300x300.png\" alt=\"\" width=\"664\" height=\"664\" \/><\/p>\n<h3><strong>\u01afu \u0111i\u1ec3m c\u1ee7a s\u1ea3n ph\u1ea9m:<\/strong><\/h3>\n<p>&gt; Gi\u00e1 \u0111\u1ee1 b\u00e1nh k\u1ebfp r\u1ea5t b\u1ec1n, chi\u1ebfc n\u00e0y c\u00f3 th\u1ec3 s\u1eed d\u1ee5ng l\u00e2u d\u00e0i v\u00ec n\u00f3 r\u1ea5t ch\u1eafc ch\u1eafn v\u00e0 r\u1ea5t an to\u00e0n khi s\u1eed d\u1ee5ng v\u00ec n\u00f3 \u0111\u01b0\u1ee3c l\u00e0m b\u1eb1ng ch\u1ea5t li\u1ec7u cao c\u1ea5p.<\/p>\n<p>&gt; Khi kh\u00f4ng s\u1eed d\u1ee5ng ng\u0103n \u0111\u1ef1ng b\u00e1nh k\u1ebfp n\u00e0y kh\u00f4ng chi\u1ebfm nhi\u1ec1u di\u1ec7n t\u00edch v\u00ec n\u00f3 c\u00f3 th\u1ec3 x\u1ebfp ch\u1ed3ng l\u00ean nhau \u0111\u1ec3 c\u1ea5t gi\u1eef v\u00e0 gi\u1eef cho b\u00e1nh k\u1ebfp c\u00f3 h\u00ecnh d\u1ea1ng \u0111\u1eb9p h\u01a1n, r\u1ea5t ti\u1ec7n l\u1ee3i v\u00ec c\u00f3 m\u1ed9t l\u00e0n s\u00f3ng \u0111\u1ed9c \u0111\u00e1o H\u00ecnh d\u1ea1ng.<\/p>\n<p>&gt; N\u00f3 \u0111\u01b0\u1ee3c l\u00e0m b\u1eb1ng v\u1eadt li\u1ec7u PP ch\u1ea5t l\u01b0\u1ee3ng cao. Chi\u1ec1u d\u00e0i c\u1ee7a s\u1ea3n ph\u1ea9m l\u00e0 18,3cm, chi\u1ec1u r\u1ed9ng l\u00e0 5,5cm v\u00e0 chi\u1ec1u cao l\u00e0 3,3cm.<\/p>\n<p>&gt; Gi\u00e1 \u0111\u1ee1 taco n\u00e0y th\u00edch h\u1ee3p cho nh\u00e0 b\u1ebfp, nh\u00e0 h\u00e0ng, gia \u0111\u00ecnh, v.v.<\/p>\n<p><img decoding=\"async\" class=\"wp-image-27187 aligncenter\" src=\"https:\/\/havamall.com\/wp-content\/uploads\/2022\/06\/Kitchen-Taco-Holder-Stand-300x300.png\" alt=\"\" width=\"670\" height=\"670\" \/><\/p>","protected":false},"excerpt":{"rendered":"<p>\u0110\u1ebf \u0111\u1ef1ng b\u00e1nh \u0111\u01b0\u1ee3c l\u00e0m b\u1eb1ng nh\u1ef1a ABS cao c\u1ea5p. \u0110\u1ebf \u0111\u1ef1ng b\u00e1nh taco c\u00f3 th\u1ec3 ch\u1ee9a 4 b\u00e1nh tortillas<\/p>","protected":false},"featured_media":27184,"comment_status":"open","ping_status":"closed","template":"","meta":[],"product_brand":[],"product_cat":[393,35],"product_tag":[],"class_list":{"0":"post-27183","1":"product","2":"type-product","3":"status-publish","4":"has-post-thumbnail","6":"product_cat-bep-phong-an","7":"product_cat-nha-cua-doi-song","9":"first","10":"instock","11":"sale","12":"shipping-taxable","13":"purchasable","14":"product-type-simple"},"_links":{"self":[{"href":"https:\/\/havamall.com\/en\/wp-json\/wp\/v2\/product\/27183","targetHints":{"allow":["GET"]}}],"collection":[{"href":"https:\/\/havamall.com\/en\/wp-json\/wp\/v2\/product"}],"about":[{"href":"https:\/\/havamall.com\/en\/wp-json\/wp\/v2\/types\/product"}],"replies":[{"embeddable":true,"href":"https:\/\/havamall.com\/en\/wp-json\/wp\/v2\/comments?post=27183"}],"version-history":[{"count":0,"href":"https:\/\/havamall.com\/en\/wp-json\/wp\/v2\/product\/27183\/revisions"}],"wp:featuredmedia":[{"embeddable":true,"href":"https:\/\/havamall.com\/en\/wp-json\/wp\/v2\/media\/27184"}],"wp:attachment":[{"href":"https:\/\/havamall.com\/en\/wp-json\/wp\/v2\/media?parent=27183"}],"wp:term":[{"taxonomy":"product_brand","embeddable":true,"href":"https:\/\/havamall.com\/en\/wp-json\/wp\/v2\/product_brand?post=27183"},{"taxonomy":"product_cat","embeddable":true,"href":"https:\/\/havamall.com\/en\/wp-json\/wp\/v2\/product_cat?post=27183"},{"taxonomy":"product_tag","embeddable":true,"href":"https:\/\/havamall.com\/en\/wp-json\/wp\/v2\/product_tag?post=27183"}],"curies":[{"name":"wp","href":"https:\/\/api.w.org\/{rel}","templated":true}]}}