{"id":27259,"date":"2022-06-10T11:56:37","date_gmt":"2022-06-10T04:56:37","guid":{"rendered":"https:\/\/havamall.com\/?post_type=product&#038;p=27259"},"modified":"2025-11-13T11:45:40","modified_gmt":"2025-11-13T04:45:40","slug":"chanh-day-khong-hat-andros-hop-1kg-passion-frozen-puree","status":"publish","type":"product","link":"https:\/\/havamall.com\/en\/shop\/chanh-day-khong-hat-andros-hop-1kg-passion-frozen-puree\/","title":{"rendered":"Chanh D\u00e2y Xay Nhuy\u1ec5n Andros H\u1ed9p 1kg &#8211; Passion Frozen Puree"},"content":{"rendered":"<div class=\"j83agx80\">\n<div>\n<div class=\"dwo3fsh8 g5ia77u1 rt8b4zig n8ej3o3l agehan2d sk4xxmp2 rq0escxv q9uorilb kvgmc6g5 cxmmr5t8 oygrvhab hcukyx3x jb3vyjys rz4wbd8a qt6c0cv9 a8nywdso l9j0dhe7 i1ao9s8h k4urcfbm\">\n<div class=\"j83agx80 cbu4d94t sj5x9vvc cxgpxx05\">\n<div class=\"rq0escxv l9j0dhe7 du4w35lb j83agx80 pfnyh3mw jifvfom9 ll8tlv6m owycx6da btwxx1t3 hv4rvrfc dati1w0a jb3vyjys b5q2rw42 lq239pai mysgfdmx hddg9phg\">\n<div class=\"rq0escxv l9j0dhe7 du4w35lb j83agx80 cbu4d94t d2edcug0 hpfvmrgz rj1gh0hx buofh1pr g5gj957u o8rfisnq p8fzw8mz pcp91wgn iuny7tx3 ipjc6fyt\">\n<div class=\"j83agx80 cbu4d94t ew0dbk1b irj2b8pg\">\n<div class=\"qzhwtbm6 knvmm38d\">\n<div class=\"j83agx80 cbu4d94t ew0dbk1b irj2b8pg\">\n<div class=\"qzhwtbm6 knvmm38d\">\n<div class=\"kvgmc6g5 cxmmr5t8 oygrvhab hcukyx3x c1et5uql\">\n<p dir=\"auto\">Andros Asia l\u00e0 c\u00f4ng ty c\u1ee7a Ph\u00e1p t\u1ea1i Vi\u1ec7t Nam, l\u00e0 chuy\u00ean gia s\u1ea3n xu\u1ea5t ch\u1ebf bi\u1ebfn c\u00e1c lo\u1ea1i tr\u00e1i c\u00e2y, nguy\u00ean li\u1ec7u chuy\u00ean d\u00f9ng trong l\u0129nh v\u1ef1c th\u1ee9c u\u1ed1ng v\u00e0 b\u00e1nh ng\u1ecdt.<\/p>\n<\/div>\n<\/div>\n<\/div>\n<\/div>\n<\/div>\n<\/div>\n<\/div>\n<\/div>\n<\/div>\n<\/div>\n<\/div>\n<div class=\"j83agx80\">\n<div class=\"dwo3fsh8 g5ia77u1 rt8b4zig n8ej3o3l agehan2d sk4xxmp2 rq0escxv q9uorilb kvgmc6g5 cxmmr5t8 oygrvhab hcukyx3x jb3vyjys rz4wbd8a qt6c0cv9 a8nywdso l9j0dhe7 i1ao9s8h k4urcfbm\">\n<div class=\"j83agx80 cbu4d94t sj5x9vvc cxgpxx05\">\n<div class=\"rq0escxv l9j0dhe7 du4w35lb j83agx80 pfnyh3mw jifvfom9 ll8tlv6m owycx6da btwxx1t3 hv4rvrfc dati1w0a jb3vyjys b5q2rw42 lq239pai mysgfdmx hddg9phg\">\n<div class=\"rq0escxv l9j0dhe7 du4w35lb j83agx80 cbu4d94t d2edcug0 hpfvmrgz rj1gh0hx buofh1pr g5gj957u o8rfisnq p8fzw8mz pcp91wgn iuny7tx3 ipjc6fyt\">\n<div class=\"j83agx80 cbu4d94t ew0dbk1b irj2b8pg\">\n<div class=\"qzhwtbm6 knvmm38d\">\n<div class=\"j83agx80 cbu4d94t ew0dbk1b irj2b8pg\">\n<div class=\"qzhwtbm6 knvmm38d\">\n<div class=\"kvgmc6g5 cxmmr5t8 oygrvhab hcukyx3x c1et5uql\">\n<p dir=\"auto\">ANDROS l\u00e0 c\u00f4ng ty gia \u0111\u00ecnh \u1edf v\u00f9ng ngo\u1ea1i \u00f4 Ph\u00e1p v\u1edbi nh\u1eefng gi\u00e1 tr\u1ecb \u0111\u00e1ng t\u1ef1 h\u00e0o trong h\u01a1n 100 n\u0103m v\u00e0 mong mu\u1ed1n ph\u00e1t tri\u1ec3n th\u00e0nh m\u1ed9t t\u1eadp \u0111o\u00e0n c\u00f4ng nghi\u00eap \u0111a qu\u1ed1c gia. M\u1eb7c d\u00f9 t\u1eeb x\u01b0a \u0111\u1ebfn nay tr\u00e1i c\u00e2y lu\u00f4n l\u00e0 d\u00f2ng s\u1ea3n ph\u1ea9m ch\u00ednh c\u1ee7a ANDROS, t\u1eadp \u0111o\u00e0n c\u00f2n m\u1edf r\u1ed9ng s\u1ea3n xu\u1ea5t th\u00eam nhi\u1ec1u s\u1ea3n ph\u1ea9m kh\u00e1c nh\u01b0 b\u00e1nh k\u1eb9o, s\u1ea3n ph\u1ea9m t\u1eeb s\u1eefa v\u00e0 \u0111\u1ed3 tr\u00e1ng mi\u00eang \u0111\u00f4ng l\u1ea1nh.<\/p>\n<p dir=\"auto\">ANDROS Asia l\u00e0 chuy\u00ean gia s\u1ea3n xu\u1ea5t c\u00e1c lo\u1ea1i tr\u00e1i c\u00e2y t\u1eeb ngu\u1ed3n nguy\u00ean li\u00eau \u0111\u1ecba ph\u01b0\u01a1ng. V\u1edbi ni\u1ec1m \u0111am m\u00ea t\u1ea1o ra nh\u1eefng s\u1ea3n ph\u1ea9m tr\u00e1i c\u00e2y ch\u1ea5t l\u01b0\u1ee3ng v\u00e0 kinh nghi\u1ec7m l\u00e0m m\u1ee9t l\u00e2u \u0111\u1eddi, ANDROS \u0111a d\u1ea1ng h\u00f3a s\u1ea3n ph\u1ea9m \u0111\u1ec3 mang t\u1edbi nh\u1eefng d\u00f2ng s\u1ea3n ph\u1ea9m nguy\u00ean li\u1ec7u ch\u1ebf bi\u1ebfn th\u1ee9c u\u1ed1ng v\u00e0 b\u00e1nh ng\u1ecdt. M\u1ecdi s\u1ea3n ph\u1ea9m \u0111\u1ec1u \u0111\u01b0\u1ee3c ch\u1ebf bi\u1ebfn d\u1ef1a tr\u00ean n\u1eefng chuy\u00ean m\u00f4n v\u00e0 b\u00ed quy\u1ebft l\u00e2u \u0111\u1eddi t\u1eeb Ph\u00e1p.<\/p>\n<p dir=\"auto\"><img fetchpriority=\"high\" decoding=\"async\" class=\"wp-image-27219 aligncenter\" src=\"https:\/\/havamall.com\/wp-content\/uploads\/2022\/06\/277221010_-300x300.png\" alt=\"\" width=\"672\" height=\"672\" \/><\/p>\n<\/div>\n<\/div>\n<\/div>\n<\/div>\n<\/div>\n<\/div>\n<\/div>\n<\/div>\n<\/div>\n<\/div>\n<p dir=\"ltr\">Nh\u1eb1m mang \u0111\u1ebfn s\u1ef1 ti\u1ec7n l\u1ee3i cho ng\u01b0\u1eddi s\u1eed d\u1ee5ng, Andros \u0111\u00e3 s\u1ea3n xu\u1ea5t\u00a0chanh d\u00e2y \u0111\u00f4ng l\u1ea1nh. Ph\u01b0\u01a1ng ph\u00e1p n\u00e0y v\u1eeba ti\u1ebft ki\u1ec7m th\u1eddi gian, v\u1eeba gi\u1ea3i quy\u1ebft lo l\u1eafng cho kh\u00e1ch h\u00e0ng khi th\u1ef1c ph\u1ea9m h\u1ecfng h\u00f3c. Tr\u1ea3i qua quy tr\u00ecnh kh\u00e9p kh\u00ed, c\u00e1c th\u00e0nh ph\u1ea7n dinh d\u01b0\u1ee1ng trong chanh d\u00e2y v\u1eabn \u0111\u01b0\u1ee3c gi\u1eef tr\u1ecdn v\u1eb9n.<\/p>\n<p dir=\"auto\">Chanh d\u00e2y kh\u00f4ng h\u1ea1t xay nhuy\u1ec5n \u0111\u00f4ng l\u1ea1nh Andros l\u00e0 d\u00f2ng s\u1ea3n ph\u1ea9m tr\u00e1i c\u00e2y \u0111\u00f4ng l\u1ea1nh v\u1edbi d\u00e2y chuy\u1ec1n c\u1ea5p \u0111\u00f4ng si\u00eau t\u1ed1c (IQF) 100% l\u00e0m t\u1eeb tr\u00e1i c\u00e2y t\u1ef1 nhi\u00ean v\u00e0 \u0111\u01b0\u1ee3c l\u1ef1a ch\u1ecdn k\u1ef9 l\u01b0\u1ee1ng, \u0111\u01b0\u1ee3c \u0111\u00f3ng g\u00f3i ti\u1ec7n l\u1ee3i \u0111\u1ec3 ph\u1ee5c v\u1ee5 m\u1ecdi nhu c\u1ea7u s\u1eed d\u1ee5ng su\u1ed1t c\u1ea3 n\u0103m.<\/p>\n<p dir=\"auto\"><img decoding=\"async\" class=\"wp-image-27261 aligncenter\" src=\"https:\/\/havamall.com\/wp-content\/uploads\/2022\/06\/238691783-300x300.png\" alt=\"\" width=\"689\" height=\"689\" \/><\/p>\n<div class=\"kvgmc6g5 cxmmr5t8 oygrvhab hcukyx3x c1et5uql ii04i59q\">\n<p dir=\"auto\">Tr\u00e1i c\u00e2y \u0111\u01b0\u1ee3c ch\u1ecdn t\u1eeb nh\u1eefng ngu\u1ed3n v\u00e0 gi\u1ed1ng t\u1ed1t nh\u1ea5t \u0111\u1ea3m b\u1ea3o kh\u00f4ng \u0111\u01b0\u1eddng, kh\u00f4ng ch\u1ea5t t\u1ea1o m\u00f9i, kh\u00f4ng ch\u1ea5t t\u1ea1o m\u00e0u, kh\u00f4ng ch\u1ea5t b\u1ea3o qu\u1ea3n n\u00ean r\u1ea5t an to\u00e0n cho ng\u01b0\u1eddi s\u1eed d\u1ee5ng. S\u1ea3n ph\u1ea9m \u0111\u01b0\u1ee3c l\u00e0m l\u1ea1nh ngay sau khi thu ho\u1ea1ch n\u00ean gi\u1eef \u0111\u01b0\u1ee3c tr\u1ecdn v\u1eb9n h\u01b0\u01a1ng v\u1ecb, \u0111\u1ed9 t\u01b0\u01a1i ngon c\u00f9ng c\u00e1c vitamin, kho\u00e1ng ch\u1ea5t.<\/p>\n<p dir=\"auto\"><img decoding=\"async\" class=\"wp-image-27262 aligncenter\" src=\"https:\/\/havamall.com\/wp-content\/uploads\/2022\/06\/279513697-300x300.png\" alt=\"\" width=\"697\" height=\"697\" \/><\/p>\n<\/div>\n<p dir=\"ltr\">Trong chanh d\u00e2y ch\u1ee9a nhi\u1ec1u d\u01b0\u1ee1ng ch\u1ea5t qu\u00fd gi\u00e1 nh\u01b0: Vitamin C, B, A, kho\u00e1ng ch\u1ea5t v\u00e0 c\u00e1c axit amin c\u00f3 l\u1ee3i. So v\u1edbi chanh d\u00e2y t\u01b0\u01a1i, chanh d\u00e2y sau khi \u0111\u00e3 c\u1ea5p \u0111\u00f4ng v\u1eabn gi\u1eef nguy\u00ean \u0111\u01b0\u1ee3c nh\u1eefng ch\u1ea5t dinh d\u01b0\u1ee1ng v\u1ed1n c\u00f3. D\u00f2ng s\u1ea3n ph\u1ea9m tr\u00e1i c\u00e2y xay nhuy\u1ec5n \u0111\u00f4ng l\u1ea1nh Andros ch\u1ea5t l\u01b0\u1ee3ng h\u00e0ng \u0111\u1ea7u, kh\u01a1i ngu\u1ed3n c\u1ea3m h\u1ee9ng s\u00e1ng t\u1ea1o cho c\u00e1c chuy\u00ean gia ch\u1ebf bi\u1ebfn b\u00e1nh ng\u1ecdt v\u00e0 th\u1ee9c u\u1ed1ng.<\/p>\n<p dir=\"ltr\"><img loading=\"lazy\" decoding=\"async\" class=\"wp-image-27263 aligncenter\" src=\"https:\/\/havamall.com\/wp-content\/uploads\/2022\/06\/bc-300x300.png\" alt=\"\" width=\"703\" height=\"703\" \/><\/p>\n<h3><strong>L\u1ee3i \u00edch s\u1ee9c kh\u1ecfe qu\u1ea3 chanh d\u00e2y:<\/strong><\/h3>\n<h5><em><strong>T\u0103ng c\u01b0\u1eddng s\u1ee9c \u0111\u1ec1 kh\u00e1ng<\/strong><\/em><\/h5>\n<p dir=\"ltr\">V\u1edbi h\u00e0m l\u01b0\u1ee3ng vitamin C cao, n\u01b0\u1edbc chanh d\u00e2y gi\u00fap t\u0103ng s\u1ee9c \u0111\u1ec1 kh\u00e1ng, c\u1ee7ng c\u1ed1 h\u00e0ng r\u00e0o mi\u1ec5n d\u1ecbch. T\u1eeb \u0111\u00f3 h\u1ea1n ch\u1ebf s\u1ef1 t\u1ea5n c\u00f4ng c\u1ee7a c\u00e1c lo\u1ea1i virus, vi khu\u1ea9n c\u00f3 h\u1ea1i cho s\u1ee9c kh\u1ecfe. \u0110\u1eb7c bi\u1ec7t trong giai \u0111o\u1ea1n d\u1ecbch b\u1ec7nh \u0111ang di\u1ec5n bi\u1ebfn c\u0103ng th\u1eb3ng, s\u1eed d\u1ee5ng n\u01b0\u1edbc \u00e9p chanh leo th\u01b0\u1eddng xuy\u00ean gi\u00fap c\u01a1 th\u1ec3 lu\u00f4n kh\u1ecfe m\u1ea1nh. \u0110\u1ed3ng th\u1eddi, vitamin C gi\u00fap thanh nhi\u1ec7t v\u00e0 mang \u0111\u1ebfn l\u00e0n da t\u01b0\u01a1i tr\u1ebb, c\u0103ng tr\u00e0n s\u1ee9c s\u1ed1ng.<\/p>\n<h5><em><strong>H\u1ed7 tr\u1ee3 t\u1ed1t cho th\u1ecb l\u1ef1c<\/strong><\/em><\/h5>\n<p dir=\"ltr\">N\u1ebfu b\u1ea1n th\u01b0\u1eddng xuy\u00ean b\u1ecb m\u1ecfi m\u1eaft, kh\u00f4 m\u1eaft, m\u1edd m\u1eaft th\u00ec n\u00ean t\u00edch tr\u1eef chanh leo \u0111\u00f4ng l\u1ea1nh. H\u00e0m l\u01b0\u1ee3ng vitamin A v\u01b0\u1ee3t tr\u1ed9i c\u00f3 t\u00e1c d\u1ee5ng t\u0103ng c\u01b0\u1eddng th\u1ecb l\u1ef1c. T\u1eeb \u0111\u00f3 \u0111\u00f4i m\u1eaft nh\u00ecn s\u00e1ng r\u00f5 h\u01a1n trong qu\u00e1 tr\u00ecnh h\u1ecdc t\u1eadp, l\u00e0m vi\u1ec7c. \u0110\u1ed3ng th\u1eddi, ng\u0103n ng\u1eeba \u0111\u01b0\u1ee3c nh\u1eefng b\u1ec7nh li\u00ean quan \u0111\u1ebfn m\u1eaft nh\u01b0: C\u1eadn th\u1ecb, nh\u01b0\u1ee3c th\u1ecb, \u0111\u1ee5c th\u1ee7y tinh th\u1ec3, vi\u00eam gi\u00e1c m\u1ea1c\u2026<\/p>\n<p dir=\"ltr\"><img loading=\"lazy\" decoding=\"async\" class=\"wp-image-27264 aligncenter\" src=\"https:\/\/havamall.com\/wp-content\/uploads\/2022\/06\/32951040_442876096147369_5817507978089070592_n-300x300.png\" alt=\"\" width=\"718\" height=\"718\" \/><\/p>\n<h5><em><strong>Gi\u1ea3m c\u0103ng th\u1eb3ng, lo \u00e2u<\/strong><\/em><\/h5>\n<p dir=\"ltr\">\u00c1p l\u1ef1c, c\u0103ng th\u1eb3ng l\u00e0 t\u00ecnh tr\u1ea1ng ph\u1ed5 bi\u1ebfn trong x\u00e3 h\u1ed9i hi\u1ec7n \u0111\u1ea1i. Nh\u1ea5t l\u00e0 \u1edf b\u1ed9 ph\u1eadn gi\u1edbi tr\u1ebb, nh\u1eefng ng\u01b0\u1eddi \u0111ang ph\u1ea3i \u0111\u1ed1i m\u1eb7t v\u1edbi gu\u1ed3ng quay c\u1ee7a \u201cTi\u1ec1n b\u1ea1c &#8211; S\u1ef1 nghi\u1ec7p &#8211; Gia \u0111\u00ecnh\u201d. Khi stress k\u00e9o d\u00e0i, con ng\u01b0\u1eddi s\u1ebd b\u1ecb suy nh\u01b0\u1ee3c c\u01a1 th\u1ec3. B\u1ea1n lu\u00f4n c\u1ea3m th\u1ea5y kh\u00f3 \u0111i v\u00e0o gi\u1ea5c ng\u1ee7 hay ng\u1ee7 kh\u00f4ng ngon gi\u1ea5c, t\u1ec9nh d\u1eady b\u1ea5t ch\u1ee3t.<\/p>\n<p dir=\"ltr\">C\u00e1c chuy\u00ean gia khuy\u00ean r\u1eb1ng u\u1ed1ng n\u01b0\u1edbc \u00e9p chanh d\u00e2y gi\u00fap gi\u1ea3m c\u0103ng th\u1eb3ng, lo \u00e2u. L\u01b0\u1ee3ng kho\u00e1ng ch\u1ea5t cao, \u0111\u1eb7c bi\u1ec7t l\u00e0 s\u1eaft gi\u00fap h\u1ec7 th\u1ed1ng tu\u1ea7n ho\u00e0n m\u00e1u l\u01b0u th\u00f4ng t\u1ed1t h\u01a1n. T\u1eeb \u0111\u00f3 h\u1ec7 th\u1ea7n kinh ho\u1ea1t \u0111\u1ed9ng \u1ed5n \u0111\u1ecbnh, tinh th\u1ea7n tho\u1ea3i m\u00e1i, vui v\u1ebb.<\/p>\n<h5><em><strong>Ng\u0103n ng\u1eeba b\u1ec7nh ung th\u01b0<\/strong><\/em><\/h5>\n<p dir=\"ltr\">Ung th\u01b0 l\u00e0 m\u1ed9t trong nh\u1eefng c\u0103n b\u1ec7nh qu\u00e1i \u00e1c c\u01b0\u1edbp \u0111i m\u1ea1ng s\u1ed1ng c\u1ee7a con ng\u01b0\u1eddi. T\u1ef7 l\u1ec7 s\u1ed1 ng\u01b0\u1eddi qua \u0111\u1eddi do ung th\u01b0 t\u1ea1i Vi\u1ec7t Nam ng\u00e0y c\u00e0ng c\u00f3 chi\u1ec1u h\u01b0\u1edbng gia t\u0103ng. \u0110\u1ec3 b\u1ea3o v\u1ec7 c\u01a1 th\u1ec3 tr\u00e1nh \u0111\u01b0\u1ee3c b\u1ec7nh t\u1eadt, b\u1ea1n n\u00ean duy tr\u00ec u\u1ed1ng n\u01b0\u1edbc \u00e9p chanh d\u00e2y. H\u00e0m l\u01b0\u1ee3ng ch\u1ea5t ch\u1ed1ng oxy h\u00f3a nh\u01b0: Flavonoid, axit phenolic, phytochemicals gi\u00fap h\u1ea1n ch\u1ebf s\u1ef1 ph\u00e1t tri\u1ec3n c\u1ee7a t\u1ebf b\u00e0o ung th\u01b0.<\/p>\n<p dir=\"ltr\"><img loading=\"lazy\" decoding=\"async\" class=\"wp-image-27265 aligncenter\" src=\"https:\/\/havamall.com\/wp-content\/uploads\/2022\/06\/maxresdefault-23-300x169.jpg\" alt=\"\" width=\"713\" height=\"402\" \/><\/p>","protected":false},"excerpt":{"rendered":"<p>Andros Asia l\u00e0 c\u00f4ng ty c\u1ee7a Ph\u00e1p t\u1ea1i Vi\u1ec7t Nam, l\u00e0 chuy\u00ean gia s\u1ea3n xu\u1ea5t ch\u1ebf bi\u1ebfn c\u00e1c lo\u1ea1i tr\u00e1i<\/p>","protected":false},"featured_media":27266,"comment_status":"open","ping_status":"closed","template":"","meta":[],"product_brand":[],"product_cat":[723,36,275,684],"product_tag":[],"class_list":{"0":"post-27259","1":"product","2":"type-product","3":"status-publish","4":"has-post-thumbnail","6":"product_cat-nhap-khau-phap","7":"product_cat-thuc-pham-tieu-dung","8":"product_cat-thuc-pham-dong-lanh","9":"product_cat-trai-cay-dong-lanh","10":"pa_brand-andros","12":"first","13":"outofstock","14":"sale","15":"shipping-taxable","16":"purchasable","17":"product-type-simple"},"_links":{"self":[{"href":"https:\/\/havamall.com\/en\/wp-json\/wp\/v2\/product\/27259","targetHints":{"allow":["GET"]}}],"collection":[{"href":"https:\/\/havamall.com\/en\/wp-json\/wp\/v2\/product"}],"about":[{"href":"https:\/\/havamall.com\/en\/wp-json\/wp\/v2\/types\/product"}],"replies":[{"embeddable":true,"href":"https:\/\/havamall.com\/en\/wp-json\/wp\/v2\/comments?post=27259"}],"version-history":[{"count":0,"href":"https:\/\/havamall.com\/en\/wp-json\/wp\/v2\/product\/27259\/revisions"}],"wp:featuredmedia":[{"embeddable":true,"href":"https:\/\/havamall.com\/en\/wp-json\/wp\/v2\/media\/27266"}],"wp:attachment":[{"href":"https:\/\/havamall.com\/en\/wp-json\/wp\/v2\/media?parent=27259"}],"wp:term":[{"taxonomy":"product_brand","embeddable":true,"href":"https:\/\/havamall.com\/en\/wp-json\/wp\/v2\/product_brand?post=27259"},{"taxonomy":"product_cat","embeddable":true,"href":"https:\/\/havamall.com\/en\/wp-json\/wp\/v2\/product_cat?post=27259"},{"taxonomy":"product_tag","embeddable":true,"href":"https:\/\/havamall.com\/en\/wp-json\/wp\/v2\/product_tag?post=27259"}],"curies":[{"name":"wp","href":"https:\/\/api.w.org\/{rel}","templated":true}]}}