{"id":27269,"date":"2022-06-10T14:51:02","date_gmt":"2022-06-10T07:51:02","guid":{"rendered":"https:\/\/havamall.com\/?post_type=product&#038;p=27269"},"modified":"2025-11-13T11:19:39","modified_gmt":"2025-11-13T04:19:39","slug":"cam-xay-nhuyen-dong-lanh-andros-hop-1kg-orange-frozen-puree","status":"publish","type":"product","link":"https:\/\/havamall.com\/en\/shop\/cam-xay-nhuyen-dong-lanh-andros-hop-1kg-orange-frozen-puree\/","title":{"rendered":"Cam Xay Nhuy\u1ec5n \u0110\u00f4ng L\u1ea1nh Andros H\u1ed9p 1kg &#8211; Orange Frozen Puree"},"content":{"rendered":"<p>Andros Asia l\u00e0 c\u00f4ng ty con t\u1ea1i Vi\u1ec7t Nam thu\u1ed9c T\u1eadp \u0111o\u00e0n ANDROS c\u00f3 tr\u1ee5 s\u1edf t\u1ea1i Ph\u00e1p, c\u00f3 h\u01a1n 100 n\u0103m kinh nghi\u1ec7m trong l\u0129nh v\u1ef1c s\u1ea3n xu\u1ea5t ch\u1ebf bi\u1ebfn c\u00e1c lo\u1ea1i tr\u00e1i c\u00e2y, nguy\u00ean li\u1ec7u chuy\u00ean d\u00f9ng trong l\u0129nh v\u1ef1c th\u1ee9c u\u1ed1ng v\u00e0 b\u00e1nh ng\u1ecdt.<\/p>\n<p>ANDROS Asia l\u00e0 chuy\u00ean gia s\u1ea3n xu\u1ea5t c\u00e1c lo\u1ea1i tr\u00e1i c\u00e2y t\u1eeb ngu\u1ed3n nguy\u00ean li\u00eau \u0111\u1ecba ph\u01b0\u01a1ng. V\u1edbi ni\u1ec1m \u0111am m\u00ea t\u1ea1o ra nh\u1eefng s\u1ea3n ph\u1ea9m tr\u00e1i c\u00e2y ch\u1ea5t l\u01b0\u1ee3ng v\u00e0 kinh nghi\u1ec7m l\u00e0m m\u1ee9t l\u00e2u \u0111\u1eddi, ANDROS \u0111a d\u1ea1ng h\u00f3a s\u1ea3n ph\u1ea9m \u0111\u1ec3 mang t\u1edbi nh\u1eefng d\u00f2ng s\u1ea3n ph\u1ea9m nguy\u00ean li\u1ec7u ch\u1ebf bi\u1ebfn th\u1ee9c u\u1ed1ng v\u00e0 b\u00e1nh ng\u1ecdt. M\u1ecdi s\u1ea3n ph\u1ea9m \u0111\u1ec1u \u0111\u01b0\u1ee3c ch\u1ebf bi\u1ebfn d\u1ef1a tr\u00ean n\u1eefng chuy\u00ean m\u00f4n v\u00e0 b\u00ed quy\u1ebft l\u00e2u \u0111\u1eddi t\u1eeb Ph\u00e1p.<\/p>\n<p><img fetchpriority=\"high\" decoding=\"async\" class=\"wp-image-27273 aligncenter\" src=\"https:\/\/havamall.com\/wp-content\/uploads\/2022\/06\/f2d4208134f3e977ff8d0c2727c72b3a-300x300.jpg\" alt=\"\" width=\"666\" height=\"666\" \/><\/p>\n<p dir=\"ltr\">Nh\u1eb1m mang \u0111\u1ebfn s\u1ef1 ti\u1ec7n l\u1ee3i cho ng\u01b0\u1eddi s\u1eed d\u1ee5ng, Andros \u0111\u00e3 s\u1ea3n xu\u1ea5t\u00a0cam \u0111\u00f4ng l\u1ea1nh. Ph\u01b0\u01a1ng ph\u00e1p n\u00e0y v\u1eeba ti\u1ebft ki\u1ec7m th\u1eddi gian, v\u1eeba gi\u1ea3i quy\u1ebft lo l\u1eafng cho kh\u00e1ch h\u00e0ng khi th\u1ef1c ph\u1ea9m h\u1ecfng h\u00f3c. Tr\u1ea3i qua quy tr\u00ecnh kh\u00e9p kh\u00ed, c\u00e1c th\u00e0nh ph\u1ea7n dinh d\u01b0\u1ee1ng trong chanh d\u00e2y v\u1eabn \u0111\u01b0\u1ee3c gi\u1eef tr\u1ecdn v\u1eb9n.<\/p>\n<p dir=\"auto\">Cam xay nhuy\u1ec5n \u0111\u00f4ng l\u1ea1nh Andros l\u00e0 d\u00f2ng s\u1ea3n ph\u1ea9m tr\u00e1i c\u00e2y \u0111\u00f4ng l\u1ea1nh v\u1edbi d\u00e2y chuy\u1ec1n c\u1ea5p \u0111\u00f4ng si\u00eau t\u1ed1c (IQF) 100% l\u00e0m t\u1eeb tr\u00e1i c\u00e2y t\u1ef1 nhi\u00ean v\u00e0 \u0111\u01b0\u1ee3c l\u1ef1a ch\u1ecdn k\u1ef9 l\u01b0\u1ee1ng, \u0111\u01b0\u1ee3c \u0111\u00f3ng g\u00f3i ti\u1ec7n l\u1ee3i \u0111\u1ec3 ph\u1ee5c v\u1ee5 m\u1ecdi nhu c\u1ea7u s\u1eed d\u1ee5ng su\u1ed1t c\u1ea3 n\u0103m.<\/p>\n<p dir=\"auto\"><img decoding=\"async\" class=\"wp-image-27270 aligncenter\" src=\"https:\/\/havamall.com\/wp-content\/uploads\/2022\/06\/237037261-300x300.png\" alt=\"\" width=\"665\" height=\"665\" \/><\/p>\n<div class=\"kvgmc6g5 cxmmr5t8 oygrvhab hcukyx3x c1et5uql ii04i59q\">\n<p dir=\"auto\">Tr\u00e1i c\u00e2y \u0111\u01b0\u1ee3c ch\u1ecdn t\u1eeb nh\u1eefng ngu\u1ed3n v\u00e0 gi\u1ed1ng t\u1ed1t nh\u1ea5t \u0111\u1ea3m b\u1ea3o kh\u00f4ng \u0111\u01b0\u1eddng, kh\u00f4ng ch\u1ea5t t\u1ea1o m\u00f9i, kh\u00f4ng ch\u1ea5t t\u1ea1o m\u00e0u, kh\u00f4ng ch\u1ea5t b\u1ea3o qu\u1ea3n n\u00ean r\u1ea5t an to\u00e0n cho ng\u01b0\u1eddi s\u1eed d\u1ee5ng. S\u1ea3n ph\u1ea9m \u0111\u01b0\u1ee3c l\u00e0m l\u1ea1nh ngay sau khi thu ho\u1ea1ch n\u00ean gi\u1eef \u0111\u01b0\u1ee3c tr\u1ecdn v\u1eb9n h\u01b0\u01a1ng v\u1ecb, \u0111\u1ed9 t\u01b0\u01a1i ngon c\u00f9ng c\u00e1c vitamin, kho\u00e1ng ch\u1ea5t.<\/p>\n<\/div>\n<p>D\u00f2ng s\u1ea3n ph\u1ea9m Tr\u00e1i C\u00e2y Xay Nhuy\u1ec5n C\u1ea5p \u0110\u00f4ng ch\u1ea5t l\u01b0\u1ee3ng h\u00e0ng \u0111\u1ea7u, kh\u01a1i ngu\u1ed3n c\u1ea3m h\u1ee9ng s\u00e1ng t\u1ea1o cho c\u00e1c chuy\u00ean gia ch\u1ebf bi\u1ebfn b\u00e1nh ng\u1ecdt v\u00e0 th\u1ee9c u\u1ed1ng. T\u1ea5t c\u1ea3 tr\u00e1i c\u00e2y \u0111\u1ec1u \u0111\u01b0\u1ee3c thu ho\u1ea1ch t\u1eeb nh\u1eefng qu\u1ea3 ch\u00edn v\u00e0 m\u1ecdng n\u01b0\u1edbc \u0111\u1ec3 gi\u1eef tr\u1ecdn h\u01b0\u01a1ng v\u1ecb t\u01b0\u01a1i ngon. Quy tr\u00ecnh ch\u1ebf bi\u1ebfn ph\u00f9 h\u1ee3p v\u1edbi t\u1eebng lo\u1ea1i tr\u00e1i c\u00e2y, \u0111\u00fac k\u1ebft t\u1eeb nh\u1eefng chuy\u00ean m\u00f4n v\u00e0 b\u00ed k\u00edp s\u1ea3n xu\u1ea5t tr\u00e1i c\u00e2y l\u00e2u \u0111\u1eddi.<\/p>\n<p><img decoding=\"async\" class=\"wp-image-27271 aligncenter\" src=\"https:\/\/havamall.com\/wp-content\/uploads\/2022\/06\/242189405-300x241.png\" alt=\"\" width=\"670\" height=\"539\" \/><\/p>\n<h3><strong>\u0110\u1eb7c \u0111i\u1ec3m n\u1ed5i b\u1eadt c\u1ee7a s\u1ea3n ph\u1ea9m:<\/strong><\/h3>\n<p>-H\u01a1n 90% th\u00e0nh ph\u1ea7n tr\u00e1i c\u00e2y t\u1ef1 nhi\u00ean.<\/p>\n<p>-Ch\u1ebf bi\u1ebfn v\u1edbi c\u00f4ng th\u1ee9c t\u1ef1 nhi\u00ean, kh\u00f4ng s\u1eed d\u1ee5ng ch\u1ea5t b\u1ea3o qu\u1ea3n, t\u1ea1o m\u00e0u, t\u1ea1o m\u00f9i.<\/p>\n<p>-V\u1ecb ng\u1ecdt d\u1ecbu nh\u1eb9 v\u1edbi th\u00e0nh ph\u1ea7n \u0111\u01b0\u1eddng m\u00eda tr\u1eafng.<\/p>\n<p>-Tr\u00e1i c\u00e2y \u0111\u01b0\u1ee3c ch\u1ecdn l\u1ecdc t\u1eeb nh\u1eefng ngu\u1ed3n v\u00e0 nh\u1eefng gi\u1ed1ng t\u1ed1t nh\u1ea5t \u1edf c\u00e1c n\u00f4ng tr\u1ea1i tr\u00e1i c\u00e2y c\u00f3 m\u1ed1i quan h\u1ec7 \u0111\u1ed1i t\u00e1c ch\u1eb7t ch\u1ebd v\u00e0 l\u00e2u d\u00e0i.<\/p>\n<p><img loading=\"lazy\" decoding=\"async\" class=\"wp-image-27272 aligncenter\" src=\"https:\/\/havamall.com\/wp-content\/uploads\/2022\/06\/56641442_63754259668-300x300.png\" alt=\"\" width=\"675\" height=\"675\" \/><\/p>","protected":false},"excerpt":{"rendered":"<p>Andros Asia l\u00e0 c\u00f4ng ty con t\u1ea1i Vi\u1ec7t Nam thu\u1ed9c T\u1eadp \u0111o\u00e0n ANDROS c\u00f3 tr\u1ee5 s\u1edf t\u1ea1i Ph\u00e1p, c\u00f3 h\u01a1n<\/p>","protected":false},"featured_media":27274,"comment_status":"open","ping_status":"closed","template":"","meta":[],"product_brand":[],"product_cat":[723,36,275,684],"product_tag":[],"class_list":{"0":"post-27269","1":"product","2":"type-product","3":"status-publish","4":"has-post-thumbnail","6":"product_cat-nhap-khau-phap","7":"product_cat-thuc-pham-tieu-dung","8":"product_cat-thuc-pham-dong-lanh","9":"product_cat-trai-cay-dong-lanh","10":"pa_brand-andros","12":"first","13":"outofstock","14":"sale","15":"shipping-taxable","16":"purchasable","17":"product-type-simple"},"_links":{"self":[{"href":"https:\/\/havamall.com\/en\/wp-json\/wp\/v2\/product\/27269","targetHints":{"allow":["GET"]}}],"collection":[{"href":"https:\/\/havamall.com\/en\/wp-json\/wp\/v2\/product"}],"about":[{"href":"https:\/\/havamall.com\/en\/wp-json\/wp\/v2\/types\/product"}],"replies":[{"embeddable":true,"href":"https:\/\/havamall.com\/en\/wp-json\/wp\/v2\/comments?post=27269"}],"version-history":[{"count":0,"href":"https:\/\/havamall.com\/en\/wp-json\/wp\/v2\/product\/27269\/revisions"}],"wp:featuredmedia":[{"embeddable":true,"href":"https:\/\/havamall.com\/en\/wp-json\/wp\/v2\/media\/27274"}],"wp:attachment":[{"href":"https:\/\/havamall.com\/en\/wp-json\/wp\/v2\/media?parent=27269"}],"wp:term":[{"taxonomy":"product_brand","embeddable":true,"href":"https:\/\/havamall.com\/en\/wp-json\/wp\/v2\/product_brand?post=27269"},{"taxonomy":"product_cat","embeddable":true,"href":"https:\/\/havamall.com\/en\/wp-json\/wp\/v2\/product_cat?post=27269"},{"taxonomy":"product_tag","embeddable":true,"href":"https:\/\/havamall.com\/en\/wp-json\/wp\/v2\/product_tag?post=27269"}],"curies":[{"name":"wp","href":"https:\/\/api.w.org\/{rel}","templated":true}]}}