{"id":27302,"date":"2022-06-14T14:04:02","date_gmt":"2022-06-14T07:04:02","guid":{"rendered":"https:\/\/havamall.com\/?post_type=product&#038;p=27302"},"modified":"2025-05-16T17:01:51","modified_gmt":"2025-05-16T10:01:51","slug":"bo-vat-cam-chanh-yoko-inochi","status":"publish","type":"product","link":"https:\/\/havamall.com\/en\/shop\/bo-vat-cam-chanh-yoko-inochi\/","title":{"rendered":"B\u1ed9 V\u1eaft Cam Chanh Yoko Inochi &#8211; Orange &amp; Lemon Squeezer Set"},"content":{"rendered":"<p>Inochi l\u00e0 th\u01b0\u01a1ng hi\u1ec7u gia d\u1ee5ng cao c\u1ea5p Vi\u1ec7t Nam, \u0111\u01b0\u1ee3c thi\u1ebft k\u1ebf v\u00e0 s\u1ea3n xu\u1ea5t theo phong c\u00e1ch v\u00e0 ti\u00eau chu\u1ea9n Nh\u1eadt B\u1ea3n. 100% s\u1ea3n ph\u1ea9m c\u1ee7a Inochi \u0111\u01b0\u1ee3c l\u00e0m t\u1eeb ch\u1ea5t li\u1ec7u nh\u1ef1a nguy\u00ean sinh cao c\u1ea5p theo quy tr\u00ecnh chu\u1ea9n ISO 9001, kh\u00f4ng ch\u1ee9a BPA, \u0111\u1ea1t ch\u1ee9ng nh\u1eadn an to\u00e0n c\u1ee7a b\u1ed9 y t\u1ebf, \u0111\u1ea3m b\u1ea3o \u0111i\u1ec1u ki\u1ec7n xu\u1ea5t kh\u1ea9u sang nh\u1eefng th\u1ecb tr\u01b0\u1eddng kh\u00f3 t\u00ednh nh\u1ea5t nh\u01b0 M\u1ef9, EU, Nh\u1eadt B\u1ea3n\u2026<\/p>\n<p>Th\u01b0\u01a1ng hi\u1ec7u Inochi \u0111\u01b0\u1ee3c ph\u00e1t tri\u1ec3n b\u1edfi C\u00f4ng Ty C\u1ed5 Ph\u1ea7n T\u00e2n Ph\u00fa Vi\u1ec7t Nam v\u1edbi h\u01a1n 40 n\u0103m kinh nghi\u1ec7m trong ng\u00e0nh s\u1ea3n xu\u1ea5t.<\/p>\n<p>C\u00e1c s\u1ea3n ph\u1ea9m c\u1ee7a Inochi r\u1ea5t \u0111a d\u1ea1ng, ph\u1ee5c v\u1ee5 t\u1ed1i \u0111a m\u1ecdi nhu c\u1ea7u trong cu\u1ed9c s\u1ed1ng h\u00e0ng ng\u00e0y nh\u01b0: k\u1ec7 nh\u1ef1a \u2013 gi\u1ecf nh\u1ef1a, th\u00f9ng r\u00e1c, c\u00e1c lo\u1ea1i thau r\u1ed5 \u2013 \u0111\u1ed3 ti\u1ec7n \u00edch, h\u1ed9p \u0111\u1ef1ng th\u1ef1c ph\u1ea9m, m\u00f3c \u00e1o, m\u00e0ng \u2013 t\u00fai, c\u00e1c s\u1ea3n ph\u1ea9m cho m\u1eb9 v\u00e0 b\u00e9, d\u1ee5ng c\u1ee5 v\u1ec7 sinh v\u00e0 c\u00e1c lo\u1ea1i h\u1ed9p c\u01a1m, c\u1ed1c gi\u1eef nhi\u1ec7t nh\u1eadp kh\u1ea9u tr\u1ef1c ti\u1ebfp t\u1eeb th\u01b0\u01a1ng hi\u1ec7u Asvel \u2013 Nh\u1eadt B\u1ea3n.<\/p>\n<p><img fetchpriority=\"high\" decoding=\"async\" class=\"wp-image-27299 aligncenter\" src=\"https:\/\/havamall.com\/wp-content\/uploads\/2022\/06\/278505147-300x300.png\" alt=\"\" width=\"607\" height=\"607\" \/><\/p>\n<p>B\u1ed9 v\u1eaft cam chanh Yoko phong c\u00e1ch t\u1ed1i gi\u1ea3n s\u1ebd mang t\u1edbi cho kh\u00f4ng gian s\u1ed1ng c\u1ee7a nh\u00e0 b\u1ea1n v\u1ebb \u0111\u1eb9p tinh t\u1ebf, g\u1ecdn g\u00e0ng h\u01a1n. Yoko \u2013 C\u1ea3m h\u1ee9ng t\u1eeb Yokohama, th\u00e0nh ph\u1ed1 l\u1edbn th\u1ee9 hai c\u1ee7a Nh\u1eadt B\u1ea3n, m\u1ed9t th\u01b0\u01a1ng c\u1ea3ng s\u1ea7m u\u1ea5t, nhi\u1ec1u m\u00e0u s\u1eafc v\u00e0 c\u0169ng n\u1ed5i ti\u1ebfng v\u1ec1 \u1ea9m th\u1ef1c. \u0110\u00f3 c\u0169ng l\u00e0 c\u1ea3m h\u1ee9ng \u0111\u1ec3 Inochi \u0111\u1eb7t t\u00ean cho b\u1ed9 v\u1eaft cam chanh Yoko.<\/p>\n<p><img decoding=\"async\" class=\"wp-image-27304 aligncenter\" src=\"https:\/\/havamall.com\/wp-content\/uploads\/2022\/06\/997684fa7-300x300.png\" alt=\"\" width=\"611\" height=\"611\" \/><\/p>\n<p><span style=\"font-family: Arial;\">Vi\u1ec7c v\u1eaft cam, canh tr\u00f4ng th\u00ec r\u1ea5t \u0111\u01a1n gi\u1ea3n nh\u01b0ng n\u1ebfu b\u1ea1n kh\u00f4ng c\u1ea9n th\u1eadn v\u00e0 t\u1ec9 m\u1ec9 s\u1ebd cho n\u01b0\u1edbc cam kh\u00f4ng ngon, c\u00f3 v\u1ecb \u0111\u1eafng, kh\u00f4ng nh\u1eefng th\u1ebf c\u00f2n m\u1ea5t kh\u00e1 nhi\u1ec1u th\u1eddi gian. Ch\u00ednh v\u00ec th\u1ebf, b\u1ea1n h\u00e3y s\u1eafm ngay\u00a0b\u1ed9 v\u1eaft cam chanh Yoko Inochi cao c\u1ea5p ti\u1ec7n d\u1ee5ng m\u00e0 ch\u00fang t\u00f4i mang \u0111\u1ebfn h\u00f4m nay \u0111\u1ec3 c\u00f3 th\u1ec3 nhanh ch\u00f3ng c\u00f3 \u0111\u01b0\u1ee3c ly n\u01b0\u1edbc cam ngon l\u00e0nh, b\u1ed5 d\u01b0\u1ee1ng cho c\u1ea3 nh\u00e0 m\u00e0 kh\u00f4ng m\u1ea5t nhi\u1ec1u th\u1eddi gian v\u00e0 c\u00f4ng s\u1ee9c.<\/span><\/p>\n<p><img decoding=\"async\" class=\"wp-image-27305 aligncenter\" src=\"https:\/\/havamall.com\/wp-content\/uploads\/2022\/06\/181924924_3122685984618277_5703695423283517056_n-300x200.png\" alt=\"\" width=\"610\" height=\"407\" \/><\/p>\n<p>C\u00f3 thi\u1ebft k\u1ebf khe d\u1ecdc, gi\u00fap n\u01b0\u1edbc cam ch\u1ea3y xu\u1ed1ng d\u01b0\u1edbi d\u1ec5 d\u00e0ng h\u01a1n.\u00a0D\u1ee5ng c\u1ee5 v\u1eaft cam Inochi c\u00f3 l\u1ecdc\u00a0\u0111\u01b0\u1ee3c l\u00e0m t\u1eeb ch\u1ea5t li\u1ec7u nh\u1ef1a PP, an to\u00e0n v\u1edbi s\u1ee9c kho\u1ebb.\u00a0V\u1eaft cam Inochi\u00a0c\u00f2n\u00a0c\u00f3 tay c\u1ea7m \u1edf b\u00ean \u0111\u1ec3 gi\u1eef cho d\u1ee5ng c\u1ee5 \u0111\u01b0\u1ee3c c\u1ed1 \u0111\u1ecbnh khi\u00a0v\u1eaft cam.<\/p>\n<p>B\u1ed9 v\u1eaft cam chanh Yoko ti\u1ec7n d\u1ee5ng, \u0111a n\u0103ng v\u1edbi \u0111\u1ea7u v\u1eaft cam, chanh. Khay l\u1ecdc b\u1eb1ng nh\u1ef1a gi\u00fap b\u1ea1n d\u1ec5 d\u00e0ng l\u1eafp r\u00e1p, r\u1eeda s\u1ea1ch sau khi s\u1eed d\u1ee5ng. S\u1ea3n ph\u1ea9m c\u00f3 ph\u1ea7n ch\u1ee9a n\u01b0\u1edbc, th\u01b0\u1edbc \u0111o hi\u1ec7n r\u00f5 tr\u00ean th\u00e2n ly \u0111\u1ec3 b\u1ea1n thu\u1eadn ti\u1ec7n quan s\u00e1t.<br \/>\nS\u1ea3m ph\u1ea9m c\u00f3 khay \u0111\u1ef1ng ph\u00eda d\u01b0\u1edbi gi\u00fap l\u01b0u \u0111\u01b0\u1ee3c nhi\u1ec1u n\u01b0\u1edbc h\u01a1n.<\/p>\n<p><img loading=\"lazy\" decoding=\"async\" class=\"wp-image-27306 aligncenter\" src=\"https:\/\/havamall.com\/wp-content\/uploads\/2022\/06\/131112461_118076080123045_860790222719309215_n-300x200.png\" alt=\"\" width=\"612\" height=\"408\" \/><\/p>\n<h3><strong>\u01afU \u0110I\u1ec2M S\u1ea2N PH\u1ea8M: <\/strong><\/h3>\n<p>&#8211; Ch\u1ea5t li\u1ec7u nh\u1ef1a si\u00eau b\u1ec1n: v\u1edbi v\u1ecf b\u00ean ngo\u00e0i \u0111\u01b0\u1ee3c l\u00e0m t\u1eeb nh\u1ef1a cao c\u1ea5p n\u00ean r\u1ea5t h\u1ee3p v\u1ec7 sinh v\u00e0 t\u0103ng \u0111\u1ed9 b\u1ec1n cho s\u1ea3n ph\u1ea9m, \u0111\u1ed3ng th\u1eddi gi\u00fap cho vi\u1ec7c lau r\u1eeda nhanh ch\u00f3ng h\u01a1n.<\/p>\n<p>&#8211; Thi\u1ebft k\u1ebf \u0111\u1eb9p m\u1eaft, c\u00f3 nhi\u1ec1u m\u00e0u s\u1eafc, ki\u1ec3u d\u00e1ng v\u00e0 k\u00edch th\u01b0\u1edbc \u0111\u1ec3 l\u1ef1a ch\u1ecdn.<\/p>\n<p>&#8211; Ph\u1ec5u l\u1ecdc v\u1eaft c\u00f3 ph\u1ea7n v\u1eaft cam d\u1ea1ng ch\u00f3p h\u00ecnh m\u00fai kh\u1ebf, ph\u1ea7n l\u1ecdc c\u00f3 c\u00e1c r\u00e3nh nh\u1ecf s\u1ebd gi\u00fap v\u1eaft ki\u1ec7t n\u01b0\u1edbc cam h\u01a1n v\u00e0 l\u1ecdc b\u1ecf h\u1ea1t, b\u00e3 cam hi\u1ec7u qu\u1ea3.<\/p>\n<p>S\u1ea3n ph\u1ea9m hi\u1ec7n \u0111\u00e3 c\u00f3 m\u1eb7t t\u1ea1i Havamall.<\/p>","protected":false},"excerpt":{"rendered":"<p>Inochi l\u00e0 th\u01b0\u01a1ng hi\u1ec7u gia d\u1ee5ng cao c\u1ea5p Vi\u1ec7t Nam, \u0111\u01b0\u1ee3c thi\u1ebft k\u1ebf v\u00e0 s\u1ea3n xu\u1ea5t theo phong c\u00e1ch v\u00e0<\/p>","protected":false},"featured_media":27307,"comment_status":"open","ping_status":"closed","template":"","meta":[],"product_brand":[],"product_cat":[393,35],"product_tag":[],"class_list":{"0":"post-27302","1":"product","2":"type-product","3":"status-publish","4":"has-post-thumbnail","6":"product_cat-bep-phong-an","7":"product_cat-nha-cua-doi-song","8":"pa_brand-inochi","10":"first","11":"outofstock","12":"sale","13":"shipping-taxable","14":"purchasable","15":"product-type-simple"},"_links":{"self":[{"href":"https:\/\/havamall.com\/en\/wp-json\/wp\/v2\/product\/27302","targetHints":{"allow":["GET"]}}],"collection":[{"href":"https:\/\/havamall.com\/en\/wp-json\/wp\/v2\/product"}],"about":[{"href":"https:\/\/havamall.com\/en\/wp-json\/wp\/v2\/types\/product"}],"replies":[{"embeddable":true,"href":"https:\/\/havamall.com\/en\/wp-json\/wp\/v2\/comments?post=27302"}],"version-history":[{"count":0,"href":"https:\/\/havamall.com\/en\/wp-json\/wp\/v2\/product\/27302\/revisions"}],"wp:featuredmedia":[{"embeddable":true,"href":"https:\/\/havamall.com\/en\/wp-json\/wp\/v2\/media\/27307"}],"wp:attachment":[{"href":"https:\/\/havamall.com\/en\/wp-json\/wp\/v2\/media?parent=27302"}],"wp:term":[{"taxonomy":"product_brand","embeddable":true,"href":"https:\/\/havamall.com\/en\/wp-json\/wp\/v2\/product_brand?post=27302"},{"taxonomy":"product_cat","embeddable":true,"href":"https:\/\/havamall.com\/en\/wp-json\/wp\/v2\/product_cat?post=27302"},{"taxonomy":"product_tag","embeddable":true,"href":"https:\/\/havamall.com\/en\/wp-json\/wp\/v2\/product_tag?post=27302"}],"curies":[{"name":"wp","href":"https:\/\/api.w.org\/{rel}","templated":true}]}}