{"id":27311,"date":"2022-06-14T14:36:08","date_gmt":"2022-06-14T07:36:08","guid":{"rendered":"https:\/\/havamall.com\/?post_type=product&#038;p=27311"},"modified":"2022-06-16T16:26:39","modified_gmt":"2022-06-16T09:26:39","slug":"khay-tru-dong-do-an-dam-cho-be-amori-inochi","status":"publish","type":"product","link":"https:\/\/havamall.com\/en\/shop\/khay-tru-dong-do-an-dam-cho-be-amori-inochi\/","title":{"rendered":"Khay Tr\u1eef \u0110\u00f4ng \u0110\u1ed3 \u0102n D\u1eb7m Cho B\u00e9 Amori Inochi"},"content":{"rendered":"<p>Inochi l\u00e0 th\u01b0\u01a1ng hi\u1ec7u gia d\u1ee5ng cao c\u1ea5p Vi\u1ec7t Nam, \u0111\u01b0\u1ee3c thi\u1ebft k\u1ebf v\u00e0 s\u1ea3n xu\u1ea5t theo phong c\u00e1ch v\u00e0 ti\u00eau chu\u1ea9n Nh\u1eadt B\u1ea3n. 100% s\u1ea3n ph\u1ea9m c\u1ee7a Inochi \u0111\u01b0\u1ee3c l\u00e0m t\u1eeb ch\u1ea5t li\u1ec7u nh\u1ef1a nguy\u00ean sinh cao c\u1ea5p theo quy tr\u00ecnh chu\u1ea9n ISO 9001, kh\u00f4ng ch\u1ee9a BPA, \u0111\u1ea1t ch\u1ee9ng nh\u1eadn an to\u00e0n c\u1ee7a b\u1ed9 y t\u1ebf, \u0111\u1ea3m b\u1ea3o \u0111i\u1ec1u ki\u1ec7n xu\u1ea5t kh\u1ea9u sang nh\u1eefng th\u1ecb tr\u01b0\u1eddng kh\u00f3 t\u00ednh nh\u1ea5t nh\u01b0 M\u1ef9, EU, Nh\u1eadt B\u1ea3n\u2026<\/p>\n<p>Th\u01b0\u01a1ng hi\u1ec7u Inochi \u0111\u01b0\u1ee3c ph\u00e1t tri\u1ec3n b\u1edfi C\u00f4ng Ty C\u1ed5 Ph\u1ea7n T\u00e2n Ph\u00fa Vi\u1ec7t Nam v\u1edbi h\u01a1n 40 n\u0103m kinh nghi\u1ec7m trong ng\u00e0nh s\u1ea3n xu\u1ea5t.<\/p>\n<p>C\u00e1c s\u1ea3n ph\u1ea9m c\u1ee7a Inochi r\u1ea5t \u0111a d\u1ea1ng, ph\u1ee5c v\u1ee5 t\u1ed1i \u0111a m\u1ecdi nhu c\u1ea7u trong cu\u1ed9c s\u1ed1ng h\u00e0ng ng\u00e0y nh\u01b0: k\u1ec7 nh\u1ef1a \u2013 gi\u1ecf nh\u1ef1a, th\u00f9ng r\u00e1c, c\u00e1c lo\u1ea1i thau r\u1ed5 \u2013 \u0111\u1ed3 ti\u1ec7n \u00edch, h\u1ed9p \u0111\u1ef1ng th\u1ef1c ph\u1ea9m, m\u00f3c \u00e1o, m\u00e0ng \u2013 t\u00fai, c\u00e1c s\u1ea3n ph\u1ea9m cho m\u1eb9 v\u00e0 b\u00e9, d\u1ee5ng c\u1ee5 v\u1ec7 sinh v\u00e0 c\u00e1c lo\u1ea1i h\u1ed9p c\u01a1m, c\u1ed1c gi\u1eef nhi\u1ec7t nh\u1eadp kh\u1ea9u tr\u1ef1c ti\u1ebfp t\u1eeb th\u01b0\u01a1ng hi\u1ec7u Asvel \u2013 Nh\u1eadt B\u1ea3n.<\/p>\n<p><img fetchpriority=\"high\" decoding=\"async\" class=\"wp-image-27299 aligncenter\" src=\"https:\/\/havamall.com\/wp-content\/uploads\/2022\/06\/278505147-300x300.png\" alt=\"\" width=\"617\" height=\"617\" \/><\/p>\n<p>Khay tr\u1eef \u0111\u00f4ng \u0111\u1ed3 \u0103n d\u1eb7m Amori l\u00e0m b\u1eb1ng nh\u1ef1a PP cao c\u1ea5p, an to\u00e0n \u0111\u1ea1t ti\u00eau chu\u1ea9n Nh\u1eadt B\u1ea3n: kh\u00f4ng g\u00e2y m\u00f9i, bi\u1ebfn d\u1ea1ng trong m\u00f4i tr\u01b0\u1eddng n\u00f3ng \u2013 l\u1ea1nh (- 20 \u0111\u1ed9 C t\u1edbi 120 \u0111\u1ed9 C) \u0111\u1ea3m b\u1ea3o gi\u1eef \u0111\u01b0\u1ee3c v\u1eb9n nguy\u00ean ch\u1ea5t dinh d\u01b0\u1ee1ng v\u00e0 m\u00f9i v\u1ecb th\u1ee9c \u0103n d\u1eb7m c\u1ee7a b\u00e9.<\/p>\n<p>Khay tr\u1eef \u0111\u00f4ng \u0111\u1ed3 \u0103n d\u1eb7m Amori \u0111\u01b0\u1ee3c l\u00e0m b\u1eb1ng ch\u1ea5t li\u1ec7u nh\u1ef1a cao c\u1ea5p l\u00e0 gi\u1ea3i ph\u00e1p h\u1eefu hi\u1ec7u \u0111\u1ec3 m\u1eb9 chia nh\u1ecf c\u0169ng nh\u01b0 c\u1ea5t gi\u1eef, b\u1ea3o qu\u1ea3n \u0111\u1ed3 \u0103n d\u1eb7m cho b\u00e9 m\u1ed9t c\u00e1ch s\u1ea1ch s\u1ebd v\u00e0 an to\u00e0n m\u00e0 kh\u00f4ng lo m\u1ea5t \u0111i dinh d\u01b0\u1ee1ng, c\u0169ng nh\u01b0 h\u01b0\u01a1ng v\u1ecb th\u1ee9c \u0103n.<\/p>\n<p><img decoding=\"async\" class=\"wp-image-27312 aligncenter\" src=\"https:\/\/havamall.com\/wp-content\/uploads\/2022\/06\/169157580-300x200.png\" alt=\"\" width=\"614\" height=\"409\" \/><\/p>\n<p>Khay tr\u1eef \u0111\u00f4ng \u0111\u1ed3 \u0103n d\u1eb7m Amori l\u00e0 s\u1ea3n ph\u1ea9m c\u1ef1c k\u1ef3 ti\u1ec7n d\u1ee5ng gi\u00fap c\u00e1c b\u00e0 m\u1eb9 b\u1eadn r\u1ed9n s\u1eafp x\u1ebfp v\u00e0 &#8220;l\u00ean k\u1ebf ho\u1ea1ch&#8221; \u0103n u\u1ed1ng cho b\u00e9 trong v\u00e0i ng\u00e0y. T\u1eebng h\u1ed9p nh\u1ecf, m\u1eb9 s\u1ebd \u0111\u1ec3 s\u1eb5n nh\u1eefng lo\u1ea1i th\u1ee9c \u0103n dinh d\u01b0\u1ee1ng cho b\u00e9 c\u1ea7n ch\u1ebf bi\u1ebfn ho\u1eb7c b\u1ea3o qu\u1ea3n, t\u1edbi gi\u1edd \u0103n, m\u1eb9 ch\u1ec9 c\u1ea7n mang ra n\u1ea5u ch\u00edn th\u1eadt nhanh ho\u1eb7c cho v\u00e0o l\u00f2 vi s\u00f3ng trong v\u00f2ng v\u00e0i ph\u00fat, kh\u00f4ng lo ph\u1ea3i ph\u00e2n v\u00e2n kh\u00f4ng bi\u1ebft cho b\u00e9 \u0103n g\u00ec v\u00e0o b\u1eefa sau, ti\u1ebft ki\u1ec7m th\u1eddi gian qu\u00fd gi\u00e1 c\u1ee7a b\u1ea1n m\u1ed7i ng\u00e0y.<\/p>\n<p>S\u1ea3n ph\u1ea9m gi\u00fap m\u1eb9 gi\u1eef \u0111\u01b0\u1ee3c ch\u1ea5t dinh d\u01b0\u1ee1ng c\u00f3 trong th\u1ef1c ph\u1ea9m, \u0111\u1ea3m b\u1ea3o b\u00e9 th\u00ec \u0111\u01b0\u1ee3c \u0111\u1ed5i m\u00f3n li\u00ean t\u1ee5c m\u00e0 kh\u00f4ng t\u1ed1n nhi\u1ec1u th\u1eddi gian, \u0111\u1ec3 m\u1eb9 c\u00f3 th\u00eam nhi\u1ec1u th\u01a1i gian r\u1ea3nh r\u1ed7i l\u00e0m vi\u1ec7c nh\u00e0, ch\u0103m s\u00f3c b\u1ea3n th\u00e2n, v\u00e0 ch\u01a1i v\u1edbi con c\u00e1i.<\/p>\n<p><img decoding=\"async\" class=\"wp-image-27313 aligncenter\" src=\"https:\/\/havamall.com\/wp-content\/uploads\/2022\/06\/169323768-300x209.png\" alt=\"\" width=\"651\" height=\"453\" \/><\/p>\n<h3><strong>\u01afU \u0110I\u1ec2M S\u1ea2N PH\u1ea8M:<\/strong><\/h3>\n<ul>\n<li>Khay chia l\u00e0m nhi\u1ec1u ng\u0103n nh\u1ecf, gi\u00fap chia nh\u1ecf th\u1ee9c \u0103n d\u1eb7m: n\u01b0\u1edbc hoa qu\u1ea3, soup,\u2026 ra nhi\u1ec1u ph\u1ea7n kh\u00e1c nhau \u0111\u1ec3 b\u1ea3o qu\u1ea3n \u0111\u00f4ng l\u1ea1nh, r\u1ea5t ti\u1ec7n l\u1ee3i cho vi\u1ec7c \u0103n d\u1eb7m c\u1ee7a b\u00e9.<\/li>\n<li>M\u1eb9 chia \u0111\u1ed3 \u0103n t\u1eebng b\u1eefa nh\u1ecf cho b\u00e9 v\u00e0 b\u1ea3o qu\u1ea3n b\u1eb1ng khay tr\u1eef \u0111\u00f4ng r\u1ea5t ti\u1ec7n d\u1ee5ng. M\u1ed7i b\u1eefa d\u00f9ng 01 \u00f4 r\u1ea5t ti\u1ec7n.<\/li>\n<li>Khay chia l\u00e0m nhi\u1ec1u ng\u0103n nh\u1ecf n\u00ean gi\u00e3 \u0111\u00f4ng r\u1ea5t nhanh ch\u00f3ng.<\/li>\n<li>R\u1ea5t th\u00edch h\u1ee3p v\u1edbi \u0111\u1ed9 l\u1edbn c\u1ee7a mi\u1ec7ng b\u00ecnh s\u1eefa, ti\u1ec7n l\u1ee3i khi l\u00e0m tan th\u00e0nh n\u01b0\u1edbc cho tr\u1ebb u\u1ed1ng.<\/li>\n<li>D\u00f9ng d\u1ef1 tr\u1eef th\u1ee9c \u0103n d\u1eb7m cho b\u00e9 v\u00e0 c\u1ea3 gia \u0111\u00ecnh ho\u1eb7c l\u00e0m \u0111\u00e1.<\/li>\n<\/ul>\n<h3><img loading=\"lazy\" decoding=\"async\" class=\"wp-image-27314 aligncenter\" src=\"https:\/\/havamall.com\/wp-content\/uploads\/2022\/06\/167658773-300x138.png\" alt=\"\" width=\"698\" height=\"321\" \/><\/h3>\n<h3><strong>H\u01af\u1edaNG D\u1eaaN S\u1eec D\u1ee4NG:<\/strong><\/h3>\n<ul>\n<li>D\u00f9ng \u0111\u1ec3 tr\u1eef \u0111\u00f4ng \u0111\u1ed3 \u0103n d\u1eb7m cho b\u00e9<\/li>\n<li>Ch\u1ecbu nhi\u1ec7t \u0111\u1ed3 t\u1eeb \u2013 20 \u0111\u1ebfn 120 \u0111\u1ed9 C<\/li>\n<li>Kh\u00f4ng \u0111\u1eady n\u1eafp khi s\u1eed d\u1ee5ng l\u00f2 vi s\u00f3ng.<\/li>\n<\/ul>","protected":false},"excerpt":{"rendered":"<p>Inochi l\u00e0 th\u01b0\u01a1ng hi\u1ec7u gia d\u1ee5ng cao c\u1ea5p Vi\u1ec7t Nam, \u0111\u01b0\u1ee3c thi\u1ebft k\u1ebf v\u00e0 s\u1ea3n xu\u1ea5t theo phong c\u00e1ch v\u00e0<\/p>","protected":false},"featured_media":27315,"comment_status":"open","ping_status":"closed","template":"","meta":[],"product_brand":[],"product_cat":[393,397,35],"product_tag":[],"class_list":{"0":"post-27311","1":"product","2":"type-product","3":"status-publish","4":"has-post-thumbnail","6":"product_cat-bep-phong-an","7":"product_cat-hang-me-be-do-choi","8":"product_cat-nha-cua-doi-song","9":"pa_brand-inochi","11":"first","12":"instock","13":"sale","14":"shipping-taxable","15":"purchasable","16":"product-type-simple"},"_links":{"self":[{"href":"https:\/\/havamall.com\/en\/wp-json\/wp\/v2\/product\/27311","targetHints":{"allow":["GET"]}}],"collection":[{"href":"https:\/\/havamall.com\/en\/wp-json\/wp\/v2\/product"}],"about":[{"href":"https:\/\/havamall.com\/en\/wp-json\/wp\/v2\/types\/product"}],"replies":[{"embeddable":true,"href":"https:\/\/havamall.com\/en\/wp-json\/wp\/v2\/comments?post=27311"}],"version-history":[{"count":0,"href":"https:\/\/havamall.com\/en\/wp-json\/wp\/v2\/product\/27311\/revisions"}],"wp:featuredmedia":[{"embeddable":true,"href":"https:\/\/havamall.com\/en\/wp-json\/wp\/v2\/media\/27315"}],"wp:attachment":[{"href":"https:\/\/havamall.com\/en\/wp-json\/wp\/v2\/media?parent=27311"}],"wp:term":[{"taxonomy":"product_brand","embeddable":true,"href":"https:\/\/havamall.com\/en\/wp-json\/wp\/v2\/product_brand?post=27311"},{"taxonomy":"product_cat","embeddable":true,"href":"https:\/\/havamall.com\/en\/wp-json\/wp\/v2\/product_cat?post=27311"},{"taxonomy":"product_tag","embeddable":true,"href":"https:\/\/havamall.com\/en\/wp-json\/wp\/v2\/product_tag?post=27311"}],"curies":[{"name":"wp","href":"https:\/\/api.w.org\/{rel}","templated":true}]}}