{"id":27340,"date":"2022-06-14T17:01:39","date_gmt":"2022-06-14T10:01:39","guid":{"rendered":"https:\/\/havamall.com\/?post_type=product&#038;p=27340"},"modified":"2024-05-12T09:38:09","modified_gmt":"2024-05-12T02:38:09","slug":"coc-dong-yoko-inochi-500ml-measuring-cup","status":"publish","type":"product","link":"https:\/\/havamall.com\/en\/shop\/coc-dong-yoko-inochi-500ml-measuring-cup\/","title":{"rendered":"C\u1ed1c \u0110ong Yoko Inochi 500ml \u2013 Measuring Cup"},"content":{"rendered":"<p>Inochi l\u00e0 th\u01b0\u01a1ng hi\u1ec7u gia d\u1ee5ng cao c\u1ea5p Vi\u1ec7t Nam, \u0111\u01b0\u1ee3c thi\u1ebft k\u1ebf v\u00e0 s\u1ea3n xu\u1ea5t theo phong c\u00e1ch v\u00e0 ti\u00eau chu\u1ea9n Nh\u1eadt B\u1ea3n. 100% s\u1ea3n ph\u1ea9m c\u1ee7a Inochi \u0111\u01b0\u1ee3c l\u00e0m t\u1eeb ch\u1ea5t li\u1ec7u nh\u1ef1a nguy\u00ean sinh cao c\u1ea5p theo quy tr\u00ecnh chu\u1ea9n ISO 9001, kh\u00f4ng ch\u1ee9a BPA, \u0111\u1ea1t ch\u1ee9ng nh\u1eadn an to\u00e0n c\u1ee7a b\u1ed9 y t\u1ebf, \u0111\u1ea3m b\u1ea3o \u0111i\u1ec1u ki\u1ec7n xu\u1ea5t kh\u1ea9u sang nh\u1eefng th\u1ecb tr\u01b0\u1eddng kh\u00f3 t\u00ednh nh\u1ea5t nh\u01b0 M\u1ef9, EU, Nh\u1eadt B\u1ea3n\u2026<\/p>\n<p>Th\u01b0\u01a1ng hi\u1ec7u Inochi \u0111\u01b0\u1ee3c ph\u00e1t tri\u1ec3n b\u1edfi C\u00f4ng Ty C\u1ed5 Ph\u1ea7n T\u00e2n Ph\u00fa Vi\u1ec7t Nam v\u1edbi h\u01a1n 40 n\u0103m kinh nghi\u1ec7m trong ng\u00e0nh s\u1ea3n xu\u1ea5t.<\/p>\n<p>C\u00e1c s\u1ea3n ph\u1ea9m c\u1ee7a Inochi r\u1ea5t \u0111a d\u1ea1ng, ph\u1ee5c v\u1ee5 t\u1ed1i \u0111a m\u1ecdi nhu c\u1ea7u trong cu\u1ed9c s\u1ed1ng h\u00e0ng ng\u00e0y nh\u01b0: k\u1ec7 nh\u1ef1a \u2013 gi\u1ecf nh\u1ef1a, th\u00f9ng r\u00e1c, c\u00e1c lo\u1ea1i thau r\u1ed5 \u2013 \u0111\u1ed3 ti\u1ec7n \u00edch, h\u1ed9p \u0111\u1ef1ng th\u1ef1c ph\u1ea9m, m\u00f3c \u00e1o, m\u00e0ng \u2013 t\u00fai, c\u00e1c s\u1ea3n ph\u1ea9m cho m\u1eb9 v\u00e0 b\u00e9, d\u1ee5ng c\u1ee5 v\u1ec7 sinh v\u00e0 c\u00e1c lo\u1ea1i h\u1ed9p c\u01a1m, c\u1ed1c gi\u1eef nhi\u1ec7t nh\u1eadp kh\u1ea9u tr\u1ef1c ti\u1ebfp t\u1eeb th\u01b0\u01a1ng hi\u1ec7u Asvel \u2013 Nh\u1eadt B\u1ea3n.<\/p>\n<p><img fetchpriority=\"high\" decoding=\"async\" class=\"wp-image-27299 aligncenter\" src=\"https:\/\/havamall.com\/wp-content\/uploads\/2022\/06\/278505147-300x300.png\" alt=\"\" width=\"607\" height=\"607\" \/><\/p>\n<p>C\u1ed1c\u00a0c\u00f3 chia v\u1ea1ch gi\u00fap \u0111\u1ecbnh l\u01b0\u1ee3ng ch\u00ednh x\u00e1ch, ph\u1ea7n \u0111\u1ea7u \u0111\u01b0\u1ee3c thi\u1ebft k\u1ebf nh\u1ecdn gi\u00fap r\u00f3t, \u0111\u1ed5 d\u1ec5 d\u00e0ng.\u00a0C\u1ed1c Inochi\u00a0c\u00f2n d\u1ec5 ch\u00f9i r\u1eeda, ti\u1ec7n d\u00f9ng n\u00ean l\u00e0 v\u1eadt d\u1ee5ng kh\u00f4ng th\u1ec3 thi\u1ebfu cho c\u0103n nh\u00e0 c\u1ee7a b\u1ea1n.\u00a0C\u1ed1c \u0111ong Inochi Yoko 500ml\u00a0cho kh\u00f4ng gian s\u1ed1ng c\u1ee7a nh\u00e0 b\u1ea1n v\u1ebb \u0111\u1eb9p tinh t\u1ebf.<\/p>\n<p>C\u1ed1c \u0111\u00f4ng Yoko h\u1ed7 tr\u1ee3 \u0111\u1eafc l\u1ef1c cho b\u1ea1n khi n\u1ea5u \u0103n, pha s\u1eefa cho con, pha ch\u1ebf, \u0111o l\u01b0\u1ee3ng n\u01b0\u1edbc s\u1eed d\u1ee5ng h\u00e0ng ng\u00e0y, c\u1ea7n ch\u00ednh x\u00e1c m\u1ee9c \u0111\u1ed9 s\u1eed d\u1ee5ng. C\u1ed1c nh\u1ef1a c\u00f3 m\u00e0u trong su\u1ed1t, b\u00ean ngo\u00e0i c\u00f3 c\u00e1c thang t\u00ednh t\u0103ng d\u1ea7n, cao nh\u1ea5t l\u00e0 500ml. S\u1ea3n ph\u1ea9m \u0111\u01b0\u1ee3c s\u1ea3n xu\u1ea5t t\u1eeb nh\u1ef1a SAN nguy\u00ean sinh 100% an to\u00e0n s\u1ee9c kh\u1ecfe.<\/p>\n<p><img decoding=\"async\" class=\"wp-image-27336 aligncenter\" src=\"https:\/\/havamall.com\/wp-content\/uploads\/2022\/06\/19c6153936eb5ae32063bc04c8c36691-300x300.jpg\" alt=\"\" width=\"605\" height=\"605\" \/><\/p>\n<p>Khi n\u1ea5u \u0103n hay s\u1eed d\u1ee5ng b\u1ea5t k\u1ef3 ch\u1ea5t l\u1ecfng c\u1ea7n ch\u00ednh x\u00e1c \u0111\u1ecbnh m\u1ee9c, b\u1ea1n r\u1ea5t kh\u00f3 \u01b0\u1edbc l\u01b0\u1ee3ng b\u1eb1ng m\u1eaft th\u01b0\u1eddng. \u0110\u00f4i khi ch\u1ec9 c\u1ea7n ch\u00eanh m\u1ed9t l\u01b0\u1ee3ng nh\u1ecf, c\u00f4ng vi\u1ec7c c\u1ee7a b\u1ea1n d\u1ec5 h\u01b0 h\u1ecfng, ch\u1ea5t l\u01b0\u1ee3ng th\u1ea5p. C\u00f2n ch\u1ea7n ch\u1edd g\u00ec m\u00e0 kh\u00f4ng l\u1ef1a ch\u1ecdn c\u1ed1c \u0111ong Yoko c\u00f9ng thi\u1ebft k\u1ebf hi\u1ec7n \u0111\u1ea1i, ti\u1ec7n d\u1ee5ng \u0111\u1ec3 m\u1ecdi c\u00f4ng vi\u1ec7c tr\u1edf n\u00ean d\u1ec5 d\u00e0ng nh\u1ea5t.<\/p>\n<p><img decoding=\"async\" class=\"wp-image-27337 aligncenter\" src=\"https:\/\/havamall.com\/wp-content\/uploads\/2022\/06\/989be4cbc5594bb650dd10eb0e486e91-300x300.jpg\" alt=\"\" width=\"607\" height=\"607\" \/><\/p>\n<h3><strong>\u01afu \u0111i\u1ec3m s\u1ea3n ph\u1ea9m<\/strong><\/h3>\n<p>\u2013 D\u00f9ng \u0111\u1ec3 \u0111ong th\u1ef1c ph\u1ea9m, ch\u1ea5t l\u1ecfng<\/p>\n<p>\u2013 C\u1ed1c c\u00f3 chia v\u1ea1ch gi\u00fap \u0111\u1ecbnh l\u01b0\u1ee3ng ch\u00ednh x\u00e1c, ph\u1ea7n \u0111\u1ea7u \u0111\u01b0\u1ee3c thi\u1ebft k\u1ebf nh\u1ecdn gi\u00fap r\u00f3t, \u0111\u1ed5 d\u1ec5 d\u00e0ng<\/p>\n<p>\u2013 C\u1ed1c kh\u00f4ng ch\u1ee9a BPA (m\u1ed9t ch\u1ea5t g\u00e2y ung th\u01b0), an to\u00e0n cho s\u1ee9c kh\u1ecfe ng\u01b0\u1eddi d\u00f9ng, d\u1ec5 d\u00e0ng t\u00e1i ch\u1ebf, th\u00e2n thi\u1ec7n v\u1edbi m\u00f4i tr\u01b0\u1eddng<\/p>\n<p>\u2013 Ch\u1ea5t li\u1ec7u nh\u1ef1a cao c\u1ea5p c\u00f3 kh\u1ea3 n\u0103ng ch\u1ecbu l\u1ef1c t\u1ed1t v\u00e0 ch\u1ecbu nhi\u1ec7t<\/p>\n<p>\u2013 D\u1ec5 d\u00e0ng ch\u00f9i r\u1eeda, kh\u00f4ng \u0111\u1ec3 l\u1ea1i m\u00f9i th\u1ef1c ph\u1ea9m, mang l\u1ea1i ti\u1ec7n \u00edch t\u1ed1i \u0111a cho ng\u01b0\u1eddi s\u1eed d\u1ee5ng.<\/p>\n<p><img loading=\"lazy\" decoding=\"async\" class=\"wp-image-27341 aligncenter\" src=\"https:\/\/havamall.com\/wp-content\/uploads\/2022\/06\/119061292-300x269.png\" alt=\"\" width=\"630\" height=\"565\" \/><\/p>","protected":false},"excerpt":{"rendered":"<p>Inochi l\u00e0 th\u01b0\u01a1ng hi\u1ec7u gia d\u1ee5ng cao c\u1ea5p Vi\u1ec7t Nam, \u0111\u01b0\u1ee3c thi\u1ebft k\u1ebf v\u00e0 s\u1ea3n xu\u1ea5t theo phong c\u00e1ch v\u00e0<\/p>","protected":false},"featured_media":27342,"comment_status":"open","ping_status":"closed","template":"","meta":[],"product_brand":[],"product_cat":[393,35],"product_tag":[],"class_list":{"0":"post-27340","1":"product","2":"type-product","3":"status-publish","4":"has-post-thumbnail","6":"product_cat-bep-phong-an","7":"product_cat-nha-cua-doi-song","8":"pa_brand-inochi","10":"first","11":"instock","12":"sale","13":"shipping-taxable","14":"purchasable","15":"product-type-simple"},"_links":{"self":[{"href":"https:\/\/havamall.com\/en\/wp-json\/wp\/v2\/product\/27340","targetHints":{"allow":["GET"]}}],"collection":[{"href":"https:\/\/havamall.com\/en\/wp-json\/wp\/v2\/product"}],"about":[{"href":"https:\/\/havamall.com\/en\/wp-json\/wp\/v2\/types\/product"}],"replies":[{"embeddable":true,"href":"https:\/\/havamall.com\/en\/wp-json\/wp\/v2\/comments?post=27340"}],"version-history":[{"count":0,"href":"https:\/\/havamall.com\/en\/wp-json\/wp\/v2\/product\/27340\/revisions"}],"wp:featuredmedia":[{"embeddable":true,"href":"https:\/\/havamall.com\/en\/wp-json\/wp\/v2\/media\/27342"}],"wp:attachment":[{"href":"https:\/\/havamall.com\/en\/wp-json\/wp\/v2\/media?parent=27340"}],"wp:term":[{"taxonomy":"product_brand","embeddable":true,"href":"https:\/\/havamall.com\/en\/wp-json\/wp\/v2\/product_brand?post=27340"},{"taxonomy":"product_cat","embeddable":true,"href":"https:\/\/havamall.com\/en\/wp-json\/wp\/v2\/product_cat?post=27340"},{"taxonomy":"product_tag","embeddable":true,"href":"https:\/\/havamall.com\/en\/wp-json\/wp\/v2\/product_tag?post=27340"}],"curies":[{"name":"wp","href":"https:\/\/api.w.org\/{rel}","templated":true}]}}