{"id":27343,"date":"2022-06-14T17:30:55","date_gmt":"2022-06-14T10:30:55","guid":{"rendered":"https:\/\/havamall.com\/?post_type=product&#038;p=27343"},"modified":"2022-06-16T16:26:06","modified_gmt":"2022-06-16T09:26:06","slug":"ke-gap-tokyo-inochi","status":"publish","type":"product","link":"https:\/\/havamall.com\/en\/shop\/ke-gap-tokyo-inochi\/","title":{"rendered":"K\u1ec7 G\u1ea5p Tokyo Inochi"},"content":{"rendered":"<div class=\"cxmmr5t8 oygrvhab hcukyx3x c1et5uql o9v6fnle ii04i59q\">\n<div dir=\"auto\">\n<p>Inochi l\u00e0 th\u01b0\u01a1ng hi\u1ec7u gia d\u1ee5ng cao c\u1ea5p Vi\u1ec7t Nam, \u0111\u01b0\u1ee3c thi\u1ebft k\u1ebf v\u00e0 s\u1ea3n xu\u1ea5t theo phong c\u00e1ch v\u00e0 ti\u00eau chu\u1ea9n Nh\u1eadt B\u1ea3n. 100% s\u1ea3n ph\u1ea9m c\u1ee7a Inochi \u0111\u01b0\u1ee3c l\u00e0m t\u1eeb ch\u1ea5t li\u1ec7u nh\u1ef1a nguy\u00ean sinh cao c\u1ea5p theo quy tr\u00ecnh chu\u1ea9n ISO 9001, kh\u00f4ng ch\u1ee9a BPA, \u0111\u1ea1t ch\u1ee9ng nh\u1eadn an to\u00e0n c\u1ee7a b\u1ed9 y t\u1ebf, \u0111\u1ea3m b\u1ea3o \u0111i\u1ec1u ki\u1ec7n xu\u1ea5t kh\u1ea9u sang nh\u1eefng th\u1ecb tr\u01b0\u1eddng kh\u00f3 t\u00ednh nh\u1ea5t nh\u01b0 M\u1ef9, EU, Nh\u1eadt B\u1ea3n\u2026<\/p>\n<p>Th\u01b0\u01a1ng hi\u1ec7u Inochi \u0111\u01b0\u1ee3c ph\u00e1t tri\u1ec3n b\u1edfi C\u00f4ng Ty C\u1ed5 Ph\u1ea7n T\u00e2n Ph\u00fa Vi\u1ec7t Nam v\u1edbi h\u01a1n 40 n\u0103m kinh nghi\u1ec7m trong ng\u00e0nh s\u1ea3n xu\u1ea5t.<\/p>\n<p>C\u00e1c s\u1ea3n ph\u1ea9m c\u1ee7a Inochi r\u1ea5t \u0111a d\u1ea1ng, ph\u1ee5c v\u1ee5 t\u1ed1i \u0111a m\u1ecdi nhu c\u1ea7u trong cu\u1ed9c s\u1ed1ng h\u00e0ng ng\u00e0y nh\u01b0: k\u1ec7 nh\u1ef1a \u2013 gi\u1ecf nh\u1ef1a, th\u00f9ng r\u00e1c, c\u00e1c lo\u1ea1i thau r\u1ed5 \u2013 \u0111\u1ed3 ti\u1ec7n \u00edch, h\u1ed9p \u0111\u1ef1ng th\u1ef1c ph\u1ea9m, m\u00f3c \u00e1o, m\u00e0ng \u2013 t\u00fai, c\u00e1c s\u1ea3n ph\u1ea9m cho m\u1eb9 v\u00e0 b\u00e9, d\u1ee5ng c\u1ee5 v\u1ec7 sinh v\u00e0 c\u00e1c lo\u1ea1i h\u1ed9p c\u01a1m, c\u1ed1c gi\u1eef nhi\u1ec7t nh\u1eadp kh\u1ea9u tr\u1ef1c ti\u1ebfp t\u1eeb th\u01b0\u01a1ng hi\u1ec7u Asvel \u2013 Nh\u1eadt B\u1ea3n.<\/p>\n<p><img fetchpriority=\"high\" decoding=\"async\" class=\"wp-image-27299 aligncenter\" src=\"https:\/\/havamall.com\/wp-content\/uploads\/2022\/06\/278505147-300x300.png\" alt=\"\" width=\"607\" height=\"607\" \/><\/p>\n<p>K\u1ec7 g\u1ea5p Tokyo phong c\u00e1ch t\u1ed1i gi\u1ea3n s\u1ebd mang t\u1edbi cho kh\u00f4ng gian s\u1ed1ng c\u1ee7a nh\u00e0 b\u1ea1n v\u1ebb \u0111\u1eb9p tinh t\u1ebf, g\u1ecdn g\u00e0ng h\u01a1n. Tokyo \u2013 Th\u1ee7 \u0111\u00f4 c\u1ee7a Nh\u1eadt B\u1ea3n, n\u01a1i c\u00f3 nhi\u1ec1u to\u00e0 nh\u00e0 cao t\u1ea7ng nh\u01b0ng lu\u00f4n l\u00e0 th\u00e0nh ph\u1ed1 bi\u1ec3u t\u01b0\u1ee3ng c\u1ee7a v\u0103n minh, s\u1ea1ch \u0111\u1eb9p. \u0110\u00f3 c\u0169ng l\u00e0 c\u1ea3m h\u1ee9ng \u0111\u1ec3 Inochi \u0111\u1eb7t t\u00ean cho s\u1ea3n ph\u1ea9m k\u1ec7 g\u1ea5p.<\/p>\n<p><img decoding=\"async\" class=\"wp-image-27345 aligncenter\" src=\"https:\/\/havamall.com\/wp-content\/uploads\/2022\/06\/ke-gap-tokyo-inochi-hinkegatoky-3-org-300x200.jpg\" alt=\"\" width=\"606\" height=\"404\" \/><\/p>\n<div class=\"cxmmr5t8 oygrvhab hcukyx3x c1et5uql o9v6fnle ii04i59q\">\n<div dir=\"auto\">N\u1ebfu \u0111\u01b0\u1ee3c b\u00ecnh ch\u1ecdn \u0111\u00e2u l\u00e0 chi\u1ebfc k\u1ec7 \u0111a n\u0103ng, nh\u1ecf g\u1ecdn c\u00f3 th\u1ec3 d\u00f9ng \u1edf b\u1ea5t c\u1ee9 \u0111\u00e2u, cho nhi\u1ec1u m\u1ee5c \u0111\u00edch th\u00ec ch\u1eafc ch\u1eafn chi\u1ebfc k\u1ec7 g\u1ea5p Tokyo s\u1ebd tr\u1edf th\u00e0nh \u201cbest choice\u201d c\u1ee7a nh\u1eefng t\u00edn \u0111\u1ed3 gia d\u1ee5ng.<\/div>\n<\/div>\n<div class=\"cxmmr5t8 oygrvhab hcukyx3x c1et5uql o9v6fnle ii04i59q\">\n<div dir=\"auto\">\n<p>Ki\u1ec3u d\u00e1ng \u0111\u01a1n gi\u1ea3n, thanh m\u1ea3nh t\u00ednh t\u1ebf v\u1edbi\u00a0khay \u0111\u1ef1ng b\u1eb1ng\u00a0nh\u1ef1a PP\u00a0nguy\u00ean sinh\u00a0v\u00e0\u00a0ch\u00e2n \u0111\u1ebf inox cao c\u1ea5ps\u00e1ng b\u00f3ng kh\u00f4ng han g\u1ec9. Kh\u1ea3 n\u0103ngch\u1ecbu kh\u1ed1i l\u01b0\u1ee3ng t\u1ed1i \u0111a 5 kg, th\u00edch h\u1ee3p d\u00f9ng l\u00e0m k\u1ec7 gia v\u1ecb cho nh\u00e0 b\u1ebfp, k\u1ec7 \u0111\u1ed3 d\u00f9ng tr\u00ean b\u00e0n \u0103n,&#8230;<\/p>\n<p><img decoding=\"async\" class=\"wp-image-27346 aligncenter\" src=\"https:\/\/havamall.com\/wp-content\/uploads\/2022\/06\/186558577_3133531583533717_1254831236833094120_n-300x200.jpg\" alt=\"\" width=\"602\" height=\"401\" \/><\/p>\n<\/div>\n<\/div>\n<h3><strong>\u01afU \u0110I\u1ec2M S\u1ea2N PH\u1ea8M:<\/strong><\/h3>\n<ul>\n<li>Thi\u1ebft k\u1ebf si\u00eau nh\u1ecf g\u1ecdn, tr\u1ecdng l\u01b0\u1ee3ng 500g, ch\u1ec9 b\u1eb1ng 1 quy\u1ec3n s\u00e1ch<\/li>\n<li>2 ch\u00e2n g\u1ea5p g\u1ecdn, c\u00f3 th\u1ec3 di chuy\u1ec3n d\u1ec5 d\u00e0ng kh\u1eafp m\u1ecdi n\u01a1i<\/li>\n<li>Linh ho\u1ea1t s\u1eed d\u1ee5ng t\u1ea1i b\u1ea5t k\u1ef3 \u0111\u00e2u: tr\u00ean sofa, tr\u00ean b\u00e0n b\u1ebfp, tr\u00ean gi\u01b0\u1eddng\u2026<\/li>\n<li>Cho nhi\u1ec1u m\u1ee5c \u0111\u00edch: B\u00e0n \u0111\u1eb7t m\u00e1y t\u00ednh, k\u1ec7 \u0111\u1ec3 gia v\u1ecb, \u0111\u1ec3 s\u00e1ch, \u0111\u1ec3 \u0111\u1ed3 \u0103n\u2026<\/li>\n<li>C\u00f3 th\u1ec3 t\u1eadn d\u1ee5ng kh\u00f4ng gian d\u1ecdc, ch\u1ed3ng t\u1ea7ng \u0111\u1ec3 t\u1ed1i \u01b0u di\u1ec7n t\u00edch<\/li>\n<li>Ch\u1ea5t li\u1ec7u nh\u1ef1a nguy\u00ean sinh, b\u1ec1n \u0111\u1eb9p, kh\u00f4ng b\u1ecb \u1ed1 v\u00e0ng sau th\u1eddi gian d\u00e0i s\u1eed d\u1ee5ng<\/li>\n<\/ul>\n<h3><img loading=\"lazy\" decoding=\"async\" class=\"aligncenter\" src=\"https:\/\/havamall.com\/wp-content\/uploads\/2022\/06\/iso_MG_6437.png\" alt=\"K\u1ec7 g\u1ea5p Tokyo - Inochi\" width=\"699\" height=\"699\" \/><\/h3>\n<h3><strong>H\u01af\u1edaNG D\u1eaaN S\u1eec D\u1ee4NG:<\/strong><\/h3>\n<ul>\n<li>D\u00f9ng trong nh\u00e0 b\u1ebfp, ph\u00f2ng ng\u1ee7 v\u00e0 ph\u00f2ng kh\u00e1ch.<\/li>\n<li>D\u00f9ng \u0111\u1ec3 v\u1eadt d\u1ee5ng v\u00e0 ch\u1ecbu l\u1ef1c t\u1ed1t.<\/li>\n<\/ul>\n<\/div>\n<\/div>\n<div class=\"cxmmr5t8 oygrvhab hcukyx3x c1et5uql o9v6fnle ii04i59q\">\n<div dir=\"auto\">S\u1ea3n ph\u1ea9m \u0111\u00e3 c\u00f3 m\u1eb7t t\u1ea1i Havamall.<\/div>\n<div dir=\"auto\"><img loading=\"lazy\" decoding=\"async\" class=\"wp-image-27347 aligncenter\" src=\"https:\/\/havamall.com\/wp-content\/uploads\/2022\/06\/184176604_3133531656867043_9115218320899794860_n-300x200.jpg\" alt=\"\" width=\"714\" height=\"476\" \/><\/div>\n<\/div>","protected":false},"excerpt":{"rendered":"<p>Inochi l\u00e0 th\u01b0\u01a1ng hi\u1ec7u gia d\u1ee5ng cao c\u1ea5p Vi\u1ec7t Nam, \u0111\u01b0\u1ee3c thi\u1ebft k\u1ebf v\u00e0 s\u1ea3n xu\u1ea5t theo phong c\u00e1ch v\u00e0<\/p>","protected":false},"featured_media":27348,"comment_status":"open","ping_status":"closed","template":"","meta":[],"product_brand":[],"product_cat":[393,35],"product_tag":[],"class_list":{"0":"post-27343","1":"product","2":"type-product","3":"status-publish","4":"has-post-thumbnail","6":"product_cat-bep-phong-an","7":"product_cat-nha-cua-doi-song","8":"pa_brand-inochi","10":"first","11":"instock","12":"sale","13":"shipping-taxable","14":"purchasable","15":"product-type-simple"},"_links":{"self":[{"href":"https:\/\/havamall.com\/en\/wp-json\/wp\/v2\/product\/27343","targetHints":{"allow":["GET"]}}],"collection":[{"href":"https:\/\/havamall.com\/en\/wp-json\/wp\/v2\/product"}],"about":[{"href":"https:\/\/havamall.com\/en\/wp-json\/wp\/v2\/types\/product"}],"replies":[{"embeddable":true,"href":"https:\/\/havamall.com\/en\/wp-json\/wp\/v2\/comments?post=27343"}],"version-history":[{"count":0,"href":"https:\/\/havamall.com\/en\/wp-json\/wp\/v2\/product\/27343\/revisions"}],"wp:featuredmedia":[{"embeddable":true,"href":"https:\/\/havamall.com\/en\/wp-json\/wp\/v2\/media\/27348"}],"wp:attachment":[{"href":"https:\/\/havamall.com\/en\/wp-json\/wp\/v2\/media?parent=27343"}],"wp:term":[{"taxonomy":"product_brand","embeddable":true,"href":"https:\/\/havamall.com\/en\/wp-json\/wp\/v2\/product_brand?post=27343"},{"taxonomy":"product_cat","embeddable":true,"href":"https:\/\/havamall.com\/en\/wp-json\/wp\/v2\/product_cat?post=27343"},{"taxonomy":"product_tag","embeddable":true,"href":"https:\/\/havamall.com\/en\/wp-json\/wp\/v2\/product_tag?post=27343"}],"curies":[{"name":"wp","href":"https:\/\/api.w.org\/{rel}","templated":true}]}}