{"id":27350,"date":"2022-06-15T10:04:12","date_gmt":"2022-06-15T03:04:12","guid":{"rendered":"https:\/\/havamall.com\/?post_type=product&#038;p=27350"},"modified":"2025-12-03T04:13:27","modified_gmt":"2025-12-02T21:13:27","slug":"choi-co-toilet-dau-vuong-kirei-inochi-co-nap-day","status":"publish","type":"product","link":"https:\/\/havamall.com\/en\/shop\/choi-co-toilet-dau-vuong-kirei-inochi-co-nap-day\/","title":{"rendered":"Ch\u1ed5i C\u1ecd Toilet \u0110\u1ea7u Vu\u00f4ng Kirei Inochi C\u00f3 N\u1eafp \u0110\u1eady"},"content":{"rendered":"<p>Inochi l\u00e0 th\u01b0\u01a1ng hi\u1ec7u gia d\u1ee5ng cao c\u1ea5p Vi\u1ec7t Nam, \u0111\u01b0\u1ee3c thi\u1ebft k\u1ebf v\u00e0 s\u1ea3n xu\u1ea5t theo phong c\u00e1ch v\u00e0 ti\u00eau chu\u1ea9n Nh\u1eadt B\u1ea3n. 100% s\u1ea3n ph\u1ea9m c\u1ee7a Inochi \u0111\u01b0\u1ee3c l\u00e0m t\u1eeb ch\u1ea5t li\u1ec7u nh\u1ef1a nguy\u00ean sinh cao c\u1ea5p theo quy tr\u00ecnh chu\u1ea9n ISO 9001, kh\u00f4ng ch\u1ee9a BPA, \u0111\u1ea1t ch\u1ee9ng nh\u1eadn an to\u00e0n c\u1ee7a b\u1ed9 y t\u1ebf, \u0111\u1ea3m b\u1ea3o \u0111i\u1ec1u ki\u1ec7n xu\u1ea5t kh\u1ea9u sang nh\u1eefng th\u1ecb tr\u01b0\u1eddng kh\u00f3 t\u00ednh nh\u1ea5t nh\u01b0 M\u1ef9, EU, Nh\u1eadt B\u1ea3n\u2026<\/p>\n<p>Th\u01b0\u01a1ng hi\u1ec7u Inochi \u0111\u01b0\u1ee3c ph\u00e1t tri\u1ec3n b\u1edfi C\u00f4ng Ty C\u1ed5 Ph\u1ea7n T\u00e2n Ph\u00fa Vi\u1ec7t Nam v\u1edbi h\u01a1n 40 n\u0103m kinh nghi\u1ec7m trong ng\u00e0nh s\u1ea3n xu\u1ea5t.<\/p>\n<p>C\u00e1c s\u1ea3n ph\u1ea9m c\u1ee7a Inochi r\u1ea5t \u0111a d\u1ea1ng, ph\u1ee5c v\u1ee5 t\u1ed1i \u0111a m\u1ecdi nhu c\u1ea7u trong cu\u1ed9c s\u1ed1ng h\u00e0ng ng\u00e0y nh\u01b0: k\u1ec7 nh\u1ef1a \u2013 gi\u1ecf nh\u1ef1a, th\u00f9ng r\u00e1c, c\u00e1c lo\u1ea1i thau r\u1ed5 \u2013 \u0111\u1ed3 ti\u1ec7n \u00edch, h\u1ed9p \u0111\u1ef1ng th\u1ef1c ph\u1ea9m, m\u00f3c \u00e1o, m\u00e0ng \u2013 t\u00fai, c\u00e1c s\u1ea3n ph\u1ea9m cho m\u1eb9 v\u00e0 b\u00e9, d\u1ee5ng c\u1ee5 v\u1ec7 sinh v\u00e0 c\u00e1c lo\u1ea1i h\u1ed9p c\u01a1m, c\u1ed1c gi\u1eef nhi\u1ec7t nh\u1eadp kh\u1ea9u tr\u1ef1c ti\u1ebfp t\u1eeb th\u01b0\u01a1ng hi\u1ec7u Asvel \u2013 Nh\u1eadt B\u1ea3n.<\/p>\n<p><img fetchpriority=\"high\" decoding=\"async\" class=\"wp-image-27299 aligncenter\" src=\"https:\/\/havamall.com\/wp-content\/uploads\/2022\/06\/278505147-300x300.png\" alt=\"\" width=\"607\" height=\"607\" \/><\/p>\n<div class=\"cxmmr5t8 oygrvhab hcukyx3x c1et5uql o9v6fnle ii04i59q\"><\/div>\n<div class=\"cxmmr5t8 oygrvhab hcukyx3x c1et5uql o9v6fnle ii04i59q\">\n<div dir=\"auto\">\n<div class=\"cxmmr5t8 oygrvhab hcukyx3x c1et5uql o9v6fnle ii04i59q\">\n<div dir=\"auto\">Nh\u1eefng chi\u1ebfc ch\u1ed5i c\u1ecd toilet c\u00f3 h\u1ed9p v\u1ed1n l\u00e0 nh\u1eefng s\u1ea3n ph\u1ea9m quen thu\u1ed9c, \u0111\u01b0\u1ee3c ng\u01b0\u1eddi Nh\u1eadt s\u1eed d\u1ee5ng trong cu\u1ed9c s\u1ed1ng h\u00e0ng ng\u00e0y. Tuy nhi\u00ean, t\u1ea1i Vi\u1ec7t Nam, nh\u1eefng s\u1ea3n ph\u1ea9m n\u00e0y ch\u01b0a th\u1ef1c s\u1ef1 ph\u1ed5 bi\u1ebfn v\u00e0 \u0111\u1ec1u l\u00e0 s\u1ea3n ph\u1ea9m nh\u1eadp kh\u1ea9u t\u1eeb Nh\u1eadt B\u1ea3n, Trung Qu\u1ed1c.<\/div>\n<\/div>\n<div class=\"cxmmr5t8 oygrvhab hcukyx3x c1et5uql o9v6fnle ii04i59q\">\n<p dir=\"auto\">V\u1edbi nh\u1eefng c\u1ea3i ti\u1ebfn m\u1edbi v\u1ec1 t\u00ednh n\u0103ng, \u0111\u00e1p \u1ee9ng nhu c\u1ea7u v\u1ec1 gi\u00e1 th\u00e0nh v\u00e0 ch\u1ea5t l\u01b0\u1ee3ng, nh\u1eefng chi\u1ebfc ch\u1ed5i c\u1ecd toilet c\u00f3 h\u1ed9p t\u1eeb th\u01b0\u01a1ng hi\u1ec7u Inochi \u0111ang ng\u00e0y c\u00e0ng \u0111\u01b0\u1ee3c nhi\u1ec1u b\u00e0 n\u1ed9i tr\u1ee3 Vi\u1ec7t l\u1ef1a ch\u1ecdn.<\/p>\n<\/div>\n<\/div>\n<\/div>\n<div class=\"cxmmr5t8 oygrvhab hcukyx3x c1et5uql o9v6fnle ii04i59q\">\n<div dir=\"auto\"><img decoding=\"async\" class=\"wp-image-27352 aligncenter\" src=\"https:\/\/havamall.com\/wp-content\/uploads\/2022\/06\/d61e3f1f0d-300x233.png\" alt=\"\" width=\"611\" height=\"474\" \/><\/div>\n<div dir=\"auto\">Ch\u1ed5i c\u1ecd toilet Kirei v\u1edbi ch\u1ea5t li\u1ec7u \u0111\u1ea7u ch\u1ed5i m\u1ec1m, nhuy\u1ec5n nh\u1eb9 nh\u00e0ng l\u00e0m s\u1ea1ch m\u1ecdi v\u1ebft b\u1ea9n. C\u00f3 s\u1eb5n h\u1ed9p \u0111\u1ef1ng k\u00e8m khe tho\u00e1t n\u01b0\u1edbc th\u00f4ng minh, gi\u00fap ch\u1ed5i lu\u00f4n kh\u00f4 r\u00e1o, v\u1ec7 sinh.<\/div>\n<p dir=\"auto\">S\u1ea3n ph\u1ea9m c\u00f3 s\u1eb5n \u0111\u1ea7u m\u00f3c treo gi\u00fap ti\u1ebft ki\u1ec7m di\u1ec7n t\u00edch, nh\u00e0 t\u1eafm lu\u00f4n g\u1ecdn g\u00e0ng, ng\u0103n n\u1eafp. T\u1ec9 m\u1ec9 trong t\u1eebng chi ti\u1ebft nh\u1ecf, nh\u1eefng chi\u1ebfc ch\u1ed5i c\u1ecd toilet c\u00f3 h\u1ed9p \u0111\u1ef1ng v\u1eeba gi\u00fap nh\u00e0 t\u1eafm g\u1ecdn g\u00e0ng, l\u1ecbch s\u1ef1, v\u1eeba \u0111\u1ea3m b\u1ea3o v\u1ec7 sinh.<\/p>\n<p dir=\"auto\"><img decoding=\"async\" class=\"wp-image-27353 aligncenter\" src=\"https:\/\/havamall.com\/wp-content\/uploads\/2022\/06\/fa35b9267f3988-300x300.png\" alt=\"\" width=\"617\" height=\"617\" \/><\/p>\n<\/div>\n<p>Ch\u1ed5i c\u1ecd toilet Kirei gi\u00fap l\u00e0m s\u1ea1ch kh\u00f4ng gian ph\u00f2ng t\u1eafm v\u00e0 \u00a0mang t\u1edbi cho kh\u00f4ng gian s\u1ed1ng c\u1ee7a nh\u00e0 b\u1ea1n v\u1ebb \u0111\u1eb9p tinh t\u1ebf, g\u1ecdn g\u00e0ng h\u01a1n. KIREI \u2013 c\u00f3 \u00fd ngh\u0129a l\u00e0 s\u1ea1ch s\u1ebd, v\u1ec7 sinh v\u00e0 g\u1ecdn g\u00e0ng. \u0110\u00f3 c\u0169ng l\u00e0 c\u1ea3m h\u1ee9ng \u0111\u1ec3 Inochi \u0111\u1eb7t t\u00ean cho s\u1ea3n ph\u1ea9m ch\u1ed5i c\u1ecd.<\/p>\n<p>Ch\u1ed5i c\u1ecd toilet Kirei l\u00e0 s\u1ea3n ph\u1ea9m h\u1eefu \u00edch cho ng\u00f4i nh\u00e0 b\u1ea1n. S\u1ea3n ph\u1ea9m \u0111\u1ea1t ti\u00eau chu\u1ea9n Nh\u1eadt B\u1ea3n, \u0111\u01b0\u1ee3c r\u1ea5t nhi\u1ec1u b\u00e0 n\u1ed9i tr\u1ee3 tin d\u00f9ng.<\/p>\n<p><img loading=\"lazy\" decoding=\"async\" class=\"wp-image-27354 aligncenter\" src=\"https:\/\/havamall.com\/wp-content\/uploads\/2022\/06\/Cho-300x237.png\" alt=\"\" width=\"630\" height=\"497\" \/><\/p>\n<h3><strong>\u01afU \u0110I\u1ec2M S\u1ea2N PH\u1ea8M:<\/strong><\/h3>\n<ul>\n<li>Thi\u1ebft k\u1ebf thanh l\u1ecbch v\u00e0 hi\u1ec7n \u0111\u1ea1i<\/li>\n<li>C\u00e1c ph\u1ee5 ki\u1ec7n ch\u1ed1ng tr\u01b0\u1ee3t tr\u00ean \u0111\u1ebf v\u00e0 tay c\u1ea7m<\/li>\n<li>Hi\u1ec7u qu\u1ea3 \u0111\u1ec3 ti\u1ebfp c\u1eadn nh\u1eefng n\u01a1i kh\u00f3 ti\u1ebfp c\u1eadn.<\/li>\n<li>Tay c\u1ea7m r\u1ea5t d\u1ec5 \u0111i\u1ec1u khi\u1ec3n v\u00e0 c\u1ea7m n\u1eafm<\/li>\n<li>Ch\u1ea5t l\u01b0\u1ee3ng t\u1ed1t v\u00e0 l\u00f4ng b\u00e0n ch\u1ea3i b\u1ec1n<\/li>\n<li>L\u00f4ng b\u00e0n ch\u1ea3i m\u1ec1m nh\u01b0ng \u0111\u1ee7 ch\u1eafc \u0111\u1ec3 l\u00e0m s\u1ea1ch \u0111\u00fang c\u00e1ch<\/li>\n<li>S\u1ea3n ph\u1ea9m nh\u1eb9 v\u00e0 hi\u1ec7u qu\u1ea3, l\u00e0m t\u1ed1t c\u00f4ng vi\u1ec7c d\u1ecdn d\u1eb9p nh\u00e0 v\u1ec7 sinh<\/li>\n<\/ul>","protected":false},"excerpt":{"rendered":"<p>Inochi l\u00e0 th\u01b0\u01a1ng hi\u1ec7u gia d\u1ee5ng cao c\u1ea5p Vi\u1ec7t Nam, \u0111\u01b0\u1ee3c thi\u1ebft k\u1ebf v\u00e0 s\u1ea3n xu\u1ea5t theo phong c\u00e1ch v\u00e0<\/p>","protected":false},"featured_media":27351,"comment_status":"open","ping_status":"closed","template":"","meta":[],"product_brand":[],"product_cat":[35,396],"product_tag":[],"class_list":{"0":"post-27350","1":"product","2":"type-product","3":"status-publish","4":"has-post-thumbnail","6":"product_cat-nha-cua-doi-song","7":"product_cat-suc-khoe-lam-dep","8":"pa_brand-inochi","10":"first","11":"instock","12":"sale","13":"shipping-taxable","14":"purchasable","15":"product-type-simple"},"_links":{"self":[{"href":"https:\/\/havamall.com\/en\/wp-json\/wp\/v2\/product\/27350","targetHints":{"allow":["GET"]}}],"collection":[{"href":"https:\/\/havamall.com\/en\/wp-json\/wp\/v2\/product"}],"about":[{"href":"https:\/\/havamall.com\/en\/wp-json\/wp\/v2\/types\/product"}],"replies":[{"embeddable":true,"href":"https:\/\/havamall.com\/en\/wp-json\/wp\/v2\/comments?post=27350"}],"version-history":[{"count":0,"href":"https:\/\/havamall.com\/en\/wp-json\/wp\/v2\/product\/27350\/revisions"}],"wp:featuredmedia":[{"embeddable":true,"href":"https:\/\/havamall.com\/en\/wp-json\/wp\/v2\/media\/27351"}],"wp:attachment":[{"href":"https:\/\/havamall.com\/en\/wp-json\/wp\/v2\/media?parent=27350"}],"wp:term":[{"taxonomy":"product_brand","embeddable":true,"href":"https:\/\/havamall.com\/en\/wp-json\/wp\/v2\/product_brand?post=27350"},{"taxonomy":"product_cat","embeddable":true,"href":"https:\/\/havamall.com\/en\/wp-json\/wp\/v2\/product_cat?post=27350"},{"taxonomy":"product_tag","embeddable":true,"href":"https:\/\/havamall.com\/en\/wp-json\/wp\/v2\/product_tag?post=27350"}],"curies":[{"name":"wp","href":"https:\/\/api.w.org\/{rel}","templated":true}]}}